{"id":2868,"date":"2022-04-24T11:30:16","date_gmt":"2022-04-24T09:30:16","guid":{"rendered":"https:\/\/cormac.eu\/?post_type=product&#038;p=2868"},"modified":"2022-07-04T16:44:13","modified_gmt":"2022-07-04T14:44:13","slug":"bevonodob","status":"publish","type":"product","link":"https:\/\/cormac.eu\/hu\/product\/coating-drum\/","title":{"rendered":"Bevon\u00f3 dob"},"content":{"rendered":"<p>A Vomacoat cukroz\u00f3 dob finom krist\u00e1lycukor bevonatot visz fel a zsel\u00e9kre \u00e9s a gumikra. A g\u0151z\u00f6l\u0151szalagon kereszt\u00fcl a pormentes\u00edtett term\u00e9kek a g\u0151zkamr\u00e1ba ker\u00fclnek, ahol sz\u00e1raz g\u0151znek kit\u00e9ve ragacsoss\u00e1 teszik \u0151ket. Ezut\u00e1n a term\u00e9kek a cukroz\u00f3 dobba ker\u00fclnek.  A dob belsej\u00e9ben l\u00e9v\u0151 sz\u00e1ll\u00edt\u00f3horony mozgatja a term\u00e9ket \u00e9s a krist\u00e1lycukrot a dobon kereszt\u00fcl. A ki\u00fcr\u00edt\u0151 v\u00e9g\u00e9n a duplafal\u00fa dob perfor\u00e1lt z\u00f3n\u00e1val rendelkezik. Itt t\u00f6rt\u00e9nik a term\u00e9k \u00e9s a felesleges cukor lev\u00e1laszt\u00e1sa. A felesleges cukrot \u00f6sszekeverik a friss cukorral, \u00e9s - mik\u00f6zben megsz\u00e1rad - a bels\u0151 \u00e9s a k\u00fcls\u0151 dob k\u00f6z\u00f6tti spir\u00e1lis szerkezeten kereszt\u00fcl visszasz\u00e1ll\u00edtj\u00e1k a cukoradagol\u00f3 ter\u00fcletre. A cukorral bevont term\u00e9k elhagyja a dobot. Ez a berendez\u00e9s egy g\u0151zzel f\u0171t\u00f6tt forr\u00f3leveg\u0151s sz\u00e1r\u00edt\u00f3val van felszerelve a nedvess\u00e9g elt\u00e1vol\u00edt\u00e1s\u00e1ra. A dob jobbra \u00e9s balra is forgathat\u00f3. Erre az\u00e9rt van sz\u00fcks\u00e9g, hogy tiszt\u00edt\u00e1s k\u00f6zben a cukor elt\u00e1vol\u00edthat\u00f3 legyen a dobb\u00f3l. A dob forg\u00e1si sebess\u00e9ge frekvenciaszab\u00e1lyoz\u00e1s\u00fa. Ezek a g\u00e9pek higi\u00e9nikus kialak\u00edt\u00e1s\u00faak \u00e9s teljes eg\u00e9sz\u00e9ben rozsdamentes ac\u00e9lb\u00f3l k\u00e9sz\u00fclnek. A kapacit\u00e1s 1.000 \u00e9s 5.000 kg\/\u00f3ra k\u00f6z\u00f6tt van.<\/p>\n<p>&nbsp;<\/p>\n<p><img decoding=\"async\" class=\"alignnone size-full wp-image-2876\" src=\"https:\/\/cormac.eu\/wp-content\/uploads\/2022\/04\/Vomacoat-product-sample-2.jpg\" alt=\"\" width=\"220\" height=\"220\" srcset=\"https:\/\/cormac.eu\/wp-content\/uploads\/2022\/04\/Vomacoat-product-sample-2.jpg 220w, https:\/\/cormac.eu\/wp-content\/uploads\/2022\/04\/Vomacoat-product-sample-2-150x150.jpg 150w, https:\/\/cormac.eu\/wp-content\/uploads\/2022\/04\/Vomacoat-product-sample-2-100x100.jpg 100w\" sizes=\"(max-width: 220px) 100vw, 220px\" \/> <img decoding=\"async\" class=\"alignnone wp-image-2875\" src=\"https:\/\/cormac.eu\/wp-content\/uploads\/2022\/04\/sugar-coated-candy-300x300.jpg\" alt=\"\" width=\"222\" height=\"222\" srcset=\"https:\/\/cormac.eu\/wp-content\/uploads\/2022\/04\/sugar-coated-candy-300x300.jpg 300w, https:\/\/cormac.eu\/wp-content\/uploads\/2022\/04\/sugar-coated-candy-150x150.jpg 150w, https:\/\/cormac.eu\/wp-content\/uploads\/2022\/04\/sugar-coated-candy-100x100.jpg 100w, https:\/\/cormac.eu\/wp-content\/uploads\/2022\/04\/sugar-coated-candy.jpg 600w\" sizes=\"(max-width: 222px) 100vw, 222px\" \/>\u00a0 <img fetchpriority=\"high\" decoding=\"async\" class=\"alignnone wp-image-2874\" src=\"https:\/\/cormac.eu\/wp-content\/uploads\/2022\/04\/sugar-coated-2-300x233.jpg\" alt=\"\" width=\"291\" height=\"226\" srcset=\"https:\/\/cormac.eu\/wp-content\/uploads\/2022\/04\/sugar-coated-2-300x233.jpg 300w, https:\/\/cormac.eu\/wp-content\/uploads\/2022\/04\/sugar-coated-2.jpg 518w\" sizes=\"(max-width: 291px) 100vw, 291px\" \/><\/p>\n<p>&nbsp;<\/p>\n<table style=\"height: 687px\" width=\"771\">\n<tbody>\n<tr>\n<td width=\"197\">\u00a0<strong>Jellemz\u0151k<\/strong><\/td>\n<td width=\"249\">\u00a0<strong>El\u0151ny\u00f6k<\/strong><\/td>\n<\/tr>\n<tr>\n<td>\u00a0Term\u00e9k bet\u00e1pl\u00e1l\u00f3 szalagbet\u00e9tek<br \/>\na dobba<\/td>\n<td>\n<ul>\n<li>cukorp\u00e1ra k\u00f6zvetlen expoz\u00edci\u00f3ja<\/li>\n<\/ul>\n<\/td>\n<\/tr>\n<tr>\n<td>\u00a0Kiv\u00e1l\u00f3 hegeszt\u00e9si technol\u00f3gia<\/td>\n<td>\n<ul>\n<li>eg\u00e9szs\u00e9g\u00fcgyi kivitelez\u00e9s<\/li>\n<li>nincs hajsz\u00e1lreped\u00e9s az ac\u00e9lban<\/li>\n<li>k\u00f6nny\u0171 tiszt\u00edt\u00e1s \u00e9s \u00f6bl\u00edt\u00e9s<\/li>\n<\/ul>\n<\/td>\n<\/tr>\n<tr>\n<td>\u00a0Meleg leveg\u0151 \u00e9s f\u0171t\u00e9si spir\u00e1l<\/td>\n<td>\n<ul>\n<li>a cukorkever\u00e9k hat\u00e9kony sz\u00e1r\u00edt\u00e1sa<\/li>\n<\/ul>\n<\/td>\n<\/tr>\n<tr>\n<td>\u00a0Sz\u00e1ll\u00edt\u00e1si \u00e9kek<\/td>\n<td>\n<ul>\n<li>k\u00e9nyes term\u00e9kkezel\u00e9s<\/li>\n<\/ul>\n<\/td>\n<\/tr>\n<tr>\n<td>Meleg leveg\u0151 \u00e9s friss cukor kever\u00e9se<\/td>\n<td>\n<ul>\n<li>hosszabb cukor\u00e1ll\u00e1si id\u0151<\/li>\n<li>teljes \u00e9s \u00e1lland\u00f3 cukorf\u00fcgg\u00f6ny<\/li>\n<\/ul>\n<\/td>\n<\/tr>\n<tr>\n<td>Ker\u00e9k fut\u00f3fel\u00fclet gy\u0171r\u0171<\/td>\n<td>\n<ul>\n<li>Nincs dobdeform\u00e1ci\u00f3<\/li>\n<\/ul>\n<\/td>\n<\/tr>\n<tr>\n<td>Ker\u00e9k centr\u00edroz\u00f3 gy\u0171r\u0171<\/td>\n<td>\n<ul>\n<li>sima dobforgat\u00e1s<\/li>\n<\/ul>\n<\/td>\n<\/tr>\n<tr>\n<td>Nagy teherb\u00edr\u00e1s\u00fa konstrukci\u00f3<\/td>\n<td>\n<ul>\n<li>alacsony karbantart\u00e1si ig\u00e9ny<\/li>\n<\/ul>\n<\/td>\n<\/tr>\n<\/tbody>\n<\/table>\n<p>&nbsp;<\/p>\n<p>&nbsp;<\/p>\n<p>&nbsp;<\/p>\n<p>&nbsp;<\/p>","protected":false},"excerpt":{"rendered":"<p>Bevon\u00f3 dob cukorbevonat felhord\u00e1s\u00e1ra kem\u00e9ny\u00edt\u0151b\u0151l k\u00e9sz\u00fclt form\u00e1zott term\u00e9kekre, p\u00e9ld\u00e1ul zsel\u00e9kre \u00e9s gumikra.<\/p>","protected":false},"featured_media":2866,"comment_status":"open","ping_status":"closed","template":"","meta":{"uix_meta_title":"","uix_meta_description":"","uix_canonical_url":""},"product_brand":[],"product_cat":[104],"product_tag":[],"class_list":{"0":"post-2868","1":"product","2":"type-product","3":"status-publish","4":"has-post-thumbnail","6":"product_cat-processing","8":"first","9":"instock","10":"shipping-taxable","11":"product-type-simple"},"_links":{"self":[{"href":"https:\/\/cormac.eu\/hu\/wp-json\/wp\/v2\/product\/2868","targetHints":{"allow":["GET"]}}],"collection":[{"href":"https:\/\/cormac.eu\/hu\/wp-json\/wp\/v2\/product"}],"about":[{"href":"https:\/\/cormac.eu\/hu\/wp-json\/wp\/v2\/types\/product"}],"replies":[{"embeddable":true,"href":"https:\/\/cormac.eu\/hu\/wp-json\/wp\/v2\/comments?post=2868"}],"wp:featuredmedia":[{"embeddable":true,"href":"https:\/\/cormac.eu\/hu\/wp-json\/wp\/v2\/media\/2866"}],"wp:attachment":[{"href":"https:\/\/cormac.eu\/hu\/wp-json\/wp\/v2\/media?parent=2868"}],"wp:term":[{"taxonomy":"product_brand","embeddable":true,"href":"https:\/\/cormac.eu\/hu\/wp-json\/wp\/v2\/product_brand?post=2868"},{"taxonomy":"product_cat","embeddable":true,"href":"https:\/\/cormac.eu\/hu\/wp-json\/wp\/v2\/product_cat?post=2868"},{"taxonomy":"product_tag","embeddable":true,"href":"https:\/\/cormac.eu\/hu\/wp-json\/wp\/v2\/product_tag?post=2868"}],"curies":[{"name":"wp","href":"https:\/\/api.w.org\/{rel}","templated":true}]}}