{"id":2865,"date":"2022-04-24T11:24:01","date_gmt":"2022-04-24T09:24:01","guid":{"rendered":"https:\/\/cormac.eu\/?post_type=product&#038;p=2865"},"modified":"2022-04-24T11:36:31","modified_gmt":"2022-04-24T09:36:31","slug":"olajozo-dob-2","status":"publish","type":"product","link":"https:\/\/cormac.eu\/hu\/product\/oiling-drum\/","title":{"rendered":"Olajoz\u00f3 dob"},"content":{"rendered":"<p>A Vomashine egy olajoz\u00f3 dob, amellyel f\u00e9nyes bevonatot lehet felvinni az olyan term\u00e9kekre, mint a zsel\u00e9k \u00e9s a gumik. Ez azut\u00e1n t\u00f6rt\u00e9nik, hogy a port elt\u00e1vol\u00edtott\u00e1k a term\u00e9kb\u0151l. A dob forg\u00e1si sebess\u00e9ge frekvenciaszab\u00e1lyoz\u00e1s\u00fa. A dob balra \u00e9s jobbra is foroghat. Az egyik ir\u00e1ny a gy\u00e1rt\u00e1s, a m\u00e1sik forg\u00e1sir\u00e1ny pedig a ki\u00fcr\u00edt\u00e9s. Ezek a g\u00e9pek higi\u00e9nikus kialak\u00edt\u00e1s\u00faak \u00e9s teljes eg\u00e9sz\u00e9ben rozsdamentes ac\u00e9lb\u00f3l k\u00e9sz\u00fclnek. A kapacit\u00e1s 1.000 \u00e9s 5.000 kg\/\u00f3ra k\u00f6z\u00f6tt mozog.<\/p>\n<p><img decoding=\"async\" class=\"alignnone size-medium wp-image-2871\" src=\"https:\/\/cormac.eu\/wp-content\/uploads\/2022\/04\/iStock_000051985832_Large-300x161.jpg\" alt=\"\" width=\"300\" height=\"161\" srcset=\"https:\/\/cormac.eu\/wp-content\/uploads\/2022\/04\/iStock_000051985832_Large-300x161.jpg 300w, https:\/\/cormac.eu\/wp-content\/uploads\/2022\/04\/iStock_000051985832_Large-1024x549.jpg 1024w, https:\/\/cormac.eu\/wp-content\/uploads\/2022\/04\/iStock_000051985832_Large-768x412.jpg 768w, https:\/\/cormac.eu\/wp-content\/uploads\/2022\/04\/iStock_000051985832_Large-1536x823.jpg 1536w, https:\/\/cormac.eu\/wp-content\/uploads\/2022\/04\/iStock_000051985832_Large-2048x1097.jpg 2048w, https:\/\/cormac.eu\/wp-content\/uploads\/2022\/04\/iStock_000051985832_Large-600x321.jpg 600w\" sizes=\"(max-width: 300px) 100vw, 300px\" \/><\/p>\n<p>&nbsp;<\/p>\n<table style=\"height: 365px\" width=\"560\">\n<tbody>\n<tr>\n<td width=\"159\">\u00a0<strong>Jellemz\u0151k<\/strong><\/td>\n<td width=\"159\">\u00a0<strong>El\u0151ny\u00f6k<\/strong><\/td>\n<\/tr>\n<tr>\n<td>\u00a0Robusztus kialak\u00edt\u00e1s<\/td>\n<td>\n<ul>\n<li>hossz\u00fa m\u0171szaki \u00e9lettartam<\/li>\n<li>alacsony karbantart\u00e1si ig\u00e9ny<\/li>\n<\/ul>\n<\/td>\n<\/tr>\n<tr>\n<td>\u00a0rozsdamentes ac\u00e9lszerkezet<\/td>\n<td>\n<ul>\n<li>higi\u00e9nikus<\/li>\n<li>k\u00f6nny\u0171 tiszt\u00edt\u00e1s<\/li>\n<\/ul>\n<\/td>\n<\/tr>\n<tr>\n<td>\u00a0frekvenciavez\u00e9relt meghajt\u00f3<\/td>\n<td>\n<ul>\n<li>forg\u00e1si sebess\u00e9g szab\u00e1lyoz\u00e1sa<\/li>\n<\/ul>\n<\/td>\n<\/tr>\n<\/tbody>\n<\/table>","protected":false},"excerpt":{"rendered":"<p>Olajoz\u00f3 dob f\u00e9nyes bevonat felhord\u00e1s\u00e1ra kem\u00e9ny\u00edt\u0151vel form\u00e1zott cukorkaterm\u00e9kekre.<\/p>","protected":false},"featured_media":2864,"comment_status":"open","ping_status":"closed","template":"","meta":{"uix_meta_title":"","uix_meta_description":"","uix_canonical_url":""},"product_brand":[],"product_cat":[104],"product_tag":[],"class_list":{"0":"post-2865","1":"product","2":"type-product","3":"status-publish","4":"has-post-thumbnail","6":"product_cat-processing","8":"first","9":"instock","10":"shipping-taxable","11":"product-type-simple"},"_links":{"self":[{"href":"https:\/\/cormac.eu\/hu\/wp-json\/wp\/v2\/product\/2865","targetHints":{"allow":["GET"]}}],"collection":[{"href":"https:\/\/cormac.eu\/hu\/wp-json\/wp\/v2\/product"}],"about":[{"href":"https:\/\/cormac.eu\/hu\/wp-json\/wp\/v2\/types\/product"}],"replies":[{"embeddable":true,"href":"https:\/\/cormac.eu\/hu\/wp-json\/wp\/v2\/comments?post=2865"}],"wp:featuredmedia":[{"embeddable":true,"href":"https:\/\/cormac.eu\/hu\/wp-json\/wp\/v2\/media\/2864"}],"wp:attachment":[{"href":"https:\/\/cormac.eu\/hu\/wp-json\/wp\/v2\/media?parent=2865"}],"wp:term":[{"taxonomy":"product_brand","embeddable":true,"href":"https:\/\/cormac.eu\/hu\/wp-json\/wp\/v2\/product_brand?post=2865"},{"taxonomy":"product_cat","embeddable":true,"href":"https:\/\/cormac.eu\/hu\/wp-json\/wp\/v2\/product_cat?post=2865"},{"taxonomy":"product_tag","embeddable":true,"href":"https:\/\/cormac.eu\/hu\/wp-json\/wp\/v2\/product_tag?post=2865"}],"curies":[{"name":"wp","href":"https:\/\/api.w.org\/{rel}","templated":true}]}}