{"id":2863,"date":"2022-04-24T11:20:17","date_gmt":"2022-04-24T09:20:17","guid":{"rendered":"https:\/\/cormac.eu\/?post_type=product&#038;p=2863"},"modified":"2022-04-24T11:20:17","modified_gmt":"2022-04-24T09:20:17","slug":"szakaszos-fozo","status":"publish","type":"product","link":"https:\/\/cormac.eu\/hu\/product\/batch-cooker\/","title":{"rendered":"Batch f\u0151z\u0151"},"content":{"rendered":"<p>A szakaszos f\u0151z\u0151 f\u00e9lg\u00f6mb alak\u00fa, g\u0151zkab\u00e1tos (duplafal\u00fa). Fel vannak szerelve horgonykever\u0151vel, teflonkapar\u00f3kkal \u00e9s an\u00e9lk\u00fcl. A f\u0151z\u0151k v\u00e1kuummal vagy v\u00e1kuum n\u00e9lk\u00fcl is sz\u00e1ll\u00edthat\u00f3k, \u00e9s nyom\u00e1s alatti \u00fcr\u00edt\u00e9sre is kialak\u00edthat\u00f3k. Ezek a v\u00edzforral\u00f3k rozsdamentes ac\u00e9lb\u00f3l k\u00e9sz\u00fclnek, \u00e9s k\u00e9zi vagy automatikus m\u0171k\u00f6dtet\u00e9ssel is m\u0171k\u00f6dtethet\u0151k. K\u00fcl\u00f6nb\u00f6z\u0151 m\u00e9retekben \u00e9s sokf\u00e9le kivitelben kaphat\u00f3k. A kapacit\u00e1s n\u00f6vel\u00e9se \u00e9s a f\u00e9lig folyamatos f\u0151z\u00e9s lehet\u0151v\u00e9 t\u00e9tele \u00e9rdek\u00e9ben lehet\u0151s\u00e9g van kett\u0151s kivitelre is. Kapacit\u00e1startom\u00e1ny: 100 kg, 250 kg, 500 kg.  Az 500 kg\/\u00f3ra feletti kapacit\u00e1sokhoz \u00e1ltal\u00e1ban folyamatos f\u0151z\u0151t aj\u00e1nlunk.<\/p>\n<p>&nbsp;<\/p>\n<table style=\"height: 386px\" width=\"612\">\n<tbody>\n<tr>\n<td width=\"165\">\u00a0<strong>Jellemz\u0151k<\/strong><\/td>\n<td width=\"165\">\u00a0<strong>El\u0151ny\u00f6k<\/strong><\/td>\n<\/tr>\n<tr>\n<td>\u00a0Rozsdamentes ac\u00e9l<\/td>\n<td>\n<ul>\n<li>higi\u00e9nikus<\/li>\n<li>k\u00f6nny\u0171 tiszt\u00edt\u00e1s<\/li>\n<li>robusztus<\/li>\n<\/ul>\n<\/td>\n<\/tr>\n<tr>\n<td>\u00a0duplafal\u00fa<\/td>\n<td>\n<ul>\n<li>kiv\u00e1l\u00f3 h\u0151\u00e1tad\u00e1s<\/li>\n<\/ul>\n<\/td>\n<\/tr>\n<tr>\n<td>\u00a0horgonykever\u0151 opcion\u00e1lisan<br \/>\nteflon kapar\u00f3<\/td>\n<td>\n<ul>\n<li>j\u00f3 kevered\u00e9s<\/li>\n<li>nincs \u00e9g\u00e9s<\/li>\n<li>tiszta bels\u0151 falak<\/li>\n<\/ul>\n<\/td>\n<\/tr>\n<\/tbody>\n<\/table>\n<p>&nbsp;<\/p>","protected":false},"excerpt":{"rendered":"<p>T\u00e9teles f\u0151z\u0151 a cukort\u00f6megek sz\u00e1m\u00e1ra.<\/p>","protected":false},"featured_media":2862,"comment_status":"open","ping_status":"closed","template":"","meta":{"uix_meta_title":"","uix_meta_description":"","uix_canonical_url":""},"product_brand":[],"product_cat":[104],"product_tag":[],"class_list":{"0":"post-2863","1":"product","2":"type-product","3":"status-publish","4":"has-post-thumbnail","6":"product_cat-processing","8":"first","9":"instock","10":"shipping-taxable","11":"product-type-simple"},"_links":{"self":[{"href":"https:\/\/cormac.eu\/hu\/wp-json\/wp\/v2\/product\/2863","targetHints":{"allow":["GET"]}}],"collection":[{"href":"https:\/\/cormac.eu\/hu\/wp-json\/wp\/v2\/product"}],"about":[{"href":"https:\/\/cormac.eu\/hu\/wp-json\/wp\/v2\/types\/product"}],"replies":[{"embeddable":true,"href":"https:\/\/cormac.eu\/hu\/wp-json\/wp\/v2\/comments?post=2863"}],"wp:featuredmedia":[{"embeddable":true,"href":"https:\/\/cormac.eu\/hu\/wp-json\/wp\/v2\/media\/2862"}],"wp:attachment":[{"href":"https:\/\/cormac.eu\/hu\/wp-json\/wp\/v2\/media?parent=2863"}],"wp:term":[{"taxonomy":"product_brand","embeddable":true,"href":"https:\/\/cormac.eu\/hu\/wp-json\/wp\/v2\/product_brand?post=2863"},{"taxonomy":"product_cat","embeddable":true,"href":"https:\/\/cormac.eu\/hu\/wp-json\/wp\/v2\/product_cat?post=2863"},{"taxonomy":"product_tag","embeddable":true,"href":"https:\/\/cormac.eu\/hu\/wp-json\/wp\/v2\/product_tag?post=2863"}],"curies":[{"name":"wp","href":"https:\/\/api.w.org\/{rel}","templated":true}]}}