{"id":2860,"date":"2022-04-24T11:12:01","date_gmt":"2022-04-24T09:12:01","guid":{"rendered":"https:\/\/cormac.eu\/?post_type=product&#038;p=2860"},"modified":"2022-04-24T11:52:52","modified_gmt":"2022-04-24T09:52:52","slug":"fondantvero-2","status":"publish","type":"product","link":"https:\/\/cormac.eu\/hu\/product\/fondant-beater\/","title":{"rendered":"Fondant habver\u0151"},"content":{"rendered":"<p>A Vomatab fondantver\u0151 berendez\u00e9s teljesen automatikus. Ha a fondant ver\u00e9si folyamat elind\u00edt\u00e1sa ut\u00e1n a rotor motorja a t\u00falt\u00f6lt\u00e9s miatt le\u00e1ll\u00e1ssal fenyeget, a cukor adagol\u00e1sa automatikusan le\u00e1ll, \u00e9s a g\u00e9pet \u00e1t\u00f6bl\u00edtik. Az \u00f6bl\u00edt\u0151 vizet egy pneumatikusan vez\u00e9relt szelep k\u00fcldi a lefoly\u00f3ba. Amint a t\u00falt\u00f6lt\u00e9s (amper\u00f3ra) megsz\u0171nik, a fondantgy\u00e1rt\u00e1s automatikusan folytat\u00f3dik. Ezek a g\u00e9pek \u00f6n\u00e1ll\u00f3an is sz\u00e1ll\u00edthat\u00f3ak, vagy be\u00e9p\u00edthet\u0151ek egy gy\u00e1rt\u00f3sorba.<\/p>\n<p>&nbsp;<\/p>\n<p>Rotor\u00a0 \u00a0 \u00a0 \u00a0 \u00a0 \u00a0 \u00a0 \u00a0<img fetchpriority=\"high\" decoding=\"async\" class=\"alignnone size-medium wp-image-2872\" src=\"https:\/\/cormac.eu\/wp-content\/uploads\/2022\/04\/Rotor-fondant-beater-300x225.jpg\" alt=\"\" width=\"300\" height=\"225\" srcset=\"https:\/\/cormac.eu\/wp-content\/uploads\/2022\/04\/Rotor-fondant-beater-300x225.jpg 300w, https:\/\/cormac.eu\/wp-content\/uploads\/2022\/04\/Rotor-fondant-beater-1024x768.jpg 1024w, https:\/\/cormac.eu\/wp-content\/uploads\/2022\/04\/Rotor-fondant-beater-768x576.jpg 768w, https:\/\/cormac.eu\/wp-content\/uploads\/2022\/04\/Rotor-fondant-beater-1536x1152.jpg 1536w, https:\/\/cormac.eu\/wp-content\/uploads\/2022\/04\/Rotor-fondant-beater-600x450.jpg 600w, https:\/\/cormac.eu\/wp-content\/uploads\/2022\/04\/Rotor-fondant-beater.jpg 1745w\" sizes=\"(max-width: 300px) 100vw, 300px\" \/>\u00a0 \u00a0 <img decoding=\"async\" class=\"alignnone  wp-image-2878\" src=\"https:\/\/cormac.eu\/wp-content\/uploads\/2022\/04\/Fondant-candy-300x282.jpg\" alt=\"\" width=\"240\" height=\"226\" srcset=\"https:\/\/cormac.eu\/wp-content\/uploads\/2022\/04\/Fondant-candy-300x282.jpg 300w, https:\/\/cormac.eu\/wp-content\/uploads\/2022\/04\/Fondant-candy.jpg 402w\" sizes=\"(max-width: 240px) 100vw, 240px\" \/><\/p>\n<p>&nbsp;<\/p>\n<table style=\"height: 482px\" width=\"685\">\n<tbody>\n<tr>\n<td width=\"197\">\u00a0<strong>Jellemz\u0151k<\/strong><\/td>\n<td width=\"197\">\u00a0<strong>El\u0151ny\u00f6k<\/strong><\/td>\n<\/tr>\n<tr>\n<td>Rozsdamentes ac\u00e9l<\/td>\n<td>\n<ul>\n<li>higi\u00e9nikus<\/li>\n<li>k\u00f6nnyen tiszt\u00edthat\u00f3<\/li>\n<\/ul>\n<\/td>\n<\/tr>\n<tr>\n<td>\u00a0Automatikus vez\u00e9rl\u00e9s<\/td>\n<td>\n<ul>\n<li>az elz\u00e1r\u00f3d\u00e1s megel\u0151z\u00e9se<\/li>\n<li>automatikus tiszt\u00edt\u00e1s<\/li>\n<\/ul>\n<\/td>\n<\/tr>\n<tr>\n<td>speci\u00e1lis h\u0171t\u00e9si konstrukci\u00f3<br \/>\nv\u00e9kony fal\u00fa bels\u0151 henger<\/td>\n<td>\n<ul>\n<li>kiv\u00e1l\u00f3 h\u0171t\u00e9s<\/li>\n<\/ul>\n<\/td>\n<\/tr>\n<tr>\n<td>Prec\u00edzi\u00f3s tervez\u00e9s<\/td>\n<td>\n<ul>\n<li>a rotor \u00e9s a henger t\u00f6k\u00e9letes illeszked\u00e9se<\/li>\n<li>kiv\u00e1l\u00f3 kapar\u00e1si tulajdons\u00e1gok<\/li>\n<\/ul>\n<\/td>\n<\/tr>\n<\/tbody>\n<\/table>\n<p>&nbsp;<\/p>","protected":false},"excerpt":{"rendered":"<p>A fondantver\u0151 300 \u00e9s 2000 kg\/\u00f3ra k\u00f6z\u00f6tti kapacit\u00e1ssal \u00e1ll rendelkez\u00e9sre.<\/p>","protected":false},"featured_media":2859,"comment_status":"open","ping_status":"closed","template":"","meta":{"uix_meta_title":"","uix_meta_description":"","uix_canonical_url":""},"product_brand":[],"product_cat":[104],"product_tag":[],"class_list":{"0":"post-2860","1":"product","2":"type-product","3":"status-publish","4":"has-post-thumbnail","6":"product_cat-processing","8":"first","9":"instock","10":"shipping-taxable","11":"product-type-simple"},"_links":{"self":[{"href":"https:\/\/cormac.eu\/hu\/wp-json\/wp\/v2\/product\/2860","targetHints":{"allow":["GET"]}}],"collection":[{"href":"https:\/\/cormac.eu\/hu\/wp-json\/wp\/v2\/product"}],"about":[{"href":"https:\/\/cormac.eu\/hu\/wp-json\/wp\/v2\/types\/product"}],"replies":[{"embeddable":true,"href":"https:\/\/cormac.eu\/hu\/wp-json\/wp\/v2\/comments?post=2860"}],"wp:featuredmedia":[{"embeddable":true,"href":"https:\/\/cormac.eu\/hu\/wp-json\/wp\/v2\/media\/2859"}],"wp:attachment":[{"href":"https:\/\/cormac.eu\/hu\/wp-json\/wp\/v2\/media?parent=2860"}],"wp:term":[{"taxonomy":"product_brand","embeddable":true,"href":"https:\/\/cormac.eu\/hu\/wp-json\/wp\/v2\/product_brand?post=2860"},{"taxonomy":"product_cat","embeddable":true,"href":"https:\/\/cormac.eu\/hu\/wp-json\/wp\/v2\/product_cat?post=2860"},{"taxonomy":"product_tag","embeddable":true,"href":"https:\/\/cormac.eu\/hu\/wp-json\/wp\/v2\/product_tag?post=2860"}],"curies":[{"name":"wp","href":"https:\/\/api.w.org\/{rel}","templated":true}]}}