{"id":2857,"date":"2022-04-24T10:56:55","date_gmt":"2022-04-24T08:56:55","guid":{"rendered":"https:\/\/cormac.eu\/?post_type=product&#038;p=2857"},"modified":"2022-04-24T11:01:45","modified_gmt":"2022-04-24T09:01:45","slug":"szin-es-savadagolo-allomas-2","status":"publish","type":"product","link":"https:\/\/cormac.eu\/hu\/product\/colour-and-acid-dosing-station\/","title":{"rendered":"Sz\u00edn- \u00e9s savadagol\u00f3 \u00e1llom\u00e1s"},"content":{"rendered":"<p>A Vomados adagol\u00f3rendszer INLINE injekt\u00e1lja a sz\u00edneket, \u00edzeket \u00e9s savakat. Ez a rendszer k\u00fcl\u00f6nb\u00f6z\u0151 kivitelben k\u00e9sz\u00fclhet. A legegyszer\u0171bb a Vomados 1+1+1+1, 1 sz\u00edn, 1 aroma \u00e9s 1 sav befecskendez\u00e9s\u00e9re. A kapacit\u00e1s azonban teljes m\u00e9rt\u00e9kben a konyha kapacit\u00e1s\u00e1hoz, az \u00fcgyf\u00e9l recept\u00far\u00e1j\u00e1hoz \u00e9s a sz\u00fcks\u00e9ges sz\u00ednek \u00e9s \u00edzek sz\u00e1m\u00e1hoz igaz\u00edthat\u00f3. Egy gyakran sz\u00e1ll\u00edtott kivitel p\u00e9ld\u00e1ul a Vomados 6+6+1+1 \u00e1raml\u00e1s. Ez azt jelenti, hogy a f\u0151\u00e1ramot 6 \u00e1raml\u00e1sra (flow) osztj\u00e1k, amelyekbe 6 sz\u00ednt, 6 arom\u00e1t \u00e9s 1 savat fecskendeznek. Mindig k\u00e9t sz\u00ednszivatty\u00fa van \u00f6sszekapcsolva, \u00e9s egy k\u00f6z\u00f6s frekvenciavez\u00e9rl\u00e9s\u0171 meghajt\u00e1ssal rendelkeznek. Ugyanez vonatkozik az aromaszivatty\u00fakra is. A szivatty\u00fafejeket frekvenciavez\u00e9relt elektromotorok hajtj\u00e1k. A szivatty\u00fak kapacit\u00e1s\u00e1t egy mikrom\u00e9teres kijelz\u00e9ssel ell\u00e1tott elforgat\u00f3gomb seg\u00edts\u00e9g\u00e9vel \u00e1ll\u00edtjuk be. A meghajt\u00e1st egy elektromos \u00e1raml\u00e1sm\u00e9r\u0151 seg\u00edts\u00e9g\u00e9vel vez\u00e9rlik, amely m\u00e9ri a cukor\u00e1raml\u00e1st, \u00e9s ezt az inform\u00e1ci\u00f3t tov\u00e1bb\u00edtja a frekvenciavez\u00e9rl\u0151nek. A savas befecskendez\u0151 szivatty\u00fa saj\u00e1t frekvenciavez\u00e9rl\u00e9s\u0171 meghajt\u00e1ssal \u00e9s saj\u00e1t \u00e1raml\u00e1sm\u00e9r\u0151vel rendelkezik a f\u0151\u00e1ramban. Egy \u00e1raml\u00e1s\u00e9rz\u00e9kel\u0151 rendszer fel\u00fcgyeli a sav- \u00e9s \u00edzes\u00edt\u0151szivatty\u00fak megfelel\u0151 m\u0171k\u00f6d\u00e9s\u00e9t. A befecskendezett folyad\u00e9kokat statikus kever\u0151k seg\u00edts\u00e9g\u00e9vel homogeniz\u00e1lj\u00e1k (alaposan \u00f6sszekeverik). A befecskendez\u0151 rendszer meleg v\u00edzzel k\u00f6nnyen tiszt\u00edthat\u00f3. A cs\u0151rendszerben l\u00e9v\u0151 leereszt\u0151pontok biztos\u00edtj\u00e1k a dr\u00e1ga adal\u00e9kanyagok minim\u00e1lis vesztes\u00e9g\u00e9t.<\/p>\n<p>&nbsp;<\/p>\n<p><img fetchpriority=\"high\" decoding=\"async\" class=\"alignnone size-medium wp-image-2858\" src=\"https:\/\/cormac.eu\/wp-content\/uploads\/2022\/04\/Vomados-2-300x208.jpg\" alt=\"\" width=\"300\" height=\"208\" srcset=\"https:\/\/cormac.eu\/wp-content\/uploads\/2022\/04\/Vomados-2-300x208.jpg 300w, https:\/\/cormac.eu\/wp-content\/uploads\/2022\/04\/Vomados-2-1024x709.jpg 1024w, https:\/\/cormac.eu\/wp-content\/uploads\/2022\/04\/Vomados-2-768x532.jpg 768w, https:\/\/cormac.eu\/wp-content\/uploads\/2022\/04\/Vomados-2-1536x1064.jpg 1536w, https:\/\/cormac.eu\/wp-content\/uploads\/2022\/04\/Vomados-2-2048x1418.jpg 2048w, https:\/\/cormac.eu\/wp-content\/uploads\/2022\/04\/Vomados-2-600x416.jpg 600w\" sizes=\"(max-width: 300px) 100vw, 300px\" \/><\/p>\n<p>&nbsp;<\/p>\n<table style=\"height: 499px\" width=\"690\">\n<tbody>\n<tr>\n<td width=\"197\">\u00a0<strong>Jellemz\u0151k<\/strong><\/td>\n<td width=\"197\">\u00a0<strong>El\u0151ny\u00f6k<\/strong><\/td>\n<\/tr>\n<tr>\n<td>\u00a0egy egys\u00e9g cs\u00faszd\u00e1n<\/td>\n<td>\n<ul>\n<li>k\u00f6nnyen integr\u00e1lhat\u00f3<\/li>\n<\/ul>\n<\/td>\n<\/tr>\n<tr>\n<td>\u00a0elektromos \u00e1raml\u00e1sm\u00e9r\u0151k<\/td>\n<td>\n<ul>\n<li>adagol\u00e1sszab\u00e1lyoz\u00e1s<\/li>\n<\/ul>\n<\/td>\n<\/tr>\n<tr>\n<td>\u00a0\u00e1raml\u00e1s\u00e9rz\u00e9kel\u0151 rendszer<\/td>\n<td>\n<ul>\n<li>riaszt\u00e1si funkci\u00f3<\/li>\n<li>biztos\u00edtja a sav \u00e9s a<br \/>\n\u00edzes\u00edt\u0151 szivatty\u00fak<\/li>\n<\/ul>\n<\/td>\n<\/tr>\n<tr>\n<td>\u00a0statikus kever\u0151k<\/td>\n<td>\n<ul>\n<li>homogeniz\u00e1l\u00e1s<\/li>\n<li>k\u00f6nny\u0171 tiszt\u00edt\u00e1s<\/li>\n<\/ul>\n<\/td>\n<\/tr>\n<tr>\n<td>Lefoly\u00e1si pontok a cs\u0151rendszerben<\/td>\n<td>\n<ul>\n<li>az \u00f6sszetev\u0151k min. vesztes\u00e9ge<\/li>\n<\/ul>\n<\/td>\n<\/tr>\n<\/tbody>\n<\/table>","protected":false},"excerpt":{"rendered":"<p>Adagol\u00f3\u00e1llom\u00e1s az arom\u00e1k, sz\u00ednez\u00e9kek \u00e9s savak automatikus adagol\u00e1s\u00e1hoz egy folyamatos f\u0151z\u0151soron.<\/p>","protected":false},"featured_media":2856,"comment_status":"open","ping_status":"closed","template":"","meta":{"uix_meta_title":"","uix_meta_description":"","uix_canonical_url":""},"product_brand":[],"product_cat":[104],"product_tag":[],"class_list":{"0":"post-2857","1":"product","2":"type-product","3":"status-publish","4":"has-post-thumbnail","6":"product_cat-processing","8":"first","9":"instock","10":"shipping-taxable","11":"product-type-simple"},"_links":{"self":[{"href":"https:\/\/cormac.eu\/hu\/wp-json\/wp\/v2\/product\/2857","targetHints":{"allow":["GET"]}}],"collection":[{"href":"https:\/\/cormac.eu\/hu\/wp-json\/wp\/v2\/product"}],"about":[{"href":"https:\/\/cormac.eu\/hu\/wp-json\/wp\/v2\/types\/product"}],"replies":[{"embeddable":true,"href":"https:\/\/cormac.eu\/hu\/wp-json\/wp\/v2\/comments?post=2857"}],"wp:featuredmedia":[{"embeddable":true,"href":"https:\/\/cormac.eu\/hu\/wp-json\/wp\/v2\/media\/2856"}],"wp:attachment":[{"href":"https:\/\/cormac.eu\/hu\/wp-json\/wp\/v2\/media?parent=2857"}],"wp:term":[{"taxonomy":"product_brand","embeddable":true,"href":"https:\/\/cormac.eu\/hu\/wp-json\/wp\/v2\/product_brand?post=2857"},{"taxonomy":"product_cat","embeddable":true,"href":"https:\/\/cormac.eu\/hu\/wp-json\/wp\/v2\/product_cat?post=2857"},{"taxonomy":"product_tag","embeddable":true,"href":"https:\/\/cormac.eu\/hu\/wp-json\/wp\/v2\/product_tag?post=2857"}],"curies":[{"name":"wp","href":"https:\/\/api.w.org\/{rel}","templated":true}]}}