{"id":2855,"date":"2022-04-24T10:48:12","date_gmt":"2022-04-24T08:48:12","guid":{"rendered":"https:\/\/cormac.eu\/?post_type=product&#038;p=2855"},"modified":"2022-04-24T10:48:24","modified_gmt":"2022-04-24T08:48:24","slug":"kiserleti-fozouzem-2","status":"publish","type":"product","link":"https:\/\/cormac.eu\/hu\/product\/pilot-cooking-plant\/","title":{"rendered":"K\u00eds\u00e9rleti f\u0151z\u0151\u00fczem"},"content":{"rendered":"<p>Ezt a mini f\u0151z\u0151berendez\u00e9st term\u00e9kfejleszt\u00e9sre \u00e9s kisebb gy\u00e1rt\u00e1sokra haszn\u00e1lj\u00e1k. Az ilyen t\u00edpus\u00fa berendez\u00e9seket gyakran haszn\u00e1lj\u00e1k cukr\u00e1sz\u00fczemek \u00e9s nyersanyaggy\u00e1rt\u00f3k laborat\u00f3riumaiban. Olyan v\u00e1llalatok is haszn\u00e1lj\u00e1k ezeket a k\u00eds\u00e9rleti berendez\u00e9seket, amelyek nagyobb Vomadiss-berendez\u00e9seket telep\u00edtettek. Ez az univerz\u00e1lis f\u0151z\u0151rendszer nagy keresletnek \u00f6rvend, r\u00e9szben az\u00e9rt is, mert a tal\u00e1lt param\u00e9terek 1 az 1-hez \u00e1tvihet\u0151k a nagy gy\u00e1rt\u00f3g\u00e9pekre. Ezeket a mini \u00fczemeket plug &amp; play m\u00f3don, a legt\u00f6bb esetben g\u00f6rg\u0151k\u00f6n sz\u00e1ll\u00edtj\u00e1k, \u00e9s alkalmasak zsel\u00e9s \u00e9s gumigy\u00e1rtm\u00e1nyok k\u00e9sz\u00edt\u00e9s\u00e9re, Lehet\u0151s\u00e9g van k\u00fcl\u00f6nb\u00f6z\u0151 f\u0151z\u0151k kombin\u00e1ci\u00f3j\u00e1nak \u00f6ssze\u00e1ll\u00edt\u00e1s\u00e1ra is, \u00edgy k\u00fcl\u00f6nb\u00f6z\u0151 term\u00e9kek k\u00e9sz\u00edthet\u0151k, p\u00e9ld\u00e1ul egy Jet Cooker g\u0151zbefecskendez\u0151 f\u0151z\u0151 kem\u00e9ny\u00edt\u0151term\u00e9kekhez egy Scraped h\u0151cser\u00e9l\u0151 karamell \u00e9s karamell vagy speci\u00e1lis kem\u00e9ny\u00edt\u0151term\u00e9kekhez. A g\u00e9p b\u00e9relhet\u0151 is. Kapacit\u00e1s: 50-100 kg\/\u00f3ra.<\/p>\n<p>&nbsp;<\/p>\n<table style=\"height: 451px\" width=\"533\">\n<tbody>\n<tr>\n<td width=\"159\">\u00a0<strong>Jellemz\u0151k<\/strong><\/td>\n<td width=\"159\">\u00a0<strong>El\u0151ny\u00f6k<\/strong><\/td>\n<\/tr>\n<tr>\n<td>\u00a0mindez egy v\u00e1zra \u00e9p\u00fcl<\/td>\n<td>\n<ul>\n<li>plug &amp; play telep\u00edt\u00e9s<\/li>\n<li>kompakt<\/li>\n<\/ul>\n<\/td>\n<\/tr>\n<tr>\n<td>\u00a0testreszabott konfigur\u00e1ci\u00f3<\/td>\n<td>\n<ul>\n<li>sokoldal\u00fa<\/li>\n<\/ul>\n<\/td>\n<\/tr>\n<tr>\n<td>\u00a0rozsdamentes ac\u00e9lszerkezet<\/td>\n<td>\n<ul>\n<li>higi\u00e9nikus<\/li>\n<li>k\u00f6nny\u0171 tiszt\u00edt\u00e1s<\/li>\n<\/ul>\n<\/td>\n<\/tr>\n<tr>\n<td>\u00a0PLC (opcion\u00e1lis)<\/td>\n<td>\n<ul>\n<li>receptek t\u00e1rol\u00e1sa<\/li>\n<li>folyamatir\u00e1ny\u00edt\u00e1s<\/li>\n<\/ul>\n<\/td>\n<\/tr>\n<\/tbody>\n<\/table>","protected":false},"excerpt":{"rendered":"<p>K\u00eds\u00e9rleti f\u0151z\u0151\u00fczem a f\u0151z\u00e9si alkalmaz\u00e1sok tesztel\u00e9s\u00e9re mindenf\u00e9le cukormassz\u00e1val.<\/p>","protected":false},"featured_media":2854,"comment_status":"open","ping_status":"closed","template":"","meta":{"uix_meta_title":"","uix_meta_description":"","uix_canonical_url":""},"product_brand":[],"product_cat":[104],"product_tag":[],"class_list":{"0":"post-2855","1":"product","2":"type-product","3":"status-publish","4":"has-post-thumbnail","6":"product_cat-processing","8":"first","9":"instock","10":"shipping-taxable","11":"product-type-simple"},"_links":{"self":[{"href":"https:\/\/cormac.eu\/hu\/wp-json\/wp\/v2\/product\/2855","targetHints":{"allow":["GET"]}}],"collection":[{"href":"https:\/\/cormac.eu\/hu\/wp-json\/wp\/v2\/product"}],"about":[{"href":"https:\/\/cormac.eu\/hu\/wp-json\/wp\/v2\/types\/product"}],"replies":[{"embeddable":true,"href":"https:\/\/cormac.eu\/hu\/wp-json\/wp\/v2\/comments?post=2855"}],"wp:featuredmedia":[{"embeddable":true,"href":"https:\/\/cormac.eu\/hu\/wp-json\/wp\/v2\/media\/2854"}],"wp:attachment":[{"href":"https:\/\/cormac.eu\/hu\/wp-json\/wp\/v2\/media?parent=2855"}],"wp:term":[{"taxonomy":"product_brand","embeddable":true,"href":"https:\/\/cormac.eu\/hu\/wp-json\/wp\/v2\/product_brand?post=2855"},{"taxonomy":"product_cat","embeddable":true,"href":"https:\/\/cormac.eu\/hu\/wp-json\/wp\/v2\/product_cat?post=2855"},{"taxonomy":"product_tag","embeddable":true,"href":"https:\/\/cormac.eu\/hu\/wp-json\/wp\/v2\/product_tag?post=2855"}],"curies":[{"name":"wp","href":"https:\/\/api.w.org\/{rel}","templated":true}]}}