{"id":2849,"date":"2022-04-24T10:01:33","date_gmt":"2022-04-24T08:01:33","guid":{"rendered":"https:\/\/cormac.eu\/?post_type=product&#038;p=2849"},"modified":"2022-04-24T11:37:04","modified_gmt":"2022-04-24T09:37:04","slug":"kulcsrakesz-fozoberendezes-2","status":"publish","type":"product","link":"https:\/\/cormac.eu\/hu\/product\/turn-key-cooking-installation\/","title":{"rendered":"Kulcsrak\u00e9sz teljes termel\u0151i konyha"},"content":{"rendered":"<p>Teljesen automata, egy cs\u00faszd\u00e1ra \u00e9p\u00edtett, plug &amp; play csatlakoztat\u00e1sra k\u00e9sz termel\u0151i konyha. Ez az \u00e9p\u00edt\u00e9si m\u00f3d lehet\u0151v\u00e9 teszi a helytakar\u00e9kos telep\u00edt\u00e9st. Minden egyes telep\u00edt\u00e9s teljesen egyedi \u00e9p\u00edt\u00e9s\u0171. Egy ilyen gy\u00e1rt\u00f3 konyha tartalmazhat automatikus m\u00e9rlegel\u00e9st \u00e9s az \u00f6sszetev\u0151k adagol\u00e1s\u00e1t, egy el\u0151kever\u0151 \u00e9s kever\u0151 berendez\u00e9st, egy folyamatos f\u0151z\u0151t, egy g\u0151zbefecskendez\u00e9ses sug\u00e1rf\u0151z\u0151t, a v\u00e1kuumkamr\u00e1t, a k\u00f6zponti vez\u00e9rl\u0151szekr\u00e9nyt Siemens PLC-vel, valamint egy adagol\u00f3 k\u00e9szletet az arom\u00e1khoz, sz\u00ednez\u00e9kekhez \u00e9s savakhoz. \u00d3r\u00e1nk\u00e9nt 3 tonna kapacit\u00e1sig terjed\u0151 kapacit\u00e1s.<\/p>\n<p><img fetchpriority=\"high\" decoding=\"async\" class=\"alignnone size-medium wp-image-2869\" src=\"https:\/\/cormac.eu\/wp-content\/uploads\/2022\/04\/Candy-iStock_000012762654_Large-300x199.jpg\" alt=\"\" width=\"300\" height=\"199\" srcset=\"https:\/\/cormac.eu\/wp-content\/uploads\/2022\/04\/Candy-iStock_000012762654_Large-300x199.jpg 300w, https:\/\/cormac.eu\/wp-content\/uploads\/2022\/04\/Candy-iStock_000012762654_Large-1024x680.jpg 1024w, https:\/\/cormac.eu\/wp-content\/uploads\/2022\/04\/Candy-iStock_000012762654_Large-768x510.jpg 768w, https:\/\/cormac.eu\/wp-content\/uploads\/2022\/04\/Candy-iStock_000012762654_Large-1536x1019.jpg 1536w, https:\/\/cormac.eu\/wp-content\/uploads\/2022\/04\/Candy-iStock_000012762654_Large-2048x1359.jpg 2048w, https:\/\/cormac.eu\/wp-content\/uploads\/2022\/04\/Candy-iStock_000012762654_Large-600x398.jpg 600w\" sizes=\"(max-width: 300px) 100vw, 300px\" \/><\/p>\n<p>&nbsp;<\/p>\n<table style=\"height: 396px\" width=\"547\">\n<tbody>\n<tr>\n<td width=\"179\">\u00a0<strong>Jellemz\u0151k<\/strong><\/td>\n<td width=\"179\">\u00a0<strong>El\u0151ny\u00f6k<\/strong><\/td>\n<\/tr>\n<tr>\n<td>\u00a0cs\u00fasz\u00e1sra \u00e9p\u00edtett<\/td>\n<td>\n<ul>\n<li>egyszer\u0171 telep\u00edt\u00e9s<\/li>\n<li>kompakt<\/li>\n<\/ul>\n<\/td>\n<\/tr>\n<tr>\n<td>\u00a0teljesen rozsdamentes ac\u00e9l<\/td>\n<td>\n<ul>\n<li>higi\u00e9nikus<\/li>\n<li>k\u00f6nny\u0171 tiszt\u00edt\u00e1s<\/li>\n<\/ul>\n<\/td>\n<\/tr>\n<tr>\n<td>\u00a0PLC vez\u00e9rl\u00e9s\u0171<\/td>\n<td>\n<ul>\n<li>teljes folyamatir\u00e1ny\u00edt\u00e1s<\/li>\n<li>receptek t\u00e1rol\u00e1sa<\/li>\n<\/ul>\n<\/td>\n<\/tr>\n<tr>\n<td>\u00a0Egyedi \u00e9p\u00edt\u00e9s\u0171<\/td>\n<td>\n<ul>\n<li>az \u00fcgyf\u00e9l specifik\u00e1ci\u00f3ja szerint \u00e9p\u00fclt<\/li>\n<\/ul>\n<\/td>\n<\/tr>\n<\/tbody>\n<\/table>","protected":false},"excerpt":{"rendered":"<p>Teljesen automatikus, az \u00fcgyf\u00e9l ig\u00e9nyei szerint tervezett, cs\u00faszd\u00e1ra \u00e9p\u00edtett, kompakt, plug &amp; play. Alkalmas f\u0151z\u00f6tt cukork\u00e1k, bele\u00e9rtve a zsel\u00e9k \u00e9s gumicukrok, m\u00e1lyvacukrok, r\u00e1g\u00f3s \u00e9dess\u00e9gek, \u00e9desgy\u00f6k\u00e9r, fondant, nug\u00e1t, kem\u00e9nycukork\u00e1k, cukormentes cikkek stb. gy\u00e1rt\u00e1s\u00e1ra.<\/p>","protected":false},"featured_media":2853,"comment_status":"open","ping_status":"closed","template":"","meta":{"uix_meta_title":"","uix_meta_description":"","uix_canonical_url":""},"product_brand":[],"product_cat":[104],"product_tag":[],"class_list":{"0":"post-2849","1":"product","2":"type-product","3":"status-publish","4":"has-post-thumbnail","6":"product_cat-processing","8":"first","9":"instock","10":"shipping-taxable","11":"product-type-simple"},"_links":{"self":[{"href":"https:\/\/cormac.eu\/hu\/wp-json\/wp\/v2\/product\/2849","targetHints":{"allow":["GET"]}}],"collection":[{"href":"https:\/\/cormac.eu\/hu\/wp-json\/wp\/v2\/product"}],"about":[{"href":"https:\/\/cormac.eu\/hu\/wp-json\/wp\/v2\/types\/product"}],"replies":[{"embeddable":true,"href":"https:\/\/cormac.eu\/hu\/wp-json\/wp\/v2\/comments?post=2849"}],"wp:featuredmedia":[{"embeddable":true,"href":"https:\/\/cormac.eu\/hu\/wp-json\/wp\/v2\/media\/2853"}],"wp:attachment":[{"href":"https:\/\/cormac.eu\/hu\/wp-json\/wp\/v2\/media?parent=2849"}],"wp:term":[{"taxonomy":"product_brand","embeddable":true,"href":"https:\/\/cormac.eu\/hu\/wp-json\/wp\/v2\/product_brand?post=2849"},{"taxonomy":"product_cat","embeddable":true,"href":"https:\/\/cormac.eu\/hu\/wp-json\/wp\/v2\/product_cat?post=2849"},{"taxonomy":"product_tag","embeddable":true,"href":"https:\/\/cormac.eu\/hu\/wp-json\/wp\/v2\/product_tag?post=2849"}],"curies":[{"name":"wp","href":"https:\/\/api.w.org\/{rel}","templated":true}]}}