{"id":2847,"date":"2022-04-24T09:58:59","date_gmt":"2022-04-24T07:58:59","guid":{"rendered":"https:\/\/cormac.eu\/?post_type=product&#038;p=2847"},"modified":"2022-04-24T09:58:59","modified_gmt":"2022-04-24T07:58:59","slug":"speedmixer-2","status":"publish","type":"product","link":"https:\/\/cormac.eu\/hu\/product\/speedmixer\/","title":{"rendered":"Speedmixer"},"content":{"rendered":"<p>A speedmix j\u00f3 megold\u00e1s sz\u00e1mos kever\u00e9si probl\u00e9m\u00e1ra.  A speedmix kever\u0151turbin\u00e1ban a forgatty\u00fatengelyt egy k\u00f6penyes cs\u0151 v\u00e9di. E cs\u0151 alatt egy tart\u00f3 zsilip van felszerelve, amelyben a l\u00e9gcsavar forog. Ez a visszatart\u00f3 zsilip szivatty\u00fak\u00e9nt m\u0171k\u00f6dik, \u00e9s tengelyir\u00e1ny\u00fa \u00e1raml\u00e1st okoz. A k\u00f6penycs\u0151 megakad\u00e1lyozza, hogy a gyorsan forg\u00f3 tengely ment\u00e9n \u00f6rv\u00e9ny emelkedjen. A speedmix axi\u00e1lis \u00e1ram\u00fa patronja garant\u00e1lja a porokkal \u00e9s granul\u00e1tumokkal \u00f6sszekeverend\u0151 folyad\u00e9kok k\u00f6z\u00f6tti intenz\u00edv kever\u00e9st leveg\u0151becsap\u00f3d\u00e1s n\u00e9lk\u00fcl, nagy fordulatsz\u00e1mon is. A speedmix a t\u00f6megek sz\u00e9les sk\u00e1l\u00e1j\u00e1nak kever\u00e9s\u00e9re, homogeniz\u00e1l\u00e1s\u00e1ra, diszperg\u00e1l\u00e1s\u00e1ra, szuszpend\u00e1l\u00e1s\u00e1ra \u00e9s old\u00e1s\u00e1ra haszn\u00e1lhat\u00f3. Teljes\u00edtm\u00e9nytartom\u00e1ny: 0,75 \u00e9s 30 kW k\u00f6z\u00f6tt , 750 - 3000 fordulat\/perc.<\/p>\n<p><img fetchpriority=\"high\" decoding=\"async\" class=\"alignnone size-medium wp-image-2846\" src=\"https:\/\/cormac.eu\/wp-content\/uploads\/2022\/04\/Speedmix4-200x300.jpg\" alt=\"\" width=\"200\" height=\"300\" srcset=\"https:\/\/cormac.eu\/wp-content\/uploads\/2022\/04\/Speedmix4-200x300.jpg 200w, https:\/\/cormac.eu\/wp-content\/uploads\/2022\/04\/Speedmix4-681x1024.jpg 681w, https:\/\/cormac.eu\/wp-content\/uploads\/2022\/04\/Speedmix4-768x1154.jpg 768w, https:\/\/cormac.eu\/wp-content\/uploads\/2022\/04\/Speedmix4-1022x1536.jpg 1022w, https:\/\/cormac.eu\/wp-content\/uploads\/2022\/04\/Speedmix4-1363x2048.jpg 1363w, https:\/\/cormac.eu\/wp-content\/uploads\/2022\/04\/Speedmix4-600x902.jpg 600w, https:\/\/cormac.eu\/wp-content\/uploads\/2022\/04\/Speedmix4-scaled.jpg 1703w\" sizes=\"(max-width: 200px) 100vw, 200px\" \/><\/p>\n<table style=\"height: 514px\" width=\"653\">\n<tbody>\n<tr>\n<td width=\"252\">\u00a0<strong>Jellemz\u0151k<\/strong><\/td>\n<td width=\"249\">\u00a0<strong>El\u0151ny\u00f6k<\/strong><\/td>\n<\/tr>\n<tr>\n<td>\u00a0Fokozatmentes frekvenciavez\u00e9rl\u00e9s\u0171 fordulatsz\u00e1m-meghajt\u00f3<\/td>\n<td>\n<ul>\n<li>Sebess\u00e9gszab\u00e1lyoz\u00e1s<\/li>\n<\/ul>\n<\/td>\n<\/tr>\n<tr>\n<td>\u00a0Kiv\u00e1l\u00f3 hegeszt\u00e9si technol\u00f3gia<\/td>\n<td>\n<ul>\n<li>eg\u00e9szs\u00e9g\u00fcgyi kivitelez\u00e9s<\/li>\n<li>nincs hajsz\u00e1lreped\u00e9s az ac\u00e9lban<\/li>\n<li>k\u00f6nny\u0171 tiszt\u00edt\u00e1s \u00e9s \u00f6bl\u00edt\u00e9s<\/li>\n<\/ul>\n<\/td>\n<\/tr>\n<tr>\n<td>\u00a0rozsdamentes ac\u00e9lszerkezet<\/td>\n<td>\n<ul>\n<li>higi\u00e9nikus<\/li>\n<li>k\u00f6nny\u0171 tiszt\u00edt\u00e1s<\/li>\n<\/ul>\n<\/td>\n<\/tr>\n<tr>\n<td>\u00a0Nincs \u00e9rintkez\u00e9s csap\u00e1gyaz\u00e1s-term\u00e9k<\/td>\n<td>\n<ul>\n<li>nincs szennyez\u0151d\u00e9s<\/li>\n<li>higi\u00e9nia<\/li>\n<\/ul>\n<\/td>\n<\/tr>\n<tr>\n<td>Szabv\u00e1nyos\u00edtott karim\u00e1k<\/td>\n<td>\n<ul>\n<li>k\u00f6nny\u0171 csere \u00e9s karbantart\u00e1s<\/li>\n<\/ul>\n<\/td>\n<\/tr>\n<\/tbody>\n<\/table>\n<p>&nbsp;<\/p>\n<p>&nbsp;<\/p>","protected":false},"excerpt":{"rendered":"<p>Speedmixer kever\u00e9shez, homogeniz\u00e1l\u00e1shoz, diszperg\u00e1l\u00e1shoz, szuszpend\u00e1l\u00e1shoz \u00e9s old\u00e1shoz a legk\u00fcl\u00f6nb\u00f6z\u0151bb t\u00f6megek kever\u00e9s\u00e9hez.<\/p>","protected":false},"featured_media":2845,"comment_status":"open","ping_status":"closed","template":"","meta":{"uix_meta_title":"","uix_meta_description":"","uix_canonical_url":""},"product_brand":[],"product_cat":[104],"product_tag":[],"class_list":{"0":"post-2847","1":"product","2":"type-product","3":"status-publish","4":"has-post-thumbnail","6":"product_cat-processing","8":"first","9":"instock","10":"shipping-taxable","11":"product-type-simple"},"_links":{"self":[{"href":"https:\/\/cormac.eu\/hu\/wp-json\/wp\/v2\/product\/2847","targetHints":{"allow":["GET"]}}],"collection":[{"href":"https:\/\/cormac.eu\/hu\/wp-json\/wp\/v2\/product"}],"about":[{"href":"https:\/\/cormac.eu\/hu\/wp-json\/wp\/v2\/types\/product"}],"replies":[{"embeddable":true,"href":"https:\/\/cormac.eu\/hu\/wp-json\/wp\/v2\/comments?post=2847"}],"wp:featuredmedia":[{"embeddable":true,"href":"https:\/\/cormac.eu\/hu\/wp-json\/wp\/v2\/media\/2845"}],"wp:attachment":[{"href":"https:\/\/cormac.eu\/hu\/wp-json\/wp\/v2\/media?parent=2847"}],"wp:term":[{"taxonomy":"product_brand","embeddable":true,"href":"https:\/\/cormac.eu\/hu\/wp-json\/wp\/v2\/product_brand?post=2847"},{"taxonomy":"product_cat","embeddable":true,"href":"https:\/\/cormac.eu\/hu\/wp-json\/wp\/v2\/product_cat?post=2847"},{"taxonomy":"product_tag","embeddable":true,"href":"https:\/\/cormac.eu\/hu\/wp-json\/wp\/v2\/product_tag?post=2847"}],"curies":[{"name":"wp","href":"https:\/\/api.w.org\/{rel}","templated":true}]}}