{"id":2840,"date":"2022-04-24T09:05:50","date_gmt":"2022-04-24T07:05:50","guid":{"rendered":"https:\/\/cormac.eu\/?post_type=product&#038;p=2840"},"modified":"2022-04-24T09:12:47","modified_gmt":"2022-04-24T07:12:47","slug":"folyamatos-fozorendszer-2","status":"publish","type":"product","link":"https:\/\/cormac.eu\/hu\/product\/continuous-cooking-system\/","title":{"rendered":"Folyamatos f\u0151z\u0151rendszer"},"content":{"rendered":"<p>A Vomadiss egy forradalmi f\u0151z\u0151rendszer, amelyet a Vomatec fejlesztett ki \u00e9s szabadalmaztatott. Ez egy v\u00edzszintes f\u0151z\u0151rendszer, amely egy hengeres f\u0151z\u0151ed\u00e9nyb\u0151l \u00e1ll, amelynek belsej\u00e9ben sz\u00e1mos cs\u0151 tal\u00e1lhat\u00f3. A cs\u00f6vek statikus kever\u0151kkel vannak ell\u00e1tva, amelyek lehet\u0151v\u00e9 teszik a cs\u00f6veken \u00e1tpump\u00e1lt massza gyors felmeleg\u00edt\u00e9s\u00e9t.<\/p>\n<p><img decoding=\"async\" class=\"alignnone size-medium wp-image-2841\" src=\"https:\/\/cormac.eu\/wp-content\/uploads\/2022\/04\/Vomadiss-internal-2-300x153.jpg\" alt=\"\" width=\"300\" height=\"153\" srcset=\"https:\/\/cormac.eu\/wp-content\/uploads\/2022\/04\/Vomadiss-internal-2-300x153.jpg 300w, https:\/\/cormac.eu\/wp-content\/uploads\/2022\/04\/Vomadiss-internal-2.jpg 400w\" sizes=\"(max-width: 300px) 100vw, 300px\" \/><\/p>\n<p>Ez a tal\u00e1lm\u00e1ny a f\u0151z\u00e9si id\u0151t a szok\u00e1sos f\u0151z\u00e9si id\u0151 k\u00f6r\u00fclbel\u00fcl 30%-re cs\u00f6kkenti, \u00edgy megtakar\u00edt\u00e1st \u00e9rhet\u00fcnk el az energiafogyaszt\u00e1s \u00e9s a k\u00f6lts\u00e9gek ter\u00e9n. Az \u00e1tlagos tart\u00f3zkod\u00e1si id\u0151 a t\u0171zhelyen 60 \u00e9s 90 m\u00e1sodperc k\u00f6z\u00f6tt van. Ez a r\u00f6vid tart\u00f3zkod\u00e1si id\u0151 hozz\u00e1j\u00e1rul a f\u0151tt term\u00e9k inverzi\u00f3j\u00e1hoz. Ez lehet\u0151v\u00e9 teszi, hogy a h\u0151\u00e9rz\u00e9keny \u00f6sszetev\u0151ket, mint p\u00e9ld\u00e1ul a zselatint, a massz\u00e1val egy\u00fctt lehessen f\u0151zni. A Vomadiss k\u00f6nnyen kinyithat\u00f3 \u00e9s v\u00edzzel \u00e9s g\u0151zzel tiszt\u00edthat\u00f3. Ez nagy el\u0151ny m\u00e1s rendszerekkel szemben.<\/p>\n<p><img fetchpriority=\"high\" decoding=\"async\" class=\"alignnone  wp-image-2842\" src=\"https:\/\/cormac.eu\/wp-content\/uploads\/2022\/04\/Vomadiss-showing-static-mixers-3.jpg\" alt=\"\" width=\"267\" height=\"215\" \/><\/p>\n<p>A t\u0171zhely term\u00e9kbevezet\u0151 cs\u00f6vein\u00e9l extra rendelkez\u00e9seket tett\u00fcnk, hogy \u00e1ramsz\u00fcnet eset\u00e9n a t\u0171zhelyet ki lehessen f\u00fajni, \u00e9s ne \u00e9gjen le. A t\u0171zhely belseje k\u00f6nnyen ellen\u0151rizhet\u0151 a rozsdamentes ac\u00e9l fejlemezek elt\u00e1vol\u00edt\u00e1s\u00e1val. A Vomadiss a legt\u00f6bb cukorterm\u00e9khez vagy cukorhelyettes\u00edt\u0151h\u00f6z alkalmas, \u00e9s a term\u00e9kt\u0151l f\u00fcgg\u0151en v\u00e1kuumkamr\u00e1val vagy an\u00e9lk\u00fcl sz\u00e1ll\u00edtj\u00e1k. A v\u00e1kuumkamra a f\u0151z\u0151g\u0151z v\u00e1kuummal t\u00f6rt\u00e9n\u0151 kivezet\u00e9s\u00e9re szolg\u00e1l. A g\u0151z egy kondenz\u00e1torban lecsap\u00f3dik. Ezzel egyidej\u0171leg a f\u0151z\u00f6tt massza h\u0151m\u00e9rs\u00e9klete leh\u0171l.<\/p>\n<p>&nbsp;<\/p>\n<table style=\"height: 578px\" width=\"634\">\n<tbody>\n<tr>\n<td width=\"182\">\u00a0<strong>Jellemz\u0151k<\/strong><\/td>\n<td width=\"182\">\u00a0<strong>El\u0151ny\u00f6k<\/strong><\/td>\n<\/tr>\n<tr>\n<td>\u00a0keretre szerelve<\/td>\n<td>\n<ul>\n<li>kompakt<\/li>\n<li>egyszer\u0171 telep\u00edt\u00e9s<\/li>\n<\/ul>\n<\/td>\n<\/tr>\n<tr>\n<td>\u00a0csavarozott oldallap<\/td>\n<td>\n<ul>\n<li>k\u00f6nny\u0171 nyit\u00e1s<\/li>\n<li>statikus kever\u0151k kivon\u00e1sa<\/li>\n<li>k\u00f6nny\u0171 tiszt\u00edt\u00e1s<\/li>\n<\/ul>\n<\/td>\n<\/tr>\n<tr>\n<td>\u00a0cs\u00f6vek \u00e9s statikus kever\u0151k<\/td>\n<td>\n<ul>\n<li>r\u00f6vid f\u0151z\u00e9si id\u0151<\/li>\n<li>nincs term\u00e9k\u00e9get\u00e9s<\/li>\n<li>energiamegtakar\u00edt\u00e1s<\/li>\n<\/ul>\n<\/td>\n<\/tr>\n<tr>\n<td>\u00a0csatlakoztatott v\u00e1kuumkamra<\/td>\n<td>\n<ul>\n<li>a t\u00f6meg hat\u00e9kony leh\u0171t\u00e9se<\/li>\n<li>a g\u0151z gyors elsz\u00edv\u00e1sa<\/li>\n<li>kem\u00e9ny \u00e9s puha cukork\u00e1k kiv\u00e9gz\u00e9se<\/li>\n<\/ul>\n<\/td>\n<\/tr>\n<\/tbody>\n<\/table>","protected":false},"excerpt":{"rendered":"<p>Folyamatos f\u0151z\u0151 olyan cukormassz\u00e1khoz, mint a zsel\u00e9k \u00e9s r\u00e1g\u00f3gumik, m\u00e1lyvacukrok, r\u00e1g\u00f3s \u00e9dess\u00e9gek, \u00e9desgy\u00f6k\u00e9r, fondant, nug\u00e1t, kem\u00e9nycukork\u00e1k, cukormentes term\u00e9kek.<\/p>","protected":false},"featured_media":2839,"comment_status":"open","ping_status":"closed","template":"","meta":{"uix_meta_title":"","uix_meta_description":"","uix_canonical_url":""},"product_brand":[],"product_cat":[104],"product_tag":[],"class_list":{"0":"post-2840","1":"product","2":"type-product","3":"status-publish","4":"has-post-thumbnail","6":"product_cat-processing","8":"first","9":"instock","10":"shipping-taxable","11":"product-type-simple"},"_links":{"self":[{"href":"https:\/\/cormac.eu\/hu\/wp-json\/wp\/v2\/product\/2840","targetHints":{"allow":["GET"]}}],"collection":[{"href":"https:\/\/cormac.eu\/hu\/wp-json\/wp\/v2\/product"}],"about":[{"href":"https:\/\/cormac.eu\/hu\/wp-json\/wp\/v2\/types\/product"}],"replies":[{"embeddable":true,"href":"https:\/\/cormac.eu\/hu\/wp-json\/wp\/v2\/comments?post=2840"}],"wp:featuredmedia":[{"embeddable":true,"href":"https:\/\/cormac.eu\/hu\/wp-json\/wp\/v2\/media\/2839"}],"wp:attachment":[{"href":"https:\/\/cormac.eu\/hu\/wp-json\/wp\/v2\/media?parent=2840"}],"wp:term":[{"taxonomy":"product_brand","embeddable":true,"href":"https:\/\/cormac.eu\/hu\/wp-json\/wp\/v2\/product_brand?post=2840"},{"taxonomy":"product_cat","embeddable":true,"href":"https:\/\/cormac.eu\/hu\/wp-json\/wp\/v2\/product_cat?post=2840"},{"taxonomy":"product_tag","embeddable":true,"href":"https:\/\/cormac.eu\/hu\/wp-json\/wp\/v2\/product_tag?post=2840"}],"curies":[{"name":"wp","href":"https:\/\/api.w.org\/{rel}","templated":true}]}}