{"id":2838,"date":"2022-04-24T09:00:12","date_gmt":"2022-04-24T07:00:12","guid":{"rendered":"https:\/\/cormac.eu\/?post_type=product&#038;p=2838"},"modified":"2022-04-24T09:00:22","modified_gmt":"2022-04-24T07:00:22","slug":"premix-telepites-2","status":"publish","type":"product","link":"https:\/\/cormac.eu\/hu\/product\/premix-installlation\/","title":{"rendered":"Premix telep\u00edt\u00e9s"},"content":{"rendered":"<p>Ez az el\u0151kever\u0151 berendez\u00e9s az \u00f6sszetev\u0151k, p\u00e9ld\u00e1ul cukor, v\u00edz, sz\u0151l\u0151cukor \u00e9s egy\u00e9b \u00f6sszetev\u0151k felold\u00e1s\u00e1ra \u00e9s el\u0151kever\u00e9s\u00e9re szolg\u00e1l a f\u0151z\u00e9shez sz\u00fcks\u00e9ges t\u00e9telek el\u0151k\u00e9sz\u00edt\u00e9se \u00e9rdek\u00e9ben. Ez a berendez\u00e9s k\u00e9t kever\u0151ed\u00e9ny kombin\u00e1ci\u00f3ja. Az els\u0151 \u00e9s fels\u0151 el\u0151kever\u0151 ed\u00e9ny szolg\u00e1l, \u00e1ltal\u00e1ban szil\u00e1rd \u00f6sszetev\u0151k v\u00edzben val\u00f3 felold\u00e1s\u00e1ra \u00e9s ezek fokozatos (el\u0151)kever\u00e9s\u00e9re m\u00e1s \u00f6sszetev\u0151kkel. A m\u00e1sodik kever\u0151 ezt k\u00f6vet\u0151en ezt tov\u00e1bb keveri, \u00edgy a kevert adag m\u00e1r k\u00e9szen \u00e1ll a f\u0151z\u00e9sre. A kever\u0151ed\u00e9nyek duplafal\u00faak \u00e9s rozsdamentes ac\u00e9lb\u00f3l k\u00e9sz\u00fcltek, amelyek alkalmasak legfeljebb 3 bar alacsony nyom\u00e1s\u00fa g\u0151zre. Felcsaphat\u00f3 fed\u00e9llel \u00e9s egy k\u00e9tfokozat\u00fa, 2,2-3 kW teljes\u00edtm\u00e9ny\u0171, 1500-3000 fordulat\/perc sebess\u00e9g\u0171 Speedmix-berendez\u00e9ssel vannak ell\u00e1tva. A h\u0151m\u00e9r\u0151k a falon kereszt\u00fcl vannak felszerelve, a k\u00e9zi vez\u00e9rl\u00e9s\u0171 pillang\u00f3szelep DN 40-es leereszt\u0151vel van felszerelve az alj\u00e1ba.* A tart\u00e1lyok h\u00e1rom l\u00e1bon \u00e1llnak. A r\u00f6vid cs\u0151vezet\u00e9kkel ell\u00e1tott tart\u00e1lyok a DIN 11851 szabv\u00e1ny szerinti csatlakoz\u00f3kkal vannak \u00f6sszek\u00f6tve.<br \/>\nKapacit\u00e1startom\u00e1ny: 1.000 \u00e9s 5.000 kg\/\u00f3ra k\u00f6z\u00f6tt.<\/p>\n<p>&nbsp;<\/p>\n<table style=\"height: 494px\" width=\"534\">\n<tbody>\n<tr>\n<td width=\"143\">\u00a0<strong>Jellemz\u0151k<\/strong><\/td>\n<td width=\"143\">\u00a0<strong>El\u0151ny\u00f6k<\/strong><\/td>\n<\/tr>\n<tr>\n<td>Digit\u00e1lis terhel\u00e9scell\u00e1k IP 65<\/td>\n<td>\n<ul>\n<li>Pontos t\u00e9telmennyis\u00e9gek<\/li>\n<li>S\u00falykontroll<\/li>\n<\/ul>\n<\/td>\n<\/tr>\n<tr>\n<td>Siemens PLC S7<\/td>\n<td>\n<ul>\n<li>pontos folyamatir\u00e1ny\u00edt\u00e1s<\/li>\n<li>Szabadon programozhat\u00f3<\/li>\n<\/ul>\n<\/td>\n<\/tr>\n<tr>\n<td>Rozsdamentes ac\u00e9l kivitel<\/td>\n<td>\n<ul>\n<li>Higi\u00e9nikus<\/li>\n<li>K\u00f6nnyen tiszt\u00edthat\u00f3<\/li>\n<\/ul>\n<\/td>\n<\/tr>\n<tr>\n<td>HACCP-kompatibilis kialak\u00edt\u00e1s<\/td>\n<td>\n<ul>\n<li>Higi\u00e9nikus<\/li>\n<li>Biztons\u00e1gos<\/li>\n<\/ul>\n<\/td>\n<\/tr>\n<\/tbody>\n<\/table>\n<p>&nbsp;<\/p>","protected":false},"excerpt":{"rendered":"<p>Premix telep\u00edt\u00e9s az \u00f6sszetev\u0151k f\u0151z\u00e9s el\u0151tti felold\u00e1s\u00e1hoz \u00e9s el\u0151kever\u00e9s\u00e9hez.<\/p>","protected":false},"featured_media":2837,"comment_status":"open","ping_status":"closed","template":"","meta":{"uix_meta_title":"","uix_meta_description":"","uix_canonical_url":""},"product_brand":[],"product_cat":[104],"product_tag":[],"class_list":{"0":"post-2838","1":"product","2":"type-product","3":"status-publish","4":"has-post-thumbnail","6":"product_cat-processing","8":"first","9":"instock","10":"shipping-taxable","11":"product-type-simple"},"_links":{"self":[{"href":"https:\/\/cormac.eu\/hu\/wp-json\/wp\/v2\/product\/2838","targetHints":{"allow":["GET"]}}],"collection":[{"href":"https:\/\/cormac.eu\/hu\/wp-json\/wp\/v2\/product"}],"about":[{"href":"https:\/\/cormac.eu\/hu\/wp-json\/wp\/v2\/types\/product"}],"replies":[{"embeddable":true,"href":"https:\/\/cormac.eu\/hu\/wp-json\/wp\/v2\/comments?post=2838"}],"wp:featuredmedia":[{"embeddable":true,"href":"https:\/\/cormac.eu\/hu\/wp-json\/wp\/v2\/media\/2837"}],"wp:attachment":[{"href":"https:\/\/cormac.eu\/hu\/wp-json\/wp\/v2\/media?parent=2838"}],"wp:term":[{"taxonomy":"product_brand","embeddable":true,"href":"https:\/\/cormac.eu\/hu\/wp-json\/wp\/v2\/product_brand?post=2838"},{"taxonomy":"product_cat","embeddable":true,"href":"https:\/\/cormac.eu\/hu\/wp-json\/wp\/v2\/product_cat?post=2838"},{"taxonomy":"product_tag","embeddable":true,"href":"https:\/\/cormac.eu\/hu\/wp-json\/wp\/v2\/product_tag?post=2838"}],"curies":[{"name":"wp","href":"https:\/\/api.w.org\/{rel}","templated":true}]}}