{"id":2793,"date":"2022-04-22T11:37:24","date_gmt":"2022-04-22T09:37:24","guid":{"rendered":"https:\/\/cormac.eu\/?post_type=product&#038;p=2793"},"modified":"2022-05-30T16:29:02","modified_gmt":"2022-05-30T14:29:02","slug":"folyamatos-keverogep-2","status":"publish","type":"product","link":"https:\/\/cormac.eu\/hu\/product\/continuous-blender\/","title":{"rendered":"Folyamatos turmixg\u00e9p"},"content":{"rendered":"<p>Az \u00faj Trefa kever\u0151\/kever\u0151g\u00e9p lehet\u0151v\u00e9 teszi t\u00f6bb \u00f6sszetev\u0151 folyamatos, in-line kever\u00e9s\u00e9t \u00e9s kever\u00e9s\u00e9t. A g\u00e9p egyed\u00fcl\u00e1ll\u00f3 tulajdons\u00e1ga, hogy a kever\u00e9s\/kever\u00e9s minim\u00e1lis ny\u00edr\u00f3er\u0151vel t\u00f6rt\u00e9nik, an\u00e9lk\u00fcl, hogy fenn\u00e1llna az \u00f6sszetev\u0151k elt\u00f6m\u0151d\u00e9s\u00e9nek vagy s\u00e9r\u00fcl\u00e9s\u00e9nek a vesz\u00e9lye, illetve a habcell\u00e1k finom szerkezet\u00e9nek a s\u00e9r\u00fcl\u00e9se.Ha egy Trefa folyamatos habos\u00edt\u00f3 g\u00e9p ut\u00e1n csatlakozik, akkor ez a hab vagy mousse folyamatosan keverhet\u0151 egy m\u00e1sik habbal\/habbal vagy k\u00fcl\u00f6nb\u00f6z\u0151 m\u00e9ret\u0171 szil\u00e1rd r\u00e9szecsk\u00e9kkel, p\u00e9ld\u00e1ul (sz\u00e1raz) gy\u00fcm\u00f6lcsdarabokkal, csokol\u00e1d\u00e9val, di\u00f3val, mazsol\u00e1val stb. A speci\u00e1lisan kialak\u00edtott kever\u0151fejben az \u00f6sszetev\u0151k \u00f3vatosan keverednek an\u00e9lk\u00fcl, hogy az \u00f6sszetev\u0151k vagy az \u00e9rz\u00e9keny habszerkezet s\u00e9r\u00fcl\u00e9s\u00e9nek vesz\u00e9lye fenn\u00e1llna, ami nagyon stabil \u00e9s homog\u00e9n v\u00e9gterm\u00e9ket eredm\u00e9nyez. A folyamat sor\u00e1n a kever\u0151fej sz\u00fcks\u00e9g eset\u00e9n h\u0171thet\u0151 vagy f\u0171thet\u0151. Ez a g\u00e9p fel lehet szerelni egy befecskendez\u0151 egys\u00e9ggel az \u00edz \u00e9s\/vagy sz\u00edn befecskendez\u00e9s\u00e9hez. Term\u00e9szetesen ezt a g\u00e9pet a higi\u00e9nikus haszn\u00e1latot szem el\u0151tt tartva tervezt\u00e9k \u00e9s gy\u00e1rtott\u00e1k, ez\u00e9rt teljes eg\u00e9sz\u00e9ben rozsdamentes ac\u00e9lb\u00f3l k\u00e9sz\u00fclt, \u00e9s in-line tiszt\u00edthat\u00f3, vagy csatlakoztathat\u00f3 egy CIP-rendszerhez (Cleaning In Place).<\/p>\n<p>&nbsp;<\/p>\n<p><img fetchpriority=\"high\" decoding=\"async\" class=\"alignnone size-medium wp-image-2796\" src=\"https:\/\/cormac.eu\/wp-content\/uploads\/2022\/04\/mixing-ingredients-into-batter-300x217.jpg\" alt=\"\" width=\"300\" height=\"217\" srcset=\"https:\/\/cormac.eu\/wp-content\/uploads\/2022\/04\/mixing-ingredients-into-batter-300x217.jpg 300w, https:\/\/cormac.eu\/wp-content\/uploads\/2022\/04\/mixing-ingredients-into-batter.jpg 406w\" sizes=\"(max-width: 300px) 100vw, 300px\" \/><\/p>\n<p>&nbsp;<\/p>\n<table style=\"height: 351px;\" width=\"587\">\n<tbody>\n<tr>\n<td width=\"197\">\u00a0<strong>Jellemz\u0151k<\/strong><\/td>\n<td width=\"197\">\u00a0<strong>El\u0151ny\u00f6k<\/strong><\/td>\n<\/tr>\n<tr>\n<td>Speci\u00e1lis kialak\u00edt\u00e1s\u00fa kever\u0151fej<\/td>\n<td>\n<ul>\n<li>alacsony ny\u00edr\u00e1s<\/li>\n<li>nem k\u00e1ros\u00edtja az \u00e9rz\u00e9keny habszerkezeteket<\/li>\n<li>az \u00f6sszetev\u0151k nem s\u00e9r\u00fclnek<\/li>\n<\/ul>\n<\/td>\n<\/tr>\n<tr>\n<td>Rozsdamentes ac\u00e9l kivitel<\/td>\n<td>\n<ul>\n<li>higi\u00e9nia<\/li>\n<li>k\u00f6nnyen tiszt\u00edthat\u00f3<\/li>\n<\/ul>\n<\/td>\n<\/tr>\n<tr>\n<td>K\u00f6penyes kever\u0151fej<\/td>\n<td>\n<ul>\n<li>h\u0151m\u00e9rs\u00e9klet-szab\u00e1lyoz\u00e1s<\/li>\n<\/ul>\n<\/td>\n<\/tr>\n<\/tbody>\n<\/table>\n<p>&nbsp;<\/p>","protected":false},"excerpt":{"rendered":"<p>G\u00e9p (leveg\u0151ztetett) habok kever\u00e9s\u00e9re m\u00e1s t\u00f6megekkel vagy \u00f6sszetev\u0151kkel, p\u00e9ld\u00e1ul gy\u00fcm\u00f6lcsdarabokkal, di\u00f3f\u00e9l\u00e9kkel, csokol\u00e1d\u00e9forg\u00e1ccsal, mazsol\u00e1val stb. A kapacit\u00e1s 25 kg\/\u00f3ra \u00e9s 7.500 kg\/\u00f3ra k\u00f6z\u00f6tt mozog.<\/p>","protected":false},"featured_media":2794,"comment_status":"open","ping_status":"closed","template":"","meta":{"uix_meta_title":"","uix_meta_description":"","uix_canonical_url":""},"product_brand":[],"product_cat":[104],"product_tag":[],"class_list":{"0":"post-2793","1":"product","2":"type-product","3":"status-publish","4":"has-post-thumbnail","6":"product_cat-processing","8":"first","9":"instock","10":"shipping-taxable","11":"product-type-simple"},"_links":{"self":[{"href":"https:\/\/cormac.eu\/hu\/wp-json\/wp\/v2\/product\/2793","targetHints":{"allow":["GET"]}}],"collection":[{"href":"https:\/\/cormac.eu\/hu\/wp-json\/wp\/v2\/product"}],"about":[{"href":"https:\/\/cormac.eu\/hu\/wp-json\/wp\/v2\/types\/product"}],"replies":[{"embeddable":true,"href":"https:\/\/cormac.eu\/hu\/wp-json\/wp\/v2\/comments?post=2793"}],"wp:featuredmedia":[{"embeddable":true,"href":"https:\/\/cormac.eu\/hu\/wp-json\/wp\/v2\/media\/2794"}],"wp:attachment":[{"href":"https:\/\/cormac.eu\/hu\/wp-json\/wp\/v2\/media?parent=2793"}],"wp:term":[{"taxonomy":"product_brand","embeddable":true,"href":"https:\/\/cormac.eu\/hu\/wp-json\/wp\/v2\/product_brand?post=2793"},{"taxonomy":"product_cat","embeddable":true,"href":"https:\/\/cormac.eu\/hu\/wp-json\/wp\/v2\/product_cat?post=2793"},{"taxonomy":"product_tag","embeddable":true,"href":"https:\/\/cormac.eu\/hu\/wp-json\/wp\/v2\/product_tag?post=2793"}],"curies":[{"name":"wp","href":"https:\/\/api.w.org\/{rel}","templated":true}]}}