{"id":2790,"date":"2022-04-22T11:31:49","date_gmt":"2022-04-22T09:31:49","guid":{"rendered":"https:\/\/cormac.eu\/?post_type=product&#038;p=2790"},"modified":"2022-06-07T18:35:43","modified_gmt":"2022-06-07T16:35:43","slug":"puffer-tartaly","status":"publish","type":"product","link":"https:\/\/cormac.eu\/hu\/product\/buffer-tank\/","title":{"rendered":"Puffer tart\u00e1ly"},"content":{"rendered":"<p>Puffertart\u00e1ly a gy\u00e1rt\u00f3sor r\u00e9szek\u00e9nt, egy- vagy duplafal\u00fa, elszigetelt, kever\u0151vel vagy an\u00e9lk\u00fcl, alacsony vagy magas viszkozit\u00e1s\u00fa term\u00e9k ki\u00fcr\u00edt\u00e9s\u00e9vel. A puffertart\u00e1lyhoz opcion\u00e1lisan megfelel\u0151 szivatty\u00fa is rendelhet\u0151. Term\u00e9szetesen lehet\u0151s\u00e9g van a tart\u00e1ly el\u0151k\u00e9sz\u00edt\u00e9s\u00e9re ak\u00e1r k\u00e9zi tiszt\u00edt\u00e1sra, ak\u00e1r CIP-rendszerhez val\u00f3 csatlakoztat\u00e1sra.<\/p>\n<p>&nbsp;<\/p>\n<table style=\"height: 269px\" width=\"509\">\n<tbody>\n<tr>\n<td width=\"143\">\n<p style=\"text-align: center\">\u00a0<strong>Jellemz\u0151k<\/strong><\/p>\n<\/td>\n<td width=\"143\">\n<p style=\"text-align: center\">\u00a0<strong>El\u0151ny\u00f6k<\/strong><\/p>\n<\/td>\n<\/tr>\n<tr>\n<td>Rozsdamentes ac\u00e9l kivitel<\/td>\n<td>\n<ul>\n<li>Higi\u00e9niai<\/li>\n<li>K\u00f6nnyen tiszt\u00edthat\u00f3<\/li>\n<\/ul>\n<\/td>\n<\/tr>\n<tr>\n<td>Robusztus fel\u00e9p\u00edt\u00e9s<\/td>\n<td>\n<ul>\n<li>Hossz\u00fa \u00e9lettartam<\/li>\n<li>nagy teherb\u00edr\u00e1s\u00fa \u00fczem<\/li>\n<\/ul>\n<\/td>\n<\/tr>\n<\/tbody>\n<\/table>","protected":false},"excerpt":{"rendered":"<p>Puffertart\u00e1ly a termel\u00e9si folyamatba val\u00f3 integr\u00e1l\u00e1shoz.<\/p>","protected":false},"featured_media":2791,"comment_status":"open","ping_status":"closed","template":"","meta":{"uix_meta_title":"","uix_meta_description":"","uix_canonical_url":""},"product_brand":[],"product_cat":[104],"product_tag":[],"class_list":{"0":"post-2790","1":"product","2":"type-product","3":"status-publish","4":"has-post-thumbnail","6":"product_cat-processing","8":"first","9":"instock","10":"shipping-taxable","11":"product-type-simple"},"_links":{"self":[{"href":"https:\/\/cormac.eu\/hu\/wp-json\/wp\/v2\/product\/2790","targetHints":{"allow":["GET"]}}],"collection":[{"href":"https:\/\/cormac.eu\/hu\/wp-json\/wp\/v2\/product"}],"about":[{"href":"https:\/\/cormac.eu\/hu\/wp-json\/wp\/v2\/types\/product"}],"replies":[{"embeddable":true,"href":"https:\/\/cormac.eu\/hu\/wp-json\/wp\/v2\/comments?post=2790"}],"wp:featuredmedia":[{"embeddable":true,"href":"https:\/\/cormac.eu\/hu\/wp-json\/wp\/v2\/media\/2791"}],"wp:attachment":[{"href":"https:\/\/cormac.eu\/hu\/wp-json\/wp\/v2\/media?parent=2790"}],"wp:term":[{"taxonomy":"product_brand","embeddable":true,"href":"https:\/\/cormac.eu\/hu\/wp-json\/wp\/v2\/product_brand?post=2790"},{"taxonomy":"product_cat","embeddable":true,"href":"https:\/\/cormac.eu\/hu\/wp-json\/wp\/v2\/product_cat?post=2790"},{"taxonomy":"product_tag","embeddable":true,"href":"https:\/\/cormac.eu\/hu\/wp-json\/wp\/v2\/product_tag?post=2790"}],"curies":[{"name":"wp","href":"https:\/\/api.w.org\/{rel}","templated":true}]}}