{"id":2740,"date":"2022-04-21T21:48:27","date_gmt":"2022-04-21T19:48:27","guid":{"rendered":"https:\/\/cormac.eu\/?post_type=product&#038;p=2740"},"modified":"2022-04-21T22:36:58","modified_gmt":"2022-04-21T20:36:58","slug":"rz-tipusu-csomagologep","status":"publish","type":"product","link":"https:\/\/cormac.eu\/hu\/product\/wrapping-machine-type-rz\/","title":{"rendered":"RZ csomagol\u00f3g\u00e9p"},"content":{"rendered":"<p>Csomagol\u00f3g\u00e9p kis m\u00e9ret\u0171, alulr\u00f3l hajtogatott, lapos alj\u00fa, form\u00e1zott vagy burkolt csokol\u00e1d\u00e9term\u00e9kekhez, mint p\u00e9ld\u00e1ul pralin\u00e9k, kerek term\u00e9kek, mint p\u00e9ld\u00e1ul Mozart-goly\u00f3k, ov\u00e1lis csokol\u00e1d\u00e9k, t\u00e9glalap alak\u00fa term\u00e9kek, n\u00e9gyzet alak\u00fa .  A Rasch RZ csomagol\u00f3g\u00e9pet szersz\u00e1mhajtogat\u00e1ssal vagy bor\u00edt\u00e9kcsomagol\u00e1ssal lehet kivitelezni, ak\u00e1r ecsetm\u00e1trixszal, ak\u00e1r magas hajtogat\u00f3dobozzal. K\u00fcl\u00f6nb\u00f6z\u0151 adagol\u00e1si rendszerek \u00e1llnak rendelkez\u00e9sre. Ez a g\u00e9p \u00f6n\u00e1ll\u00f3an vagy inline is m\u0171k\u00f6dhet. Az \u00e9vek sor\u00e1n ezt a g\u00e9pet - speci\u00e1lis kivitelben - nem \u00e9lelmiszeripari cikkek, p\u00e9ld\u00e1ul gumi\u00e1ruk eset\u00e9ben is haszn\u00e1lt\u00e1k, hogy azokat hamis\u00edt\u00e1sbiztos, szak\u00edt\u00f3szalaggal ell\u00e1tott h\u0151z\u00e1ras csomagol\u00e1ssal csomagolj\u00e1k be. T\u00f6meg kb. 1300 kg; teljes\u00edtm\u00e9ny 1,5 kVA;<\/p>\n<p>Csomagol\u00e1si st\u00edlus: als\u00f3 hajtogat\u00e1s, k\u00f6tegcsomagol\u00e1s, h\u0151szigetel\u00e9s<\/p>\n<p><img decoding=\"async\" class=\"alignnone wp-image-2700\" src=\"https:\/\/cormac.eu\/wp-content\/uploads\/2022\/04\/sample-4.jpg\" alt=\"\" width=\"135\" height=\"98\" \/><img decoding=\"async\" class=\"alignnone wp-image-2701\" src=\"https:\/\/cormac.eu\/wp-content\/uploads\/2022\/04\/sample-5.jpg\" alt=\"\" width=\"85\" height=\"107\" \/><img decoding=\"async\" class=\"alignnone size-full wp-image-2728\" src=\"https:\/\/cormac.eu\/wp-content\/uploads\/2022\/04\/style-Knipsel.jpg\" alt=\"\" width=\"148\" height=\"104\" \/><\/p>\n<p>Teljes\u00edtm\u00e9nytartom\u00e1ny: ak\u00e1r 200 darab\/perc (RZ t\u00edpus) vagy 230 darab\/perc (RZ II t\u00edpus) a term\u00e9k jellemz\u0151it\u0151l \u00e9s az adagol\u00e1si m\u00f3dt\u00f3l f\u00fcgg\u0151en.<\/p>\n<table>\n<tbody>\n<tr>\n<td width=\"293\">\n<p style=\"text-align: center\"><strong>Jellemz\u0151k (n\u00e9h\u00e1ny opcion\u00e1lis)<\/strong><\/p>\n<\/td>\n<td width=\"293\">\n<p style=\"text-align: center\"><strong>El\u0151ny\u00f6k<\/strong><\/p>\n<\/td>\n<\/tr>\n<tr>\n<td width=\"293\">Regisztervez\u00e9rl\u0151 fej<\/td>\n<td width=\"293\">\n<ul>\n<li>Az \u00f6sszes g\u00e9pfunkci\u00f3 teljes ellen\u0151rz\u00e9se<\/li>\n<\/ul>\n<\/td>\n<\/tr>\n<tr>\n<td width=\"293\">Z\u00e1rt sebess\u00e9gv\u00e1lt\u00f3 k\u00f6zponti ken\u00e9si rendszerrel \u00e9s \u00e1lland\u00f3 olajsz\u0171r\u00e9ssel<\/td>\n<td width=\"293\">\n<ul>\n<li>Az olajszennyez\u00e9s megel\u0151z\u00e9se, alacsony karbantart\u00e1si ig\u00e9ny<\/li>\n<\/ul>\n<\/td>\n<\/tr>\n<tr>\n<td width=\"293\">Fokozatmentesen szab\u00e1lyozhat\u00f3 fordulatsz\u00e1m-szab\u00e1lyoz\u00e1s frekvenciav\u00e1lt\u00f3val<\/td>\n<td width=\"293\">\n<ul>\n<li>T\u00f6k\u00e9letes sebess\u00e9gszab\u00e1lyoz\u00e1s<\/li>\n<\/ul>\n<\/td>\n<\/tr>\n<tr>\n<td width=\"293\">Ki\u00fcr\u00edt\u00e9si sz\u00e1ll\u00edt\u00e1s<\/td>\n<td width=\"293\">\n<ul>\n<li>Ellen\u0151rz\u00f6tt term\u00e9kkibocs\u00e1t\u00e1s<\/li>\n<\/ul>\n<\/td>\n<\/tr>\n<tr>\n<td width=\"293\">Adagol\u00f3szalag \u00e9s automatikus adagol\u00f3rendszerek<\/td>\n<td width=\"293\">\n<ul>\n<li>Nagyobb hat\u00e9konys\u00e1g<\/li>\n<\/ul>\n<\/td>\n<\/tr>\n<tr>\n<td width=\"293\">Fotocella spot vez\u00e9rl\u00e9s<\/td>\n<td width=\"293\">\n<ul>\n<li>Nyomtat\u00e1si poz\u00edcion\u00e1l\u00e1s vez\u00e9rl\u00e9se<\/li>\n<\/ul>\n<\/td>\n<\/tr>\n<tr>\n<td width=\"293\">Darab- \u00e9s tapint\u00e1ssz\u00e1ml\u00e1l\u00f3<\/td>\n<td width=\"293\">\n<ul>\n<li>A term\u00e9k pontos m\u00e9r\u00e9se<\/li>\n<\/ul>\n<\/td>\n<\/tr>\n<tr>\n<td width=\"293\">Form\u00e1tum alkatr\u00e9szek , adagol\u00f3, hajtogat\u00f3 \u00e9s \u00fcr\u00edt\u0151 alkatr\u00e9szek k\u00f6nnyen hozz\u00e1f\u00e9rhet\u0151ek<\/td>\n<td width=\"293\">\n<ul>\n<li>Gyors \u00e1t\u00e1ll\u00e1s<\/li>\n<li>K\u00f6nny\u0171 karbantart\u00e1s<\/li>\n<\/ul>\n<\/td>\n<\/tr>\n<tr>\n<td width=\"293\">A f\u00f3lia adagol\u00e1s automatikus le\u00e1ll\u00edt\u00e1sa<\/td>\n<td width=\"293\">\n<ul>\n<li>Nincs term\u00e9k - nincs csomagol\u00e1s<\/li>\n<li>Megakad\u00e1lyozza a f\u00f3lia elakad\u00e1s\u00e1t<\/li>\n<\/ul>\n<\/td>\n<\/tr>\n<tr>\n<td width=\"293\">M\u00e1sodik f\u00f3lia letekercsel\u0151 eszk\u00f6z<\/td>\n<td width=\"293\">\n<ul>\n<li>Bels\u0151 \u00e9s k\u00fcls\u0151 csomagol\u00f3anyag alkalmaz\u00e1sa<\/li>\n<\/ul>\n<\/td>\n<\/tr>\n<tr>\n<td width=\"293\">\u00d6sszek\u00f6t\u0151 egys\u00e9g<\/td>\n<td width=\"293\">\n<ul>\n<li>Automatikus ors\u00f3csere a nagyobb hat\u00e9konys\u00e1g \u00e9rdek\u00e9ben<\/li>\n<\/ul>\n<\/td>\n<\/tr>\n<tr>\n<td width=\"293\">C\u00edmk\u00e9z\u0151 eszk\u00f6z<\/td>\n<td width=\"293\">\n<ul>\n<li>R\u00e9szletesebb term\u00e9kinform\u00e1ci\u00f3k<\/li>\n<\/ul>\n<\/td>\n<\/tr>\n<tr>\n<td width=\"293\">Vez\u00e9rl\u0151szekr\u00e9ny SPS-szel<\/td>\n<td width=\"293\">\n<ul>\n<li>Kiv\u00e1l\u00f3 k\u00f6zponti g\u00e9pvez\u00e9rl\u00e9s<\/li>\n<\/ul>\n<\/td>\n<\/tr>\n<\/tbody>\n<\/table>\n<p>&nbsp;<\/p>\n<table>\n<tbody>\n<tr>\n<td colspan=\"4\" width=\"585\">\n<p style=\"text-align: center\">A term\u00e9k m\u00e9retei<\/p>\n<\/td>\n<\/tr>\n<tr>\n<td width=\"146\">\n<p style=\"text-align: center\">Hossz\u00fas\u00e1g<\/p>\n<\/td>\n<td style=\"text-align: center\" width=\"146\">Sz\u00e9less\u00e9g<\/td>\n<td style=\"text-align: center\" width=\"146\">Magass\u00e1g<\/td>\n<td style=\"text-align: center\" width=\"146\">\u00c1tm\u00e9r\u0151<\/td>\n<\/tr>\n<tr>\n<td style=\"text-align: center\" width=\"146\">20- 55 mm<\/td>\n<td style=\"text-align: center\" width=\"146\">15 - 35 mm<\/td>\n<td style=\"text-align: center\" width=\"146\">5 - 30 mm<\/td>\n<td width=\"146\">\n<p style=\"text-align: center\">20 - 40 mm<\/p>\n<\/td>\n<\/tr>\n<\/tbody>\n<\/table>\n<table>\n<tbody>\n<tr>\n<td colspan=\"4\" width=\"585\">\n<p style=\"text-align: center\">Csomagol\u00f3anyag m\u00e9retei<\/p>\n<\/td>\n<\/tr>\n<tr>\n<td width=\"146\">\n<p style=\"text-align: center\">Sz\u00e9less\u00e9g<\/p>\n<\/td>\n<td style=\"text-align: center\" width=\"146\">Lev\u00e1gott hossz<\/td>\n<td style=\"text-align: center\" width=\"146\">Ors\u00f3 \u00d8<\/td>\n<td style=\"text-align: center\" width=\"146\">Mag \u00d8<\/td>\n<\/tr>\n<tr>\n<td style=\"text-align: center\" width=\"146\">40-120 mm<\/td>\n<td style=\"text-align: center\" width=\"146\">40-120 mm<\/td>\n<td style=\"text-align: center\" width=\"146\">250 mm<\/td>\n<td width=\"146\">\n<p style=\"text-align: center\">35-78 mm<\/p>\n<\/td>\n<\/tr>\n<\/tbody>\n<\/table>","protected":false},"excerpt":{"rendered":"<p>Csomagol\u00f3g\u00e9p kism\u00e9ret\u0171, lapos alj\u00fa, form\u00e1zott vagy burkolt csokol\u00e1d\u00e9\u00e1rukhoz<\/p>","protected":false},"featured_media":2737,"comment_status":"open","ping_status":"closed","template":"","meta":{"uix_meta_title":"","uix_meta_description":"","uix_canonical_url":""},"product_brand":[],"product_cat":[105],"product_tag":[],"class_list":{"0":"post-2740","1":"product","2":"type-product","3":"status-publish","4":"has-post-thumbnail","6":"product_cat-packaging","8":"first","9":"instock","10":"shipping-taxable","11":"product-type-simple"},"_links":{"self":[{"href":"https:\/\/cormac.eu\/hu\/wp-json\/wp\/v2\/product\/2740","targetHints":{"allow":["GET"]}}],"collection":[{"href":"https:\/\/cormac.eu\/hu\/wp-json\/wp\/v2\/product"}],"about":[{"href":"https:\/\/cormac.eu\/hu\/wp-json\/wp\/v2\/types\/product"}],"replies":[{"embeddable":true,"href":"https:\/\/cormac.eu\/hu\/wp-json\/wp\/v2\/comments?post=2740"}],"wp:featuredmedia":[{"embeddable":true,"href":"https:\/\/cormac.eu\/hu\/wp-json\/wp\/v2\/media\/2737"}],"wp:attachment":[{"href":"https:\/\/cormac.eu\/hu\/wp-json\/wp\/v2\/media?parent=2740"}],"wp:term":[{"taxonomy":"product_brand","embeddable":true,"href":"https:\/\/cormac.eu\/hu\/wp-json\/wp\/v2\/product_brand?post=2740"},{"taxonomy":"product_cat","embeddable":true,"href":"https:\/\/cormac.eu\/hu\/wp-json\/wp\/v2\/product_cat?post=2740"},{"taxonomy":"product_tag","embeddable":true,"href":"https:\/\/cormac.eu\/hu\/wp-json\/wp\/v2\/product_tag?post=2740"}],"curies":[{"name":"wp","href":"https:\/\/api.w.org\/{rel}","templated":true}]}}