{"id":2734,"date":"2022-04-21T20:24:05","date_gmt":"2022-04-21T18:24:05","guid":{"rendered":"https:\/\/cormac.eu\/?post_type=product&#038;p=2734"},"modified":"2022-06-20T12:06:20","modified_gmt":"2022-06-20T10:06:20","slug":"ru-univerzalis-csomagologep","status":"publish","type":"product","link":"https:\/\/cormac.eu\/hu\/product\/ru-universal-wrapping-machine\/","title":{"rendered":"Univerz\u00e1lis csomagol\u00f3g\u00e9p RU"},"content":{"rendered":"<p>Univerz\u00e1lis csomagol\u00f3g\u00e9p a term\u00e9kek sz\u00e9les sk\u00e1l\u00e1j\u00e1hoz, p\u00e9ld\u00e1ul lapos alj\u00fa term\u00e9kekhez, toj\u00e1sokhoz, goly\u00f3khoz, hord\u00f3khoz, \u00fcreges figur\u00e1khoz, lapos alj\u00fa csokol\u00e1d\u00e9 nyal\u00f3k\u00e1khoz, kis szeletekhez, tr\u00fcffelekhez stb., k\u00fcl\u00f6nf\u00e9le csomagol\u00e1si st\u00edlusokban. K\u00edv\u00e1ns\u00e1gra ez a g\u00e9p c\u00edmk\u00e9z\u0151 k\u00e9sz\u00fcl\u00e9kkel is felszerelhet\u0151.  Kapacit\u00e1startom\u00e1ny: Percenk\u00e9nt ak\u00e1r 120 darabig. T\u00f6meg kb. 1400 kg; teljes\u00edtm\u00e9ny 3kVA;<\/p>\n<p><strong>Csomagol\u00e1si st\u00edlus<\/strong>: csokorcsomagol\u00e1s, dupla csavar\u00e1s, c\u00edmk\u00e9z\u00e9s, h\u0151pecs\u00e9tel\u00e9s, banderole, el\u00fcls\u0151 hajtogat\u00e1s, el\u00fcls\u0151 hajtogat\u00e1s sim\u00edt\u00f3 eszk\u00f6zzel, h\u00e1ts\u00f3 varr\u00e1s, figura f\u00f3li\u00e1z\u00e1s, eserny\u0151 h\u0151pecs\u00e9telve, figura f\u00f3li\u00e1z\u00e1s h\u0151pecs\u00e9telve, csavart zsin\u00f3r, zsin\u00f3r ragaszt\u00f3szalaggal, bor\u00edt\u00e9kcsomagol\u00e1s, dupla vagy egyszeres csavar\u00e1s, banderole stb.<\/p>\n<p><img fetchpriority=\"high\" decoding=\"async\" class=\"alignnone wp-image-2732\" src=\"https:\/\/cormac.eu\/wp-content\/uploads\/2022\/04\/Products-Knipsel-300x157.jpg\" alt=\"\" width=\"334\" height=\"176\" srcset=\"https:\/\/cormac.eu\/wp-content\/uploads\/2022\/04\/Products-Knipsel-300x157.jpg 300w, https:\/\/cormac.eu\/wp-content\/uploads\/2022\/04\/Products-Knipsel.jpg 414w\" sizes=\"(max-width: 334px) 100vw, 334px\" \/><\/p>\n<p>&nbsp;<\/p>\n<table>\n<tbody>\n<tr>\n<td width=\"293\"><strong>Jellemz\u0151k (n\u00e9h\u00e1ny opcion\u00e1lis)<\/strong><\/td>\n<td width=\"293\"><strong>El\u0151ny\u00f6k<\/strong><\/td>\n<\/tr>\n<tr>\n<td width=\"293\">Regisztervez\u00e9rl\u0151 fej<\/td>\n<td width=\"293\">\n<ul>\n<li>A g\u00e9pfunkci\u00f3k teljes k\u00f6r\u0171 ellen\u0151rz\u00e9se<\/li>\n<\/ul>\n<\/td>\n<\/tr>\n<tr>\n<td width=\"293\">Z\u00e1rt sebess\u00e9gv\u00e1lt\u00f3 k\u00f6zponti ken\u00e9si rendszerrel \u00e9s \u00e1lland\u00f3 olajsz\u0171r\u00e9ssel<\/td>\n<td width=\"293\">\n<ul>\n<li>Az olajszennyez\u00e9s megel\u0151z\u00e9se<\/li>\n<li>alacsony karbantart\u00e1si ig\u00e9ny<\/li>\n<\/ul>\n<\/td>\n<\/tr>\n<tr>\n<td width=\"293\">Fokozatmentesen szab\u00e1lyozhat\u00f3 fordulatsz\u00e1m-szab\u00e1lyoz\u00e1s frekvenciav\u00e1lt\u00f3val<\/td>\n<td width=\"293\">\n<ul>\n<li>T\u00f6k\u00e9letes sebess\u00e9gszab\u00e1lyoz\u00e1s<\/li>\n<\/ul>\n<\/td>\n<\/tr>\n<tr>\n<td width=\"293\">Ki\u00fcr\u00edt\u00e9si sz\u00e1ll\u00edt\u00e1s<\/td>\n<td width=\"293\">\n<ul>\n<li>Ellen\u0151rz\u00f6tt term\u00e9kkibocs\u00e1t\u00e1s<\/li>\n<\/ul>\n<\/td>\n<\/tr>\n<tr>\n<td width=\"293\">Adagol\u00f3szalag \u00e9s automatikus adagol\u00f3rendszerek<\/td>\n<td width=\"293\">\n<ul>\n<li>Nagyobb hat\u00e9konys\u00e1g<\/li>\n<\/ul>\n<\/td>\n<\/tr>\n<tr>\n<td width=\"293\">Fotocella spot vez\u00e9rl\u00e9s<\/td>\n<td width=\"293\">\n<ul>\n<li>Nyomtat\u00e1si poz\u00edcion\u00e1l\u00e1s vez\u00e9rl\u00e9se<\/li>\n<\/ul>\n<\/td>\n<\/tr>\n<tr>\n<td width=\"293\">Darab- \u00e9s tapint\u00e1ssz\u00e1ml\u00e1l\u00f3<\/td>\n<td width=\"293\">\n<ul>\n<li>A term\u00e9k pontos m\u00e9r\u00e9se<\/li>\n<\/ul>\n<\/td>\n<\/tr>\n<tr>\n<td width=\"293\">Form\u00e1tum alkatr\u00e9szek , adagol\u00f3, hajtogat\u00f3 \u00e9s \u00fcr\u00edt\u0151 alkatr\u00e9szek k\u00f6nnyen hozz\u00e1f\u00e9rhet\u0151ek<\/td>\n<td width=\"293\">\n<ul>\n<li>Gyors \u00e1t\u00e1ll\u00e1s<\/li>\n<li>K\u00f6nny\u0171 karbantart\u00e1s<\/li>\n<\/ul>\n<\/td>\n<\/tr>\n<tr>\n<td width=\"293\">A f\u00f3lia adagol\u00e1s automatikus le\u00e1ll\u00edt\u00e1sa<\/td>\n<td width=\"293\">\n<ul>\n<li>Nincs term\u00e9k - nincs csomagol\u00e1s<\/li>\n<li>Megakad\u00e1lyozza a f\u00f3lia elakad\u00e1s\u00e1t<\/li>\n<\/ul>\n<\/td>\n<\/tr>\n<tr>\n<td width=\"293\">M\u00e1sodik f\u00f3lia letekercsel\u0151 eszk\u00f6z<\/td>\n<td width=\"293\">\n<ul>\n<li>Bels\u0151 \u00e9s k\u00fcls\u0151 csomagol\u00f3anyag alkalmaz\u00e1sa<\/li>\n<\/ul>\n<\/td>\n<\/tr>\n<tr>\n<td width=\"293\">\u00d6sszek\u00f6t\u0151 egys\u00e9g<\/td>\n<td width=\"293\">\n<ul>\n<li>Automatikus ors\u00f3csere a nagyobb hat\u00e9konys\u00e1g \u00e9rdek\u00e9ben<\/li>\n<\/ul>\n<\/td>\n<\/tr>\n<tr>\n<td width=\"293\">Vez\u00e9rl\u0151szekr\u00e9ny SPS-szel<\/td>\n<td width=\"293\">\n<ul>\n<li>Kiv\u00e1l\u00f3 k\u00f6zponti g\u00e9pvez\u00e9rl\u00e9s<\/li>\n<\/ul>\n<\/td>\n<\/tr>\n<\/tbody>\n<\/table>\n<p>&nbsp;<\/p>\n<table>\n<tbody>\n<tr>\n<td colspan=\"4\" width=\"585\">\n<p style=\"text-align: center\"><strong>Csomagol\u00f3anyag m\u00e9retei<\/strong><\/p>\n<\/td>\n<\/tr>\n<tr>\n<td width=\"146\">\n<p style=\"text-align: center\">Sz\u00e9less\u00e9g<\/p>\n<\/td>\n<td style=\"text-align: center\" width=\"146\">Lev\u00e1gott hossz<\/td>\n<td style=\"text-align: center\" width=\"146\">Ors\u00f3 \u00d8<\/td>\n<td width=\"146\">\n<p style=\"text-align: center\">Mag \u00d8<\/p>\n<\/td>\n<\/tr>\n<tr>\n<td style=\"text-align: center\" width=\"146\">40-100 mm<\/td>\n<td style=\"text-align: center\" width=\"146\">40-100 mm<\/td>\n<td style=\"text-align: center\" width=\"146\">250 mm<\/td>\n<td width=\"146\">\n<p style=\"text-align: center\">35-78 mm<\/p>\n<\/td>\n<\/tr>\n<\/tbody>\n<\/table>\n<p>&nbsp;<\/p>\n<p>&nbsp;<\/p>","protected":false},"excerpt":{"rendered":"<p>Univerz\u00e1lis csomagol\u00f3g\u00e9p csokol\u00e1d\u00e9 \u00e9s egyes p\u00e9k\u00e1ruk sz\u00e9les v\u00e1laszt\u00e9k\u00e1hoz<\/p>","protected":false},"featured_media":2733,"comment_status":"open","ping_status":"closed","template":"","meta":{"uix_meta_title":"","uix_meta_description":"","uix_canonical_url":""},"product_brand":[],"product_cat":[105],"product_tag":[],"class_list":{"0":"post-2734","1":"product","2":"type-product","3":"status-publish","4":"has-post-thumbnail","6":"product_cat-packaging","8":"first","9":"instock","10":"shipping-taxable","11":"product-type-simple"},"_links":{"self":[{"href":"https:\/\/cormac.eu\/hu\/wp-json\/wp\/v2\/product\/2734","targetHints":{"allow":["GET"]}}],"collection":[{"href":"https:\/\/cormac.eu\/hu\/wp-json\/wp\/v2\/product"}],"about":[{"href":"https:\/\/cormac.eu\/hu\/wp-json\/wp\/v2\/types\/product"}],"replies":[{"embeddable":true,"href":"https:\/\/cormac.eu\/hu\/wp-json\/wp\/v2\/comments?post=2734"}],"wp:featuredmedia":[{"embeddable":true,"href":"https:\/\/cormac.eu\/hu\/wp-json\/wp\/v2\/media\/2733"}],"wp:attachment":[{"href":"https:\/\/cormac.eu\/hu\/wp-json\/wp\/v2\/media?parent=2734"}],"wp:term":[{"taxonomy":"product_brand","embeddable":true,"href":"https:\/\/cormac.eu\/hu\/wp-json\/wp\/v2\/product_brand?post=2734"},{"taxonomy":"product_cat","embeddable":true,"href":"https:\/\/cormac.eu\/hu\/wp-json\/wp\/v2\/product_cat?post=2734"},{"taxonomy":"product_tag","embeddable":true,"href":"https:\/\/cormac.eu\/hu\/wp-json\/wp\/v2\/product_tag?post=2734"}],"curies":[{"name":"wp","href":"https:\/\/api.w.org\/{rel}","templated":true}]}}