{"id":2731,"date":"2022-04-21T19:31:59","date_gmt":"2022-04-21T17:31:59","guid":{"rendered":"https:\/\/cormac.eu\/?post_type=product&#038;p=2731"},"modified":"2022-04-21T22:37:42","modified_gmt":"2022-04-21T20:37:42","slug":"rl-csokolade-nyaloka-csomagolas","status":"publish","type":"product","link":"https:\/\/cormac.eu\/hu\/product\/rl-chocolate-lolly-wrapper\/","title":{"rendered":"Csokol\u00e1d\u00e9 nyal\u00f3ka csomagol\u00e1s RL"},"content":{"rendered":"<p>Nagy teljes\u00edtm\u00e9ny\u0171 csomagol\u00f3g\u00e9p lapos alj\u00fa csokol\u00e1d\u00e9 nyal\u00f3k\u00e1k csomagol\u00e1s\u00e1ra. Nincs sz\u00fcks\u00e9g lez\u00e1r\u00f3 klipszre! A nyal\u00f3k\u00e1kat az RL g\u00e9p \u00e1ltal kialak\u00edtott \u00e1tl\u00e1tsz\u00f3 zacsk\u00f3ba nyomja, \u00e9s a p\u00e1lca k\u00f6r\u00e9 z\u00e1rja.;Csomagol\u00f3anyag : k\u00e9toldalas h\u0151re z\u00e1rhat\u00f3 f\u00f3lia; Kapacit\u00e1si tartom\u00e1ny: A g\u00e9p s\u00falya kb. 1300 KG ; Teljes\u00edtm\u00e9ny 4,5 kVA;<br \/>\nCsomagol\u00e1si st\u00edlus: nyal\u00f3kaf\u00f3lia + h\u0151szigetel\u00e9s<\/p>\n<p><img decoding=\"async\" class=\"alignnone wp-image-2730\" src=\"https:\/\/cormac.eu\/wp-content\/uploads\/2022\/04\/wrap-style-Knipsel.jpg\" alt=\"\" width=\"73\" height=\"164\" \/><\/p>\n<table>\n<tbody>\n<tr>\n<td colspan=\"4\" width=\"585\">\n<p style=\"text-align: center\"><strong>A term\u00e9k m\u00e9retei<\/strong><\/p>\n<\/td>\n<\/tr>\n<tr>\n<td width=\"146\">\n<p style=\"text-align: center\">Magass\u00e1g<\/p>\n<\/td>\n<td style=\"text-align: center\" width=\"146\">Hossz\u00fas\u00e1g bottal egy\u00fctt<\/td>\n<td style=\"text-align: center\" width=\"146\">Hossz\u00fas\u00e1g bot n\u00e9lk\u00fcl<\/td>\n<td style=\"text-align: center\" width=\"146\">Sz\u00e9less\u00e9g<\/td>\n<\/tr>\n<tr>\n<td style=\"text-align: center\" width=\"146\">15 mm<\/td>\n<td style=\"text-align: center\" width=\"146\">160 mm<\/td>\n<td style=\"text-align: center\" width=\"146\">65 mm<\/td>\n<td width=\"146\">\n<p style=\"text-align: center\">45 mm<\/p>\n<\/td>\n<\/tr>\n<\/tbody>\n<\/table>\n<p>&nbsp;<\/p>\n<table style=\"height: 641px\" width=\"610\">\n<tbody>\n<tr>\n<td width=\"366\">\n<p style=\"text-align: center\"><strong>Jellemz\u0151k<\/strong><\/p>\n<\/td>\n<td width=\"219\">\n<p style=\"text-align: center\"><strong>El\u0151ny\u00f6k<\/strong><\/p>\n<\/td>\n<\/tr>\n<tr>\n<td width=\"366\">K\u00e9zi bet\u00e1pl\u00e1l\u00e1s a folyamatosan fut\u00f3 l\u00e1ncba<\/td>\n<td width=\"219\">\n<ul>\n<li>Nagy sebess\u00e9g\u0171 adagol\u00e1s<\/li>\n<\/ul>\n<p>&nbsp;<\/td>\n<\/tr>\n<tr>\n<td width=\"366\">Regisztervez\u00e9rl\u0151 fej<\/td>\n<td width=\"219\">\n<ul>\n<li>Nyomtat\u00e1svez\u00e9rl\u00e9s<\/li>\n<\/ul>\n<\/td>\n<\/tr>\n<tr>\n<td width=\"366\">Z\u00e1rt sebess\u00e9gv\u00e1lt\u00f3 k\u00f6zponti ken\u00e9si rendszerrel<\/td>\n<td width=\"219\">\n<ul>\n<li>Alacsony karbantart\u00e1si ig\u00e9ny<\/li>\n<\/ul>\n<\/td>\n<\/tr>\n<tr>\n<td width=\"366\">Fokozatmentesen szab\u00e1lyozhat\u00f3 fordulatsz\u00e1m-szab\u00e1lyoz\u00e1s frekvenciav\u00e1lt\u00f3val<\/td>\n<td width=\"219\">\n<ul>\n<li>T\u00f6k\u00e9letes sebess\u00e9gszab\u00e1lyoz\u00e1s<\/li>\n<\/ul>\n<p>&nbsp;<\/td>\n<\/tr>\n<tr>\n<td width=\"366\">A f\u00f3lia adagol\u00e1s automatikus le\u00e1ll\u00edt\u00e1sa<\/td>\n<td width=\"219\">\n<ul>\n<li>Nincs term\u00e9k - nincs csomagol\u00e1s<\/li>\n<li>megakad\u00e1lyozza a f\u00f3lia elakad\u00e1s\u00e1t<\/li>\n<\/ul>\n<\/td>\n<\/tr>\n<tr>\n<td width=\"366\">\u00d6sszek\u00f6t\u0151 egys\u00e9g<\/td>\n<td width=\"219\">\n<ul>\n<li>Fokozott hat\u00e9konys\u00e1g<\/li>\n<\/ul>\n<\/td>\n<\/tr>\n<tr>\n<td width=\"366\">Vez\u00e9rl\u0151szekr\u00e9ny SPS-szel<\/td>\n<td width=\"219\">\n<ul>\n<li>Kiv\u00e1l\u00f3 g\u00e9pvez\u00e9rl\u00e9s<\/li>\n<\/ul>\n<\/td>\n<\/tr>\n<tr>\n<td width=\"366\">Term\u00e9k- \u00e9s ciklussz\u00e1ml\u00e1l\u00f3<\/td>\n<td width=\"219\">\n<ul>\n<li>Kimeneti vez\u00e9rl\u00e9s<\/li>\n<\/ul>\n<\/td>\n<\/tr>\n<\/tbody>\n<\/table>","protected":false},"excerpt":{"rendered":"<p>Nagy teljes\u00edtm\u00e9ny\u0171 csomagol\u00f3g\u00e9p lapos alj\u00fa csokol\u00e1d\u00e9 nyal\u00f3k\u00e1k csomagol\u00e1s\u00e1ra.<\/p>","protected":false},"featured_media":2729,"comment_status":"open","ping_status":"closed","template":"","meta":{"uix_meta_title":"","uix_meta_description":"","uix_canonical_url":""},"product_brand":[],"product_cat":[105],"product_tag":[],"class_list":{"0":"post-2731","1":"product","2":"type-product","3":"status-publish","4":"has-post-thumbnail","6":"product_cat-packaging","8":"first","9":"instock","10":"shipping-taxable","11":"product-type-simple"},"_links":{"self":[{"href":"https:\/\/cormac.eu\/hu\/wp-json\/wp\/v2\/product\/2731","targetHints":{"allow":["GET"]}}],"collection":[{"href":"https:\/\/cormac.eu\/hu\/wp-json\/wp\/v2\/product"}],"about":[{"href":"https:\/\/cormac.eu\/hu\/wp-json\/wp\/v2\/types\/product"}],"replies":[{"embeddable":true,"href":"https:\/\/cormac.eu\/hu\/wp-json\/wp\/v2\/comments?post=2731"}],"wp:featuredmedia":[{"embeddable":true,"href":"https:\/\/cormac.eu\/hu\/wp-json\/wp\/v2\/media\/2729"}],"wp:attachment":[{"href":"https:\/\/cormac.eu\/hu\/wp-json\/wp\/v2\/media?parent=2731"}],"wp:term":[{"taxonomy":"product_brand","embeddable":true,"href":"https:\/\/cormac.eu\/hu\/wp-json\/wp\/v2\/product_brand?post=2731"},{"taxonomy":"product_cat","embeddable":true,"href":"https:\/\/cormac.eu\/hu\/wp-json\/wp\/v2\/product_cat?post=2731"},{"taxonomy":"product_tag","embeddable":true,"href":"https:\/\/cormac.eu\/hu\/wp-json\/wp\/v2\/product_tag?post=2731"}],"curies":[{"name":"wp","href":"https:\/\/api.w.org\/{rel}","templated":true}]}}