{"id":2727,"date":"2022-04-21T19:02:27","date_gmt":"2022-04-21T17:02:27","guid":{"rendered":"https:\/\/cormac.eu\/?post_type=product&#038;p=2727"},"modified":"2022-04-21T22:38:40","modified_gmt":"2022-04-21T20:38:40","slug":"rks-csomagologep","status":"publish","type":"product","link":"https:\/\/cormac.eu\/hu\/product\/rks-wrapping-machine\/","title":{"rendered":"RKS ll csomagol\u00f3g\u00e9p"},"content":{"rendered":"<p><span lang=\"EN-US\">Nagy sebess\u00e9g\u0171 csomagol\u00f3g\u00e9p lapos alj\u00fa term\u00e9kek csomagol\u00e1s\u00e1ra, als\u00f3 hajtogat\u00e1ssal t\u00f6rt\u00e9n\u0151 csomagol\u00e1sra, SV 4 adagol\u00f3val ell\u00e1tott adagol\u00f3rendszerrel. A g\u00e9p opcion\u00e1lisan automatikus adagol\u00f3rendszerrel is felszerelhet\u0151. Kapacit\u00e1startom\u00e1ny: Percenk\u00e9nt ak\u00e1r 400 darabig; Alkalmaz\u00e1s: Lapos alj\u00fa term\u00e9kek csom\u00f3ba f\u00f3li\u00e1z\u00e1sa, h\u0151pecs\u00e9tel\u00e9s.\u00a0<\/span><\/p>\n<p><img decoding=\"async\" class=\"alignnone wp-image-2700\" src=\"https:\/\/cormac.eu\/wp-content\/uploads\/2022\/04\/sample-4.jpg\" alt=\"\" width=\"132\" height=\"95\" \/><img decoding=\"async\" class=\"alignnone wp-image-2701\" src=\"https:\/\/cormac.eu\/wp-content\/uploads\/2022\/04\/sample-5.jpg\" alt=\"\" width=\"99\" height=\"125\" \/><img decoding=\"async\" class=\"alignnone wp-image-2728\" src=\"https:\/\/cormac.eu\/wp-content\/uploads\/2022\/04\/style-Knipsel.jpg\" alt=\"\" width=\"128\" height=\"91\" \/><\/p>\n<table>\n<tbody>\n<tr>\n<td colspan=\"4\" width=\"585\"><strong>Csomagol\u00f3anyagok m\u00e9retei<\/strong><\/td>\n<\/tr>\n<tr>\n<td width=\"146\">\n<p style=\"text-align: center\"><strong>Sz\u00e9less\u00e9g<\/strong><\/p>\n<\/td>\n<td style=\"text-align: center\" width=\"146\"><strong>Lev\u00e1gott hossz<\/strong><\/td>\n<td style=\"text-align: center\" width=\"146\"><strong>Reel <\/strong><strong>\u00d8<\/strong><\/td>\n<td style=\"text-align: center\" width=\"146\"><strong>Core <\/strong><strong>\u00d8<\/strong><\/td>\n<\/tr>\n<tr>\n<td style=\"text-align: center\" width=\"146\">40 - 100 mm<\/td>\n<td style=\"text-align: center\" width=\"146\">40 -100 mm<\/td>\n<td style=\"text-align: center\" width=\"146\">250 mm<\/td>\n<td width=\"146\">\n<p style=\"text-align: center\">35 - 78 mm<\/p>\n<\/td>\n<\/tr>\n<\/tbody>\n<\/table>\n<p>&nbsp;<\/p>\n<table style=\"height: 1081px\" width=\"612\">\n<tbody>\n<tr>\n<td width=\"293\">\n<p style=\"text-align: center\"><strong>Jellemz\u0151k (n\u00e9h\u00e1ny opcion\u00e1lis)<\/strong><\/p>\n<\/td>\n<td width=\"293\">\n<p style=\"text-align: center\"><strong>El\u0151ny\u00f6k<\/strong><\/p>\n<\/td>\n<\/tr>\n<tr>\n<td width=\"293\">Regisztervez\u00e9rl\u0151 fej<\/td>\n<td width=\"293\">\n<ul>\n<li>A g\u00e9p \u00f6sszes funkci\u00f3j\u00e1nak vez\u00e9rl\u00e9se<\/li>\n<\/ul>\n<\/td>\n<\/tr>\n<tr>\n<td width=\"293\">Z\u00e1rt sebess\u00e9gv\u00e1lt\u00f3, k\u00f6zpontos\u00edtott ken\u00e9si rendszer, \u00e1lland\u00f3 olajsz\u0171r\u00e9s<\/td>\n<td width=\"293\">\n<ul>\n<li>Az olajszennyez\u00e9s megel\u0151z\u00e9se, alacsony karbantart\u00e1si ig\u00e9ny<\/li>\n<\/ul>\n<\/td>\n<\/tr>\n<tr>\n<td width=\"293\">Fokozatmentesen szab\u00e1lyozhat\u00f3 fordulatsz\u00e1m-szab\u00e1lyoz\u00e1s frekvenciav\u00e1lt\u00f3val<\/td>\n<td width=\"293\">\n<ul>\n<li>T\u00f6k\u00e9letes sebess\u00e9gszab\u00e1lyoz\u00e1s<\/li>\n<\/ul>\n<p>&nbsp;<\/td>\n<\/tr>\n<tr>\n<td width=\"293\">Hajt\u00f3motor 1,1 kW<\/td>\n<td width=\"293\">\n<ul>\n<li>Sima fut\u00e1s, er\u0151s, megb\u00edzhat\u00f3 meghajt\u00e1s<\/li>\n<\/ul>\n<\/td>\n<\/tr>\n<tr>\n<td width=\"293\">Ki\u00fcr\u00edt\u00e9si sz\u00e1ll\u00edt\u00e1s<\/td>\n<td width=\"293\">\n<ul>\n<li>Ellen\u0151rz\u00f6tt term\u00e9kkibocs\u00e1t\u00e1s<\/li>\n<\/ul>\n<\/td>\n<\/tr>\n<tr>\n<td width=\"293\">Adagol\u00f3szalag \u00e9s automatikus adagol\u00f3rendszerek<\/td>\n<td width=\"293\">\n<ul>\n<li>Nagyobb hat\u00e9konys\u00e1g<\/li>\n<\/ul>\n<p>&nbsp;<\/td>\n<\/tr>\n<tr>\n<td width=\"293\">Fotocella spot vez\u00e9rl\u00e9s<\/td>\n<td width=\"293\">\n<ul>\n<li>Nyomtat\u00e1si poz\u00edcion\u00e1l\u00e1s vez\u00e9rl\u00e9se<\/li>\n<\/ul>\n<\/td>\n<\/tr>\n<tr>\n<td width=\"293\">Darab- \u00e9s tapint\u00e1ssz\u00e1ml\u00e1l\u00f3<\/td>\n<td width=\"293\">\n<ul>\n<li>A term\u00e9k pontos m\u00e9r\u00e9se<\/li>\n<\/ul>\n<\/td>\n<\/tr>\n<tr>\n<td width=\"293\">Form\u00e1tum alkatr\u00e9szek , adagol\u00f3, hajtogat\u00f3 \u00e9s \u00fcr\u00edt\u0151 alkatr\u00e9szek k\u00f6nnyen hozz\u00e1f\u00e9rhet\u0151ek<\/td>\n<td width=\"293\">\n<ul>\n<li>Gyors \u00e1t\u00e1ll\u00e1s<\/li>\n<li>K\u00f6nny\u0171 tiszt\u00edt\u00e1s<\/li>\n<\/ul>\n<\/td>\n<\/tr>\n<tr>\n<td width=\"293\">A f\u00f3lia adagol\u00e1s automatikus le\u00e1ll\u00edt\u00e1sa<\/td>\n<td width=\"293\">\n<ul>\n<li>Nincs term\u00e9k - nincs csomagol\u00e1s<\/li>\n<li>Megakad\u00e1lyozza a f\u00f3lia elakad\u00e1s\u00e1t<\/li>\n<\/ul>\n<\/td>\n<\/tr>\n<tr>\n<td width=\"293\">M\u00e1sodik f\u00f3lia letekercsel\u0151 eszk\u00f6z<\/td>\n<td width=\"293\">\n<ul>\n<li>Bels\u0151 \u00e9s k\u00fcls\u0151 csomagol\u00f3anyag alkalmaz\u00e1sa<\/li>\n<\/ul>\n<\/td>\n<\/tr>\n<tr>\n<td width=\"293\">\u00d6sszek\u00f6t\u0151 egys\u00e9g<\/td>\n<td width=\"293\">\n<ul>\n<li>Automatikus ors\u00f3csere a nagyobb hat\u00e9konys\u00e1g \u00e9rdek\u00e9ben<\/li>\n<\/ul>\n<\/td>\n<\/tr>\n<tr>\n<td width=\"293\">Vez\u00e9rl\u0151szekr\u00e9ny SPS-szel<\/td>\n<td width=\"293\">\n<ul>\n<li>Kiv\u00e1l\u00f3 g\u00e9pvez\u00e9rl\u00e9s<\/li>\n<\/ul>\n<\/td>\n<\/tr>\n<\/tbody>\n<\/table>","protected":false},"excerpt":{"rendered":"<p>Nagy sebess\u00e9g\u0171 csomagol\u00f3g\u00e9p lapos alj\u00fa term\u00e9kekhez.<\/p>","protected":false},"featured_media":2726,"comment_status":"open","ping_status":"closed","template":"","meta":{"uix_meta_title":"","uix_meta_description":"","uix_canonical_url":""},"product_brand":[],"product_cat":[105],"product_tag":[],"class_list":{"0":"post-2727","1":"product","2":"type-product","3":"status-publish","4":"has-post-thumbnail","6":"product_cat-packaging","8":"first","9":"instock","10":"shipping-taxable","11":"product-type-simple"},"_links":{"self":[{"href":"https:\/\/cormac.eu\/hu\/wp-json\/wp\/v2\/product\/2727","targetHints":{"allow":["GET"]}}],"collection":[{"href":"https:\/\/cormac.eu\/hu\/wp-json\/wp\/v2\/product"}],"about":[{"href":"https:\/\/cormac.eu\/hu\/wp-json\/wp\/v2\/types\/product"}],"replies":[{"embeddable":true,"href":"https:\/\/cormac.eu\/hu\/wp-json\/wp\/v2\/comments?post=2727"}],"wp:featuredmedia":[{"embeddable":true,"href":"https:\/\/cormac.eu\/hu\/wp-json\/wp\/v2\/media\/2726"}],"wp:attachment":[{"href":"https:\/\/cormac.eu\/hu\/wp-json\/wp\/v2\/media?parent=2727"}],"wp:term":[{"taxonomy":"product_brand","embeddable":true,"href":"https:\/\/cormac.eu\/hu\/wp-json\/wp\/v2\/product_brand?post=2727"},{"taxonomy":"product_cat","embeddable":true,"href":"https:\/\/cormac.eu\/hu\/wp-json\/wp\/v2\/product_cat?post=2727"},{"taxonomy":"product_tag","embeddable":true,"href":"https:\/\/cormac.eu\/hu\/wp-json\/wp\/v2\/product_tag?post=2727"}],"curies":[{"name":"wp","href":"https:\/\/api.w.org\/{rel}","templated":true}]}}