{"id":2725,"date":"2022-04-21T16:56:38","date_gmt":"2022-04-21T14:56:38","guid":{"rendered":"https:\/\/cormac.eu\/?post_type=product&#038;p=2725"},"modified":"2022-04-21T22:39:30","modified_gmt":"2022-04-21T20:39:30","slug":"rge-csomagologep-2","status":"publish","type":"product","link":"https:\/\/cormac.eu\/hu\/product\/rge-wrapping-machine\/","title":{"rendered":"RGE csomagol\u00f3g\u00e9p"},"content":{"rendered":"<p>Csomagol\u00f3g\u00e9p term\u00e9kek, p\u00e9ld\u00e1ul toj\u00e1sok \u00e9s goly\u00f3k (\u00fcreges vagy t\u00f6lt\u00f6tt) csomagol\u00e1s\u00e1ra el\u00f6lr\u0151l hajtogatott, csavart zsin\u00f3rral \u00e9s dupla csavart csomagol\u00e1ssal. Ez a csokol\u00e1d\u00e9csomagol\u00f3 g\u00e9p percenk\u00e9nt ak\u00e1r 55 darabos sebess\u00e9get is el\u00e9rhet. A standard RGE v\u00e1ltozat legfeljebb 70 mm \u00e1tm\u00e9r\u0151j\u0171 term\u00e9keket k\u00e9pes kezelni. , m\u00edg az RGE-100-as t\u00edpus legfeljebb 100 mm \u00e1tm\u00e9r\u0151j\u0171 term\u00e9keket csomagol. A Rasch RGE g\u00e9pet k\u00e9zi adagol\u00e1ssal vagy automatikus adagol\u00f3rendszerrel lehet felszerelni, amely mag\u00e1ban foglalhat p\u00e9ld\u00e1ul adagol\u00f3szalagokat, igaz\u00edt\u00f3 rendszereket, valamint pick &amp; place robotrendszert. Egyedi form\u00e1tum\u00fa alkatr\u00e9szek is felszerelhet\u0151k, \u00e9s az \u00e1t\u00e1ll\u00edt\u00e1sok nem bonyolultak.<\/p>\n<p>&nbsp;<\/p>\n<table style=\"height: 924px\" width=\"949\">\n<tbody>\n<tr>\n<td width=\"197\"><strong>Jellemz\u0151k<\/strong><\/td>\n<td width=\"197\"><strong>El\u0151ny\u00f6k<\/strong><\/td>\n<\/tr>\n<tr>\n<td>Bet\u00e1pl\u00e1l\u00f3asztal \u00e9s opcion\u00e1lis automatikus adagol\u00f3rendszerek<\/p>\n<p>&nbsp;<\/td>\n<td>\n<ul>\n<li>Nagyobb hat\u00e9konys\u00e1g<\/li>\n<\/ul>\n<\/td>\n<\/tr>\n<tr>\n<td>Regisztervez\u00e9rl\u0151 fej<\/td>\n<td>\n<ul>\n<li>nyomtat\u00e1svez\u00e9rl\u00e9s<\/li>\n<\/ul>\n<\/td>\n<\/tr>\n<tr>\n<td>A f\u00f3lia adagol\u00e1s automatikus le\u00e1ll\u00edt\u00e1sa<\/td>\n<td>\n<ul>\n<li>Nincs term\u00e9k - nincs csomagol\u00e1s<\/li>\n<li>megakad\u00e1lyozza a f\u00f3lia elakad\u00e1s\u00e1t<\/li>\n<\/ul>\n<\/td>\n<\/tr>\n<tr>\n<td>&nbsp;<\/p>\n<p>Fokozatmentesen szab\u00e1lyozhat\u00f3 fordulatsz\u00e1m-szab\u00e1lyoz\u00e1s frekvenciav\u00e1lt\u00f3val<\/td>\n<td>\n<ul>\n<li>T\u00f6k\u00e9letes sebess\u00e9gszab\u00e1lyoz\u00e1s<\/li>\n<\/ul>\n<\/td>\n<\/tr>\n<tr>\n<td>M\u00e1sodik f\u00f3lia letekercsel\u0151 eszk\u00f6z<\/td>\n<td>\n<ul>\n<li>Bels\u0151 \u00e9s k\u00fcls\u0151 csomagol\u00f3anyag alkalmaz\u00e1sa<\/li>\n<\/ul>\n<\/td>\n<\/tr>\n<tr>\n<td>Z\u00e1rt sebess\u00e9gv\u00e1lt\u00f3 k\u00f6zponti ken\u00e9si rendszerrel<\/td>\n<td>\n<ul>\n<li>Alacsony karbantart\u00e1si ig\u00e9ny<\/li>\n<\/ul>\n<\/td>\n<\/tr>\n<tr>\n<td>Opcion\u00e1lis illeszt\u0151egys\u00e9g<\/td>\n<td>\n<ul>\n<li>Automatikus ors\u00f3csere<\/li>\n<li>nagyobb hat\u00e9konys\u00e1g<\/li>\n<\/ul>\n<\/td>\n<\/tr>\n<tr>\n<td>Vez\u00e9rl\u0151szekr\u00e9ny SPS-szel<\/td>\n<td>\n<ul>\n<li>Kiv\u00e1l\u00f3 g\u00e9pvez\u00e9rl\u00e9s<\/li>\n<\/ul>\n<\/td>\n<\/tr>\n<\/tbody>\n<\/table>\n<p>&nbsp;<\/p>","protected":false},"excerpt":{"rendered":"<p>Csokol\u00e1d\u00e9toj\u00e1sok \u00e9s goly\u00f3k csomagol\u00f3g\u00e9pe<\/p>","protected":false},"featured_media":2724,"comment_status":"open","ping_status":"closed","template":"","meta":{"uix_meta_title":"","uix_meta_description":"","uix_canonical_url":""},"product_brand":[],"product_cat":[105],"product_tag":[],"class_list":{"0":"post-2725","1":"product","2":"type-product","3":"status-publish","4":"has-post-thumbnail","6":"product_cat-packaging","8":"first","9":"instock","10":"shipping-taxable","11":"product-type-simple"},"_links":{"self":[{"href":"https:\/\/cormac.eu\/hu\/wp-json\/wp\/v2\/product\/2725","targetHints":{"allow":["GET"]}}],"collection":[{"href":"https:\/\/cormac.eu\/hu\/wp-json\/wp\/v2\/product"}],"about":[{"href":"https:\/\/cormac.eu\/hu\/wp-json\/wp\/v2\/types\/product"}],"replies":[{"embeddable":true,"href":"https:\/\/cormac.eu\/hu\/wp-json\/wp\/v2\/comments?post=2725"}],"wp:featuredmedia":[{"embeddable":true,"href":"https:\/\/cormac.eu\/hu\/wp-json\/wp\/v2\/media\/2724"}],"wp:attachment":[{"href":"https:\/\/cormac.eu\/hu\/wp-json\/wp\/v2\/media?parent=2725"}],"wp:term":[{"taxonomy":"product_brand","embeddable":true,"href":"https:\/\/cormac.eu\/hu\/wp-json\/wp\/v2\/product_brand?post=2725"},{"taxonomy":"product_cat","embeddable":true,"href":"https:\/\/cormac.eu\/hu\/wp-json\/wp\/v2\/product_cat?post=2725"},{"taxonomy":"product_tag","embeddable":true,"href":"https:\/\/cormac.eu\/hu\/wp-json\/wp\/v2\/product_tag?post=2725"}],"curies":[{"name":"wp","href":"https:\/\/api.w.org\/{rel}","templated":true}]}}