{"id":2722,"date":"2022-04-21T15:57:57","date_gmt":"2022-04-21T13:57:57","guid":{"rendered":"https:\/\/cormac.eu\/?post_type=product&#038;p=2722"},"modified":"2022-04-21T16:29:37","modified_gmt":"2022-04-21T14:29:37","slug":"csokolade-pumpa","status":"publish","type":"product","link":"https:\/\/cormac.eu\/hu\/product\/chocolate-pump\/","title":{"rendered":"Csokol\u00e1d\u00e9 pumpa"},"content":{"rendered":"<p>Lassan j\u00e1r\u00f3 t\u00f6megszivatty\u00fak 4 nyom\u00f3val, amelyek alkalmasak csokol\u00e1d\u00e9, kaka\u00f3massza, kaka\u00f3vaj \u00e9s egy\u00e9b zs\u00edros t\u00f6megek \u00e1tvitel\u00e9re.<br \/>\nKapacit\u00e1startom\u00e1ny - 300 kg\/\u00f3ra \u00e9s 20.000 kg\/\u00f3ra k\u00f6z\u00f6tt, 20 m\u00e9teres magass\u00e1gig \u00e9s 100 m\u00e9teres v\u00edzszintes cs\u0151hossz\u00fas\u00e1gig.<br \/>\n2 \u00e9s 3 utas szelepek is rendelkez\u00e9sre \u00e1llnak.<\/p>\n<p>&nbsp;<\/p>\n<table>\n<tbody>\n<tr>\n<td style=\"text-align: center\" width=\"141\"><strong>P1 t\u00edpus<\/strong><\/td>\n<td style=\"text-align: center\" width=\"141\"><strong>P2 t\u00edpus<\/strong><\/td>\n<td style=\"text-align: center\" width=\"141\"><strong>P3 t\u00edpus<\/strong><\/td>\n<td style=\"text-align: center\" width=\"141\"><strong>P4 t\u00edpus<\/strong><\/td>\n<\/tr>\n<tr>\n<td width=\"141\">Ak\u00e1r 1.000 kg\/\u00f3ra<\/td>\n<td width=\"141\">Ak\u00e1r 2.500 kg\/\u00f3ra<\/td>\n<td width=\"141\">Ak\u00e1r 5.000 kg\/\u00f3ra<\/td>\n<td width=\"141\">Ak\u00e1r 20.000 kg\/\u00f3ra<\/td>\n<\/tr>\n<tr>\n<td colspan=\"4\" width=\"563\"><em>A kapacit\u00e1si adatok 10-20 m\u00e9teres cs\u0151hosszon alapulnak.<\/em><\/td>\n<\/tr>\n<\/tbody>\n<\/table>\n<p>&nbsp;<\/p>\n<table width=\"563\">\n<tbody>\n<tr>\n<td width=\"270\"><strong>Jellemz\u0151k<\/strong><\/td>\n<td width=\"292\"><strong>El\u0151ny\u00f6k<\/strong><\/td>\n<\/tr>\n<tr>\n<td>Lassan j\u00e1r\u00f3 szivatty\u00fak 4 nyom\u00f3val<\/td>\n<td>\n<ul>\n<li>A csokol\u00e1d\u00e9 szerkezet\u00e9nek v\u00e9delme<\/li>\n<\/ul>\n<\/td>\n<\/tr>\n<tr>\n<td>Robusztus fel\u00e9p\u00edt\u00e9s \u00e9s er\u0151s meghajt\u00e1s<\/td>\n<td>\n<ul>\n<li>20 m\u00e9teres magass\u00e1gok<\/li>\n<li>100 m\u00e9teres v\u00edzszintes cs\u0151hossz\u00fas\u00e1g<\/li>\n<li>Sz\u00e1mos helyzetben bizony\u00edtott<\/li>\n<\/ul>\n<\/td>\n<\/tr>\n<tr>\n<td>IE3-motorral felszerelve.<\/td>\n<td>\n<ul>\n<li>Hat\u00e9kony \u00e9s er\u0151teljes<\/li>\n<\/ul>\n<\/td>\n<\/tr>\n<\/tbody>\n<\/table>\n<p>&nbsp;<\/p>","protected":false},"excerpt":{"rendered":"<p>Csokol\u00e1d\u00e9pumpa meleg csokol\u00e1d\u00e9-, kaka\u00f3-, kaka\u00f3vaj- \u00e9s egy\u00e9b zs\u00edros t\u00f6megek \u00e1tvitel\u00e9re.<\/p>","protected":false},"featured_media":2721,"comment_status":"open","ping_status":"closed","template":"","meta":{"uix_meta_title":"","uix_meta_description":"","uix_canonical_url":""},"product_brand":[],"product_cat":[104],"product_tag":[],"class_list":{"0":"post-2722","1":"product","2":"type-product","3":"status-publish","4":"has-post-thumbnail","6":"product_cat-processing","8":"first","9":"instock","10":"shipping-taxable","11":"product-type-simple"},"_links":{"self":[{"href":"https:\/\/cormac.eu\/hu\/wp-json\/wp\/v2\/product\/2722","targetHints":{"allow":["GET"]}}],"collection":[{"href":"https:\/\/cormac.eu\/hu\/wp-json\/wp\/v2\/product"}],"about":[{"href":"https:\/\/cormac.eu\/hu\/wp-json\/wp\/v2\/types\/product"}],"replies":[{"embeddable":true,"href":"https:\/\/cormac.eu\/hu\/wp-json\/wp\/v2\/comments?post=2722"}],"wp:featuredmedia":[{"embeddable":true,"href":"https:\/\/cormac.eu\/hu\/wp-json\/wp\/v2\/media\/2721"}],"wp:attachment":[{"href":"https:\/\/cormac.eu\/hu\/wp-json\/wp\/v2\/media?parent=2722"}],"wp:term":[{"taxonomy":"product_brand","embeddable":true,"href":"https:\/\/cormac.eu\/hu\/wp-json\/wp\/v2\/product_brand?post=2722"},{"taxonomy":"product_cat","embeddable":true,"href":"https:\/\/cormac.eu\/hu\/wp-json\/wp\/v2\/product_cat?post=2722"},{"taxonomy":"product_tag","embeddable":true,"href":"https:\/\/cormac.eu\/hu\/wp-json\/wp\/v2\/product_tag?post=2722"}],"curies":[{"name":"wp","href":"https:\/\/api.w.org\/{rel}","templated":true}]}}