{"id":2720,"date":"2022-04-21T15:35:38","date_gmt":"2022-04-21T13:35:38","guid":{"rendered":"https:\/\/cormac.eu\/?post_type=product&#038;p=2720"},"modified":"2024-09-18T22:40:21","modified_gmt":"2024-09-18T20:40:21","slug":"tr-temperalo-gep","status":"publish","type":"product","link":"https:\/\/cormac.eu\/hu\/product\/tr-tempering-machine\/","title":{"rendered":"Csokol\u00e1d\u00e9 temper\u00e1l\u00f3 g\u00e9p TR"},"content":{"rendered":"<p>Temper\u00e1l\u00f3g\u00e9p csokol\u00e1d\u00e9massz\u00e1k, zs\u00edrm\u00e1zak, \u00f6sszetett massz\u00e1k \u00e9s hasonl\u00f3 zs\u00edros term\u00e9kek temper\u00e1l\u00e1s\u00e1ra. Ez a v\u00edzszintes csokol\u00e1d\u00e9 temper\u00e1l\u00f3 g\u00e9p a legkisebb stabil zs\u00edrkrist\u00e1lyokat k\u00e9pezi \u00e9s homog\u00e9n m\u00f3don eloszlatja \u0151ket az olvasztott massz\u00e1ban. A v\u00edzszintes konstrukci\u00f3 lehet\u0151v\u00e9 teszi, hogy a temper\u00e1l\u00e1s megkezd\u00e9se el\u0151tt viszonylag nagy m\u00e9ret\u0171 \u00f6sszetev\u0151k ker\u00fcljenek a massz\u00e1ba. Gondolhatunk p\u00e9ld\u00e1ul eg\u00e9sz mogyor\u00f3ra, apr\u00f3ra v\u00e1gott vagy t\u00f6rt di\u00f3ra, bizonyos aszalt gy\u00fcm\u00f6lcs\u00f6kre vagy apr\u00f3 nug\u00e1tdarabokra. Ez az egyik legfontosabb jellemz\u0151, amely megk\u00fcl\u00f6nb\u00f6zteti a Rasch TR temper\u00e1l\u00f3 g\u00e9pcsal\u00e1dot a f\u00fcgg\u0151leges lemezes temper\u00e1l\u00f3 g\u00e9pekt\u0151l.<\/p>\n<table>\n<tbody>\n<tr>\n<td width=\"293\"><strong>Jellemz\u0151k<\/strong><\/td>\n<td width=\"293\"><strong>El\u0151ny\u00f6k<\/strong><\/td>\n<\/tr>\n<tr>\n<td width=\"293\">T\u00f6bb h\u0151cser\u00e9l\u0151 z\u00f3na<br \/>\n(sz\u00e1m a modellt\u0151l f\u00fcgg\u0151en)<\/td>\n<td width=\"293\">\n<ul>\n<li>M\u00e9g az alacsony zs\u00edrtartalm\u00fa t\u00f6megek is el\u0151krist\u00e1lyos\u00edthat\u00f3k (legal\u00e1bb 26% zs\u00edrtartalom).<\/li>\n<li>F\u00fcggetlen h\u0151m\u00e9rs\u00e9klet-szab\u00e1lyoz\u00e1s szekci\u00f3nk\u00e9nt<\/li>\n<\/ul>\n<\/td>\n<\/tr>\n<tr>\n<td width=\"293\">T\u00f6megsz\u00e1ll\u00edt\u00f3 tart\u00e1ly plusz kever\u0151<\/td>\n<td width=\"293\">\n<ul>\n<li>Az \u00f6sszetev\u0151k a temper\u00e1l\u00e1s el\u0151tt is beleker\u00fclhetnek a massz\u00e1ba.<\/li>\n<\/ul>\n<\/td>\n<\/tr>\n<tr>\n<td width=\"293\">V\u00edzzel f\u0171t\u00f6tt tart\u00e1ly<\/td>\n<td width=\"293\">\n<ul>\n<li>Krist\u00e1lymentes t\u00f6meg biztos\u00edt\u00e1sa temper\u00e1l\u00e1s el\u0151tt<\/li>\n<\/ul>\n<\/td>\n<\/tr>\n<tr>\n<td width=\"293\">Horizont\u00e1lis modell tov\u00e1bb\u00edt\u00f3 f\u00e9reggel<\/td>\n<td width=\"293\">\n<ul>\n<li>T\u00f6k\u00e9letes temper\u00e1l\u00e1si sebess\u00e9gszab\u00e1lyoz\u00e1s<\/li>\n<li>K\u00fcl\u00f6n\u00f6sen alkalmas az \u00f6sszetev\u0151kkel val\u00f3 t\u00f6meges felhaszn\u00e1l\u00e1sra<\/li>\n<\/ul>\n<\/td>\n<\/tr>\n<tr>\n<td width=\"293\">\u00c9lelmiszer min\u0151s\u00e9g\u0171 bronz\u00f6tv\u00f6zetb\u0151l k\u00e9sz\u00fclt speci\u00e1lis profil\u00fa bels\u0151 cs\u0151<\/td>\n<td width=\"293\">\n<ul>\n<li>Magas h\u0151\u00e1tad\u00e1si vezet\u0151k\u00e9pess\u00e9g<\/li>\n<li>A h\u0171t\u0151v\u00edzzel val\u00f3 lehet\u0151 legnagyobb fel\u00fcleti \u00e9rintkez\u00e9s<\/li>\n<\/ul>\n<\/td>\n<\/tr>\n<tr>\n<td width=\"293\">K\u00fcl\u00f6nleges min\u0151s\u00e9g\u0171 k\u00fcls\u0151 cs\u0151anyag<\/p>\n<p>&nbsp;<\/td>\n<td width=\"293\">\n<ul>\n<li>Nincs korr\u00f3zi\u00f3<\/li>\n<\/ul>\n<\/td>\n<\/tr>\n<\/tbody>\n<\/table>","protected":false},"excerpt":{"rendered":"<p>Tempering Machine for chocolate masses, fat glazes, compound masses and similar fatty products possibly with inclusions.<\/p>","protected":false},"featured_media":2719,"comment_status":"open","ping_status":"closed","template":"","meta":{"uix_meta_title":"","uix_meta_description":"","uix_canonical_url":""},"product_brand":[],"product_cat":[104],"product_tag":[217,237,318],"class_list":{"0":"post-2720","1":"product","2":"type-product","3":"status-publish","4":"has-post-thumbnail","6":"product_cat-processing","7":"product_tag-chocolate-tablets-with-whole-nuts","8":"product_tag-fat-masses","9":"product_tag-tempering-masses-with-inclusions","11":"first","12":"instock","13":"shipping-taxable","14":"product-type-simple"},"_links":{"self":[{"href":"https:\/\/cormac.eu\/hu\/wp-json\/wp\/v2\/product\/2720","targetHints":{"allow":["GET"]}}],"collection":[{"href":"https:\/\/cormac.eu\/hu\/wp-json\/wp\/v2\/product"}],"about":[{"href":"https:\/\/cormac.eu\/hu\/wp-json\/wp\/v2\/types\/product"}],"replies":[{"embeddable":true,"href":"https:\/\/cormac.eu\/hu\/wp-json\/wp\/v2\/comments?post=2720"}],"wp:featuredmedia":[{"embeddable":true,"href":"https:\/\/cormac.eu\/hu\/wp-json\/wp\/v2\/media\/2719"}],"wp:attachment":[{"href":"https:\/\/cormac.eu\/hu\/wp-json\/wp\/v2\/media?parent=2720"}],"wp:term":[{"taxonomy":"product_brand","embeddable":true,"href":"https:\/\/cormac.eu\/hu\/wp-json\/wp\/v2\/product_brand?post=2720"},{"taxonomy":"product_cat","embeddable":true,"href":"https:\/\/cormac.eu\/hu\/wp-json\/wp\/v2\/product_cat?post=2720"},{"taxonomy":"product_tag","embeddable":true,"href":"https:\/\/cormac.eu\/hu\/wp-json\/wp\/v2\/product_tag?post=2720"}],"curies":[{"name":"wp","href":"https:\/\/api.w.org\/{rel}","templated":true}]}}