{"id":2703,"date":"2022-04-14T23:17:54","date_gmt":"2022-04-14T21:17:54","guid":{"rendered":"https:\/\/cormac.eu\/?post_type=product&#038;p=2703"},"modified":"2022-04-21T22:40:51","modified_gmt":"2022-04-21T20:40:51","slug":"rg-csomagologep","status":"publish","type":"product","link":"https:\/\/cormac.eu\/hu\/product\/rg-wrapping-machine\/","title":{"rendered":"RG csomagol\u00f3g\u00e9p"},"content":{"rendered":"<p><strong>Le\u00edr\u00e1s:<br \/>\n<\/strong>Univerz\u00e1lis csomagol\u00f3g\u00e9p k\u00fcl\u00f6nb\u00f6z\u0151 term\u00e9kek, p\u00e9ld\u00e1ul lapos alj\u00fa term\u00e9kek, rudak, toj\u00e1sok, goly\u00f3k, hord\u00f3k \u00e9s \u00fcreges alakok csomagol\u00e1s\u00e1ra k\u00fcl\u00f6nb\u00f6z\u0151 csomagol\u00e1si st\u00edlusokban.<br \/>\n<strong>Alkalmaz\u00e1s<\/strong><br \/>\nRudak , lapos alj\u00fa term\u00e9kek , toj\u00e1sok, goly\u00f3k, hord\u00f3k , figur\u00e1k, mindenf\u00e9le \u00fcreges figur\u00e1k csomagol\u00e1sa.<br \/>\n<strong>Kapacit\u00e1si tartom\u00e1ny<\/strong><br \/>\nAk\u00e1r 70 darab per perc (kb. 55 ppm sz\u00e1mok eset\u00e9n)<br \/>\n<strong>Csomagol\u00e1si st\u00edlusok:<\/strong><br \/>\nCsomagol\u00e1s, el\u00fcls\u0151 hajtogat\u00e1s , dupla csavar\u00e1s, tartoz\u00e9k r\u00f6gz\u00edt\u00e9se alul, h\u0151pecs\u00e9tel\u00e9s, c\u00edmk\u00e9z\u00e9s, el\u00fcls\u0151 hajtogat\u00e1s sim\u00edt\u00f3 berendez\u00e9ssel \/ g\u00f6rd\u00fcl\u0151form\u00e1val, h\u00e1ts\u00f3 varr\u00e1s, alakf\u00f3li\u00e1z\u00e1s.<\/p>\n<p><img decoding=\"async\" class=\"alignnone wp-image-2702\" src=\"https:\/\/cormac.eu\/wp-content\/uploads\/2022\/04\/sample-6.jpg\" alt=\"\" width=\"110\" height=\"102\" \/><img decoding=\"async\" class=\"alignnone wp-image-2701\" src=\"https:\/\/cormac.eu\/wp-content\/uploads\/2022\/04\/sample-5.jpg\" alt=\"\" width=\"83\" height=\"105\" \/><img decoding=\"async\" class=\"alignnone wp-image-2700\" src=\"https:\/\/cormac.eu\/wp-content\/uploads\/2022\/04\/sample-4.jpg\" alt=\"\" width=\"128\" height=\"92\" \/><img loading=\"lazy\" decoding=\"async\" class=\"alignnone wp-image-2699\" src=\"https:\/\/cormac.eu\/wp-content\/uploads\/2022\/04\/sample-3.jpg\" alt=\"\" width=\"124\" height=\"112\" \/><img loading=\"lazy\" decoding=\"async\" class=\"alignnone wp-image-2698\" src=\"https:\/\/cormac.eu\/wp-content\/uploads\/2022\/04\/sample-2.jpg\" alt=\"\" width=\"109\" height=\"116\" \/><img loading=\"lazy\" decoding=\"async\" class=\"alignnone wp-image-2697\" src=\"https:\/\/cormac.eu\/wp-content\/uploads\/2022\/04\/sample-1.jpg\" alt=\"\" width=\"147\" height=\"105\" \/><\/p>\n<table>\n<tbody>\n<tr>\n<td width=\"262\">\n<p style=\"text-align: center\"><strong>Jellemz\u0151k<\/strong><\/p>\n<\/td>\n<td width=\"323\">\n<p style=\"text-align: center\"><strong>El\u0151ny\u00f6k<\/strong><\/p>\n<\/td>\n<\/tr>\n<tr>\n<td width=\"262\">Bet\u00e1pl\u00e1l\u00f3 szalag<\/td>\n<td width=\"323\">\n<ul>\n<li>Kapacit\u00e1sn\u00f6veked\u00e9s<\/li>\n<\/ul>\n<\/td>\n<\/tr>\n<tr>\n<td width=\"262\">Regisztervez\u00e9rl\u0151 fej<\/td>\n<td width=\"323\">\n<ul>\n<li>Nyomtat\u00e1svez\u00e9rl\u00e9s<\/li>\n<\/ul>\n<\/td>\n<\/tr>\n<tr>\n<td width=\"262\">Nincs term\u00e9k - nincs csomagol\u00e1s<\/td>\n<td width=\"323\">\n<ul>\n<li>Megakad\u00e1lyozza a f\u00f3lia elakad\u00e1s\u00e1t<\/li>\n<\/ul>\n<\/td>\n<\/tr>\n<tr>\n<td width=\"262\">Fokozatmentesen szab\u00e1lyozhat\u00f3 fordulatsz\u00e1m-szab\u00e1lyoz\u00e1s<\/td>\n<td width=\"323\">\n<ul>\n<li>Sebess\u00e9gszab\u00e1lyoz\u00e1s<\/li>\n<\/ul>\n<\/td>\n<\/tr>\n<tr>\n<td width=\"262\">Fakultat\u00edv 2<sup>nd<\/sup> f\u00f3lia kitekercsel\u0151 berendez\u00e9s<\/td>\n<td width=\"323\">\n<ul>\n<li>Bels\u0151 \u00e9s k\u00fcls\u0151 csomagol\u00f3anyag felvitele<\/li>\n<\/ul>\n<\/td>\n<\/tr>\n<tr>\n<td width=\"262\">Z\u00e1rt sebess\u00e9gv\u00e1lt\u00f3<\/td>\n<td width=\"323\">\n<ul>\n<li>Nincs olajsziv\u00e1rg\u00e1s<\/li>\n<\/ul>\n<\/td>\n<\/tr>\n<tr>\n<td width=\"262\">K\u00f6zponti ken\u00e9si rendszer<\/td>\n<td width=\"323\">\n<ul>\n<li>Alacsony karbantart\u00e1si ig\u00e9ny<\/li>\n<li>Z\u00f6kken\u0151mentes fut\u00e1s<\/li>\n<\/ul>\n<\/td>\n<\/tr>\n<tr>\n<td width=\"262\">Vez\u00e9rl\u0151szekr\u00e9ny SPS-szel<\/td>\n<td width=\"323\">\n<ul>\n<li>K\u00f6nny\u0171 g\u00e9pvez\u00e9rl\u00e9s<br \/>\nBe\u00e1ll\u00edt\u00e1sok ment\u00e9se<\/li>\n<\/ul>\n<\/td>\n<\/tr>\n<tr>\n<td width=\"262\">Opci\u00f3k<\/td>\n<td width=\"323\">\n<ul>\n<li>Automatikus adagol\u00f3rendszer<\/li>\n<li>\u00d6sszek\u00f6t\u0151 egys\u00e9g<\/li>\n<li>M\u00e1sodik f\u00f3lia letekercsel\u0151 eszk\u00f6z<\/li>\n<\/ul>\n<\/td>\n<\/tr>\n<tr>\n<td width=\"262\">Anyagm\u00e9retek<\/td>\n<td width=\"323\">\n<ul>\n<li>Sz\u00e9less\u00e9g : 80-300 mm<\/li>\n<li>Lev\u00e1g\u00e1si hossz : 60-250 mm<\/li>\n<li>Ors\u00f3 \u00e1tm\u00e9r\u0151 : max. 250 mm<\/li>\n<li>Mag\u00e1tm\u00e9r\u0151 : 45-78 mm<\/li>\n<\/ul>\n<\/td>\n<\/tr>\n<\/tbody>\n<\/table>\n<p>&nbsp;<\/p>","protected":false},"excerpt":{"rendered":"<p>Univerz\u00e1lis csomagol\u00f3g\u00e9p lapos alj\u00fa csokol\u00e1d\u00e9khoz, t\u00e1blacsokol\u00e1d\u00e9khoz, toj\u00e1sokhoz, goly\u00f3khoz, hord\u00f3khoz \u00e9s \u00fcreges figur\u00e1khoz, ak\u00e1r 70 ppm sebess\u00e9ggel.<\/p>","protected":false},"featured_media":2695,"comment_status":"open","ping_status":"closed","template":"","meta":{"uix_meta_title":"","uix_meta_description":"","uix_canonical_url":""},"product_brand":[],"product_cat":[105],"product_tag":[],"class_list":{"0":"post-2703","1":"product","2":"type-product","3":"status-publish","4":"has-post-thumbnail","6":"product_cat-packaging","8":"first","9":"instock","10":"shipping-taxable","11":"product-type-simple"},"_links":{"self":[{"href":"https:\/\/cormac.eu\/hu\/wp-json\/wp\/v2\/product\/2703","targetHints":{"allow":["GET"]}}],"collection":[{"href":"https:\/\/cormac.eu\/hu\/wp-json\/wp\/v2\/product"}],"about":[{"href":"https:\/\/cormac.eu\/hu\/wp-json\/wp\/v2\/types\/product"}],"replies":[{"embeddable":true,"href":"https:\/\/cormac.eu\/hu\/wp-json\/wp\/v2\/comments?post=2703"}],"wp:featuredmedia":[{"embeddable":true,"href":"https:\/\/cormac.eu\/hu\/wp-json\/wp\/v2\/media\/2695"}],"wp:attachment":[{"href":"https:\/\/cormac.eu\/hu\/wp-json\/wp\/v2\/media?parent=2703"}],"wp:term":[{"taxonomy":"product_brand","embeddable":true,"href":"https:\/\/cormac.eu\/hu\/wp-json\/wp\/v2\/product_brand?post=2703"},{"taxonomy":"product_cat","embeddable":true,"href":"https:\/\/cormac.eu\/hu\/wp-json\/wp\/v2\/product_cat?post=2703"},{"taxonomy":"product_tag","embeddable":true,"href":"https:\/\/cormac.eu\/hu\/wp-json\/wp\/v2\/product_tag?post=2703"}],"curies":[{"name":"wp","href":"https:\/\/api.w.org\/{rel}","templated":true}]}}