{"id":2688,"date":"2022-04-12T22:30:44","date_gmt":"2022-04-12T20:30:44","guid":{"rendered":"https:\/\/cormac.eu\/?post_type=product&#038;p=2688"},"modified":"2022-05-23T11:26:34","modified_gmt":"2022-05-23T09:26:34","slug":"bevonoedeny","status":"publish","type":"product","link":"https:\/\/cormac.eu\/hu\/product\/coating-pan\/","title":{"rendered":"Bevon\u00f3 serpeny\u0151"},"content":{"rendered":"<p>A CTG 50 vagy Cteg100 t\u00edpus\u00fa bevon\u00f3ed\u00e9nyek k\u00fcl\u00f6nb\u00f6z\u0151 bevon\u00e1si elj\u00e1r\u00e1sokhoz \u00e9s pol\u00edroz\u00e1shoz is haszn\u00e1lhat\u00f3k. Ezek a sokoldal\u00fa bevon\u00f3ed\u00e9nyek nemcsak az \u00e9dess\u00e9giparban, hanem a gy\u00f3gyszeripari \u00fczemekben is haszn\u00e1lhat\u00f3k. A g\u00e9pet az \u00f6sszes elektromos alkatr\u00e9sz, szivatty\u00fa \u00e9s cs\u0151vezet\u00e9k be\u00e9p\u00edt\u00e9s\u00e9vel sz\u00e1ll\u00edtjuk. Ezek a bevon\u00f3ed\u00e9nyek k\u00f6nnyen telep\u00edthet\u0151k \u00e9s kezelhet\u0151k. Alkalmaz\u00e1sok k\u00f6z\u00e9 tartozik p\u00e9ld\u00e1ul a cukorkaterm\u00e9kek, csirk\u00e9k, lencs\u00e9k cukorm\u00e1zol\u00e1sa, valamint a bevonatos term\u00e9kek pol\u00edroz\u00e1sa.<\/p>\n<p><img decoding=\"async\" class=\"alignnone wp-image-2687\" src=\"https:\/\/cormac.eu\/wp-content\/uploads\/2022\/04\/capsulas.webp\" alt=\"\" width=\"163\" height=\"163\" srcset=\"https:\/\/cormac.eu\/wp-content\/uploads\/2022\/04\/capsulas.webp 200w, https:\/\/cormac.eu\/wp-content\/uploads\/2022\/04\/capsulas-150x150.webp 150w, https:\/\/cormac.eu\/wp-content\/uploads\/2022\/04\/capsulas-100x100.webp 100w\" sizes=\"(max-width: 163px) 100vw, 163px\" \/> <img decoding=\"async\" class=\"alignnone wp-image-2686\" src=\"https:\/\/cormac.eu\/wp-content\/uploads\/2022\/04\/Huevos.webp\" alt=\"\" width=\"164\" height=\"164\" srcset=\"https:\/\/cormac.eu\/wp-content\/uploads\/2022\/04\/Huevos.webp 200w, https:\/\/cormac.eu\/wp-content\/uploads\/2022\/04\/Huevos-150x150.webp 150w, https:\/\/cormac.eu\/wp-content\/uploads\/2022\/04\/Huevos-100x100.webp 100w\" sizes=\"(max-width: 164px) 100vw, 164px\" \/><img decoding=\"async\" class=\"alignnone wp-image-2685\" src=\"https:\/\/cormac.eu\/wp-content\/uploads\/2022\/04\/bolas.webp\" alt=\"\" width=\"163\" height=\"163\" srcset=\"https:\/\/cormac.eu\/wp-content\/uploads\/2022\/04\/bolas.webp 200w, https:\/\/cormac.eu\/wp-content\/uploads\/2022\/04\/bolas-150x150.webp 150w, https:\/\/cormac.eu\/wp-content\/uploads\/2022\/04\/bolas-100x100.webp 100w\" sizes=\"(max-width: 163px) 100vw, 163px\" \/><\/p>\n<p>&nbsp;<\/p>\n<table>\n<tbody>\n<tr>\n<td width=\"222\"><strong>Jellemz\u0151k<\/strong><\/td>\n<td width=\"240\">\u00a0<strong>El\u0151ny\u00f6k<\/strong><\/td>\n<\/tr>\n<tr>\n<td>Funkcion\u00e1lis tervez\u00e9s<\/td>\n<td>\n<ul>\n<li>\u00dczemeltet\u0151bar\u00e1t<\/li>\n<li>K\u00f6nny\u0171 karbantart\u00e1s<\/li>\n<\/ul>\n<\/td>\n<\/tr>\n<tr>\n<td>Rozsdamentes ac\u00e9l 304 vagy 316<\/td>\n<td>\n<ul>\n<li>Higi\u00e9nia<\/li>\n<li>K\u00f6nny\u0171 tiszt\u00edt\u00e1s<\/li>\n<\/ul>\n<\/td>\n<\/tr>\n<tr>\n<td>K\u00fcls\u0151 prec\u00edzi\u00f3s tengelyt\u00f6m\u00edt\u00e9s<\/td>\n<td>\n<ul>\n<li>Sima forg\u00e1s<\/li>\n<\/ul>\n<\/td>\n<\/tr>\n<tr>\n<td>Opcion\u00e1lis<\/td>\n<td>\n<ul>\n<li>Bord\u00e1zott serpeny\u0151fel\u00fclet a bevonathoz<\/li>\n<li>Sima serpeny\u0151fel\u00fclet a pol\u00edroz\u00e1shoz<\/li>\n<\/ul>\n<\/td>\n<\/tr>\n<\/tbody>\n<\/table>\n<p>&nbsp;<\/p>\n<table>\n<tbody>\n<tr>\n<td width=\"132\"><strong>\u00a0<\/strong><\/td>\n<td width=\"170\">\n<p style=\"text-align: center;\"><strong>CTG 50<\/strong><\/p>\n<\/td>\n<td width=\"170\">\n<p style=\"text-align: center;\"><strong>CTEG 100<\/strong><\/p>\n<\/td>\n<\/tr>\n<tr>\n<td width=\"132\"><strong>Kapacit\u00e1s<\/strong><\/td>\n<td width=\"170\">\n<p style=\"text-align: center;\">50 liter<\/p>\n<\/td>\n<td width=\"170\">\n<p style=\"text-align: center;\">100 liter<\/p>\n<\/td>\n<\/tr>\n<tr>\n<td width=\"132\"><strong>K\u00fcls\u0151 \u00e1tm\u00e9r\u0151<\/strong><\/td>\n<td width=\"170\">\n<p style=\"text-align: center;\">500 mm<\/p>\n<\/td>\n<td width=\"170\">\n<p style=\"text-align: center;\">1000 mm<\/p>\n<\/td>\n<\/tr>\n<tr>\n<td width=\"132\"><strong>Bels\u0151 \u00e1tm\u00e9r\u0151<\/strong><\/td>\n<td width=\"170\">\n<p style=\"text-align: center;\">250 mm<\/p>\n<\/td>\n<td width=\"170\">\n<p style=\"text-align: center;\">500 mm<\/p>\n<\/td>\n<\/tr>\n<tr>\n<td width=\"132\"><strong>RPM<\/strong><\/td>\n<td width=\"170\">\n<p style=\"text-align: center;\">0-35<\/p>\n<\/td>\n<td width=\"170\">\n<p style=\"text-align: center;\">0-35<\/p>\n<\/td>\n<\/tr>\n<tr>\n<td width=\"132\"><strong>Mentes\u00edt\u00e9s<\/strong><\/td>\n<td width=\"170\">\n<p style=\"text-align: center;\">K\u00e9zi<\/p>\n<\/td>\n<td width=\"170\">\n<p style=\"text-align: center;\">K\u00e9zi<\/p>\n<\/td>\n<\/tr>\n<tr>\n<td width=\"132\"><strong>Teljes\u00edtm\u00e9ny<\/strong><\/td>\n<td width=\"170\">\n<p style=\"text-align: center;\">0,75 kW<\/p>\n<\/td>\n<td width=\"170\">\n<p style=\"text-align: center;\">1,5 kW<\/p>\n<\/td>\n<\/tr>\n<\/tbody>\n<\/table>","protected":false},"excerpt":{"rendered":"<p>50 vagy 100 literes bevon\u00f3ed\u00e9nyek bevon\u00e1shoz vagy pol\u00edroz\u00e1shoz.<\/p>","protected":false},"featured_media":2684,"comment_status":"open","ping_status":"closed","template":"","meta":{"uix_meta_title":"","uix_meta_description":"","uix_canonical_url":""},"product_brand":[],"product_cat":[107,104],"product_tag":[],"class_list":{"0":"post-2688","1":"product","2":"type-product","3":"status-publish","4":"has-post-thumbnail","6":"product_cat-artisanal","7":"product_cat-processing","9":"first","10":"instock","11":"shipping-taxable","12":"product-type-simple"},"_links":{"self":[{"href":"https:\/\/cormac.eu\/hu\/wp-json\/wp\/v2\/product\/2688","targetHints":{"allow":["GET"]}}],"collection":[{"href":"https:\/\/cormac.eu\/hu\/wp-json\/wp\/v2\/product"}],"about":[{"href":"https:\/\/cormac.eu\/hu\/wp-json\/wp\/v2\/types\/product"}],"replies":[{"embeddable":true,"href":"https:\/\/cormac.eu\/hu\/wp-json\/wp\/v2\/comments?post=2688"}],"wp:featuredmedia":[{"embeddable":true,"href":"https:\/\/cormac.eu\/hu\/wp-json\/wp\/v2\/media\/2684"}],"wp:attachment":[{"href":"https:\/\/cormac.eu\/hu\/wp-json\/wp\/v2\/media?parent=2688"}],"wp:term":[{"taxonomy":"product_brand","embeddable":true,"href":"https:\/\/cormac.eu\/hu\/wp-json\/wp\/v2\/product_brand?post=2688"},{"taxonomy":"product_cat","embeddable":true,"href":"https:\/\/cormac.eu\/hu\/wp-json\/wp\/v2\/product_cat?post=2688"},{"taxonomy":"product_tag","embeddable":true,"href":"https:\/\/cormac.eu\/hu\/wp-json\/wp\/v2\/product_tag?post=2688"}],"curies":[{"name":"wp","href":"https:\/\/api.w.org\/{rel}","templated":true}]}}