{"id":2681,"date":"2022-04-12T21:43:50","date_gmt":"2022-04-12T19:43:50","guid":{"rendered":"https:\/\/cormac.eu\/?post_type=product&#038;p=2681"},"modified":"2023-08-16T17:05:39","modified_gmt":"2023-08-16T15:05:39","slug":"golyoformazo-vonal","status":"publish","type":"product","link":"https:\/\/cormac.eu\/hu\/product\/ball-forming-line\/","title":{"rendered":"Ball form\u00e1z\u00f3 vonal"},"content":{"rendered":"<p>A Carugil goly\u00f3s form\u00e1z\u00f3 sorok lehet\u0151v\u00e9 teszik t\u00f6m\u00f6r vagy k\u00f6z\u00e9pen t\u00f6lt\u00f6tt hengeres term\u00e9kek gy\u00e1rt\u00e1s\u00e1t. A k\u00f6z\u00e9pt\u00f6lt\u00e9s lehet por vagy f\u00e9lig foly\u00e9kony folyad\u00e9k. A vonal kezd\u0151dhet egy cukorkakonyh\u00e1val, amelyet egy dagaszt\u00f3g\u00e9p, egy extruder, egy goly\u00f3form\u00e1z\u00f3 g\u00e9p \u00e9s egy h\u0171t\u0151alag\u00fat k\u00f6vet, majd p\u00e9ld\u00e1ul bevon\u00f3ed\u00e9nyek \u00e9s az els\u0151dleges csomagol\u00e1st v\u00e9gz\u0151 csomagol\u00f3g\u00e9pek. A Carugil k\u00e9pes teljes kulcsrak\u00e9sz goly\u00f3form\u00e1z\u00f3 rendszereket sz\u00e1ll\u00edtani, bele\u00e9rtve az el\u0151tte l\u00e9v\u0151 kever\u0151ket \u00e9s f\u0151z\u0151berendez\u00e9seket is. Ezek a vonalak ak\u00e1r 380 000 term\u00e9k\/\u00f3ra kapacit\u00e1ssal is rendelkezhetnek. Az \u00faj kett\u0151s vonalas konfigur\u00e1ci\u00f3kkal ak\u00e1r 1500 kg\/\u00f3ra termel\u00e9si teljes\u00edtm\u00e9ny is el\u00e9rhet\u0151, egy vonal hely- \u00e9s munkaer\u0151ig\u00e9nye mellett.<\/p>\n<p>&nbsp;<\/p>\n<p><img decoding=\"async\" class=\"alignnone size-medium wp-image-2683\" src=\"https:\/\/cormac.eu\/wp-content\/uploads\/2022\/04\/Complete-ball-forming-line-Knipsel-300x98.jpg\" alt=\"\" width=\"300\" height=\"98\" srcset=\"https:\/\/cormac.eu\/wp-content\/uploads\/2022\/04\/Complete-ball-forming-line-Knipsel-300x98.jpg 300w, https:\/\/cormac.eu\/wp-content\/uploads\/2022\/04\/Complete-ball-forming-line-Knipsel-1024x335.jpg 1024w, https:\/\/cormac.eu\/wp-content\/uploads\/2022\/04\/Complete-ball-forming-line-Knipsel-768x252.jpg 768w, https:\/\/cormac.eu\/wp-content\/uploads\/2022\/04\/Complete-ball-forming-line-Knipsel-600x197.jpg 600w, https:\/\/cormac.eu\/wp-content\/uploads\/2022\/04\/Complete-ball-forming-line-Knipsel.jpg 1093w\" sizes=\"(max-width: 300px) 100vw, 300px\" \/><\/p>\n<p><img decoding=\"async\" class=\"alignnone wp-image-2641\" src=\"https:\/\/cormac.eu\/wp-content\/uploads\/2022\/04\/Gum-tennis-balls-300x208.jpg\" alt=\"\" width=\"166\" height=\"116\" srcset=\"https:\/\/cormac.eu\/wp-content\/uploads\/2022\/04\/Gum-tennis-balls-300x208.jpg 300w, https:\/\/cormac.eu\/wp-content\/uploads\/2022\/04\/Gum-tennis-balls.jpg 600w\" sizes=\"(max-width: 166px) 100vw, 166px\" \/><img decoding=\"async\" class=\"alignnone wp-image-2516\" src=\"https:\/\/cormac.eu\/wp-content\/uploads\/2022\/04\/Gum-center-filled-300x197.jpg\" alt=\"\" width=\"164\" height=\"108\" srcset=\"https:\/\/cormac.eu\/wp-content\/uploads\/2022\/04\/Gum-center-filled-300x197.jpg 300w, https:\/\/cormac.eu\/wp-content\/uploads\/2022\/04\/Gum-center-filled.jpg 600w\" sizes=\"(max-width: 164px) 100vw, 164px\" \/><img loading=\"lazy\" decoding=\"async\" class=\"alignnone wp-image-2671\" src=\"https:\/\/cormac.eu\/wp-content\/uploads\/2022\/04\/Gum-center-filled2-275x300.jpg\" alt=\"\" width=\"149\" height=\"163\" srcset=\"https:\/\/cormac.eu\/wp-content\/uploads\/2022\/04\/Gum-center-filled2-275x300.jpg 275w, https:\/\/cormac.eu\/wp-content\/uploads\/2022\/04\/Gum-center-filled2.jpg 600w\" sizes=\"(max-width: 149px) 100vw, 149px\" \/><img loading=\"lazy\" decoding=\"async\" class=\"alignnone wp-image-2676\" src=\"https:\/\/cormac.eu\/wp-content\/uploads\/2022\/04\/Gum-barrels2-300x209.jpg\" alt=\"\" width=\"154\" height=\"107\" srcset=\"https:\/\/cormac.eu\/wp-content\/uploads\/2022\/04\/Gum-barrels2-300x209.jpg 300w, https:\/\/cormac.eu\/wp-content\/uploads\/2022\/04\/Gum-barrels2.jpg 600w\" sizes=\"(max-width: 154px) 100vw, 154px\" \/><img loading=\"lazy\" decoding=\"async\" class=\"alignnone wp-image-2395\" src=\"https:\/\/cormac.eu\/wp-content\/uploads\/2022\/03\/Gum-fruits2-2.jpg\" alt=\"\" width=\"169\" height=\"103\" \/><\/p>\n<table style=\"height: 424px\" width=\"616\">\n<tbody>\n<tr>\n<td width=\"243\">\u00a0<strong>Jellemz\u0151k<\/strong><\/td>\n<td width=\"253\">\u00a0<strong>El\u0151ny\u00f6k<\/strong><\/td>\n<\/tr>\n<tr>\n<td>STR extruder t\u00f6lt\u0151berendez\u00e9ssel<\/td>\n<td>\n<ul>\n<li>porfelt\u00f6lt\u00e9s<\/li>\n<li>f\u00e9lig foly\u00e9kony t\u00f6lt\u00e9s<\/li>\n<li>nagy pontoss\u00e1g\u00fa adagol\u00e1s<\/li>\n<\/ul>\n<\/td>\n<\/tr>\n<tr>\n<td>Testre szabott kever\u0151csavarok<\/td>\n<td>\n<ul>\n<li>az \u00fcgyf\u00e9l ig\u00e9nyeire hangolva<\/li>\n<\/ul>\n<\/td>\n<\/tr>\n<tr>\n<td>Automatikus diemater vez\u00e9rl\u00e9s<\/td>\n<td>\n<ul>\n<li>konzisztens term\u00e9k<\/li>\n<\/ul>\n<\/td>\n<\/tr>\n<tr>\n<td>A goly\u00f3s k\u00e9pz\u0151 szervomotoros meghajt\u00e1s\u00fa<\/td>\n<td>\n<ul>\n<li>sebess\u00e9g \u00e9s mozg\u00e1sszab\u00e1lyoz\u00e1s<\/li>\n<\/ul>\n<\/td>\n<\/tr>\n<tr>\n<td>El\u0151sim\u00edt\u00f3 berendez\u00e9s a g\u00f6mbform\u00e1z\u00f3n<\/td>\n<td>\n<ul>\n<li>megakad\u00e1lyozza a folyad\u00e9kt\u00f6lt\u00e9s sziv\u00e1rg\u00e1s\u00e1t<\/li>\n<\/ul>\n<\/td>\n<\/tr>\n<\/tbody>\n<\/table>\n<p>&nbsp;<\/p>","protected":false},"excerpt":{"rendered":"<p>Goly\u00f3alak\u00edt\u00f3 sorok t\u00f6m\u00f6r vagy k\u00f6z\u00e9pen t\u00f6lt\u00f6tt hengeres term\u00e9kek gy\u00e1rt\u00e1s\u00e1ra, ak\u00e1r 380.000 darab\/\u00f3ra teljes\u00edtm\u00e9ny mellett.<\/p>","protected":false},"featured_media":2680,"comment_status":"open","ping_status":"closed","template":"","meta":{"uix_meta_title":"","uix_meta_description":"","uix_canonical_url":""},"product_brand":[],"product_cat":[104],"product_tag":[],"class_list":{"0":"post-2681","1":"product","2":"type-product","3":"status-publish","4":"has-post-thumbnail","6":"product_cat-processing","8":"first","9":"instock","10":"shipping-taxable","11":"product-type-simple"},"_links":{"self":[{"href":"https:\/\/cormac.eu\/hu\/wp-json\/wp\/v2\/product\/2681","targetHints":{"allow":["GET"]}}],"collection":[{"href":"https:\/\/cormac.eu\/hu\/wp-json\/wp\/v2\/product"}],"about":[{"href":"https:\/\/cormac.eu\/hu\/wp-json\/wp\/v2\/types\/product"}],"replies":[{"embeddable":true,"href":"https:\/\/cormac.eu\/hu\/wp-json\/wp\/v2\/comments?post=2681"}],"wp:featuredmedia":[{"embeddable":true,"href":"https:\/\/cormac.eu\/hu\/wp-json\/wp\/v2\/media\/2680"}],"wp:attachment":[{"href":"https:\/\/cormac.eu\/hu\/wp-json\/wp\/v2\/media?parent=2681"}],"wp:term":[{"taxonomy":"product_brand","embeddable":true,"href":"https:\/\/cormac.eu\/hu\/wp-json\/wp\/v2\/product_brand?post=2681"},{"taxonomy":"product_cat","embeddable":true,"href":"https:\/\/cormac.eu\/hu\/wp-json\/wp\/v2\/product_cat?post=2681"},{"taxonomy":"product_tag","embeddable":true,"href":"https:\/\/cormac.eu\/hu\/wp-json\/wp\/v2\/product_tag?post=2681"}],"curies":[{"name":"wp","href":"https:\/\/api.w.org\/{rel}","templated":true}]}}