{"id":2673,"date":"2022-04-12T21:10:13","date_gmt":"2022-04-12T19:10:13","guid":{"rendered":"https:\/\/cormac.eu\/?post_type=product&#038;p=2673"},"modified":"2022-05-30T23:42:10","modified_gmt":"2022-05-30T21:42:10","slug":"sigma-penges-kevero","status":"publish","type":"product","link":"https:\/\/cormac.eu\/hu\/product\/sigma-blade-mixer\/","title":{"rendered":"Sigma peng\u00e9s kever\u0151"},"content":{"rendered":"<p>Kever\u0151g\u00e9p k\u00e9tkar\u00fa szigma dagaszt\u00f3k\u00e9sekkel, amelyek intenz\u00edv dagaszt\u00e1st biztos\u00edtanak a nagy viszkozit\u00e1s\u00fa t\u00f6megek sz\u00e1m\u00e1ra. Ezzel a kever\u0151vel r\u00f6videbb feldolgoz\u00e1si id\u0151k \u00e9rhet\u0151k el a min\u0151s\u00e9g roml\u00e1sa n\u00e9lk\u00fcl. A Super Strong sorozat minden ilyen g\u00e9pe dupla k\u00f6penyes t\u00e1llal rendelkezik a f\u0171t\u00e9shez \u00e9s h\u0171t\u00e9shez. Ez a kever\u0151t\u00e1l hidraulikusan felfel\u00e9 \u00e9s el\u0151re d\u00f6nthet\u0151. Az \u00fcr\u00edt\u00e9s a t\u00e1l megd\u00f6nt\u00e9s\u00e9vel vagy egy extrud\u00e1l\u00f3 csiga seg\u00edts\u00e9g\u00e9vel t\u00f6rt\u00e9nhet. Az el\u00fcls\u0151 \u00e9s h\u00e1ts\u00f3 t\u00e1l t\u00f6m\u00edt\u00e9sek megakad\u00e1lyozz\u00e1k a sziv\u00e1rg\u00e1st, \u00e9s seg\u00edtenek a term\u00e9kmin\u0151s\u00e9g meg\u0151rz\u00e9s\u00e9ben. A t\u00f6m\u00edt\u00e9sek kiv\u00e1l\u00f3 min\u0151s\u00e9g\u0171 anyagb\u00f3l k\u00e9sz\u00fcltek.<\/p>\n<p><img decoding=\"async\" class=\"alignnone wp-image-2671\" src=\"https:\/\/cormac.eu\/wp-content\/uploads\/2022\/04\/Gum-center-filled2-275x300.jpg\" alt=\"\" width=\"185\" height=\"202\" srcset=\"https:\/\/cormac.eu\/wp-content\/uploads\/2022\/04\/Gum-center-filled2-275x300.jpg 275w, https:\/\/cormac.eu\/wp-content\/uploads\/2022\/04\/Gum-center-filled2.jpg 600w\" sizes=\"(max-width: 185px) 100vw, 185px\" \/><img decoding=\"async\" class=\"alignnone wp-image-2670\" src=\"https:\/\/cormac.eu\/wp-content\/uploads\/2022\/04\/Gum-bazooka-1.jpg\" alt=\"\" width=\"239\" height=\"150\" \/><img decoding=\"async\" class=\"alignnone wp-image-2669\" src=\"https:\/\/cormac.eu\/wp-content\/uploads\/2022\/04\/Chewy-cubes.jpg\" alt=\"\" width=\"225\" height=\"191\" \/><\/p>\n<table>\n<tbody>\n<tr>\n<td width=\"302\"><strong>Jellemz\u0151k<\/strong><\/td>\n<td width=\"302\"><strong>El\u0151ny\u00f6k<\/strong><\/td>\n<\/tr>\n<tr>\n<td width=\"302\">Rozsdamentes ac\u00e9l \u00e9s pol\u00edrozott Sigma peng\u00e9k<\/td>\n<td width=\"302\">\n<ul>\n<li style=\"text-align: left\">Higi\u00e9niai<\/li>\n<li style=\"text-align: left\">K\u00f6nny\u0171 tiszt\u00edt\u00e1s<\/li>\n<\/ul>\n<\/td>\n<\/tr>\n<tr>\n<td width=\"302\">Dupla k\u00f6penyes t\u00e1l<\/td>\n<td width=\"302\">\n<ul>\n<li>F\u0171t\u00e9s \u00e9s h\u0171t\u00e9s vez\u00e9rl\u00e9se<\/li>\n<\/ul>\n<\/td>\n<\/tr>\n<tr>\n<td width=\"302\">Robusztus fel\u00e9p\u00edt\u00e9s<\/td>\n<td width=\"302\">\n<ul>\n<li>Szuper er\u0151s g\u00e9p<\/li>\n<\/ul>\n<\/td>\n<\/tr>\n<tr>\n<td width=\"302\">Kiv\u00e1l\u00f3 min\u0151s\u00e9g\u0171 t\u00f6m\u00edt\u00e9sek a t\u00e1l elej\u00e9n \u00e9s h\u00e1tulj\u00e1n<\/td>\n<td width=\"302\">\n<ul>\n<li>Nincs sziv\u00e1rg\u00e1s<\/li>\n<\/ul>\n<\/td>\n<\/tr>\n<tr>\n<td width=\"302\">Opci\u00f3k<\/td>\n<td width=\"302\">\n<ul>\n<li>Kever\u0151ed\u00e9ny a t\u00f6meges h\u0151m\u00e9rs\u00e9klet-szab\u00e1lyoz\u00e1shoz<\/li>\n<li>H\u0151t\u00e1l szigetel\u00e9s<\/li>\n<li>V\u00e1ltoz\u00f3 frekvenci\u00e1j\u00fa meghajt\u00f3<\/li>\n<li>Speci\u00e1lis szersz\u00e1mfejek<\/li>\n<li>Fed\u00e9l automatiz\u00e1l\u00e1s hidraulikus dugatty\u00faval<\/li>\n<\/ul>\n<\/td>\n<\/tr>\n<\/tbody>\n<\/table>\n<p>&nbsp;<\/p>\n<table>\n<tbody>\n<tr>\n<td width=\"138\"><strong>\u00a0\u00a0\u00a0\u00a0\u00a0\u00a0\u00a0 \u00a0\u00a0\u00a0\u00a0\u00a0\u00a0\u00a0\u00a0\u00a0\u00a0\u00a0\u00a0\u00a0\u00a0\u00a0\u00a0\u00a0Modell<\/strong><\/td>\n<td width=\"126\">\n<p style=\"text-align: center\"><strong>SS 240<\/strong><\/p>\n<\/td>\n<td style=\"text-align: center\" width=\"126\"><strong>SS400\/AH400<\/strong><\/td>\n<td style=\"text-align: center\" width=\"107\"><strong>SS600\/AH600<\/strong><\/td>\n<td width=\"107\">\n<p style=\"text-align: center\"><strong>SS2000<\/strong><\/p>\n<\/td>\n<\/tr>\n<tr>\n<td width=\"138\"><strong>T\u00e1l kapacit\u00e1sa<\/strong><\/td>\n<td width=\"126\">\n<p style=\"text-align: center\">240 liter<\/p>\n<\/td>\n<td style=\"text-align: center\" width=\"126\">240 liter<\/td>\n<td style=\"text-align: center\" width=\"107\">600 liter<\/td>\n<td width=\"107\">\n<p style=\"text-align: center\">2000 liter<\/p>\n<\/td>\n<\/tr>\n<tr>\n<td width=\"138\"><strong>Haszn\u00e1lhat\u00f3 kapacit\u00e1s<\/strong><\/td>\n<td width=\"126\">\n<p style=\"text-align: center\">150 liter<\/p>\n<\/td>\n<td style=\"text-align: center\" width=\"126\">300 liter<\/td>\n<td style=\"text-align: center\" width=\"107\">450 liter<\/td>\n<td width=\"107\">\n<p style=\"text-align: center\">1300 liter<\/p>\n<\/td>\n<\/tr>\n<tr>\n<td width=\"138\"><strong>Kirakod\u00e1s<\/strong><\/td>\n<td width=\"126\">\n<p style=\"text-align: center\">D\u0151l\u00e9ssz\u00f6g<\/p>\n<\/td>\n<td style=\"text-align: center\" width=\"126\">D\u00f6nt\u00e9s\/csavar<\/td>\n<td style=\"text-align: center\" width=\"107\">Tiliting \/ csavar<\/td>\n<td width=\"107\">\n<p style=\"text-align: center\">D\u0151l\u00e9ssz\u00f6g<\/p>\n<\/td>\n<\/tr>\n<\/tbody>\n<\/table>","protected":false},"excerpt":{"rendered":"<p>K\u00e9tkaros Sigma kever\u0151 a nagy viszkozit\u00e1s\u00fa t\u00f6megek intenz\u00edv gy\u00far\u00e1s\u00e1hoz.<\/p>","protected":false},"featured_media":2672,"comment_status":"open","ping_status":"closed","template":"","meta":{"uix_meta_title":"","uix_meta_description":"","uix_canonical_url":""},"product_brand":[],"product_cat":[104],"product_tag":[],"class_list":{"0":"post-2673","1":"product","2":"type-product","3":"status-publish","4":"has-post-thumbnail","6":"product_cat-processing","8":"first","9":"instock","10":"shipping-taxable","11":"product-type-simple"},"_links":{"self":[{"href":"https:\/\/cormac.eu\/hu\/wp-json\/wp\/v2\/product\/2673","targetHints":{"allow":["GET"]}}],"collection":[{"href":"https:\/\/cormac.eu\/hu\/wp-json\/wp\/v2\/product"}],"about":[{"href":"https:\/\/cormac.eu\/hu\/wp-json\/wp\/v2\/types\/product"}],"replies":[{"embeddable":true,"href":"https:\/\/cormac.eu\/hu\/wp-json\/wp\/v2\/comments?post=2673"}],"wp:featuredmedia":[{"embeddable":true,"href":"https:\/\/cormac.eu\/hu\/wp-json\/wp\/v2\/media\/2672"}],"wp:attachment":[{"href":"https:\/\/cormac.eu\/hu\/wp-json\/wp\/v2\/media?parent=2673"}],"wp:term":[{"taxonomy":"product_brand","embeddable":true,"href":"https:\/\/cormac.eu\/hu\/wp-json\/wp\/v2\/product_brand?post=2673"},{"taxonomy":"product_cat","embeddable":true,"href":"https:\/\/cormac.eu\/hu\/wp-json\/wp\/v2\/product_cat?post=2673"},{"taxonomy":"product_tag","embeddable":true,"href":"https:\/\/cormac.eu\/hu\/wp-json\/wp\/v2\/product_tag?post=2673"}],"curies":[{"name":"wp","href":"https:\/\/api.w.org\/{rel}","templated":true}]}}