{"id":2665,"date":"2022-04-12T20:53:35","date_gmt":"2022-04-12T18:53:35","guid":{"rendered":"https:\/\/cormac.eu\/?post_type=product&#038;p=2665"},"modified":"2022-05-30T16:24:43","modified_gmt":"2022-05-30T14:24:43","slug":"4-oldalas-pecsetcsomagolo-cwls","status":"publish","type":"product","link":"https:\/\/cormac.eu\/hu\/product\/4-sided-seal-wrapper-cwls\/","title":{"rendered":"4 oldalas pecs\u00e9tcsomagol\u00f3 CWLS"},"content":{"rendered":"<p>A n\u00e9gyoldalas pecs\u00e9tcsomagol\u00f3 g\u00e9p egy speci\u00e1lis g\u00e9p goly\u00f3k, 3D-s term\u00e9kek \u00e9s lapos nyal\u00f3k\u00e1k csomagol\u00e1s\u00e1ra. Lehet\u0151v\u00e9 teszi a nyal\u00f3kagy\u00e1rt\u00f3 sz\u00e1m\u00e1ra, hogy alternat\u00edv csomagol\u00e1st k\u00edn\u00e1ljon a piacnak, amely t\u00f6bb term\u00e9kc\u00edmke inform\u00e1ci\u00f3t \u00e9s vizu\u00e1lis hat\u00e1st, sz\u00edneket stb. tartalmaz. A CWL-4S 600-as modellt bel\u00e9p\u0151szint\u0171 \u00e9s k\u00f6zepes m\u00e9ret\u0171 gy\u00e1rt\u00f3k sz\u00e1m\u00e1ra tervezt\u00e9k, m\u00edg a CWL-4S 800-as modell ink\u00e1bb a nagy sebess\u00e9g\u0171 ipari alkalmaz\u00e1sokhoz alkalmas. Mivel ez a csomagol\u00f3g\u00e9p nincs mechanikusan \u00f6sszek\u00f6tve a nyal\u00f3kah\u0171t\u0151 alag\u00fattal, a feljebb l\u00e9v\u0151 g\u00e9pekt\u0151l f\u00fcggetlen\u00fcl m\u0171k\u00f6dhet. A csomagol\u00e1si form\u00e1tum, amely n\u00e9gy oldalr\u00f3l z\u00e1r\u00f3dik, nagyfok\u00fa csomagol\u00e1si integrit\u00e1st biztos\u00edt.<\/p>\n<p><img decoding=\"async\" class=\"alignnone wp-image-2666\" src=\"https:\/\/cormac.eu\/wp-content\/uploads\/2022\/04\/application-Knipsel.jpg\" alt=\"\" width=\"205\" height=\"223\" \/><\/p>\n<p>&nbsp;<\/p>\n<table style=\"height: 231px;\" width=\"619\">\n<tbody>\n<tr>\n<td width=\"302\"><strong>Jellemz\u0151k<\/strong><\/td>\n<td width=\"302\"><strong>El\u0151ny\u00f6k<\/strong><\/td>\n<\/tr>\n<tr>\n<td width=\"302\">Rozsdamentes ac\u00e9l kivitel<\/td>\n<td width=\"302\">\n<ul>\n<li>K\u00f6nny\u0171 tiszt\u00edt\u00e1s<\/li>\n<li>Higi\u00e9nikus kialak\u00edt\u00e1s<\/li>\n<\/ul>\n<\/td>\n<\/tr>\n<tr>\n<td width=\"302\">Robusztus g\u00e9pv\u00e1z<\/td>\n<td width=\"302\">\n<ul>\n<li>Megb\u00edzhat\u00f3<\/li>\n<li>Hossz\u00fa m\u0171szaki \u00e9lettartam<\/li>\n<\/ul>\n<\/td>\n<\/tr>\n<\/tbody>\n<\/table>\n<p>&nbsp;<\/p>\n<table>\n<tbody>\n<tr>\n<td width=\"201\"><strong>\u00a0 \u00a0 \u00a0 \u00a0 \u00a0 \u00a0 \u00a0 \u00a0 \u00a0 \u00a0 \u00a0 \u00a0 \u00a0 \u00a0 \u00a0 \u00a0 \u00a0 \u00a0\u00a0<\/strong><\/p>\n<p><strong>Modell<\/strong><\/td>\n<td width=\"201\">\n<p style=\"text-align: center;\"><strong>CWLS-600<\/strong><\/p>\n<\/td>\n<td width=\"201\">\n<p style=\"text-align: center;\"><strong>CWLS-800<\/strong><\/p>\n<\/td>\n<\/tr>\n<tr>\n<td width=\"201\"><strong>Kapacit\u00e1s<\/strong><\/td>\n<td width=\"201\">\n<p style=\"text-align: center;\">600 ppm<\/p>\n<\/td>\n<td width=\"201\">\n<p style=\"text-align: center;\">800 ppm<\/p>\n<\/td>\n<\/tr>\n<tr>\n<td width=\"201\"><strong>Term\u00e9k\u00e1tm\u00e9r\u0151 tartom\u00e1ny<\/strong><\/td>\n<td width=\"201\">\n<p style=\"text-align: center;\">18-35 mm<\/p>\n<\/td>\n<td width=\"201\">\n<p style=\"text-align: center;\">18-35 mm<\/p>\n<\/td>\n<\/tr>\n<tr>\n<td width=\"201\"><strong>P\u00e1lca \u00e1tm\u00e9r\u0151 tartom\u00e1ny<\/strong><\/td>\n<td width=\"201\">\n<p style=\"text-align: center;\">3,2 - 6,0 mm<\/p>\n<\/td>\n<td width=\"201\">\n<p style=\"text-align: center;\">3,2-6,0 mm<\/p>\n<\/td>\n<\/tr>\n<tr>\n<td width=\"201\"><strong>Teljes\u00edtm\u00e9ny<\/strong><\/td>\n<td width=\"201\">\n<p style=\"text-align: center;\">8,5 kW<\/p>\n<\/td>\n<td width=\"201\">\n<p style=\"text-align: center;\">9,5 kW<\/p>\n<\/td>\n<\/tr>\n<\/tbody>\n<\/table>","protected":false},"excerpt":{"rendered":"<p>N\u00e9gyoldalas pecs\u00e9tcsomagol\u00f3 g\u00e9p goly\u00f3k, 3D-s term\u00e9kek \u00e9s lapos nyal\u00f3k\u00e1k, s\u00fctem\u00e9nyek, kekszek stb. csomagol\u00e1s\u00e1ra.<\/p>","protected":false},"featured_media":2667,"comment_status":"open","ping_status":"closed","template":"","meta":{"uix_meta_title":"","uix_meta_description":"","uix_canonical_url":""},"product_brand":[],"product_cat":[105],"product_tag":[],"class_list":{"0":"post-2665","1":"product","2":"type-product","3":"status-publish","4":"has-post-thumbnail","6":"product_cat-packaging","8":"first","9":"instock","10":"shipping-taxable","11":"product-type-simple"},"_links":{"self":[{"href":"https:\/\/cormac.eu\/hu\/wp-json\/wp\/v2\/product\/2665","targetHints":{"allow":["GET"]}}],"collection":[{"href":"https:\/\/cormac.eu\/hu\/wp-json\/wp\/v2\/product"}],"about":[{"href":"https:\/\/cormac.eu\/hu\/wp-json\/wp\/v2\/types\/product"}],"replies":[{"embeddable":true,"href":"https:\/\/cormac.eu\/hu\/wp-json\/wp\/v2\/comments?post=2665"}],"wp:featuredmedia":[{"embeddable":true,"href":"https:\/\/cormac.eu\/hu\/wp-json\/wp\/v2\/media\/2667"}],"wp:attachment":[{"href":"https:\/\/cormac.eu\/hu\/wp-json\/wp\/v2\/media?parent=2665"}],"wp:term":[{"taxonomy":"product_brand","embeddable":true,"href":"https:\/\/cormac.eu\/hu\/wp-json\/wp\/v2\/product_brand?post=2665"},{"taxonomy":"product_cat","embeddable":true,"href":"https:\/\/cormac.eu\/hu\/wp-json\/wp\/v2\/product_cat?post=2665"},{"taxonomy":"product_tag","embeddable":true,"href":"https:\/\/cormac.eu\/hu\/wp-json\/wp\/v2\/product_tag?post=2665"}],"curies":[{"name":"wp","href":"https:\/\/api.w.org\/{rel}","templated":true}]}}