{"id":2664,"date":"2022-04-12T19:01:48","date_gmt":"2022-04-12T17:01:48","guid":{"rendered":"https:\/\/cormac.eu\/?post_type=product&#038;p=2664"},"modified":"2022-05-23T11:26:12","modified_gmt":"2022-05-23T09:26:12","slug":"csokorcsomagolo-cwlb-600-800","status":"publish","type":"product","link":"https:\/\/cormac.eu\/hu\/product\/bunch-wrapper-cwlb-600-800\/","title":{"rendered":"Csomagol\u00f3 CWLB 600-800"},"content":{"rendered":"<p>Ez a nagysebess\u00e9g\u0171 nyal\u00f3kacsomagol\u00f3 g\u00e9p percenk\u00e9nt ak\u00e1r 800 darabos sebess\u00e9get is el\u00e9rhet, fenntartva a g\u00e9p\u00e9szeti megb\u00edzhat\u00f3s\u00e1got \u00e9s a csomagol\u00e1si min\u0151s\u00e9get. A nagym\u00e9ret\u0171 csomagol\u00f3fej 12 csomagol\u00f3\u00e1llom\u00e1ssal van felszerelve, amelyek k\u00f6nnyen lev\u00e1laszthat\u00f3k. Az innovat\u00edv, tart\u00f3s lez\u00e1r\u00f3 rendszer minim\u00e1lis elektromos fogyaszt\u00e1s mellett biztos\u00edtja az ellen\u00e1ll\u00e1st, \u00e9s lehet\u0151v\u00e9 teszi a gyors \u00e9s egyszer\u0171 sz\u00e9tszerel\u00e9st. A g\u00e9p olyan rendszert tartalmaz, amely folyamatosan ellen\u0151rzi \u00e9s automatikusan be\u00e1ll\u00edtja a csomagol\u00f3anyagot, \u00edgy megel\u0151zi a bet\u00f6lt\u0151henger felesleges kop\u00e1s\u00e1t. A g\u00e9p automatikus adagol\u00f3- \u00e9s gy\u0171jt\u0151rendszerrel is sz\u00e1ll\u00edthat\u00f3 a munkaer\u0151k\u00f6lts\u00e9gek cs\u00f6kkent\u00e9se \u00e9s a hat\u00e9konys\u00e1g n\u00f6vel\u00e9se \u00e9rdek\u00e9ben.<\/p>\n<p><img fetchpriority=\"high\" decoding=\"async\" class=\"alignnone wp-image-2660\" src=\"https:\/\/cormac.eu\/wp-content\/uploads\/2022\/04\/Bunch-lollies-300x214.jpg\" alt=\"\" width=\"300\" height=\"214\" srcset=\"https:\/\/cormac.eu\/wp-content\/uploads\/2022\/04\/Bunch-lollies-300x214.jpg 300w, https:\/\/cormac.eu\/wp-content\/uploads\/2022\/04\/Bunch-lollies.jpg 600w\" sizes=\"(max-width: 300px) 100vw, 300px\" \/><img decoding=\"async\" class=\"alignnone size-medium wp-image-2661\" src=\"https:\/\/cormac.eu\/wp-content\/uploads\/2022\/04\/Lollipop-with-flag-142x300.jpg\" alt=\"\" width=\"142\" height=\"300\" srcset=\"https:\/\/cormac.eu\/wp-content\/uploads\/2022\/04\/Lollipop-with-flag-142x300.jpg 142w, https:\/\/cormac.eu\/wp-content\/uploads\/2022\/04\/Lollipop-with-flag-486x1024.jpg 486w, https:\/\/cormac.eu\/wp-content\/uploads\/2022\/04\/Lollipop-with-flag.jpg 600w\" sizes=\"(max-width: 142px) 100vw, 142px\" \/><img decoding=\"async\" class=\"alignnone size-medium wp-image-2662\" src=\"https:\/\/cormac.eu\/wp-content\/uploads\/2022\/04\/Lollipop-with-tattoo-300x260.jpg\" alt=\"\" width=\"300\" height=\"260\" srcset=\"https:\/\/cormac.eu\/wp-content\/uploads\/2022\/04\/Lollipop-with-tattoo-300x260.jpg 300w, https:\/\/cormac.eu\/wp-content\/uploads\/2022\/04\/Lollipop-with-tattoo.jpg 600w\" sizes=\"(max-width: 300px) 100vw, 300px\" \/><\/p>\n<p>&nbsp;<\/p>\n<p>&nbsp;<\/p>\n<table width=\"571\">\n<tbody>\n<tr>\n<td width=\"286\"><strong>Jellemz\u0151k<\/strong><\/td>\n<td width=\"286\"><strong>El\u0151ny\u00f6k<\/strong><\/td>\n<\/tr>\n<tr>\n<td width=\"286\">Rozsdamentes ac\u00e9l kivitel<\/td>\n<td width=\"286\">\n<ul>\n<li>K\u00f6nny\u0171 tiszt\u00edt\u00e1s<\/li>\n<li>Higi\u00e9nikus kialak\u00edt\u00e1s<\/li>\n<\/ul>\n<\/td>\n<\/tr>\n<tr>\n<td width=\"286\">Robusztus g\u00e9pv\u00e1z<\/td>\n<td width=\"286\">\n<ul>\n<li>Megb\u00edzhat\u00f3<\/li>\n<li>Hossz\u00fa m\u0171szaki \u00e9lettartam<\/li>\n<\/ul>\n<\/td>\n<\/tr>\n<tr>\n<td width=\"286\">Integr\u00e1lt teleszk\u00f3pos rendszer<\/td>\n<td width=\"286\">\n<ul>\n<li>K\u00f6nnyen levehet\u0151 csomagol\u00f3\u00e1llom\u00e1sok<\/li>\n<li>K\u00f6nnyen karbantarthat\u00f3 csomagol\u00f3fej<\/li>\n<\/ul>\n<\/td>\n<\/tr>\n<tr>\n<td width=\"286\">\u00c9rint\u0151k\u00e9perny\u0151s kijelz\u0151<\/td>\n<td width=\"286\">\n<ul>\n<li>Egyszer\u0171 szinkroniz\u00e1l\u00e1s vez\u00e9rl\u00e9s<\/li>\n<li>riaszt\u00e1s kijelz\u0151<\/li>\n<li>Be\u00e1ll\u00edt\u00e1sok t\u00e1rol\u00e1sa<\/li>\n<\/ul>\n<\/td>\n<\/tr>\n<tr>\n<td width=\"286\">Modemkapcsolat<\/td>\n<td width=\"286\">\n<ul>\n<li>T\u00e1voli t\u00e1mogat\u00e1s<\/li>\n<li>k\u00f6nny\u0171 integr\u00e1ci\u00f3 a felhaszn\u00e1l\u00f3 intranetj\u00e9be<\/li>\n<\/ul>\n<\/td>\n<\/tr>\n<tr>\n<td width=\"286\">Automatiz\u00e1l\u00e1si lehet\u0151s\u00e9gek<\/td>\n<td width=\"286\">\n<ul>\n<li>Adagol\u00f3szalag<\/li>\n<li>\u00fcr\u00edt\u0151\/gy\u0171jt\u0151szalag<\/li>\n<li>PLC vez\u00e9relt term\u00e9ksz\u00e1ml\u00e1l\u00e1s<\/li>\n<\/ul>\n<\/td>\n<\/tr>\n<\/tbody>\n<\/table>\n<p>&nbsp;<\/p>\n<table>\n<tbody>\n<tr>\n<td width=\"230\"><\/td>\n<td width=\"115\">\n<p style=\"text-align: center;\"><strong>CLWB 400<\/strong><\/p>\n<\/td>\n<td style=\"text-align: center;\" width=\"115\"><strong>CLWB 600<\/strong><\/td>\n<td width=\"115\">\n<p style=\"text-align: center;\"><strong>CLWB 800<\/strong><\/p>\n<\/td>\n<\/tr>\n<tr>\n<td width=\"230\"><strong>Kapacit\u00e1s<\/strong><\/td>\n<td width=\"115\">\n<p style=\"text-align: center;\">400 ppm<\/p>\n<\/td>\n<td style=\"text-align: center;\" width=\"115\">600 ppm<\/td>\n<td width=\"115\">\n<p style=\"text-align: center;\">800 ppm<\/p>\n<\/td>\n<\/tr>\n<tr>\n<td width=\"230\"><strong>lollypop <\/strong><strong>\u00d8 tartom\u00e1ny<\/strong><\/td>\n<td width=\"115\">\n<p style=\"text-align: center;\">18 - 35 mm<\/p>\n<\/td>\n<td style=\"text-align: center;\" width=\"115\">18 - 35 mm<\/td>\n<td width=\"115\">\n<p style=\"text-align: center;\">18 - 35 mm<\/p>\n<\/td>\n<\/tr>\n<tr>\n<td width=\"230\"><strong>Maxim\u00e1lis goly\u00f3hossz<\/strong><\/td>\n<td width=\"115\">\n<p style=\"text-align: center;\">40 mm<\/p>\n<\/td>\n<td style=\"text-align: center;\" width=\"115\">40 mm<\/td>\n<td width=\"115\">\n<p style=\"text-align: center;\">40 mm<\/p>\n<\/td>\n<\/tr>\n<tr>\n<td width=\"230\"><strong>Stick <\/strong><strong>\u00d8 tartom\u00e1ny<\/strong><\/td>\n<td width=\"115\">\n<p style=\"text-align: center;\">3,2 - 6 mm<\/p>\n<\/td>\n<td style=\"text-align: center;\" width=\"115\">3,2 - 6 mm<\/td>\n<td width=\"115\">\n<p style=\"text-align: center;\">3,2 - 6 mm<\/p>\n<\/td>\n<\/tr>\n<tr>\n<td width=\"230\"><strong>Csomagol\u00f3anyag sz\u00e9less\u00e9ge<\/strong><\/td>\n<td width=\"115\">\n<p style=\"text-align: center;\">80 - 135 mm<\/p>\n<\/td>\n<td style=\"text-align: center;\" width=\"115\">80 - 135 mm<\/td>\n<td width=\"115\">\n<p style=\"text-align: center;\">80 - 135 mm<\/p>\n<\/td>\n<\/tr>\n<tr>\n<td width=\"230\"><strong>Csomagol\u00f3anyag max. hossza<\/strong><\/td>\n<td width=\"115\">\n<p style=\"text-align: center;\">135 mm<\/p>\n<\/td>\n<td style=\"text-align: center;\" width=\"115\">135 mm<\/td>\n<td width=\"115\">\n<p style=\"text-align: center;\">135 mm<\/p>\n<\/td>\n<\/tr>\n<tr>\n<td width=\"230\"><strong>Csomagol\u00f3anyag s\u00falytartom\u00e1ny<\/strong><\/td>\n<td width=\"115\">\n<p style=\"text-align: center;\">35-45 gr\/m2<\/p>\n<\/td>\n<td style=\"text-align: center;\" width=\"115\">35-45 gr\/m2<\/td>\n<td width=\"115\">\n<p style=\"text-align: center;\">35-45 gr\/m2<\/p>\n<\/td>\n<\/tr>\n<tr>\n<td width=\"230\"><strong>Max. k\u00fcls\u0151<\/strong><strong> \u00d8 of Reel <\/strong><\/td>\n<td width=\"115\">\n<p style=\"text-align: center;\">300 mm<\/p>\n<\/td>\n<td style=\"text-align: center;\" width=\"115\">300 mm<\/td>\n<td width=\"115\">\n<p style=\"text-align: center;\">300 mm<\/p>\n<\/td>\n<\/tr>\n<tr>\n<td width=\"230\"><strong>Bels\u0151 t\u00e1rcsa <\/strong><strong>\u00d8 tartom\u00e1ny<\/strong><\/td>\n<td width=\"115\">\n<p style=\"text-align: center;\">70 - 76 mm<\/p>\n<\/td>\n<td style=\"text-align: center;\" width=\"115\">70 - 76 mm<\/td>\n<td width=\"115\">\n<p style=\"text-align: center;\">70 - 76 mm<\/p>\n<\/td>\n<\/tr>\n<tr>\n<td width=\"230\"><strong>S\u00falyz\u00f3g\u00e9p<\/strong><\/td>\n<td width=\"115\">\n<p style=\"text-align: center;\">1100 kg<\/p>\n<\/td>\n<td style=\"text-align: center;\" width=\"115\">1200 kg<\/td>\n<td width=\"115\">\n<p style=\"text-align: center;\">2500 kg<\/p>\n<\/td>\n<\/tr>\n<tr>\n<td width=\"230\"><strong>Teljes\u00edtm\u00e9ny<\/strong><\/td>\n<td width=\"115\">\n<p style=\"text-align: center;\">5,5 kW<\/p>\n<\/td>\n<td style=\"text-align: center;\" width=\"115\">9,0 kW<\/td>\n<td width=\"115\">\n<p style=\"text-align: center;\">14,0 kW<\/p>\n<\/td>\n<\/tr>\n<\/tbody>\n<\/table>","protected":false},"excerpt":{"rendered":"<p>Nagy sebess\u00e9g\u0171 csokorcsomagol\u00f3 g\u00e9p goly\u00f3 alak\u00fa nyal\u00f3k\u00e1khoz, 800 ppm sebess\u00e9ggel.<\/p>","protected":false},"featured_media":2659,"comment_status":"open","ping_status":"closed","template":"","meta":{"uix_meta_title":"","uix_meta_description":"","uix_canonical_url":""},"product_brand":[],"product_cat":[104],"product_tag":[],"class_list":{"0":"post-2664","1":"product","2":"type-product","3":"status-publish","4":"has-post-thumbnail","6":"product_cat-processing","8":"first","9":"instock","10":"shipping-taxable","11":"product-type-simple"},"_links":{"self":[{"href":"https:\/\/cormac.eu\/hu\/wp-json\/wp\/v2\/product\/2664","targetHints":{"allow":["GET"]}}],"collection":[{"href":"https:\/\/cormac.eu\/hu\/wp-json\/wp\/v2\/product"}],"about":[{"href":"https:\/\/cormac.eu\/hu\/wp-json\/wp\/v2\/types\/product"}],"replies":[{"embeddable":true,"href":"https:\/\/cormac.eu\/hu\/wp-json\/wp\/v2\/comments?post=2664"}],"wp:featuredmedia":[{"embeddable":true,"href":"https:\/\/cormac.eu\/hu\/wp-json\/wp\/v2\/media\/2659"}],"wp:attachment":[{"href":"https:\/\/cormac.eu\/hu\/wp-json\/wp\/v2\/media?parent=2664"}],"wp:term":[{"taxonomy":"product_brand","embeddable":true,"href":"https:\/\/cormac.eu\/hu\/wp-json\/wp\/v2\/product_brand?post=2664"},{"taxonomy":"product_cat","embeddable":true,"href":"https:\/\/cormac.eu\/hu\/wp-json\/wp\/v2\/product_cat?post=2664"},{"taxonomy":"product_tag","embeddable":true,"href":"https:\/\/cormac.eu\/hu\/wp-json\/wp\/v2\/product_tag?post=2664"}],"curies":[{"name":"wp","href":"https:\/\/api.w.org\/{rel}","templated":true}]}}