{"id":2657,"date":"2022-04-12T18:48:22","date_gmt":"2022-04-12T16:48:22","guid":{"rendered":"https:\/\/cormac.eu\/?post_type=product&#038;p=2657"},"modified":"2022-05-30T16:24:50","modified_gmt":"2022-05-30T14:24:50","slug":"extruder-cstr","status":"publish","type":"product","link":"https:\/\/cormac.eu\/hu\/product\/extruder-cstr\/","title":{"rendered":"Extruder CSTR"},"content":{"rendered":"<p>Ellenforg\u00f3 k\u00e9tcsig\u00e1s extruderek olyan term\u00e9kek extrud\u00e1l\u00e1ssal t\u00f6rt\u00e9n\u0151 el\u0151\u00e1ll\u00edt\u00e1s\u00e1ra, mint a gy\u00fcm\u00f6lcsp\u00e9pek, l\u00e1gy cukork\u00e1k, toffirek, gabona- \u00e9s feh\u00e9rjeszeletek, r\u00e1g\u00f3gumik \u00e9s r\u00e1g\u00f3gumik. Ez az extrudercsal\u00e1d k\u00fcl\u00f6n\u00f6sen alkalmas k\u00f6z\u00e9pen t\u00f6lt\u00f6tt term\u00e9kek el\u0151\u00e1ll\u00edt\u00e1s\u00e1ra. nagy nyom\u00e1s alatt a massza egyenletes \u00e1raml\u00e1sban, folyamatosan extrud\u00e1l\u00f3dik. Az extrud\u00e1l\u00f3fejhez porok, granul\u00e1tumok, f\u00e9lig foly\u00e9kony vagy granul\u00e1tumok t\u00f6lt\u0151berendez\u00e9sei csatlakoztathat\u00f3k, hogy dedik\u00e1ltan k\u00f6z\u00e9pt\u00f6lt\u00e9s\u0171 term\u00e9keket lehessen k\u00e9sz\u00edteni. Ha 2 vagy t\u00f6bb extrudert kombin\u00e1lnak, akkor koextrud\u00e1lt term\u00e9kek k\u00e9sz\u00edthet\u0151k. Az extrud\u00e1l\u00f3fejek \u00e9s a speci\u00e1lis f\u00fav\u00f3k\u00e1k sz\u00e9les v\u00e1laszt\u00e9k\u00e1nak k\u00f6sz\u00f6nhet\u0151en sz\u00e1mos forma-, \u00edz- \u00e9s sz\u00ednkombin\u00e1ci\u00f3 k\u00e9sz\u00edthet\u0151.<\/p>\n<p><img decoding=\"async\" class=\"alignnone wp-image-2655\" src=\"https:\/\/cormac.eu\/wp-content\/uploads\/2022\/04\/Gum-bazooka-300x188.jpg\" alt=\"\" width=\"209\" height=\"131\" srcset=\"https:\/\/cormac.eu\/wp-content\/uploads\/2022\/04\/Gum-bazooka-300x188.jpg 300w, https:\/\/cormac.eu\/wp-content\/uploads\/2022\/04\/Gum-bazooka.jpg 600w\" sizes=\"(max-width: 209px) 100vw, 209px\" \/><img decoding=\"async\" class=\"alignnone wp-image-2654\" src=\"https:\/\/cormac.eu\/wp-content\/uploads\/2022\/04\/Chewy-cubes2.jpg\" alt=\"\" width=\"214\" height=\"126\" \/><img decoding=\"async\" class=\"alignnone wp-image-2656\" src=\"https:\/\/cormac.eu\/wp-content\/uploads\/2022\/04\/Chewy-bar2-300x85.jpg\" alt=\"\" width=\"339\" height=\"96\" srcset=\"https:\/\/cormac.eu\/wp-content\/uploads\/2022\/04\/Chewy-bar2-300x85.jpg 300w, https:\/\/cormac.eu\/wp-content\/uploads\/2022\/04\/Chewy-bar2.jpg 600w\" sizes=\"(max-width: 339px) 100vw, 339px\" \/><\/p>\n<p>&nbsp;<\/p>\n<table width=\"604\">\n<tbody>\n<tr>\n<td width=\"302\"><strong>Jellemz\u0151k<\/strong><\/td>\n<td width=\"302\"><strong>El\u0151ny\u00f6k<\/strong><\/td>\n<\/tr>\n<tr>\n<td width=\"302\">Robusztus kialak\u00edt\u00e1s \u00e9s kivitel<\/td>\n<td width=\"302\">\n<ul>\n<li>Hossz\u00fa \u00e9lettartam<\/li>\n<li>biztons\u00e1gos m\u0171k\u00f6d\u00e9s<\/li>\n<\/ul>\n<\/td>\n<\/tr>\n<tr>\n<td width=\"302\">Rozsdamentes ac\u00e9l a term\u00e9kkel \u00e9rintkez\u0151 ter\u00fcleteken<\/td>\n<td width=\"302\">\n<ul>\n<li>\u00c9lelmiszerbiztons\u00e1g<\/li>\n<li>Higi\u00e9nia<\/li>\n<\/ul>\n<\/td>\n<\/tr>\n<tr>\n<td width=\"302\">2 csavaros adagol\u00f3 \u00e9s ellenforg\u00f3 csavarok<\/td>\n<td width=\"302\">\n<ul>\n<li>Stabil bet\u00e1pl\u00e1l\u00e1s<\/li>\n<li>\u00e1lland\u00f3 term\u00e9k\u00e1raml\u00e1s<\/li>\n<\/ul>\n<\/td>\n<\/tr>\n<tr>\n<td width=\"302\">Dupla k\u00f6penyes extrud\u00e1l\u00f3fej electronix h\u0151m\u00e9rs\u00e9klet-szab\u00e1lyoz\u00e1ssal<\/td>\n<td width=\"302\">\n<ul>\n<li>Egyenletes h\u0151m\u00e9rs\u00e9klet \u00e9s szab\u00e1lyoz\u00e1s<\/li>\n<\/ul>\n<\/td>\n<\/tr>\n<tr>\n<td width=\"302\">V\u00e1ltoz\u00f3 sebess\u00e9g\u0171 meghajt\u00f3<\/td>\n<td width=\"302\">\n<ul>\n<li>Pontos folyamat- \u00e9s sebess\u00e9gszab\u00e1lyoz\u00e1s<\/li>\n<\/ul>\n<\/td>\n<\/tr>\n<tr>\n<td width=\"302\">Opci\u00f3k<\/td>\n<td width=\"302\">\n<ul>\n<li>T\u00f6bb extruder kombin\u00e1ci\u00f3<\/li>\n<\/ul>\n<\/td>\n<\/tr>\n<\/tbody>\n<\/table>","protected":false},"excerpt":{"rendered":"<p>Ikercsavaros extruder gy\u00fcm\u00f6lcspaszt\u00e1k, l\u00e1gy cukork\u00e1k, toffirek, gabonapehely- \u00e9s feh\u00e9rjeszeletek, r\u00e1g\u00f3gumik \u00e9s r\u00e1g\u00f3gumik gy\u00e1rt\u00e1s\u00e1hoz.<\/p>","protected":false},"featured_media":2658,"comment_status":"open","ping_status":"closed","template":"","meta":{"uix_meta_title":"","uix_meta_description":"","uix_canonical_url":""},"product_brand":[],"product_cat":[104],"product_tag":[],"class_list":{"0":"post-2657","1":"product","2":"type-product","3":"status-publish","4":"has-post-thumbnail","6":"product_cat-processing","8":"first","9":"instock","10":"shipping-taxable","11":"product-type-simple"},"_links":{"self":[{"href":"https:\/\/cormac.eu\/hu\/wp-json\/wp\/v2\/product\/2657","targetHints":{"allow":["GET"]}}],"collection":[{"href":"https:\/\/cormac.eu\/hu\/wp-json\/wp\/v2\/product"}],"about":[{"href":"https:\/\/cormac.eu\/hu\/wp-json\/wp\/v2\/types\/product"}],"replies":[{"embeddable":true,"href":"https:\/\/cormac.eu\/hu\/wp-json\/wp\/v2\/comments?post=2657"}],"wp:featuredmedia":[{"embeddable":true,"href":"https:\/\/cormac.eu\/hu\/wp-json\/wp\/v2\/media\/2658"}],"wp:attachment":[{"href":"https:\/\/cormac.eu\/hu\/wp-json\/wp\/v2\/media?parent=2657"}],"wp:term":[{"taxonomy":"product_brand","embeddable":true,"href":"https:\/\/cormac.eu\/hu\/wp-json\/wp\/v2\/product_brand?post=2657"},{"taxonomy":"product_cat","embeddable":true,"href":"https:\/\/cormac.eu\/hu\/wp-json\/wp\/v2\/product_cat?post=2657"},{"taxonomy":"product_tag","embeddable":true,"href":"https:\/\/cormac.eu\/hu\/wp-json\/wp\/v2\/product_tag?post=2657"}],"curies":[{"name":"wp","href":"https:\/\/api.w.org\/{rel}","templated":true}]}}