{"id":2643,"date":"2022-04-12T18:11:57","date_gmt":"2022-04-12T16:11:57","guid":{"rendered":"https:\/\/cormac.eu\/?post_type=product&#038;p=2643"},"modified":"2022-05-30T16:24:58","modified_gmt":"2022-05-30T14:24:58","slug":"coolin-alagut-ctm-2","status":"publish","type":"product","link":"https:\/\/cormac.eu\/hu\/product\/coolin-tunnel-ctm\/","title":{"rendered":"H\u0171t\u0151alag\u00fat CTM"},"content":{"rendered":"<p>Carugil h\u0171t\u0151alag\u00fat CTM modell goly\u00f3s \u00e9s hengeres darabok h\u0171t\u00e9s\u00e9re, t\u00f6m\u00f6r, \u00fcreges \u00e9s t\u00f6lt\u00f6tt darabok h\u0171t\u00e9s\u00e9re. A h\u0171t\u00e9si folyamat sor\u00e1n a term\u00e9k form\u00e1ja nem v\u00e1ltozik. A hat\u00e9kony h\u0171t\u0151leveg\u0151 \u00e1raml\u00e1si rendszernek k\u00f6sz\u00f6nhet\u0151en nagy, ak\u00e1r 1000 kg\/\u00f3ra teljes\u00edtm\u00e9ny is lehets\u00e9ges. Ez a h\u0171t\u0151alag\u00fat k\u00fcl\u00f6nb\u00f6z\u0151 opci\u00f3kkal sz\u00e1ll\u00edthat\u00f3, hogy megfeleljen az \u00fcgyf\u00e9l egyedi helyzet\u00e9nek \u00e9s ig\u00e9nyeinek. Ezenfel\u00fcl a modellt\u0151l f\u00fcgg\u0151en ut\u00f3lagosan nagyobb kapacit\u00e1s\u00fav\u00e1 is fejleszthet\u0151.<br \/>\nEzek a h\u0171t\u0151alagutak konfigur\u00e1lhat\u00f3k nyitott vagy z\u00e1rt kivitelben, kis \u00e9s k\u00f6zepes m\u00e9ret\u0171 gy\u00e1rt\u00f3k vagy nagyobb ipari l\u00e9tes\u00edtm\u00e9nyek sz\u00e1m\u00e1ra. A h\u0171t\u00e9s t\u00f6rt\u00e9nhet g\u00e1zzal vagy h\u0171t\u00f6tt v\u00edzzel.<\/p>\n<p><img decoding=\"async\" class=\"alignnone wp-image-2645\" src=\"https:\/\/cormac.eu\/wp-content\/uploads\/2022\/04\/Chewy-candy-lozenges-300x202.jpg\" alt=\"\" width=\"201\" height=\"135\" srcset=\"https:\/\/cormac.eu\/wp-content\/uploads\/2022\/04\/Chewy-candy-lozenges-300x202.jpg 300w, https:\/\/cormac.eu\/wp-content\/uploads\/2022\/04\/Chewy-candy-lozenges.jpg 600w\" sizes=\"(max-width: 201px) 100vw, 201px\" \/><img decoding=\"async\" class=\"alignnone wp-image-2642\" src=\"https:\/\/cormac.eu\/wp-content\/uploads\/2022\/04\/Mentos-Choco.jpg\" alt=\"\" width=\"184\" height=\"135\" \/><\/p>\n<p>&nbsp;<\/p>\n<table>\n<tbody>\n<tr>\n<td width=\"302\"><strong>Jellemz\u0151k<\/strong><\/td>\n<td width=\"302\"><strong>El\u0151ny\u00f6k<\/strong><\/td>\n<\/tr>\n<tr>\n<td width=\"302\">Extra nagy term\u00e9kszintek<\/td>\n<td width=\"302\">\n<ul>\n<li>A term\u00e9kek folyamatos g\u00f6rd\u00fcl\u00e9se<\/li>\n<li>Megakad\u00e1lyozza a deform\u00e1ci\u00f3t<\/li>\n<\/ul>\n<\/td>\n<\/tr>\n<tr>\n<td width=\"302\">Optim\u00e1lis h\u0171t\u00e9si l\u00e9g\u00e1raml\u00e1si rendszer<\/td>\n<td width=\"302\">\n<ul>\n<li>Nagy kapacit\u00e1s<\/li>\n<li>Egyenletes h\u0171t\u00e9s<\/li>\n<\/ul>\n<\/td>\n<\/tr>\n<tr>\n<td width=\"302\">Modemkapcsolatok<\/td>\n<td width=\"302\">\n<ul>\n<li>T\u00e1voli seg\u00edts\u00e9gny\u00fajt\u00e1s lehets\u00e9ges<\/li>\n<\/ul>\n<\/td>\n<\/tr>\n<tr>\n<td width=\"302\">Rozsdamentes ac\u00e9l kivitel<\/td>\n<td width=\"302\">\n<ul>\n<li>Higi\u00e9nia<\/li>\n<li>k\u00f6nny\u0171 tiszt\u00edt\u00e1s<\/li>\n<\/ul>\n<\/td>\n<\/tr>\n<\/tbody>\n<\/table>\n<p>&nbsp;<\/p>\n<table>\n<tbody>\n<tr>\n<td width=\"201\">\n<p style=\"text-align: center;\">\n<\/td>\n<td style=\"text-align: center;\" width=\"201\"><strong>CTM-6000 modell<\/strong><\/td>\n<td width=\"201\">\n<p style=\"text-align: center;\"><strong>CTM-6000 C modell<\/strong><\/p>\n<\/td>\n<\/tr>\n<tr>\n<td width=\"201\"><strong>Kapacit\u00e1s<\/strong><\/td>\n<td width=\"201\">\n<p style=\"text-align: center;\">Ak\u00e1r 1000 kg\/\u00f3ra<\/p>\n<\/td>\n<td width=\"201\">\n<p style=\"text-align: center;\">Ak\u00e1r 1000 kg\/\u00f3ra<\/p>\n<\/td>\n<\/tr>\n<tr>\n<td width=\"201\"><strong>Nr. Szintek sz\u00e1ma<\/strong><\/td>\n<td width=\"201\">\n<p style=\"text-align: center;\">3<\/p>\n<\/td>\n<td width=\"201\">\n<p style=\"text-align: center;\">3<\/p>\n<\/td>\n<\/tr>\n<tr>\n<td width=\"201\"><strong>M\u00e9retek<\/strong><\/td>\n<td width=\"201\">\n<p style=\"text-align: center;\">2985 x 1120 x 965 mm<\/p>\n<\/td>\n<td width=\"201\">\n<p style=\"text-align: center;\">3750 x 1710 x 1800 mm<\/p>\n<\/td>\n<\/tr>\n<tr>\n<td width=\"201\"><strong>H\u0171t\u0151rendszer<\/strong><\/td>\n<td width=\"201\">\n<p style=\"text-align: center;\">K\u00f6rnyezeti leveg\u0151<\/p>\n<\/td>\n<td width=\"201\">\n<p style=\"text-align: center;\">30 kW-ig<\/p>\n<\/td>\n<\/tr>\n<tr>\n<td width=\"201\"><strong>Teljes\u00edtm\u00e9ny<\/strong><\/td>\n<td width=\"201\">\n<p style=\"text-align: center;\">1,05 kW<\/p>\n<\/td>\n<td width=\"201\">\n<p style=\"text-align: center;\">1,05 kW + h\u0171t\u0151egys\u00e9g<\/p>\n<\/td>\n<\/tr>\n<\/tbody>\n<\/table>","protected":false},"excerpt":{"rendered":"<p>H\u0171t\u0151alag\u00fat goly\u00f3s \u00e9s hengeres darabok h\u0171t\u00e9s\u00e9re, t\u00f6m\u00f6r, \u00fcreges \u00e9s t\u00f6lt\u00f6tt.<\/p>","protected":false},"featured_media":2644,"comment_status":"open","ping_status":"closed","template":"","meta":{"uix_meta_title":"","uix_meta_description":"","uix_canonical_url":""},"product_brand":[],"product_cat":[104],"product_tag":[],"class_list":{"0":"post-2643","1":"product","2":"type-product","3":"status-publish","4":"has-post-thumbnail","6":"product_cat-processing","8":"first","9":"instock","10":"shipping-taxable","11":"product-type-simple"},"_links":{"self":[{"href":"https:\/\/cormac.eu\/hu\/wp-json\/wp\/v2\/product\/2643","targetHints":{"allow":["GET"]}}],"collection":[{"href":"https:\/\/cormac.eu\/hu\/wp-json\/wp\/v2\/product"}],"about":[{"href":"https:\/\/cormac.eu\/hu\/wp-json\/wp\/v2\/types\/product"}],"replies":[{"embeddable":true,"href":"https:\/\/cormac.eu\/hu\/wp-json\/wp\/v2\/comments?post=2643"}],"wp:featuredmedia":[{"embeddable":true,"href":"https:\/\/cormac.eu\/hu\/wp-json\/wp\/v2\/media\/2644"}],"wp:attachment":[{"href":"https:\/\/cormac.eu\/hu\/wp-json\/wp\/v2\/media?parent=2643"}],"wp:term":[{"taxonomy":"product_brand","embeddable":true,"href":"https:\/\/cormac.eu\/hu\/wp-json\/wp\/v2\/product_brand?post=2643"},{"taxonomy":"product_cat","embeddable":true,"href":"https:\/\/cormac.eu\/hu\/wp-json\/wp\/v2\/product_cat?post=2643"},{"taxonomy":"product_tag","embeddable":true,"href":"https:\/\/cormac.eu\/hu\/wp-json\/wp\/v2\/product_tag?post=2643"}],"curies":[{"name":"wp","href":"https:\/\/api.w.org\/{rel}","templated":true}]}}