{"id":2491,"date":"2022-04-08T17:47:59","date_gmt":"2022-04-08T15:47:59","guid":{"rendered":"https:\/\/cormac.eu\/?post_type=product&#038;p=2491"},"modified":"2022-05-30T16:26:38","modified_gmt":"2022-05-30T14:26:38","slug":"batvch-edzogep-2","status":"publish","type":"product","link":"https:\/\/cormac.eu\/hu\/product\/batvch-tempering-machine\/","title":{"rendered":"Batch temper\u00e1l\u00f3 g\u00e9p"},"content":{"rendered":"<p>Ez a t\u00e9teles csokol\u00e1d\u00e9 temper\u00e1l\u00f3 egys\u00e9g a csokol\u00e1d\u00e9 form\u00e1z\u00e1shoz \u00e9s bevon\u00e1shoz val\u00f3 el\u0151k\u00e9sz\u00edt\u00e9s\u00e9re szolg\u00e1l. A k\u00e9sz\u00fcl\u00e9k 40 KG vagy 100 KG t\u00e9telkapacit\u00e1ssal sz\u00e1ll\u00edthat\u00f3.<\/p>\n<p>A csokol\u00e1d\u00e9t egy adagol\u00f3szivatty\u00fa automatikusan adagolja a dupla k\u00f6penyes tart\u00e1lyba. A g\u00e9p egy digit\u00e1lis h\u0151m\u00e9r\u0151vel \u00f6sszekapcsolt m\u00e1gnesszelep seg\u00edts\u00e9g\u00e9vel automatikus hidegv\u00edz-bevezet\u00e9st tesz lehet\u0151v\u00e9. A tart\u00e1ly belsej\u00e9ben a forg\u00f3t\u00e1ny\u00e9rok egy motoros tengelyre vannak szerelve. A lemezek k\u00fcl\u00f6n\u00e1ll\u00f3 rekeszekben vannak elhelyezve, amelyeket keringetett h\u0171t\u00f6tt v\u00edzzel h\u0171tenek. A csokol\u00e1d\u00e9 a lemezek \u00e9s a rekesz k\u00f6z\u00f6tt kering, biztos\u00edtva a hat\u00e9kony h\u0151m\u00e9rs\u00e9klet-\u00e1tad\u00e1st. A digit\u00e1lis h\u0151m\u00e9r\u0151 az elektromos f\u0171t\u00e9ssel vagy a hidegv\u00edz-bemenet m\u00e1gnesszelep\u00e9vel val\u00f3 \u00f6sszek\u00f6ttet\u00e9sen kereszt\u00fcl szab\u00e1lyozza a k\u00edv\u00e1nt h\u0151m\u00e9rs\u00e9kleti tartom\u00e1nyt. A temper\u00e1l\u00f3g\u00e9pb\u0151l a temper\u00e1lt csokol\u00e1d\u00e9t a fogyaszt\u00e1si pontra szivatty\u00fazz\u00e1k, ahonnan a fel nem haszn\u00e1lt csokol\u00e1d\u00e9 visszaker\u00fclhet a temper\u00e1l\u00f3g\u00e9pbe. A szivatty\u00fak \u00e9s a cs\u0151vezet\u00e9kek az ell\u00e1t\u00e1s r\u00e9sz\u00e9t k\u00e9pezhetik. A g\u00e9p k\u00e9pes a sima csokol\u00e1d\u00e9 \u00e9s a z\u00e1rv\u00e1nyokkal ell\u00e1tott csokol\u00e1d\u00e9 temper\u00e1l\u00e1s\u00e1ra is.<\/p>\n<p><em>A temper\u00e1l\u00e1s az a folyamat, amelynek sor\u00e1n a csokol\u00e1d\u00e9ban l\u00e9v\u0151 kaka\u00f3vajkrist\u00e1lyok \u00fajra stabil b\u00e9ta-krist\u00e1lyokk\u00e1 alakulnak. \u00c1ltal\u00e1ban a folyamat els\u0151 l\u00e9p\u00e9se a csokol\u00e1d\u00e9 46 \u00b0C-ra t\u00f6rt\u00e9n\u0151 felmeleg\u00edt\u00e9se, amelynek eredm\u00e9nyek\u00e9nt a krist\u00e1lyok mind a hat form\u00e1ja megolvad. Ezut\u00e1n m\u00e1sodik l\u00e9p\u00e9sk\u00e9nt a csokol\u00e1d\u00e9t k\u00f6r\u00fclbel\u00fcl 27 \u00b0C-ra h\u0171tik le.  Ezen a h\u0151m\u00e9rs\u00e9kleten a csokol\u00e1d\u00e9t megmozgatj\u00e1k, hogy a csokol\u00e1d\u00e9ban apr\u00f3 krist\u00e1lyok keletkezzenek.  Ezt k\u00f6vet\u0151en a csokol\u00e1d\u00e9t ism\u00e9t felmeleg\u00edtik 31 \u00b0C-ra , aminek hat\u00e1s\u00e1ra csak a k\u00edv\u00e1nt V. krist\u00e1lyforma marad meg a csokol\u00e1d\u00e9massz\u00e1ban. A csokol\u00e1d\u00e9t most m\u00e1r \u00e1lland\u00f3an ezen a h\u0151m\u00e9rs\u00e9kleten kell tartani, hogy k\u00e9szen \u00e1lljon a form\u00e1z\u00e1sra vagy bevon\u00e1sra, \u00edgy biztos\u00edtva a sima \u00e9s f\u00e9nyes csokol\u00e1d\u00e9t.<\/em><\/p>\n<p>&nbsp;<\/p>\n<table width=\"604\">\n<tbody>\n<tr>\n<td width=\"302\"><strong>Jellemz\u0151k<\/strong><\/td>\n<td width=\"302\"><strong>El\u0151ny\u00f6k<\/strong><\/td>\n<\/tr>\n<tr>\n<td width=\"302\">Kompakt kialak\u00edt\u00e1s<\/td>\n<td width=\"302\">\n<ul>\n<li>Kis helyfoglal\u00e1s<\/li>\n<\/ul>\n<\/td>\n<\/tr>\n<tr>\n<td width=\"302\">\u00c1tl\u00e1tsz\u00f3 bor\u00edt\u00f3<\/td>\n<td width=\"302\">\n<ul>\n<li>Szemrev\u00e9telez\u00e9ses ellen\u0151rz\u00e9s folyamat k\u00f6zben<\/li>\n<li>K\u00f6nny\u0171 hozz\u00e1f\u00e9r\u00e9s a tiszt\u00edt\u00e1shoz<\/li>\n<\/ul>\n<\/td>\n<\/tr>\n<tr>\n<td width=\"302\">Kever\u0151g\u00e9p kapar\u00f3kkal<\/td>\n<td width=\"302\">\n<ul>\n<li>Tartsa a csokol\u00e1d\u00e9t homog\u00e9n<\/li>\n<li>Tartsa tiszt\u00e1n a tart\u00e1ly bels\u0151 fal\u00e1t<\/li>\n<\/ul>\n<\/td>\n<\/tr>\n<tr>\n<td width=\"302\">PT-100 szonda a tart\u00e1ly k\u00f6zep\u00e9n<\/td>\n<td width=\"302\">\n<ul>\n<li>A h\u0151m\u00e9rs\u00e9klet leolvas\u00e1sa a legmelegebb ponton<\/li>\n<\/ul>\n<\/td>\n<\/tr>\n<tr>\n<td width=\"302\"><\/td>\n<td width=\"302\"><\/td>\n<\/tr>\n<\/tbody>\n<\/table>","protected":false},"excerpt":{"rendered":"<p>Csokol\u00e1d\u00e9 t\u00e9teles temper\u00e1l\u00f3 g\u00e9p 40 vagy 100 kg-os csokol\u00e1d\u00e9hoz<\/p>","protected":false},"featured_media":2482,"comment_status":"open","ping_status":"closed","template":"","meta":{"uix_meta_title":"","uix_meta_description":"","uix_canonical_url":""},"product_brand":[],"product_cat":[104,107],"product_tag":[],"class_list":{"0":"post-2491","1":"product","2":"type-product","3":"status-publish","4":"has-post-thumbnail","6":"product_cat-processing","7":"product_cat-artisanal","9":"first","10":"instock","11":"shipping-taxable","12":"product-type-simple"},"_links":{"self":[{"href":"https:\/\/cormac.eu\/hu\/wp-json\/wp\/v2\/product\/2491","targetHints":{"allow":["GET"]}}],"collection":[{"href":"https:\/\/cormac.eu\/hu\/wp-json\/wp\/v2\/product"}],"about":[{"href":"https:\/\/cormac.eu\/hu\/wp-json\/wp\/v2\/types\/product"}],"replies":[{"embeddable":true,"href":"https:\/\/cormac.eu\/hu\/wp-json\/wp\/v2\/comments?post=2491"}],"wp:featuredmedia":[{"embeddable":true,"href":"https:\/\/cormac.eu\/hu\/wp-json\/wp\/v2\/media\/2482"}],"wp:attachment":[{"href":"https:\/\/cormac.eu\/hu\/wp-json\/wp\/v2\/media?parent=2491"}],"wp:term":[{"taxonomy":"product_brand","embeddable":true,"href":"https:\/\/cormac.eu\/hu\/wp-json\/wp\/v2\/product_brand?post=2491"},{"taxonomy":"product_cat","embeddable":true,"href":"https:\/\/cormac.eu\/hu\/wp-json\/wp\/v2\/product_cat?post=2491"},{"taxonomy":"product_tag","embeddable":true,"href":"https:\/\/cormac.eu\/hu\/wp-json\/wp\/v2\/product_tag?post=2491"}],"curies":[{"name":"wp","href":"https:\/\/api.w.org\/{rel}","templated":true}]}}