{"id":2488,"date":"2022-04-07T23:03:37","date_gmt":"2022-04-07T21:03:37","guid":{"rendered":"https:\/\/cormac.eu\/?post_type=product&#038;p=2488"},"modified":"2022-05-30T16:26:45","modified_gmt":"2022-05-30T14:26:45","slug":"bch-csokolade-szivattyu","status":"publish","type":"product","link":"https:\/\/cormac.eu\/hu\/product\/bch-chocolate-pump\/","title":{"rendered":"Csokol\u00e1d\u00e9 szivatty\u00fa BCH"},"content":{"rendered":"<p>A Lloveras BCH csokol\u00e1d\u00e9szivatty\u00fak ide\u00e1lisak csokol\u00e1d\u00e9, vegy\u00fcletek, kr\u00e9mek \u00e9s hasonl\u00f3 t\u00edpus\u00fa t\u00f6megek egyenletes \u00e1raml\u00e1s\u00fa tov\u00e1bb\u00edt\u00e1s\u00e1ra a bels\u0151 h\u0151m\u00e9rs\u00e9klet \u00e9s a viszkozit\u00e1si \u00e9rt\u00e9kek megv\u00e1ltoztat\u00e1sa n\u00e9lk\u00fcl. Ez a fogasker\u00e9kszivatty\u00fa kett\u0151s k\u00f6peny\u0171 testb\u0151l \u00e1ll, amely f\u0171t\u0151v\u00edzk\u00f6rh\u00f6z val\u00f3 csatlakoztat\u00e1sra van el\u0151k\u00e9sz\u00edtve.  A t\u00f6meg sz\u00e1ll\u00edt\u00e1sa egy fordulatsz\u00e1m-cs\u00f6kkent\u0151 motor seg\u00edts\u00e9g\u00e9vel t\u00f6rt\u00e9nik, amelynek erej\u00e9t egy mechanikus tengelykapcsol\u00f3 k\u00f6zvet\u00edti a szivatty\u00fatestre. A bels\u0151 fogaskerekek \u00e1tpump\u00e1lj\u00e1k a t\u00f6meget. A mechanikus \u00e9s elektronikus, t\u00f6bbsebess\u00e9ges szivatty\u00fak lehet\u0151v\u00e9 teszik olyan term\u00e9kek, mint a kaka\u00f3l\u00e9 \u00e9s a vaj, a foly\u00e9kony zs\u00edrok \u00e9s m\u00e1s, viszonylag magas zs\u00edrtartalm\u00fa t\u00f6megek szivatty\u00faz\u00e1s\u00e1t. A Lloveras BCH t\u00edpus\u00fa szivatty\u00fa megfelel\u0151 be- \u00e9s kimeneti karim\u00e1kkal \u00e9s csatlakoz\u00f3kkal van ell\u00e1tva, ami megk\u00f6nny\u00edti a beszerel\u00e9st. E szivatty\u00fakhoz p\u00f3talkatr\u00e9szek is kaphat\u00f3k.<\/p>\n<p><strong>T\u00edpusok <\/strong>(<em>a rendelkez\u00e9sre \u00e1ll\u00e1st k\u00e9r\u00e9sre meg kell er\u0151s\u00edteni<\/em>)<\/p>\n<table style=\"height: 265px;\" width=\"754\">\n<tbody>\n<tr>\n<td width=\"144\"><\/td>\n<td width=\"153\">\n<p style=\"text-align: center;\"><strong>BCH-40<\/strong><\/p>\n<\/td>\n<td style=\"text-align: center;\" width=\"153\"><strong>BCH-55<\/strong><\/td>\n<td width=\"153\">\n<p style=\"text-align: center;\"><strong>BCH- 70<\/strong><\/p>\n<\/td>\n<\/tr>\n<tr>\n<td width=\"144\">\n<p style=\"text-align: center;\"><strong>kW<\/strong><\/p>\n<\/td>\n<td width=\"153\">\n<p style=\"text-align: center;\">0,55 - 0,75<\/p>\n<\/td>\n<td style=\"text-align: center;\" width=\"153\">1,1 - 1,5 - 2,2<\/td>\n<td width=\"153\">\n<p style=\"text-align: center;\">3 - 4 - 5,5 - 11<\/p>\n<\/td>\n<\/tr>\n<tr>\n<td width=\"144\">\n<p style=\"text-align: center;\"><strong>rpm<\/strong><\/p>\n<\/td>\n<td width=\"153\">\u00a0120\u00a0 \u00a0~ \u00a0\u00a0\u00a0200 \u00a0~ \u00a0\u00a0\u00a0250<\/td>\n<td width=\"153\">120\u00a0\u00a0 ~ \u00a0\u00a0\u00a0200 \u00a0~\u00a0 \u00a0250<\/td>\n<td width=\"153\">\u00a0\u00a0155 \u00a0~ \u00a0\u00a0205 ~ \u00a0\u00a0\u00a0\u00a0255<\/td>\n<\/tr>\n<tr>\n<td width=\"144\">\n<p style=\"text-align: center;\"><strong>l\/h<\/strong><\/p>\n<\/td>\n<td width=\"153\">\u00a0 870\u00a0 ~ \u00a01140 \u00a0~ \u00a01800<\/td>\n<td width=\"153\">2400 ~ \u00a04000 ~ \u00a05000<\/td>\n<td width=\"153\">7500 \u00a0~ 9900 ~ 12300<\/td>\n<\/tr>\n<\/tbody>\n<\/table>\n<p>&nbsp;<\/p>\n<table width=\"604\">\n<tbody>\n<tr>\n<td width=\"302\">\n<p style=\"text-align: center;\"><strong>Jellemz\u0151k<\/strong><\/p>\n<\/td>\n<td width=\"302\">\n<p style=\"text-align: center;\"><strong>El\u0151ny\u00f6k<\/strong><\/p>\n<\/td>\n<\/tr>\n<tr>\n<td width=\"302\">Elszigetelt motor<\/td>\n<td width=\"302\">\n<ul>\n<li>Nincs term\u00e9kszennyez\u00e9s<\/li>\n<\/ul>\n<\/td>\n<\/tr>\n<tr>\n<td width=\"302\">Kiv\u00e1l\u00f3 min\u0151s\u00e9g\u0171 csap\u00e1gyak \u00e9s t\u00f6m\u00edt\u00e9sek<\/td>\n<td width=\"302\">\n<ul>\n<li>K\u00fcls\u0151 sziv\u00e1rg\u00e1sok megel\u0151z\u00e9se<\/li>\n<\/ul>\n<\/td>\n<\/tr>\n<tr>\n<td width=\"302\">A term\u00e9k be- \u00e9s kimeneti ny\u00edl\u00e1s\u00e1nak oldalir\u00e1ny\u00fa elhelyez\u00e9se<\/td>\n<td width=\"302\">\n<ul>\n<li>\u00a0A t\u00f6meg fizikai jellemz\u0151inek v\u00e1ltozatlans\u00e1ga<\/li>\n<\/ul>\n<\/td>\n<\/tr>\n<tr>\n<td width=\"302\">Dupla k\u00f6penyes szivatty\u00fatest<\/td>\n<td width=\"302\">\n<ul>\n<li>kiv\u00e1l\u00f3 h\u0151m\u00e9rs\u00e9klet-szab\u00e1lyoz\u00e1s<\/li>\n<li>\u00e1lland\u00f3 egyenletes \u00e1raml\u00e1s<\/li>\n<\/ul>\n<\/td>\n<\/tr>\n<\/tbody>\n<\/table>\n<p>&nbsp;<\/p>","protected":false},"excerpt":{"rendered":"<p>Szivatty\u00fa csokol\u00e1d\u00e9, vegy\u00fcletek, kr\u00e9mek \u00e9s hasonl\u00f3 t\u00edpus\u00fa t\u00f6megek \u00e1tvitel\u00e9re.<\/p>","protected":false},"featured_media":2486,"comment_status":"open","ping_status":"closed","template":"","meta":{"uix_meta_title":"","uix_meta_description":"","uix_canonical_url":""},"product_brand":[],"product_cat":[104],"product_tag":[],"class_list":{"0":"post-2488","1":"product","2":"type-product","3":"status-publish","4":"has-post-thumbnail","6":"product_cat-processing","8":"first","9":"instock","10":"shipping-taxable","11":"product-type-simple"},"_links":{"self":[{"href":"https:\/\/cormac.eu\/hu\/wp-json\/wp\/v2\/product\/2488","targetHints":{"allow":["GET"]}}],"collection":[{"href":"https:\/\/cormac.eu\/hu\/wp-json\/wp\/v2\/product"}],"about":[{"href":"https:\/\/cormac.eu\/hu\/wp-json\/wp\/v2\/types\/product"}],"replies":[{"embeddable":true,"href":"https:\/\/cormac.eu\/hu\/wp-json\/wp\/v2\/comments?post=2488"}],"wp:featuredmedia":[{"embeddable":true,"href":"https:\/\/cormac.eu\/hu\/wp-json\/wp\/v2\/media\/2486"}],"wp:attachment":[{"href":"https:\/\/cormac.eu\/hu\/wp-json\/wp\/v2\/media?parent=2488"}],"wp:term":[{"taxonomy":"product_brand","embeddable":true,"href":"https:\/\/cormac.eu\/hu\/wp-json\/wp\/v2\/product_brand?post=2488"},{"taxonomy":"product_cat","embeddable":true,"href":"https:\/\/cormac.eu\/hu\/wp-json\/wp\/v2\/product_cat?post=2488"},{"taxonomy":"product_tag","embeddable":true,"href":"https:\/\/cormac.eu\/hu\/wp-json\/wp\/v2\/product_tag?post=2488"}],"curies":[{"name":"wp","href":"https:\/\/api.w.org\/{rel}","templated":true}]}}