{"id":2478,"date":"2022-04-03T13:47:42","date_gmt":"2022-04-03T11:47:42","guid":{"rendered":"https:\/\/cormac.eu\/?post_type=product&#038;p=2478"},"modified":"2023-10-27T15:21:33","modified_gmt":"2023-10-27T13:21:33","slug":"cocoa-bean-crusher","status":"publish","type":"product","link":"https:\/\/cormac.eu\/hu\/product\/cocoa-bean-crusher\/","title":{"rendered":"Cocoa bean crusher"},"content":{"rendered":"<p>The compact Cocoabean crusher and separator crushes cocoa beans and separates the nibs from the shells by means of air. The machine consists of a hopper and a rotating mechanism that crushes the cocoa beans. The nibs and the shells are then separated by means of air fluxes. These split the stream of \u00a0particles with lower density to a cyclone and the separated nibs to a reception container so they can be further processed.<\/p>\n<p>&nbsp;<\/p>\n<table width=\"604\">\n<tbody>\n<tr>\n<td width=\"302\"><strong>Jellemz\u0151k<\/strong><\/td>\n<td width=\"302\"><strong>El\u0151ny\u00f6k<\/strong><\/td>\n<\/tr>\n<tr>\n<td width=\"302\">Kompakt<\/td>\n<td width=\"302\">\n<ul>\n<li>Cs\u00f6kkentett l\u00e1bnyom<\/li>\n<\/ul>\n<\/td>\n<\/tr>\n<tr>\n<td width=\"302\">K\u00f6nny\u0171 kezelhet\u0151s\u00e9g<\/td>\n<td width=\"302\">\n<ul>\n<li>Nincs sz\u00fcks\u00e9g speci\u00e1lis szakk\u00e9pzett szem\u00e9lyzetre<\/li>\n<\/ul>\n<\/td>\n<\/tr>\n<\/tbody>\n<\/table>","protected":false},"excerpt":{"rendered":"<p>Compact machine to crush cocoabeans and separate the the nibs from the shells.<\/p>","protected":false},"featured_media":2475,"comment_status":"open","ping_status":"closed","template":"","meta":{"uix_meta_title":"","uix_meta_description":"","uix_canonical_url":""},"product_brand":[],"product_cat":[104],"product_tag":[],"class_list":{"0":"post-2478","1":"product","2":"type-product","3":"status-publish","4":"has-post-thumbnail","6":"product_cat-processing","8":"first","9":"instock","10":"shipping-taxable","11":"product-type-simple"},"_links":{"self":[{"href":"https:\/\/cormac.eu\/hu\/wp-json\/wp\/v2\/product\/2478","targetHints":{"allow":["GET"]}}],"collection":[{"href":"https:\/\/cormac.eu\/hu\/wp-json\/wp\/v2\/product"}],"about":[{"href":"https:\/\/cormac.eu\/hu\/wp-json\/wp\/v2\/types\/product"}],"replies":[{"embeddable":true,"href":"https:\/\/cormac.eu\/hu\/wp-json\/wp\/v2\/comments?post=2478"}],"wp:featuredmedia":[{"embeddable":true,"href":"https:\/\/cormac.eu\/hu\/wp-json\/wp\/v2\/media\/2475"}],"wp:attachment":[{"href":"https:\/\/cormac.eu\/hu\/wp-json\/wp\/v2\/media?parent=2478"}],"wp:term":[{"taxonomy":"product_brand","embeddable":true,"href":"https:\/\/cormac.eu\/hu\/wp-json\/wp\/v2\/product_brand?post=2478"},{"taxonomy":"product_cat","embeddable":true,"href":"https:\/\/cormac.eu\/hu\/wp-json\/wp\/v2\/product_cat?post=2478"},{"taxonomy":"product_tag","embeddable":true,"href":"https:\/\/cormac.eu\/hu\/wp-json\/wp\/v2\/product_tag?post=2478"}],"curies":[{"name":"wp","href":"https:\/\/api.w.org\/{rel}","templated":true}]}}