{"id":2466,"date":"2022-04-03T12:51:05","date_gmt":"2022-04-03T10:51:05","guid":{"rendered":"https:\/\/cormac.eu\/?post_type=product&#038;p=2466"},"modified":"2022-05-30T16:26:53","modified_gmt":"2022-05-30T14:26:53","slug":"univerzalis-finomito-conche-2","status":"publish","type":"product","link":"https:\/\/cormac.eu\/hu\/product\/universal-refiner-conche\/","title":{"rendered":"Univerz\u00e1lis finom\u00edt\u00f3 conche"},"content":{"rendered":"<p>Az univerz\u00e1lis g\u00e9p egy j\u00f3l bev\u00e1lt berendez\u00e9s, amelyet a Lloveras v\u00e1llalat m\u00e1r t\u00f6bb mint 40 \u00e9ve gy\u00e1rt.  A Cormac Industrial a kor\u00e1bbi Lloveras alv\u00e1llalkoz\u00f3kkal egy\u00fcttm\u0171k\u00f6dve m\u00e9g mindig k\u00e9pes sz\u00e1ll\u00edtani ezt a g\u00e9pt\u00edpust \u00e9s az ahhoz sz\u00fcks\u00e9ges alkatr\u00e9szeket. Ez a g\u00e9p mintegy 5 k\u00fcl\u00f6nb\u00f6z\u0151 g\u00e9p funkci\u00f3it egyes\u00edti egyetlen kompakt g\u00e9pben, gondoljunk csak egy cukor-, egy kaka\u00f3-, egy kever\u0151-, egy finom\u00edt\u00f3- \u00e9s egy conche-malomra.  Az UNIVERSAL ide\u00e1lis g\u00e9p a k\u00f6vetkez\u0151k el\u0151\u00e1ll\u00edt\u00e1s\u00e1hoz: klasszikus, kiv\u00e1l\u00f3 min\u0151s\u00e9g\u0171 csokol\u00e1d\u00e9kever\u00e9kek, di\u00f3kr\u00e9mek, csokol\u00e1d\u00e9t\u00f6ltel\u00e9kek, pralin\u00e9k, valamint kiv\u00e1l\u00f3 g\u00e9p a hullad\u00e9kok \u00e9s az ut\u00f3munka feldolgoz\u00e1s\u00e1ra is.  Tov\u00e1bbi el\u0151nye, hogy alacsony zs\u00edrtartalm\u00fa receptek feldolgoz\u00e1s\u00e1ra is alkalmas, ak\u00e1r 26% teljes zs\u00edrtartalomig. A g\u00e9pet automatikusan vagy k\u00e9zzel is be lehet t\u00f6lteni, \u00e9s ha m\u00e1r \u00fczembe helyezt\u00e9k, fel\u00fcgyelet n\u00e9lk\u00fcl is m\u0171k\u00f6dik. A feldolgoz\u00e1si id\u0151 a recept\u00far\u00e1t\u00f3l, a kezdeti finoms\u00e1gt\u00f3l \u00e9s a k\u00edv\u00e1nt v\u00e9gs\u0151 finoms\u00e1gt\u00f3l f\u00fcgg. P\u00e9ld\u00e1ul a t\u00f6rmel\u00e9k \u00fajrafeldolgoz\u00e1sa csak egy-k\u00e9t \u00f3r\u00e1t vehet ig\u00e9nybe, m\u00edg egy nagyon sima val\u00f3di csokol\u00e1d\u00e9 24 \u00f3r\u00e1t is ig\u00e9nybe vehet. A receptben krist\u00e1lycukor vagy porcukor is haszn\u00e1lhat\u00f3, ez ut\u00f3bbi alacsonyabb feldolgoz\u00e1si id\u0151t eredm\u00e9nyez. Az \u0151rl\u00e9si m\u0171velet \u00fagy t\u00f6rt\u00e9nik, hogy a g\u00e9p hornyolt b\u00e9l\u00e9s\u00e9hez edzett ac\u00e9lpeng\u00e9ket nyomnak.  A nyom\u00e1s teljesen szab\u00e1lyozhat\u00f3, \u00e9s a v\u00e9gs\u0151 finoms\u00e1g el\u00e9r\u00e9se ut\u00e1n a nyom\u00e1s sz\u00fcks\u00e9g eset\u00e9n felengedhet\u0151 a v\u00e9gs\u0151 kong\u00e1l\u00e1shoz. A Lloveras finom\u00edt\u00f3 conche-nak vil\u00e1gszerte hatalmas telep\u00edtett b\u00e1zisa van, mivel viszonylag alacsony a beruh\u00e1z\u00e1si k\u00f6lts\u00e9ge a klasszikus csokol\u00e1d\u00e9feldolgoz\u00f3 berendez\u00e9sekhez k\u00e9pest, amelyek k\u00fcl\u00f6n kever\u0151ket, hengeres finom\u00edt\u00f3kat, conche-okat stb. haszn\u00e1lnak.  K\u00fcl\u00f6nb\u00f6z\u0151 kivitelekben sz\u00e1ll\u00edthat\u00f3, a k\u00f6vetkez\u0151 t\u00e9telm\u00e9retekkel<br \/>\n20, 60, 200, 500, 1000, 1500 \u00e9s 3000 KG.<\/p>\n<p>&nbsp;<\/p>\n<table width=\"604\">\n<tbody>\n<tr>\n<td width=\"302\"><strong>Jellemz\u0151k<\/strong><\/td>\n<td width=\"302\"><strong>El\u0151ny\u00f6k<\/strong><\/td>\n<\/tr>\n<tr>\n<td width=\"302\">Kompakt<\/td>\n<td width=\"302\">\n<ul>\n<li>Cs\u00f6kkentett l\u00e1bnyom<\/li>\n<\/ul>\n<\/td>\n<\/tr>\n<tr>\n<td width=\"302\">K\u00f6nny\u0171 kezelhet\u0151s\u00e9g<\/td>\n<td width=\"302\">\n<ul>\n<li>Nincs sz\u00fcks\u00e9g speci\u00e1lis szakk\u00e9pzett szem\u00e9lyzetre<\/li>\n<\/ul>\n<\/td>\n<\/tr>\n<tr>\n<td width=\"302\">K\u00f6nny\u0171 alkatr\u00e9szcsere<\/td>\n<td width=\"302\">\n<ul>\n<li>A peng\u00e9ket, falburkolatokat \u00e9s egy\u00e9b alkatr\u00e9szeket az \u00fcgyf\u00e9l saj\u00e1t karbantart\u00f3i cser\u00e9lhetik.<\/li>\n<\/ul>\n<\/td>\n<\/tr>\n<tr>\n<td width=\"302\">PLC vez\u00e9rl\u00e9s\u0171, \u00e9rint\u0151k\u00e9perny\u0151vel<\/td>\n<td width=\"302\">\n<ul>\n<li>Param\u00e9ter kiv\u00e1laszt\u00e1sa<\/li>\n<li>Recept t\u00e1rol\u00e1sa<\/li>\n<li>A g\u00e9p be\u00e1ll\u00edt\u00e1sainak egyszer\u0171 m\u00f3dos\u00edt\u00e1sa<\/li>\n<\/ul>\n<\/td>\n<\/tr>\n<tr>\n<td width=\"302\"><\/td>\n<td width=\"302\"><\/td>\n<\/tr>\n<tr>\n<td width=\"302\"><\/td>\n<td width=\"302\"><\/td>\n<\/tr>\n<\/tbody>\n<\/table>\n<p>&nbsp;<\/p>","protected":false},"excerpt":{"rendered":"<p>A Lloveras Universal egy j\u00f3l bev\u00e1lt finom\u00edt\u00f3 conche csokol\u00e1d\u00e9, vegy\u00fcletek, di\u00f3kr\u00e9mek, csokol\u00e1d\u00e9 t\u00f6ltel\u00e9kek, pralin\u00e9 t\u00f6ltel\u00e9kek stb. el\u0151\u00e1ll\u00edt\u00e1s\u00e1ra.<\/p>","protected":false},"featured_media":2467,"comment_status":"open","ping_status":"closed","template":"","meta":{"uix_meta_title":"","uix_meta_description":"","uix_canonical_url":""},"product_brand":[],"product_cat":[104],"product_tag":[],"class_list":{"0":"post-2466","1":"product","2":"type-product","3":"status-publish","4":"has-post-thumbnail","6":"product_cat-processing","8":"first","9":"instock","10":"shipping-taxable","11":"product-type-simple"},"_links":{"self":[{"href":"https:\/\/cormac.eu\/hu\/wp-json\/wp\/v2\/product\/2466","targetHints":{"allow":["GET"]}}],"collection":[{"href":"https:\/\/cormac.eu\/hu\/wp-json\/wp\/v2\/product"}],"about":[{"href":"https:\/\/cormac.eu\/hu\/wp-json\/wp\/v2\/types\/product"}],"replies":[{"embeddable":true,"href":"https:\/\/cormac.eu\/hu\/wp-json\/wp\/v2\/comments?post=2466"}],"wp:featuredmedia":[{"embeddable":true,"href":"https:\/\/cormac.eu\/hu\/wp-json\/wp\/v2\/media\/2467"}],"wp:attachment":[{"href":"https:\/\/cormac.eu\/hu\/wp-json\/wp\/v2\/media?parent=2466"}],"wp:term":[{"taxonomy":"product_brand","embeddable":true,"href":"https:\/\/cormac.eu\/hu\/wp-json\/wp\/v2\/product_brand?post=2466"},{"taxonomy":"product_cat","embeddable":true,"href":"https:\/\/cormac.eu\/hu\/wp-json\/wp\/v2\/product_cat?post=2466"},{"taxonomy":"product_tag","embeddable":true,"href":"https:\/\/cormac.eu\/hu\/wp-json\/wp\/v2\/product_tag?post=2466"}],"curies":[{"name":"wp","href":"https:\/\/api.w.org\/{rel}","templated":true}]}}