{"id":2446,"date":"2022-04-02T15:45:33","date_gmt":"2022-04-02T13:45:33","guid":{"rendered":"https:\/\/cormac.eu\/?post_type=product&#038;p=2446"},"modified":"2022-06-06T00:37:52","modified_gmt":"2022-06-05T22:37:52","slug":"kosarkezelo-rendszerek","status":"publish","type":"product","link":"https:\/\/cormac.eu\/hu\/product\/basket-handling-systems\/","title":{"rendered":"Kos\u00e1rkezel\u0151 rendszerek"},"content":{"rendered":"<p>A kos\u00e1rkezel\u0151 berendez\u00e9sek k\u00f6z\u00e9 tartoznak p\u00e9ld\u00e1ul: kos\u00e1remel\u0151k, kos\u00e1rrakod\u00f3k \u00e9s -bont\u00f3k, kos\u00e1radagol\u00f3 sz\u00e1ll\u00edt\u00f3szalagok, kos\u00e1rrakod\u00f3k stb. Ezek a berendez\u00e9sek k\u00fcl\u00f6nb\u00f6z\u0151 g\u00e9pt\u00edpusokban \u00e9s konfigur\u00e1ci\u00f3kban k\u00e9sz\u00fclnek, mindig az \u00fcgyf\u00e9l ig\u00e9nyei szerint.<\/p>\n<p>&nbsp;<\/p>\n<table width=\"604\">\n<tbody>\n<tr>\n<td width=\"302\"><strong>Jellemz\u0151k<\/strong><\/td>\n<td width=\"302\"><strong>El\u0151ny\u00f6k<\/strong><\/td>\n<\/tr>\n<tr>\n<td width=\"302\">Rozsdamentes ac\u00e9lszerkezet<\/td>\n<td width=\"302\">\n<ul>\n<li>Merev<\/li>\n<li>Higi\u00e9nikus<\/li>\n<\/ul>\n<\/td>\n<\/tr>\n<tr>\n<td width=\"302\">Rendszerintegr\u00e1ci\u00f3<\/td>\n<td width=\"302\">\n<ul>\n<li>A berendez\u00e9s integr\u00e1lhat\u00f3 a megl\u00e9v\u0151 gy\u00e1ri berendez\u00e9sekkel<\/li>\n<\/ul>\n<\/td>\n<\/tr>\n<tr>\n<td width=\"302\"><\/td>\n<td width=\"302\"><\/td>\n<\/tr>\n<tr>\n<td width=\"302\">Mos\u00e1si, \u00f6bl\u00edt\u00e9si \u00e9s sz\u00e1r\u00edt\u00e1si ciklusok<\/td>\n<td width=\"302\">\n<ul>\n<li>Kiv\u00e1l\u00f3 tiszt\u00edt\u00e1si eredm\u00e9nyek<\/li>\n<\/ul>\n<\/td>\n<\/tr>\n<tr>\n<td width=\"302\">Opcion\u00e1lis<\/td>\n<td width=\"302\">\n<ul>\n<li>Kulcsrak\u00e9sz rendszerek<\/li>\n<li>Rendszerintegr\u00e1ci\u00f3<\/li>\n<\/ul>\n<\/td>\n<\/tr>\n<\/tbody>\n<\/table>","protected":false},"excerpt":{"rendered":"<p>Kos\u00e1r- \u00e9s l\u00e1dakezel\u0151 rendszer az \u00fcgyf\u00e9l ig\u00e9nyei szerint.<\/p>","protected":false},"featured_media":2447,"comment_status":"open","ping_status":"closed","template":"","meta":{"uix_meta_title":"","uix_meta_description":"","uix_canonical_url":""},"product_brand":[],"product_cat":[108],"product_tag":[],"class_list":{"0":"post-2446","1":"product","2":"type-product","3":"status-publish","4":"has-post-thumbnail","6":"product_cat-hygiene","8":"first","9":"instock","10":"shipping-taxable","11":"product-type-simple"},"_links":{"self":[{"href":"https:\/\/cormac.eu\/hu\/wp-json\/wp\/v2\/product\/2446","targetHints":{"allow":["GET"]}}],"collection":[{"href":"https:\/\/cormac.eu\/hu\/wp-json\/wp\/v2\/product"}],"about":[{"href":"https:\/\/cormac.eu\/hu\/wp-json\/wp\/v2\/types\/product"}],"replies":[{"embeddable":true,"href":"https:\/\/cormac.eu\/hu\/wp-json\/wp\/v2\/comments?post=2446"}],"wp:featuredmedia":[{"embeddable":true,"href":"https:\/\/cormac.eu\/hu\/wp-json\/wp\/v2\/media\/2447"}],"wp:attachment":[{"href":"https:\/\/cormac.eu\/hu\/wp-json\/wp\/v2\/media?parent=2446"}],"wp:term":[{"taxonomy":"product_brand","embeddable":true,"href":"https:\/\/cormac.eu\/hu\/wp-json\/wp\/v2\/product_brand?post=2446"},{"taxonomy":"product_cat","embeddable":true,"href":"https:\/\/cormac.eu\/hu\/wp-json\/wp\/v2\/product_cat?post=2446"},{"taxonomy":"product_tag","embeddable":true,"href":"https:\/\/cormac.eu\/hu\/wp-json\/wp\/v2\/product_tag?post=2446"}],"curies":[{"name":"wp","href":"https:\/\/api.w.org\/{rel}","templated":true}]}}