{"id":2444,"date":"2022-04-02T15:07:52","date_gmt":"2022-04-02T13:07:52","guid":{"rendered":"https:\/\/cormac.eu\/?post_type=product&#038;p=2444"},"modified":"2022-06-06T00:41:45","modified_gmt":"2022-06-05T22:41:45","slug":"ladamoso","status":"publish","type":"product","link":"https:\/\/cormac.eu\/hu\/product\/crate-washer\/","title":{"rendered":"L\u00e1damos\u00f3"},"content":{"rendered":"<p>A l\u00e1damos\u00f3 g\u00e9pek sz\u00e9les v\u00e1laszt\u00e9kban, ak\u00e1r 8000 l\u00e1da\/\u00f3ra kapacit\u00e1ssal is kivitelezhet\u0151k. \u00c1ltal\u00e1ban az \u00fcgyf\u00e9l specifik\u00e1ci\u00f3ja szerint \u00e9p\u00fclnek, a t\u00f6bbsz\u00f6r\u00f6s fert\u0151tlen\u00edt\u0151 egys\u00e9gekt\u0151l a Newsmith sz\u00e1r\u00edt\u00f3programmal ell\u00e1tott t\u00f6bbsz\u00f6r\u00f6s kezel\u0151egys\u00e9gekig.<br \/>\nA sz\u00e1ll\u00edt\u00f3szalag sz\u00e9less\u00e9ge \u00e9s az alag\u00fat magass\u00e1ga a tiszt\u00edtand\u00f3 t\u00e1rgyakhoz igaz\u00edthat\u00f3. A tiszt\u00edt\u00f3oldat h\u0151m\u00e9rs\u00e9klete termosztatikusan szab\u00e1lyozhat\u00f3.<\/p>\n<table width=\"604\">\n<tbody>\n<tr>\n<td width=\"302\">\n<p style=\"text-align: center\"><strong>Jellemz\u0151k<\/strong><\/p>\n<\/td>\n<td width=\"302\">\n<p style=\"text-align: center\"><strong>El\u0151ny\u00f6k<\/strong><\/p>\n<\/td>\n<\/tr>\n<tr>\n<td width=\"302\">Rozsdamentes ac\u00e9lszerkezet<\/td>\n<td width=\"302\">\n<ul>\n<li>Merev<\/li>\n<li>Higi\u00e9nikus<\/li>\n<\/ul>\n<\/td>\n<\/tr>\n<tr>\n<td width=\"302\">Kiv\u00e1l\u00f3 min\u0151s\u00e9g\u0171 sz\u0171r\u0151k<\/td>\n<td width=\"302\">\n<ul>\n<li>K\u00f6nny\u0171 tiszt\u00edt\u00e1s \u00e9s hozz\u00e1f\u00e9r\u00e9s a sz\u0171r\u0151kh\u00f6z<\/li>\n<\/ul>\n<\/td>\n<\/tr>\n<tr>\n<td width=\"302\">Jetting rendszerek<\/td>\n<td width=\"302\">\n<ul>\n<li>Optim\u00e1lis tiszt\u00edt\u00e1s<\/li>\n<\/ul>\n<\/td>\n<\/tr>\n<tr>\n<td width=\"302\">Mos\u00e1si, \u00f6bl\u00edt\u00e9si \u00e9s sz\u00e1r\u00edt\u00e1si ciklusok<\/td>\n<td width=\"302\">\n<ul>\n<li>Kiv\u00e1l\u00f3 tiszt\u00edt\u00e1si eredm\u00e9nyek<\/li>\n<\/ul>\n<\/td>\n<\/tr>\n<tr>\n<td width=\"302\">Opcion\u00e1lis<\/td>\n<td width=\"302\">\n<ul>\n<li>billen\u0151plat\u00f3<\/li>\n<li>nagynyom\u00e1s\u00fa c\u00edmke elt\u00e1vol\u00edt\u00e1sa<\/li>\n<li>Nagy sebess\u00e9g\u0171 leveg\u0151vel t\u00f6rt\u00e9n\u0151 k\u00e9ssz\u00e1r\u00edt\u00e1s<\/li>\n<li>t\u00f6bb\/egy s\u00e1vos modellek<\/li>\n<li>elektromos, g\u00e1z- vagy g\u0151zf\u0171t\u00e9s<\/li>\n<li>visszavezet\u0151 sz\u00e1ll\u00edt\u00f3szalag az egyszem\u00e9lyes \u00fczemeltet\u00e9s megk\u00f6nny\u00edt\u00e9se \u00e9rdek\u00e9ben)<\/li>\n<li>v\u00e9gs\u0151 \u00e9desv\u00edzi \u00f6bl\u00edt\u00e9s<\/li>\n<\/ul>\n<\/td>\n<\/tr>\n<\/tbody>\n<\/table>","protected":false},"excerpt":{"rendered":"<p>L\u00e1damos\u00f3g\u00e9p 8000 l\u00e1da\/\u00f3ra kapacit\u00e1sig, \u00e1ltal\u00e1ban az \u00fcgyf\u00e9l specifik\u00e1ci\u00f3ja szerint.<\/p>","protected":false},"featured_media":2445,"comment_status":"open","ping_status":"closed","template":"","meta":{"uix_meta_title":"","uix_meta_description":"","uix_canonical_url":""},"product_brand":[],"product_cat":[108],"product_tag":[],"class_list":{"0":"post-2444","1":"product","2":"type-product","3":"status-publish","4":"has-post-thumbnail","6":"product_cat-hygiene","8":"first","9":"instock","10":"shipping-taxable","11":"product-type-simple"},"_links":{"self":[{"href":"https:\/\/cormac.eu\/hu\/wp-json\/wp\/v2\/product\/2444","targetHints":{"allow":["GET"]}}],"collection":[{"href":"https:\/\/cormac.eu\/hu\/wp-json\/wp\/v2\/product"}],"about":[{"href":"https:\/\/cormac.eu\/hu\/wp-json\/wp\/v2\/types\/product"}],"replies":[{"embeddable":true,"href":"https:\/\/cormac.eu\/hu\/wp-json\/wp\/v2\/comments?post=2444"}],"wp:featuredmedia":[{"embeddable":true,"href":"https:\/\/cormac.eu\/hu\/wp-json\/wp\/v2\/media\/2445"}],"wp:attachment":[{"href":"https:\/\/cormac.eu\/hu\/wp-json\/wp\/v2\/media?parent=2444"}],"wp:term":[{"taxonomy":"product_brand","embeddable":true,"href":"https:\/\/cormac.eu\/hu\/wp-json\/wp\/v2\/product_brand?post=2444"},{"taxonomy":"product_cat","embeddable":true,"href":"https:\/\/cormac.eu\/hu\/wp-json\/wp\/v2\/product_cat?post=2444"},{"taxonomy":"product_tag","embeddable":true,"href":"https:\/\/cormac.eu\/hu\/wp-json\/wp\/v2\/product_tag?post=2444"}],"curies":[{"name":"wp","href":"https:\/\/api.w.org\/{rel}","templated":true}]}}