{"id":2439,"date":"2022-04-02T15:02:33","date_gmt":"2022-04-02T13:02:33","guid":{"rendered":"https:\/\/cormac.eu\/?post_type=product&#038;p=2439"},"modified":"2022-06-06T00:44:06","modified_gmt":"2022-06-05T22:44:06","slug":"fogasmoso","status":"publish","type":"product","link":"https:\/\/cormac.eu\/hu\/product\/rack-washer\/","title":{"rendered":"Rack mos\u00f3g\u00e9p"},"content":{"rendered":"<p>Ez a rugalmas \u00e1llv\u00e1nymos\u00f3 k\u00e9pes \u00e1llv\u00e1nyokat, nagym\u00e9ret\u0171 t\u00e1rol\u00f3ed\u00e9nyeket \u00e9s kocsikat kezelni, v\u00e9gs\u0151 tiszt\u00edt\u00e1si eredm\u00e9nnyel. Az \u00fcgyfelek egyedi ig\u00e9nyei szerint ajt\u00f3sz\u00e9less\u00e9ggel \u00e9s szekr\u00e9nym\u00e9rettel is kivitelezhet\u0151. A mos\u00e1si ter\u00fclet is testre szabhat\u00f3. Ez a hat\u00e9kony g\u00e9p alkalmas arra, hogy egy szem\u00e9ly kezelje. A g\u00e9p magasabb padl\u00f3szinten t\u00f6rt\u00e9n\u0151 elhelyez\u00e9s eset\u00e9n r\u00e1mp\u00e1val is felszerelhet\u0151. G\u00f6d\u00f6rbe t\u00f6rt\u00e9n\u0151 be\u00e9p\u00edt\u00e9sre is kivitelezhet\u0151.<\/p>\n<table width=\"604\">\n<tbody>\n<tr>\n<td width=\"302\"><strong>Jellemz\u0151k<\/strong><\/td>\n<td width=\"302\"><strong>El\u0151ny\u00f6k<\/strong><\/td>\n<\/tr>\n<tr>\n<td width=\"302\">Rozsdamentes ac\u00e9lszerkezet<\/td>\n<td width=\"302\">\n<ul>\n<li>Merev<\/li>\n<li>Higi\u00e9nikus<\/li>\n<\/ul>\n<\/td>\n<\/tr>\n<tr>\n<td width=\"302\">Forg\u00f3 sz\u00f3r\u00f3fejes f\u00fav\u00f3k\u00e1k<\/td>\n<td width=\"302\">\n<ul>\n<li>Intenz\u00edv mos\u00e1si teljes\u00edtm\u00e9ny<\/li>\n<\/ul>\n<\/td>\n<\/tr>\n<tr>\n<td width=\"302\">Visszavezetett tart\u00e1lymos\u00e1s<\/td>\n<td width=\"302\">\n<ul>\n<li>Cs\u00f6kkentse a v\u00edzfogyaszt\u00e1st<\/li>\n<\/ul>\n<\/td>\n<\/tr>\n<tr>\n<td width=\"302\">\u00c9rint\u0151k\u00e9perny\u0151s vez\u00e9rl\u00e9s<\/td>\n<td width=\"302\">\n<ul>\n<li>Param\u00e9ter kiv\u00e1laszt\u00e1sa<\/li>\n<li>Adatr\u00f6gz\u00edt\u00e9s \u00e9s t\u00e1rol\u00e1s<\/li>\n<li>A mos\u00e1s \u00e9s \u00f6bl\u00edt\u00e9s id\u0151szab\u00e1lyoz\u00e1sa<\/li>\n<li>T\u00f6bb mos\u00e1si ciklusprogram<\/li>\n<\/ul>\n<\/td>\n<\/tr>\n<tr>\n<td width=\"302\">Energiatakar\u00e9kos kialak\u00edt\u00e1s<\/td>\n<td width=\"302\">\n<ul>\n<li>Cs\u00f6kkentett mos\u00f3szerfogyaszt\u00e1s<\/li>\n<li>Alacsonyabb \u00fczemeltet\u00e9si k\u00f6lts\u00e9g<\/li>\n<li>Kevesebb hat\u00e1s a k\u00f6rnyezetre<\/li>\n<\/ul>\n<\/td>\n<\/tr>\n<tr>\n<td width=\"302\">Mos\u00e1si, \u00f6bl\u00edt\u00e9si \u00e9s sz\u00e1r\u00edt\u00e1si ciklusok<\/td>\n<td width=\"302\">\n<ul>\n<li>Kiv\u00e1l\u00f3 tiszt\u00edt\u00e1si eredm\u00e9nyek<\/li>\n<\/ul>\n<\/td>\n<\/tr>\n<tr>\n<td width=\"302\">Opcion\u00e1lis<\/td>\n<td width=\"302\">\n<ul>\n<li>Automatikus f\u0171t\u0151 \u00f6bl\u00edt\u0151tart\u00e1ly<\/li>\n<li>\u00d6bl\u00edt\u0151 eml\u00e9keztet\u0151 szivatty\u00fa<\/li>\n<li>G\u0151zelvezet\u0151 ventil\u00e1tor<\/li>\n<li>K\u00e9t ajt\u00f3s \u00e1tj\u00e1r\u00f3 kialak\u00edt\u00e1s<\/li>\n<li>G\u0151z-, elektromos vagy g\u00e1zf\u0171t\u00e9s<\/li>\n<\/ul>\n<\/td>\n<\/tr>\n<\/tbody>\n<\/table>","protected":false},"excerpt":{"rendered":"<p>Rugalmas \u00e1llv\u00e1nymos\u00f3 g\u00e9p \u00e1llv\u00e1nyok, nagy ed\u00e9nyek \u00e9s kocsik mos\u00e1s\u00e1ra.<\/p>","protected":false},"featured_media":2438,"comment_status":"open","ping_status":"closed","template":"","meta":{"uix_meta_title":"","uix_meta_description":"","uix_canonical_url":""},"product_brand":[],"product_cat":[108],"product_tag":[],"class_list":{"0":"post-2439","1":"product","2":"type-product","3":"status-publish","4":"has-post-thumbnail","6":"product_cat-hygiene","8":"first","9":"instock","10":"shipping-taxable","11":"product-type-simple"},"_links":{"self":[{"href":"https:\/\/cormac.eu\/hu\/wp-json\/wp\/v2\/product\/2439","targetHints":{"allow":["GET"]}}],"collection":[{"href":"https:\/\/cormac.eu\/hu\/wp-json\/wp\/v2\/product"}],"about":[{"href":"https:\/\/cormac.eu\/hu\/wp-json\/wp\/v2\/types\/product"}],"replies":[{"embeddable":true,"href":"https:\/\/cormac.eu\/hu\/wp-json\/wp\/v2\/comments?post=2439"}],"wp:featuredmedia":[{"embeddable":true,"href":"https:\/\/cormac.eu\/hu\/wp-json\/wp\/v2\/media\/2438"}],"wp:attachment":[{"href":"https:\/\/cormac.eu\/hu\/wp-json\/wp\/v2\/media?parent=2439"}],"wp:term":[{"taxonomy":"product_brand","embeddable":true,"href":"https:\/\/cormac.eu\/hu\/wp-json\/wp\/v2\/product_brand?post=2439"},{"taxonomy":"product_cat","embeddable":true,"href":"https:\/\/cormac.eu\/hu\/wp-json\/wp\/v2\/product_cat?post=2439"},{"taxonomy":"product_tag","embeddable":true,"href":"https:\/\/cormac.eu\/hu\/wp-json\/wp\/v2\/product_tag?post=2439"}],"curies":[{"name":"wp","href":"https:\/\/api.w.org\/{rel}","templated":true}]}}