{"id":2437,"date":"2022-04-01T23:08:48","date_gmt":"2022-04-01T21:08:48","guid":{"rendered":"https:\/\/cormac.eu\/?post_type=product&#038;p=2437"},"modified":"2022-06-06T00:35:29","modified_gmt":"2022-06-05T22:35:29","slug":"szemetmoso-2","status":"publish","type":"product","link":"https:\/\/cormac.eu\/hu\/product\/bin-washer\/","title":{"rendered":"L\u00e1damos\u00f3"},"content":{"rendered":"<p>A tart\u00e1lymos\u00f3k k\u00fcl\u00f6nb\u00f6z\u0151 t\u00edpus\u00fa, kerekes vagy kerekek n\u00e9lk\u00fcli tart\u00e1lyok mos\u00e1s\u00e1ra \u00e9s tiszt\u00edt\u00e1s\u00e1ra haszn\u00e1lhat\u00f3k. T\u00f6k\u00e9letesek raklapok \u00e9s IBC kont\u00e9nerek mos\u00e1s\u00e1ra is. A g\u00e9pek m\u00e9retre k\u00e9sz\u00fclnek az \u00d6n \u00e9lelmiszer- \u00e9s hullad\u00e9kt\u00e1rol\u00f3 ed\u00e9nyeinek\/kont\u00e9nereinek m\u00e9retei \u00e9s jellemz\u0151i alapj\u00e1n. A g\u00e9pet lehet r\u00e1mp\u00e1val ell\u00e1tni, ha a padl\u00f3 megemelkedik. Egy\u00e9bk\u00e9nt pedig olyan kivitelben is sz\u00e1ll\u00edthat\u00f3, amely alkalmas g\u00f6d\u00f6rbe t\u00f6rt\u00e9n\u0151 telep\u00edt\u00e9sre. A tart\u00e1ly forgat\u00e1sa PLC vez\u00e9relt indexel\u00e9si s\u00e9m\u00e1val t\u00f6rt\u00e9nik, ami v\u00e9gtelen st\u00edlusv\u00e1ltoz\u00e9konys\u00e1got biztos\u00edt. \u00cdgy a tart\u00e1lyok bels\u0151 \u00e9s k\u00fcls\u0151 fel\u00fclet\u00e9nek minden fel\u00fclete fert\u0151tlen\u00edtve van. A g\u00e9pet egy szem\u00e9ly tudja m\u0171k\u00f6dtetni.<\/p>\n<p>&nbsp;<\/p>\n<table width=\"604\">\n<tbody>\n<tr>\n<td width=\"302\"><strong>Jellemz\u0151k<\/strong><\/td>\n<td width=\"302\"><strong>El\u0151ny\u00f6k<\/strong><\/td>\n<\/tr>\n<tr>\n<td width=\"302\">Rozsdamentes ac\u00e9lszerkezet<\/td>\n<td width=\"302\">\n<ul>\n<li>Merev<\/li>\n<li>Higi\u00e9nikus<\/li>\n<\/ul>\n<\/td>\n<\/tr>\n<tr>\n<td width=\"302\">Nagy hat\u00e9konys\u00e1g\u00fa v\u00edzsug\u00e1rz\u00f3 rendszer<\/td>\n<td width=\"302\">\n<ul>\n<li>Intenz\u00edv tiszt\u00edt\u00e1si teljes\u00edtm\u00e9ny<\/li>\n<\/ul>\n<\/td>\n<\/tr>\n<tr>\n<td width=\"302\">Visszavezetett tart\u00e1lymos\u00e1s<\/td>\n<td width=\"302\">\n<ul>\n<li>Cs\u00f6kkentse a v\u00edzfogyaszt\u00e1st<\/li>\n<\/ul>\n<\/td>\n<\/tr>\n<tr>\n<td width=\"302\">\u00c9rint\u0151k\u00e9perny\u0151s vez\u00e9rl\u00e9s<\/td>\n<td width=\"302\">\n<ul>\n<li>Param\u00e9ter kiv\u00e1laszt\u00e1sa<\/li>\n<li>Adatr\u00f6gz\u00edt\u00e9s \u00e9s t\u00e1rol\u00e1s<\/li>\n<li>A mos\u00e1s \u00e9s \u00f6bl\u00edt\u00e9s id\u0151szab\u00e1lyoz\u00e1sa<\/li>\n<li>T\u00f6bb mos\u00e1si ciklusprogram<\/li>\n<\/ul>\n<\/td>\n<\/tr>\n<tr>\n<td width=\"302\">Energiatakar\u00e9kos kialak\u00edt\u00e1s<\/td>\n<td width=\"302\">\n<ul>\n<li>Cs\u00f6kkentett mos\u00f3szerfogyaszt\u00e1s<\/li>\n<li>Alacsonyabb \u00fczemeltet\u00e9si k\u00f6lts\u00e9g<\/li>\n<li>Kevesebb hat\u00e1s a k\u00f6rnyezetre<\/li>\n<\/ul>\n<\/td>\n<\/tr>\n<tr>\n<td width=\"302\">Mos\u00e1si, \u00f6bl\u00edt\u00e9si \u00e9s sz\u00e1r\u00edt\u00e1si ciklusok<\/td>\n<td width=\"302\">\n<ul>\n<li>Kiv\u00e1l\u00f3 tiszt\u00edt\u00e1si eredm\u00e9nyek<\/li>\n<\/ul>\n<\/td>\n<\/tr>\n<tr>\n<td width=\"302\">Opcion\u00e1lis felszerel\u00e9s<\/td>\n<td width=\"302\">\n<ul>\n<li>\u00d6bl\u00edt\u00e9sfokoz\u00f3 tart\u00e1ly ( szivatty\u00faval)<\/li>\n<li>G\u0151z, g\u00e1z vagy elektromos f\u0171t\u00e9s<\/li>\n<li>K\u00e9t ajt\u00f3s kivitelez\u00e9s<\/li>\n<li>G\u0151zelvezet\u0151 ventil\u00e1tor (ac\u00e9l)<\/li>\n<li>Adagol\u00f3 mos\u00f3- \u00e9s \u00f6bl\u00edt\u0151szerhez<\/li>\n<li>A sz\u00e1ll\u00edt\u00f3szalag automatikus adagol\u00e1sa \u00e9s \u00fcr\u00edt\u00e9se<\/li>\n<li>Automatikus szem\u00e9tt\u00e1rol\u00f3 fert\u0151tlen\u00edt\u0151<\/li>\n<li>Speci\u00e1lis \u00e1llv\u00e1ny a fed\u00e9lmos\u00e1shoz<\/li>\n<li>Utols\u00f3 friss vizes \u00f6bl\u00edt\u00e9s<\/li>\n<\/ul>\n<\/td>\n<\/tr>\n<\/tbody>\n<\/table>","protected":false},"excerpt":{"rendered":"<p>Mos\u00f3g\u00e9p kerekes vagy kerekek n\u00e9lk\u00fcli tart\u00e1lyokhoz, raklapokhoz \u00e9s IBC-kont\u00e9nerekhez.<\/p>","protected":false},"featured_media":2436,"comment_status":"open","ping_status":"closed","template":"","meta":{"uix_meta_title":"","uix_meta_description":"","uix_canonical_url":""},"product_brand":[],"product_cat":[108],"product_tag":[],"class_list":{"0":"post-2437","1":"product","2":"type-product","3":"status-publish","4":"has-post-thumbnail","6":"product_cat-hygiene","8":"first","9":"instock","10":"shipping-taxable","11":"product-type-simple"},"_links":{"self":[{"href":"https:\/\/cormac.eu\/hu\/wp-json\/wp\/v2\/product\/2437","targetHints":{"allow":["GET"]}}],"collection":[{"href":"https:\/\/cormac.eu\/hu\/wp-json\/wp\/v2\/product"}],"about":[{"href":"https:\/\/cormac.eu\/hu\/wp-json\/wp\/v2\/types\/product"}],"replies":[{"embeddable":true,"href":"https:\/\/cormac.eu\/hu\/wp-json\/wp\/v2\/comments?post=2437"}],"wp:featuredmedia":[{"embeddable":true,"href":"https:\/\/cormac.eu\/hu\/wp-json\/wp\/v2\/media\/2436"}],"wp:attachment":[{"href":"https:\/\/cormac.eu\/hu\/wp-json\/wp\/v2\/media?parent=2437"}],"wp:term":[{"taxonomy":"product_brand","embeddable":true,"href":"https:\/\/cormac.eu\/hu\/wp-json\/wp\/v2\/product_brand?post=2437"},{"taxonomy":"product_cat","embeddable":true,"href":"https:\/\/cormac.eu\/hu\/wp-json\/wp\/v2\/product_cat?post=2437"},{"taxonomy":"product_tag","embeddable":true,"href":"https:\/\/cormac.eu\/hu\/wp-json\/wp\/v2\/product_tag?post=2437"}],"curies":[{"name":"wp","href":"https:\/\/api.w.org\/{rel}","templated":true}]}}