{"id":2433,"date":"2022-04-01T22:38:57","date_gmt":"2022-04-01T20:38:57","guid":{"rendered":"https:\/\/cormac.eu\/?post_type=product&#038;p=2433"},"modified":"2022-06-06T00:36:17","modified_gmt":"2022-06-05T22:36:17","slug":"csokolade-plakett-alatetek","status":"publish","type":"product","link":"https:\/\/cormac.eu\/hu\/product\/chocolate-plaque-washers\/","title":{"rendered":"Csokol\u00e1d\u00e9forma \u00e9s plakett al\u00e1t\u00e9tek"},"content":{"rendered":"<p>A Newsmith csokol\u00e1d\u00e9form\u00e1k \u00e9s plakettmos\u00f3k egy- \u00e9s t\u00f6bbs\u00e1vos kivitelben is meg\u00e9p\u00edthet\u0151k. Nemcsak csokol\u00e1d\u00e9form\u00e1k \u00e9s plakettek mos\u00e1s\u00e1ra, hanem k\u00fcl\u00f6nb\u00f6z\u0151 m\u0171anyag t\u00e1lc\u00e1k mos\u00e1s\u00e1ra is haszn\u00e1lhat\u00f3k.<br \/>\nEzek \u00e1ltal\u00e1ban kompaktabbak, mint m\u00e1s hasonl\u00f3 c\u00e9l\u00fa g\u00e9pek a piacon, t\u00f6bbnyire 4 m\u00e9ter alatti hossz\u00fas\u00e1g\u00faak..Ezek speci\u00e1lis c\u00e9l\u00fa g\u00e9pek, amelyeket az \u00fcgyf\u00e9l ig\u00e9nyei szerint \u00e9p\u00edtenek. A t\u00f6bbf\u00e9le cikluslehet\u0151s\u00e9gek k\u00f6z\u00e9 tartozik p\u00e9ld\u00e1ul az el\u0151mos\u00e1s, a mos\u00e1s, a t\u00f6bbsz\u00f6ri \u00f6bl\u00edt\u00e9s \u00e9s a sz\u00e1r\u00edt\u00e1s.<\/p>\n<p>&nbsp;<\/p>\n<table width=\"604\">\n<tbody>\n<tr>\n<td width=\"302\"><strong>Jellemz\u0151k<\/strong><\/td>\n<td width=\"302\"><strong>El\u0151ny\u00f6k<\/strong><\/td>\n<\/tr>\n<tr>\n<td width=\"302\">Rozsdamentes ac\u00e9lszerkezet<\/td>\n<td width=\"302\">\n<ul>\n<li>Merev<\/li>\n<li>Higi\u00e9nikus<\/li>\n<\/ul>\n<\/td>\n<\/tr>\n<tr>\n<td width=\"302\">Szell\u0151ztetett rakod\u00f3- \u00e9s munka\u00e1llom\u00e1s<\/td>\n<td width=\"302\">\n<ul>\n<li>\u00dczemeltet\u0151bar\u00e1t<\/li>\n<\/ul>\n<\/td>\n<\/tr>\n<tr>\n<td width=\"302\">\u00c9rint\u0151k\u00e9perny\u0151s vez\u00e9rl\u00e9s<\/td>\n<td width=\"302\">\n<ul>\n<li>L\u00e1gy ind\u00edt\u00e1s<\/li>\n<li>Param\u00e9ter kiv\u00e1laszt\u00e1sa<\/li>\n<li>Adatr\u00f6gz\u00edt\u00e9s \u00e9s t\u00e1rol\u00e1s<\/li>\n<li>Nyomtat\u00e1s \u00e9s r<span style=\"font-family: inherit;font-size: inherit\">emote let\u00f6lt\u00e9s<\/span><\/li>\n<\/ul>\n<\/td>\n<\/tr>\n<tr>\n<td width=\"302\">Energiatakar\u00e9kos kialak\u00edt\u00e1s<\/td>\n<td width=\"302\">\n<ul>\n<li>Cs\u00f6kkentett mos\u00f3szerfogyaszt\u00e1s<\/li>\n<li>Alacsonyabb \u00fczemeltet\u00e9si k\u00f6lts\u00e9g<\/li>\n<li>Kevesebb hat\u00e1s a k\u00f6rnyezetre<\/li>\n<\/ul>\n<\/td>\n<\/tr>\n<tr>\n<td width=\"302\">Teljes sz\u00e1r\u00edt\u00e1si lehet\u0151s\u00e9g<\/td>\n<td width=\"302\">\n<ul>\n<li>Extra sz\u00e1raz t\u00e1rgyak<\/li>\n<\/ul>\n<\/td>\n<\/tr>\n<tr>\n<td width=\"302\">Mos\u00e1si, \u00f6bl\u00edt\u00e9si \u00e9s sz\u00e1r\u00edt\u00e1si ciklusok<\/td>\n<td width=\"302\">\n<ul>\n<li>Kiv\u00e1l\u00f3 tiszt\u00edt\u00e1si eredm\u00e9nyek<\/li>\n<\/ul>\n<\/td>\n<\/tr>\n<tr>\n<td width=\"302\">Opcion\u00e1lis felszerel\u00e9s<\/td>\n<td width=\"302\">\n<ul>\n<li>G\u0151z-, g\u00e1z-, elektromos vagy melegv\u00edz-f\u0171t\u00e9s<\/li>\n<\/ul>\n<\/td>\n<\/tr>\n<\/tbody>\n<\/table>\n<p>&nbsp;<\/p>","protected":false},"excerpt":{"rendered":"<p>Mos\u00f3g\u00e9p egy- vagy t\u00f6bbs\u00e1vos kivitelben csokol\u00e1d\u00e9form\u00e1khoz, csokol\u00e1d\u00e9t\u00e1bl\u00e1khoz \u00e9s m\u0171anyag t\u00e1lc\u00e1khoz.<\/p>","protected":false},"featured_media":2434,"comment_status":"open","ping_status":"closed","template":"","meta":{"uix_meta_title":"","uix_meta_description":"","uix_canonical_url":""},"product_brand":[],"product_cat":[108],"product_tag":[],"class_list":{"0":"post-2433","1":"product","2":"type-product","3":"status-publish","4":"has-post-thumbnail","6":"product_cat-hygiene","8":"first","9":"instock","10":"shipping-taxable","11":"product-type-simple"},"_links":{"self":[{"href":"https:\/\/cormac.eu\/hu\/wp-json\/wp\/v2\/product\/2433","targetHints":{"allow":["GET"]}}],"collection":[{"href":"https:\/\/cormac.eu\/hu\/wp-json\/wp\/v2\/product"}],"about":[{"href":"https:\/\/cormac.eu\/hu\/wp-json\/wp\/v2\/types\/product"}],"replies":[{"embeddable":true,"href":"https:\/\/cormac.eu\/hu\/wp-json\/wp\/v2\/comments?post=2433"}],"wp:featuredmedia":[{"embeddable":true,"href":"https:\/\/cormac.eu\/hu\/wp-json\/wp\/v2\/media\/2434"}],"wp:attachment":[{"href":"https:\/\/cormac.eu\/hu\/wp-json\/wp\/v2\/media?parent=2433"}],"wp:term":[{"taxonomy":"product_brand","embeddable":true,"href":"https:\/\/cormac.eu\/hu\/wp-json\/wp\/v2\/product_brand?post=2433"},{"taxonomy":"product_cat","embeddable":true,"href":"https:\/\/cormac.eu\/hu\/wp-json\/wp\/v2\/product_cat?post=2433"},{"taxonomy":"product_tag","embeddable":true,"href":"https:\/\/cormac.eu\/hu\/wp-json\/wp\/v2\/product_tag?post=2433"}],"curies":[{"name":"wp","href":"https:\/\/api.w.org\/{rel}","templated":true}]}}