{"id":2418,"date":"2022-04-01T17:30:31","date_gmt":"2022-04-01T15:30:31","guid":{"rendered":"https:\/\/cormac.eu\/?post_type=product&#038;p=2418"},"modified":"2022-06-06T00:37:12","modified_gmt":"2022-06-05T22:37:12","slug":"kosarmoso","status":"publish","type":"product","link":"https:\/\/cormac.eu\/hu\/product\/basket-washer\/","title":{"rendered":"Kos\u00e1rmos\u00f3"},"content":{"rendered":"<p>Kos\u00e1rmos\u00f3g\u00e9pek, amelyek az \u00fcgyf\u00e9l specifik\u00e1ci\u00f3ja szerint sz\u00e1ll\u00edthat\u00f3k, \u00e9s az \u00fcgyf\u00e9l sz\u00e1m\u00e1ra hat\u00e9kony \u00e9s sokoldal\u00fa mos\u00e1si megold\u00e1st ny\u00fajtanak minden t\u00edpus\u00fa l\u00e1da, tart\u00e1ly \u00e9s kos\u00e1r sz\u00e1m\u00e1ra. Ez a g\u00e9pcsal\u00e1d 100-8000 kos\u00e1r\/\u00f3ra k\u00f6z\u00f6tti v\u00e1ltoz\u00f3 teljes\u00edtm\u00e9nyre sz\u00e1ll\u00edthat\u00f3. Ezek a mos\u00f3g\u00e9pek az ipar\u00e1gt\u00f3l \u00e9s a szennyezetts\u00e9gi fokt\u00f3l f\u00fcgg\u0151en k\u00fcl\u00f6nb\u00f6z\u0151 sz\u0171r\u00e9si opci\u00f3kkal rendelkezhetnek. A g\u00e9pciklusok tartalmaznak el\u0151mos\u00e1st, mos\u00e1st, \u00f6bl\u00edt\u00e9st (\u00fajrahasznos\u00edthat\u00f3) szem\u00e9t \u00f6bl\u00edt\u00e9st \u00e9s sz\u00e1r\u00edt\u00e1si ciklust. A termosztatikusan szab\u00e1lyozhat\u00f3 f\u0171t\u00e9s t\u00f6rt\u00e9nhet elektromoss\u00e1ggal, g\u0151zzel vagy g\u00e1zzal.<\/p>\n<p>&nbsp;<\/p>\n<table>\n<tbody>\n<tr>\n<td width=\"302\"><strong>Jellemz\u0151k<\/strong><\/td>\n<td width=\"302\"><strong>El\u0151ny\u00f6k<\/strong><\/td>\n<\/tr>\n<tr>\n<td width=\"302\">A kimenetek nagy sz\u00e1ma<\/td>\n<td width=\"302\">\n<ul>\n<li>forma 100 kos\u00e1r\/\u00f3ra<\/li>\n<li>ak\u00e1r 8.000 kos\u00e1r\/\u00f3ra<\/li>\n<\/ul>\n<\/td>\n<\/tr>\n<tr>\n<td width=\"302\">Modul\u00e1ris \u00e9p\u00edt\u00e9si form\u00e1tum<\/td>\n<td width=\"302\">\n<ul>\n<li>sokoldal\u00fa<\/li>\n<li>minden t\u00edpus\u00fa kosarat el tud mosni<\/li>\n<li>testreszabott sz\u0171r\u00e9si lehet\u0151s\u00e9gek<\/li>\n<li>egy- \u00e9s t\u00f6bbs\u00e1vos g\u00e9pek<\/li>\n<\/ul>\n<\/td>\n<\/tr>\n<tr>\n<td width=\"302\">L\u00e9gk\u00e9ses sz\u00e1r\u00edt\u00e1s<\/p>\n<p>&nbsp;<\/td>\n<td width=\"302\">\n<ul>\n<li>kiv\u00e1l\u00f3 sz\u00e1r\u00edt\u00e1si k\u00e9pess\u00e9g<\/li>\n<\/ul>\n<\/td>\n<\/tr>\n<tr>\n<td width=\"302\">\u00c9rint\u0151k\u00e9perny\u0151<\/td>\n<td width=\"302\">\n<ul>\n<li>\u00e1ll\u00edthat\u00f3 param\u00e9terek vez\u00e9rl\u00e9se<\/li>\n<li>recept t\u00e1rol\u00e1sa<\/li>\n<\/ul>\n<\/td>\n<\/tr>\n<tr>\n<td width=\"302\">Integr\u00e1ci\u00f3<\/td>\n<td width=\"302\">\n<ul>\n<li>automatiz\u00e1lt rakod\u00e1ssal \u00e9s pakol\u00e1ssal kib\u0151v\u00edtett rendszerekbe integr\u00e1lhat\u00f3k<\/li>\n<\/ul>\n<\/td>\n<\/tr>\n<tr>\n<td width=\"302\">Nincs szersz\u00e1m a karbantart\u00e1shoz<\/td>\n<td width=\"302\">\n<ul>\n<li>K\u00f6nny\u0171 hozz\u00e1f\u00e9r\u00e9s a karbantart\u00e1shoz<\/li>\n<\/ul>\n<\/td>\n<\/tr>\n<\/tbody>\n<\/table>\n<p>&nbsp;<\/p>","protected":false},"excerpt":{"rendered":"<p>Sokoldal\u00fa g\u00e9p kosarak, tart\u00e1lyok \u00e9s l\u00e1d\u00e1k mos\u00e1s\u00e1ra, 100-8000 kos\u00e1r\/\u00f3ra k\u00f6z\u00f6tti teljes\u00edtm\u00e9nnyel, az \u00fcgyf\u00e9l specifik\u00e1ci\u00f3ja szerint.<\/p>","protected":false},"featured_media":2420,"comment_status":"open","ping_status":"closed","template":"","meta":{"uix_meta_title":"","uix_meta_description":"","uix_canonical_url":""},"product_brand":[],"product_cat":[108],"product_tag":[],"class_list":{"0":"post-2418","1":"product","2":"type-product","3":"status-publish","4":"has-post-thumbnail","6":"product_cat-hygiene","8":"first","9":"instock","10":"shipping-taxable","11":"product-type-simple"},"_links":{"self":[{"href":"https:\/\/cormac.eu\/hu\/wp-json\/wp\/v2\/product\/2418","targetHints":{"allow":["GET"]}}],"collection":[{"href":"https:\/\/cormac.eu\/hu\/wp-json\/wp\/v2\/product"}],"about":[{"href":"https:\/\/cormac.eu\/hu\/wp-json\/wp\/v2\/types\/product"}],"replies":[{"embeddable":true,"href":"https:\/\/cormac.eu\/hu\/wp-json\/wp\/v2\/comments?post=2418"}],"wp:featuredmedia":[{"embeddable":true,"href":"https:\/\/cormac.eu\/hu\/wp-json\/wp\/v2\/media\/2420"}],"wp:attachment":[{"href":"https:\/\/cormac.eu\/hu\/wp-json\/wp\/v2\/media?parent=2418"}],"wp:term":[{"taxonomy":"product_brand","embeddable":true,"href":"https:\/\/cormac.eu\/hu\/wp-json\/wp\/v2\/product_brand?post=2418"},{"taxonomy":"product_cat","embeddable":true,"href":"https:\/\/cormac.eu\/hu\/wp-json\/wp\/v2\/product_cat?post=2418"},{"taxonomy":"product_tag","embeddable":true,"href":"https:\/\/cormac.eu\/hu\/wp-json\/wp\/v2\/product_tag?post=2418"}],"curies":[{"name":"wp","href":"https:\/\/api.w.org\/{rel}","templated":true}]}}