{"id":2390,"date":"2022-03-20T12:25:04","date_gmt":"2022-03-20T11:25:04","guid":{"rendered":"https:\/\/cormac.eu\/?post_type=product&#038;p=2390"},"modified":"2022-05-30T16:25:08","modified_gmt":"2022-05-30T14:25:08","slug":"golyos-formazo-gep-cbf-2","status":"publish","type":"product","link":"https:\/\/cormac.eu\/hu\/product\/ball-forming-machine-cbf\/","title":{"rendered":"G\u00f6mb alak\u00edt\u00f3 g\u00e9p CBF"},"content":{"rendered":"<p>A CBF term\u00e9kcsal\u00e1d folyamatos goly\u00f3s form\u00e1z\u00f3i alkalmasak hengeres alak\u00fa term\u00e9kek, p\u00e9ld\u00e1ul l\u00e1gy cukork\u00e1k, gy\u00fcm\u00f6lcspaszt\u00e1k, bubor\u00e9kos r\u00e1g\u00f3gumik \u00e9s hasonl\u00f3 t\u00f6megek gy\u00e1rt\u00e1s\u00e1ra, legyen sz\u00f3 k\u00f6z\u00e9pt\u00f6lt\u00e9s\u0171, t\u00f6m\u00f6r vagy \u00fcreges term\u00e9kekr\u0151l. Ezek a goly\u00f3s form\u00e1z\u00f3k kiv\u00e1l\u00f3 min\u0151s\u00e9g\u0171 term\u00e9ket \u00e1ll\u00edtanak el\u0151 nagy sebess\u00e9ggel, ak\u00e1r 6.500 ppm sebess\u00e9ggel. A g\u00e9pek szervomotoros meghajt\u00e1s\u00faak, \u00e9s minden gy\u00e1rt\u00e1si param\u00e9ter be\u00e1ll\u00edthat\u00f3 \u00e9s t\u00e1rolhat\u00f3 a kezel\u0151bar\u00e1t \u00e9rint\u0151k\u00e9perny\u0151n. A g\u00e9p m\u0171k\u00f6d\u00e9se sor\u00e1n v\u00e9gig szab\u00e1lyozhat\u00f3 a form\u00e1z\u00f3hengerek forg\u00e1si \u00e9s tolat\u00e1si sebess\u00e9ge. Az \u00fajonnan tervezett m\u00e9retez\u0151 \u00e9s v\u00e1g\u00f3 rendszer lehet\u0151v\u00e9 teszi a nagy t\u00f6ltel\u00e9ktartalm\u00fa darabok gy\u00e1rt\u00e1s\u00e1t ak\u00e1r 20%-ig.  Ez a g\u00e9p lehet\u0151v\u00e9 teszi a cukr\u00e1sz sz\u00e1m\u00e1ra, hogy alacsony k\u00f6lts\u00e9ggel sokf\u00e9le term\u00e9ket k\u00e9sz\u00edtsen a piac kreat\u00edv kiszolg\u00e1l\u00e1sa \u00e9rdek\u00e9ben, \u00e9s gyors megt\u00e9r\u00fcl\u00e9si id\u0151t \u00e9s magas megt\u00e9r\u00fcl\u00e9si id\u0151t \u00e9rjen el. A CBF-8000 dupla goly\u00f3s form\u00e1z\u00f3 modell 2 form\u00e1z\u00e1si f\u00e1zissal rendelkezik, 1.000 mm hossz\u00fa g\u00f6rg\u0151kkel. Ez a g\u00e9p 80 m\u00e9ter\/perc sebess\u00e9ggel k\u00e9pes m\u0171k\u00f6dni. \u00cdgy ak\u00e1r 6 hagyom\u00e1nyos egyg\u00f6mb\u00f6s form\u00e1z\u00f3g\u00e9pet is helyettes\u00edthet, egyidej\u0171leg m\u00e9g jobb min\u0151s\u00e9g\u0171 term\u00e9ket eredm\u00e9nyezhet, magasabb k\u00f6z\u00e9pt\u00f6lt\u00e9s-tartalommal. Komplett goly\u00f3form\u00e1z\u00f3 sorok is sz\u00e1ll\u00edthat\u00f3k.<\/p>\n<p><img decoding=\"async\" class=\"alignnone wp-image-2516\" src=\"https:\/\/cormac.eu\/wp-content\/uploads\/2022\/04\/Gum-center-filled-300x197.jpg\" alt=\"\" width=\"192\" height=\"126\" srcset=\"https:\/\/cormac.eu\/wp-content\/uploads\/2022\/04\/Gum-center-filled-300x197.jpg 300w, https:\/\/cormac.eu\/wp-content\/uploads\/2022\/04\/Gum-center-filled.jpg 600w\" sizes=\"(max-width: 192px) 100vw, 192px\" \/><img decoding=\"async\" class=\"alignnone wp-image-2642\" src=\"https:\/\/cormac.eu\/wp-content\/uploads\/2022\/04\/Mentos-Choco.jpg\" alt=\"\" width=\"175\" height=\"128\" \/><img decoding=\"async\" class=\"alignnone wp-image-2641\" src=\"https:\/\/cormac.eu\/wp-content\/uploads\/2022\/04\/Gum-tennis-balls-300x208.jpg\" alt=\"\" width=\"202\" height=\"141\" srcset=\"https:\/\/cormac.eu\/wp-content\/uploads\/2022\/04\/Gum-tennis-balls-300x208.jpg 300w, https:\/\/cormac.eu\/wp-content\/uploads\/2022\/04\/Gum-tennis-balls.jpg 600w\" sizes=\"(max-width: 202px) 100vw, 202px\" \/><img loading=\"lazy\" decoding=\"async\" class=\"alignnone wp-image-2640\" src=\"https:\/\/cormac.eu\/wp-content\/uploads\/2022\/04\/Gum-dinosaur-eggs.jpg\" alt=\"\" width=\"189\" height=\"138\" \/><\/p>\n<p>&nbsp;<\/p>\n<table>\n<tbody>\n<tr>\n<td width=\"158\">\u00a0<strong>\u00a0\u00a0\u00a0\u00a0\u00a0\u00a0\u00a0\u00a0\u00a0\u00a0\u00a0\u00a0\u00a0\u00a0\u00a0\u00a0\u00a0\u00a0\u00a0\u00a0\u00a0\u00a0\u00a0\u00a0\u00a0\u00a0\u00a0\u00a0 \u00a0\u00a0\u00a0\u00a0\u00a0\u00a0\u00a0\u00a0<\/strong><\/td>\n<td width=\"153\">\n<p style=\"text-align: center;\"><strong>CBF 4000<\/strong><\/p>\n<\/td>\n<td style=\"text-align: center;\" width=\"140\"><strong>CBF 6000<\/strong><\/td>\n<td width=\"153\">\n<p style=\"text-align: center;\"><strong>CBF 8000<\/strong><\/p>\n<\/td>\n<\/tr>\n<tr>\n<td width=\"158\"><strong>sebess\u00e9g<\/strong><\/td>\n<td width=\"153\">\n<p style=\"text-align: center;\">40 m\u00e9ter\/perc<\/p>\n<\/td>\n<td style=\"text-align: center;\" width=\"140\">60 m\u00e9ter\/perc<\/td>\n<td width=\"153\">\n<p style=\"text-align: center;\">80 m\u00e9ter\/perc<\/p>\n<\/td>\n<\/tr>\n<tr>\n<td width=\"158\"><strong>G\u00f6rg\u0151k sz\u00e1ma<\/strong><\/td>\n<td width=\"153\">\n<p style=\"text-align: center;\">1<\/p>\n<\/td>\n<td width=\"140\">\n<p style=\"text-align: center;\">1, 2<\/p>\n<\/td>\n<td width=\"153\">\n<p style=\"text-align: center;\">2<\/p>\n<\/td>\n<\/tr>\n<tr>\n<td width=\"158\"><strong>Term\u00e9k <\/strong><strong>\u00d8 tartom\u00e1ny<\/strong><\/td>\n<td width=\"153\">\n<p style=\"text-align: center;\">10 - 30 mm<\/p>\n<\/td>\n<td style=\"text-align: center;\" width=\"140\">10-30 mm<\/td>\n<td width=\"153\">\n<p style=\"text-align: center;\">10-30 mm<\/p>\n<\/td>\n<\/tr>\n<tr>\n<td width=\"158\"><strong>Teljes\u00edtm\u00e9ny<\/strong><\/td>\n<td width=\"153\">\n<p style=\"text-align: center;\">3,9 kW<\/p>\n<\/td>\n<td style=\"text-align: center;\" width=\"140\">4,2 kW<\/td>\n<td width=\"153\">\n<p style=\"text-align: center;\">4,8 kW<\/p>\n<\/td>\n<\/tr>\n<\/tbody>\n<\/table>\n<p>&nbsp;<\/p>\n<table style=\"height: 505px;\" width=\"625\">\n<tbody>\n<tr>\n<td width=\"302\">\n<p style=\"text-align: center;\"><strong>Jellemz\u0151k<\/strong><\/p>\n<\/td>\n<td width=\"302\">\n<p style=\"text-align: center;\"><strong>El\u0151ny\u00f6k<\/strong><\/p>\n<\/td>\n<\/tr>\n<tr>\n<td width=\"302\">Rozsdamentes ac\u00e9l kivitel<\/td>\n<td width=\"302\">\n<ul>\n<li>K\u00f6nny\u0171 tiszt\u00edt\u00e1s<\/li>\n<li>Higi\u00e9nikus kialak\u00edt\u00e1s<\/li>\n<\/ul>\n<\/td>\n<\/tr>\n<tr>\n<td width=\"302\">Robusztus g\u00e9pv\u00e1z<\/td>\n<td width=\"302\">\n<ul>\n<li>Megb\u00edzhat\u00f3<\/li>\n<li>Hossz\u00fa m\u0171szaki \u00e9lettartam<\/li>\n<\/ul>\n<\/td>\n<\/tr>\n<tr>\n<td width=\"302\">1 vagy 2 g\u00f6rg\u0151sorozat (hossza 1000 mm)<\/td>\n<td width=\"302\">\n<ul>\n<li>Nagy sebess\u00e9gek<\/li>\n<\/ul>\n<\/td>\n<\/tr>\n<tr>\n<td width=\"302\">Szerv\u00f3vez\u00e9relt mozg\u00e1sok<\/td>\n<td width=\"302\">\n<ul>\n<li>Magas szint\u0171 folyamatellen\u0151rz\u00e9s<\/li>\n<\/ul>\n<\/td>\n<\/tr>\n<tr>\n<td width=\"302\">Speci\u00e1lis v\u00e1g\u00f3rendszer szervo meghajt\u00e1s\u00fa k\u00e9ssel<\/td>\n<td width=\"302\">\n<ul>\n<li>A sziv\u00e1rg\u00e1s megel\u0151z\u00e9se<\/li>\n<li>Pontos v\u00e1g\u00e1s a k\u00f6t\u00e9l sebess\u00e9g\u00e9nek megfelel\u0151en<\/li>\n<\/ul>\n<\/td>\n<\/tr>\n<tr>\n<td width=\"302\">Gyors \u00e1t\u00e1ll\u00e1s<\/td>\n<td width=\"302\">\n<ul>\n<li>&lt; 10 perc az \u00e1t\u00e1ll\u00e1shoz<\/li>\n<\/ul>\n<\/td>\n<\/tr>\n<\/tbody>\n<\/table>","protected":false},"excerpt":{"rendered":"<p>Folyamatos goly\u00f3form\u00e1z\u00f3k hengeres alak\u00fa term\u00e9kek, p\u00e9ld\u00e1ul l\u00e1gy cukork\u00e1k, gy\u00fcm\u00f6lcspaszt\u00e1k, bubor\u00e9kos r\u00e1g\u00f3gumik \u00e9s hasonl\u00f3 t\u00f6megek gy\u00e1rt\u00e1s\u00e1hoz.<\/p>","protected":false},"featured_media":2515,"comment_status":"open","ping_status":"closed","template":"","meta":{"uix_meta_title":"","uix_meta_description":"","uix_canonical_url":""},"product_brand":[],"product_cat":[104],"product_tag":[],"class_list":{"0":"post-2390","1":"product","2":"type-product","3":"status-publish","4":"has-post-thumbnail","6":"product_cat-processing","8":"first","9":"instock","10":"shipping-taxable","11":"product-type-simple"},"_links":{"self":[{"href":"https:\/\/cormac.eu\/hu\/wp-json\/wp\/v2\/product\/2390","targetHints":{"allow":["GET"]}}],"collection":[{"href":"https:\/\/cormac.eu\/hu\/wp-json\/wp\/v2\/product"}],"about":[{"href":"https:\/\/cormac.eu\/hu\/wp-json\/wp\/v2\/types\/product"}],"replies":[{"embeddable":true,"href":"https:\/\/cormac.eu\/hu\/wp-json\/wp\/v2\/comments?post=2390"}],"wp:featuredmedia":[{"embeddable":true,"href":"https:\/\/cormac.eu\/hu\/wp-json\/wp\/v2\/media\/2515"}],"wp:attachment":[{"href":"https:\/\/cormac.eu\/hu\/wp-json\/wp\/v2\/media?parent=2390"}],"wp:term":[{"taxonomy":"product_brand","embeddable":true,"href":"https:\/\/cormac.eu\/hu\/wp-json\/wp\/v2\/product_brand?post=2390"},{"taxonomy":"product_cat","embeddable":true,"href":"https:\/\/cormac.eu\/hu\/wp-json\/wp\/v2\/product_cat?post=2390"},{"taxonomy":"product_tag","embeddable":true,"href":"https:\/\/cormac.eu\/hu\/wp-json\/wp\/v2\/product_tag?post=2390"}],"curies":[{"name":"wp","href":"https:\/\/api.w.org\/{rel}","templated":true}]}}