{"id":1911,"date":"2021-08-12T16:01:33","date_gmt":"2021-08-12T14:01:33","guid":{"rendered":"https:\/\/cormac.tijdelijk.org\/?post_type=product&#038;p=1911"},"modified":"2022-06-06T00:45:26","modified_gmt":"2022-06-05T22:45:26","slug":"newsmith-batch-galaxy-2","status":"publish","type":"product","link":"https:\/\/cormac.eu\/hu\/product\/newsmith-batch-galaxy\/","title":{"rendered":"Batch Galaxy"},"content":{"rendered":"<p>Kompakt, t\u00f6bbc\u00e9l\u00fa, nagy teljes\u00edtm\u00e9ny\u0171 mos\u00f3g\u00e9p, ide\u00e1lis kis helyig\u00e9ny\u0171 l\u00e9tes\u00edtm\u00e9nyek sz\u00e1m\u00e1ra. Nagy teljes\u00edtm\u00e9ny\u0171, m\u00e9gis egyszer\u0171 g\u00e9p, amely teljes eg\u00e9sz\u00e9ben rozsdamentes ac\u00e9lb\u00f3l k\u00e9sz\u00fclt. A forg\u00f3 mos\u00f3g\u00e9p folyamatos m\u0171k\u00f6d\u00e9se \"s\u00farol\u00e1sszer\u0171\" hat\u00e1st biztos\u00edt. A forg\u00f3asztal biztos\u00edtja, hogy a tiszt\u00edtand\u00f3 t\u00e1rgyak k\u00fcl\u00f6nb\u00f6z\u0151 sz\u00f6gekben legyenek kit\u00e9ve a nagynyom\u00e1s\u00fa forr\u00f3 mos\u00f3szerpermetnek. A Batch Galaxy k\u00fcl\u00f6nb\u00f6z\u0151 m\u00e9retekben kaphat\u00f3, amelyek k\u00fcl\u00f6nb\u00f6z\u0151 terhel\u00e9sek befogad\u00e1s\u00e1ra k\u00e9pesek, \u00fcgyfeleink ig\u00e9nyeinek megfelel\u0151en. Ciklusai k\u00f6z\u00e9 tartozik a mos\u00e1s, az \u00f6bl\u00edt\u00e9s \u00e9s a sz\u00e1r\u00edt\u00e1s. Ezt a g\u00e9pet gyakran haszn\u00e1lj\u00e1k csokol\u00e1d\u00e9form\u00e1khoz \u00e9s eszk\u00f6z\u00f6kh\u00f6z cukr\u00e1sz- vagy s\u00fct\u0151ipari \u00fczemekben, de m\u00e1s \u00e9lelmiszeriparban is alkalmas.<\/p>\n<p>&nbsp;<\/p>\n<h3>Kapacit\u00e1si tartom\u00e1ny<\/h3>\n<p>A mosand\u00f3 t\u00e1rgyak m\u00e9ret\u00e9t\u0151l \u00e9s alakj\u00e1t\u00f3l f\u00fcgg\u0151en<\/p>\n<p>&nbsp;<\/p>\n<table class=\"features\" border=\"0\">\n<tbody>\n<tr>\n<td><strong>Jellemz\u0151k<\/strong><\/td>\n<td><strong>El\u0151ny\u00f6k<\/strong><\/td>\n<\/tr>\n<tr>\n<td>Kompakt g\u00e9p<\/td>\n<td>\n<ul>\n<li>helytakar\u00e9koss\u00e1g<\/li>\n<li>k\u00f6nny\u0171 kezelhet\u0151s\u00e9g<\/li>\n<\/ul>\n<\/td>\n<\/tr>\n<tr>\n<td>\u00a05,5 kW-os mos\u00f3szivatty\u00fa<\/td>\n<td>\n<ul>\n<li>Nagy tiszt\u00edt\u00f3er\u0151<\/li>\n<\/ul>\n<\/td>\n<\/tr>\n<tr>\n<td>Automatikusan vez\u00e9relt g\u00e9pi ciklusok<\/td>\n<td>\n<ul>\n<li>Az energia-, v\u00edz- \u00e9s mos\u00f3szerfogyaszt\u00e1s minimaliz\u00e1l\u00e1sa<\/li>\n<\/ul>\n<\/td>\n<\/tr>\n<tr>\n<td>Kivehet\u0151 panelek<\/td>\n<td>\n<ul>\n<li>Teljes hozz\u00e1f\u00e9r\u00e9s<\/li>\n<\/ul>\n<\/td>\n<\/tr>\n<tr>\n<td>Nagy ajt\u00f3<\/td>\n<td>\n<ul>\n<li>K\u00f6nnyen bet\u00f6lthet\u0151<\/li>\n<\/ul>\n<\/td>\n<\/tr>\n<\/tbody>\n<\/table>","protected":false},"excerpt":{"rendered":"<p>Nagy teljes\u00edtm\u00e9ny\u0171, m\u00e9gis egyszer\u0171, kompakt \u00e9s sokoldal\u00fa, t\u00f6bbc\u00e9l\u00fa, nagy teljes\u00edtm\u00e9ny\u0171 mos\u00f3g\u00e9p, amely ide\u00e1lis a kis helyig\u00e9ny\u0171 l\u00e9tes\u00edtm\u00e9nyek sz\u00e1m\u00e1ra, \u00e9s teljes eg\u00e9sz\u00e9ben rozsdamentes ac\u00e9lb\u00f3l k\u00e9sz\u00fclt.<\/p>","protected":false},"featured_media":2417,"comment_status":"open","ping_status":"closed","template":"","meta":{"uix_meta_title":"","uix_meta_description":"","uix_canonical_url":""},"product_brand":[],"product_cat":[108],"product_tag":[],"class_list":{"0":"post-1911","1":"product","2":"type-product","3":"status-publish","4":"has-post-thumbnail","6":"product_cat-hygiene","8":"first","9":"instock","10":"shipping-taxable","11":"purchasable","12":"product-type-simple"},"_links":{"self":[{"href":"https:\/\/cormac.eu\/hu\/wp-json\/wp\/v2\/product\/1911","targetHints":{"allow":["GET"]}}],"collection":[{"href":"https:\/\/cormac.eu\/hu\/wp-json\/wp\/v2\/product"}],"about":[{"href":"https:\/\/cormac.eu\/hu\/wp-json\/wp\/v2\/types\/product"}],"replies":[{"embeddable":true,"href":"https:\/\/cormac.eu\/hu\/wp-json\/wp\/v2\/comments?post=1911"}],"wp:featuredmedia":[{"embeddable":true,"href":"https:\/\/cormac.eu\/hu\/wp-json\/wp\/v2\/media\/2417"}],"wp:attachment":[{"href":"https:\/\/cormac.eu\/hu\/wp-json\/wp\/v2\/media?parent=1911"}],"wp:term":[{"taxonomy":"product_brand","embeddable":true,"href":"https:\/\/cormac.eu\/hu\/wp-json\/wp\/v2\/product_brand?post=1911"},{"taxonomy":"product_cat","embeddable":true,"href":"https:\/\/cormac.eu\/hu\/wp-json\/wp\/v2\/product_cat?post=1911"},{"taxonomy":"product_tag","embeddable":true,"href":"https:\/\/cormac.eu\/hu\/wp-json\/wp\/v2\/product_tag?post=1911"}],"curies":[{"name":"wp","href":"https:\/\/api.w.org\/{rel}","templated":true}]}}