{"id":1904,"date":"2021-08-12T15:51:32","date_gmt":"2021-08-12T13:51:32","guid":{"rendered":"https:\/\/cormac.tijdelijk.org\/?post_type=product&#038;p=1904"},"modified":"2022-04-21T22:28:06","modified_gmt":"2022-04-21T20:28:06","slug":"rasch-fi-wrapper-2","status":"publish","type":"product","link":"https:\/\/cormac.eu\/hu\/product\/rasch-fi-wrapper\/","title":{"rendered":"\u00c1bracsomagol\u00f3 g\u00e9p FI"},"content":{"rendered":"<p>K\u00fcl\u00f6nlegesen az \u00fcreges figur\u00e1k (szimmetrikus \u00e9s aszimmetrikus), mint p\u00e9ld\u00e1ul nyulak, \u00fcl\u0151 nyulak, Mikul\u00e1s \u00e9s hasonl\u00f3 figur\u00e1k sz\u00e1m\u00e1ra k\u00e9sz\u00fclt csomagol\u00f3g\u00e9p. A Rasch \u00e1ltal speci\u00e1lisan kifejlesztett \u00fagynevezett Z-hajt\u00e1s, amely val\u00f3j\u00e1ban egy h\u00e1rmas hajt\u00e1s a figura h\u00e1toldal\u00e1n, amely megakad\u00e1lyozza, hogy a f\u00f3lia nyomtat\u00e1s n\u00e9lk\u00fcli f\u00e9nyes r\u00e9sze a varr\u00e1son l\u00e1that\u00f3 legyen. A prec\u00edz h\u0151hegeszt\u00e9si technik\u00e1val kombin\u00e1lva ez t\u00f6k\u00e9letesen becsomagolt term\u00e9keket eredm\u00e9nyez, amelyekn\u00e9l a domborm\u0171 minden r\u00e9szlet\u00e9t k\u00f6vetik.  A g\u00e9p adagol\u00e1sa t\u00f6rt\u00e9nhet k\u00e9zzel vagy automatikusan, t\u00f6bbf\u00e9le rendelkez\u00e9sre \u00e1ll\u00f3 adagol\u00f3rendszerrel. T\u00f6meg kb. 3400 kg; teljes\u00edtm\u00e9ny 3,5 kVA;<\/p>\n<p>Alkalmaz\u00e1s : figur\u00e1k, mindenf\u00e9le \u00fcreges figur\u00e1k, mint p\u00e9ld\u00e1ul: Mikul\u00e1s, angyal, csirke, mack\u00f3, pingvin, ny\u00fal, ny\u00fal, ny\u00fal, k\u00e9preg\u00e9nyfigur\u00e1k stb.<br \/>\nCsomagol\u00e1si st\u00edlus: el\u00fcls\u0151 hajtogat\u00e1s, h\u0151pecs\u00e9tel\u00e9s, c\u00edmk\u00e9z\u00e9s, alakf\u00f3li\u00e1z\u00e1s, h\u00e1ts\u00f3 varr\u00e1s;<\/p>\n<p><img decoding=\"async\" class=\"alignnone wp-image-2698\" src=\"https:\/\/cormac.eu\/wp-content\/uploads\/2022\/04\/sample-2.jpg\" alt=\"\" width=\"120\" height=\"129\" \/><img decoding=\"async\" class=\"alignnone wp-image-2741\" src=\"https:\/\/cormac.eu\/wp-content\/uploads\/2022\/04\/Product-Knipsel.jpg\" alt=\"\" width=\"107\" height=\"148\" \/><img decoding=\"async\" class=\"alignnone wp-image-2697\" src=\"https:\/\/cormac.eu\/wp-content\/uploads\/2022\/04\/sample-1.jpg\" alt=\"\" width=\"163\" height=\"118\" \/><\/p>\n<p>Kapacit\u00e1si tartom\u00e1ny: A modell \u00e9s a term\u00e9kjellemz\u0151k f\u00fcggv\u00e9ny\u00e9ben ak\u00e1r 33, 50 vagy 60 term\u00e9k\/perc.<\/p>\n<table>\n<tbody>\n<tr>\n<td width=\"293\">\n<p style=\"text-align: center\"><strong>Jellemz\u0151k (n\u00e9h\u00e1ny opcion\u00e1lis)<\/strong><\/p>\n<\/td>\n<td width=\"293\">\n<p style=\"text-align: center\"><strong>El\u0151ny\u00f6k<\/strong><\/p>\n<\/td>\n<\/tr>\n<tr>\n<td width=\"293\">Szervomotoros meghajt\u00e1s\u00fa<\/td>\n<td width=\"293\">\n<ul>\n<li>A modulok pontos szinkroniz\u00e1l\u00e1sa<\/li>\n<\/ul>\n<\/td>\n<\/tr>\n<tr>\n<td width=\"293\">Gyors \u00e1t\u00e1ll\u00e1si rendszerek<\/td>\n<td width=\"293\">\n<ul>\n<li>Kevesebb \u00e1ll\u00e1sid\u0151<\/li>\n<\/ul>\n<\/td>\n<\/tr>\n<tr>\n<td width=\"293\">Speci\u00e1lis karbantart\u00e1smentes csap\u00e1gygy\u0171r\u0171k<\/td>\n<td width=\"293\">\n<ul>\n<li>Alacsony fenntart\u00e1si k\u00f6lts\u00e9g<\/li>\n<\/ul>\n<\/td>\n<\/tr>\n<tr>\n<td width=\"293\">F\u00e9nyelektromos cella<\/td>\n<td width=\"293\">\n<ul>\n<li>A term\u00e9k \u00e9rint\u00e9se n\u00e9lk\u00fcl<\/li>\n<\/ul>\n<\/td>\n<\/tr>\n<tr>\n<td width=\"293\">Programozhat\u00f3 sps vez\u00e9rl\u0151 \u00e9s fel\u00fcgyeleti rendszer<\/td>\n<td width=\"293\">\n<ul>\n<li>Megszak\u00edt\u00e1s n\u00e9lk\u00fcli termel\u00e9s<\/li>\n<\/ul>\n<\/td>\n<\/tr>\n<tr>\n<td width=\"293\">Pick &amp; place etet\u0151rendszer<\/td>\n<td width=\"293\">\n<ul>\n<li>Fokozott hat\u00e9konys\u00e1g \u00e9s jobb higi\u00e9nia<\/li>\n<\/ul>\n<\/td>\n<\/tr>\n<tr>\n<td width=\"293\">Robusztus fel\u00e9p\u00edt\u00e9s<\/td>\n<td width=\"293\">\n<ul>\n<li>Stabil fut\u00e1s Magas g\u00e9ppihen\u0151 \u00e9rt\u00e9k<\/li>\n<\/ul>\n<\/td>\n<\/tr>\n<tr>\n<td width=\"293\">Z-Fold \/ H\u00e1romszoros hajtogat\u00e1s<\/td>\n<td width=\"293\">\n<ul>\n<li>A varr\u00e1son nem l\u00e1tszanak f\u00e9nyes, nem nyomtatott f\u00f3liar\u00e9szek<\/li>\n<\/ul>\n<\/td>\n<\/tr>\n<tr>\n<td width=\"293\">\u00c1bra sim\u00edt\u00f3 \u00e1llom\u00e1s<\/td>\n<td width=\"293\">\n<ul>\n<li>Sima megjelen\u00e9s \u00e9s puha tapint\u00e1s<\/li>\n<\/ul>\n<\/td>\n<\/tr>\n<tr>\n<td width=\"293\">C\u00edmke r\u00f6gz\u00edt\u0151 eszk\u00f6z<\/td>\n<td width=\"293\">\n<ul>\n<li>Tov\u00e1bbi term\u00e9kinform\u00e1ci\u00f3k<\/li>\n<\/ul>\n<\/td>\n<\/tr>\n<\/tbody>\n<\/table>","protected":false},"excerpt":{"rendered":"<p>A Rasch FI-14, FI-15 \u00e9s FI-16 sorozat\u00fa g\u00e9pek kifejezetten \u00fcreges figur\u00e1k (szimmetrikus \u00e9s aszimmetrikus), p\u00e9ld\u00e1ul nyulak, \u00fcl\u0151 nyulak, Mikul\u00e1s \u00e9s hasonl\u00f3 figur\u00e1k csomagol\u00e1s\u00e1ra szolg\u00e1lnak.<\/p>","protected":false},"featured_media":2742,"comment_status":"open","ping_status":"closed","template":"","meta":{"uix_meta_title":"","uix_meta_description":"","uix_canonical_url":""},"product_brand":[],"product_cat":[105],"product_tag":[],"class_list":{"0":"post-1904","1":"product","2":"type-product","3":"status-publish","4":"has-post-thumbnail","6":"product_cat-packaging","8":"first","9":"instock","10":"shipping-taxable","11":"product-type-simple"},"_links":{"self":[{"href":"https:\/\/cormac.eu\/hu\/wp-json\/wp\/v2\/product\/1904","targetHints":{"allow":["GET"]}}],"collection":[{"href":"https:\/\/cormac.eu\/hu\/wp-json\/wp\/v2\/product"}],"about":[{"href":"https:\/\/cormac.eu\/hu\/wp-json\/wp\/v2\/types\/product"}],"replies":[{"embeddable":true,"href":"https:\/\/cormac.eu\/hu\/wp-json\/wp\/v2\/comments?post=1904"}],"wp:featuredmedia":[{"embeddable":true,"href":"https:\/\/cormac.eu\/hu\/wp-json\/wp\/v2\/media\/2742"}],"wp:attachment":[{"href":"https:\/\/cormac.eu\/hu\/wp-json\/wp\/v2\/media?parent=1904"}],"wp:term":[{"taxonomy":"product_brand","embeddable":true,"href":"https:\/\/cormac.eu\/hu\/wp-json\/wp\/v2\/product_brand?post=1904"},{"taxonomy":"product_cat","embeddable":true,"href":"https:\/\/cormac.eu\/hu\/wp-json\/wp\/v2\/product_cat?post=1904"},{"taxonomy":"product_tag","embeddable":true,"href":"https:\/\/cormac.eu\/hu\/wp-json\/wp\/v2\/product_tag?post=1904"}],"curies":[{"name":"wp","href":"https:\/\/api.w.org\/{rel}","templated":true}]}}