{"id":1897,"date":"2021-08-12T15:43:34","date_gmt":"2021-08-12T13:43:34","guid":{"rendered":"https:\/\/cormac.tijdelijk.org\/?post_type=product&#038;p=1897"},"modified":"2022-04-11T15:31:47","modified_gmt":"2022-04-11T13:31:47","slug":"tecnopack-fp020e-flowpacker","status":"publish","type":"product","link":"https:\/\/cormac.eu\/hu\/product\/tecnopack-fp020e-flowpacker\/","title":{"rendered":"TecnoPack FP020E Flowpacker"},"content":{"rendered":"<p>A TecnoPack FP 020E v\u00edzszintes elektronikai csomagol\u00f3g\u00e9p a TecnoPack megold\u00e1sa azon \u00fcgyfelek sz\u00e1m\u00e1ra, akiknek egy kompakt, \u00e1tlagos felszerelts\u00e9g\u0171 \u00e9s k\u00f6nnyen kezelhet\u0151 g\u00e9pre van sz\u00fcks\u00e9g\u00fck, amely robusztus \u00e9s megb\u00edzhat\u00f3, valamint ipari felhaszn\u00e1l\u00e1sra is alkalmas. Ez az \u00faj modell az els\u0151 csomagol\u00f3g\u00e9p\u00fcnk (FP 020) ut\u00e1n kapta a nev\u00e9t, amelyet az E bet\u0171 k\u00f6vet, ami egyr\u00e9szt az elektronikus, m\u00e1sr\u00e9szt a gy\u00e1rt\u00e1si technik\u00e1inkban imm\u00e1r 25 \u00e9ve tart\u00f3 technol\u00f3giai fejl\u0151d\u00e9s jelek\u00e9nt. A m\u00falt \u00e9s a jelen tapasztalatait, a know-how-t \u00e9s az \u00faj technol\u00f3gi\u00e1kat mind b\u00f6lcsen alkalmaztuk ebben a kis csomagol\u00f3g\u00e9pben, hogy min\u0151s\u00e9gi megold\u00e1st ny\u00fajtsunk a legig\u00e9nyesebb alkalmaz\u00e1sokhoz is.<\/p>\n<p>&nbsp;<\/p>\n<h3>Alkalmaz\u00e1s<\/h3>\n<p>\u00e9lelmiszer- \u00e9s nem \u00e9lelmiszeripari cikkek \u00e1raml\u00e1sos csomagol\u00e1sa. Maxim\u00e1lis term\u00e9km\u00e9retek: sz\u00e9less\u00e9g 200mm * magass\u00e1g 120mm; Tekercsm\u00e9retek: max. 520mm - (max. 350mm); Csomagol\u00f3anyagok: h\u0151- \u00e9s hidegz\u00e1r\u00f3 f\u00f3lia.<\/p>\n<p>&nbsp;<\/p>\n<h3>Kapacit\u00e1si tartom\u00e1ny<\/h3>\n<p>200 ppm-ig<\/p>\n<p>&nbsp;<\/p>\n<table class=\"features\" border=\"0\">\n<tbody>\n<tr>\n<td><strong>Jellemz\u0151k<\/strong><\/td>\n<td><strong>El\u0151ny\u00f6k<\/strong><\/td>\n<\/tr>\n<tr>\n<td>Konzolos keret<\/td>\n<td>\n<ul>\n<li>K\u00f6nny\u0171 hozz\u00e1f\u00e9r\u00e9s mindenhol<\/li>\n<li>K\u00f6nny\u0171 tiszt\u00edt\u00e1s<\/li>\n<\/ul>\n<\/td>\n<\/tr>\n<tr>\n<td>Hosszanti t\u00f6m\u00edt\u0151egys\u00e9g 3 g\u00f6rg\u0151p\u00e1rral<\/td>\n<td>\n<ul>\n<li>a film t\u00f6k\u00e9letes igaz\u00edt\u00e1sa \u00e9s ellen\u0151rz\u00e9se;<\/li>\n<\/ul>\n<\/td>\n<\/tr>\n<tr>\n<td>3 tengelyvez\u00e9rl\u00e9ssel kezelt motor<\/td>\n<td>\n<ul>\n<li>t\u00f6k\u00e9letes g\u00e9pvez\u00e9rl\u00e9s<\/li>\n<\/ul>\n<\/td>\n<\/tr>\n<tr>\n<td>Kezel\u0151termin\u00e1l alfanumerikus kijelz\u0151vel \u00e9s billenty\u0171zettel<\/td>\n<td>\n<ul>\n<li>kezel\u0151bar\u00e1t<\/li>\n<\/ul>\n<\/td>\n<\/tr>\n<tr>\n<td>Elektronikus termoszt\u00e1ttal szab\u00e1lyozott h\u0151m\u00e9rs\u00e9klet-szab\u00e1lyoz\u00e1s<\/td>\n<td>\n<ul>\n<li>magas t\u00f6m\u00edt\u00e9si integrit\u00e1s<\/li>\n<\/ul>\n<\/td>\n<\/tr>\n<\/tbody>\n<\/table>","protected":false},"excerpt":{"rendered":"<p>A TecnoPack FP 020E v\u00edzszintes elektronikai csomagol\u00f3g\u00e9p a TecnoPack megold\u00e1sa azon \u00fcgyfelek sz\u00e1m\u00e1ra, akiknek egy kompakt, \u00e1tlagos felszerelts\u00e9g\u0171 \u00e9s k\u00f6nnyen kezelhet\u0151 g\u00e9pre van sz\u00fcks\u00e9g\u00fck, amely robusztus \u00e9s megb\u00edzhat\u00f3, valamint ipari felhaszn\u00e1l\u00e1sra is alkalmas.<\/p>","protected":false},"featured_media":1898,"comment_status":"open","ping_status":"closed","template":"","meta":{"uix_meta_title":"","uix_meta_description":"","uix_canonical_url":""},"product_brand":[],"product_cat":[105],"product_tag":[],"class_list":{"0":"post-1897","1":"product","2":"type-product","3":"status-publish","4":"has-post-thumbnail","6":"product_cat-packaging","8":"first","9":"instock","10":"shipping-taxable","11":"product-type-simple"},"_links":{"self":[{"href":"https:\/\/cormac.eu\/hu\/wp-json\/wp\/v2\/product\/1897","targetHints":{"allow":["GET"]}}],"collection":[{"href":"https:\/\/cormac.eu\/hu\/wp-json\/wp\/v2\/product"}],"about":[{"href":"https:\/\/cormac.eu\/hu\/wp-json\/wp\/v2\/types\/product"}],"replies":[{"embeddable":true,"href":"https:\/\/cormac.eu\/hu\/wp-json\/wp\/v2\/comments?post=1897"}],"wp:featuredmedia":[{"embeddable":true,"href":"https:\/\/cormac.eu\/hu\/wp-json\/wp\/v2\/media\/1898"}],"wp:attachment":[{"href":"https:\/\/cormac.eu\/hu\/wp-json\/wp\/v2\/media?parent=1897"}],"wp:term":[{"taxonomy":"product_brand","embeddable":true,"href":"https:\/\/cormac.eu\/hu\/wp-json\/wp\/v2\/product_brand?post=1897"},{"taxonomy":"product_cat","embeddable":true,"href":"https:\/\/cormac.eu\/hu\/wp-json\/wp\/v2\/product_cat?post=1897"},{"taxonomy":"product_tag","embeddable":true,"href":"https:\/\/cormac.eu\/hu\/wp-json\/wp\/v2\/product_tag?post=1897"}],"curies":[{"name":"wp","href":"https:\/\/api.w.org\/{rel}","templated":true}]}}