{"id":1892,"date":"2021-08-12T15:34:50","date_gmt":"2021-08-12T13:34:50","guid":{"rendered":"https:\/\/cormac.tijdelijk.org\/?post_type=product&#038;p=1892"},"modified":"2022-06-06T00:46:13","modified_gmt":"2022-06-05T22:46:13","slug":"newsmith-raklapmoso-2","status":"publish","type":"product","link":"https:\/\/cormac.eu\/hu\/product\/newsmith-pallet-washer\/","title":{"rendered":"Raklapmos\u00f3"},"content":{"rendered":"<p>A Newsmith raklapmos\u00f3k k\u00f6z\u00f6tt tal\u00e1lhat\u00f3k olyan g\u00e9pek, amelyek egyszerre csak egy raklapot kezelnek egyszer\u0171 mos\u00e1ssal \u00e9s \u00f6bl\u00edt\u00e9ssel, valamint teljesen automatikus raklapmos\u00f3 rendszerek is. Ez ut\u00f3bbiak \u00f3r\u00e1nk\u00e9nt jelent\u0151s mennyis\u00e9g\u0171 raklap automatikus lepakol\u00e1s\u00e1ra, mos\u00e1s\u00e1ra, sz\u00e1r\u00edt\u00e1s\u00e1ra \u00e9s \u00fajrapakol\u00e1s\u00e1ra k\u00e9pesek. A g\u00e9pek opcion\u00e1lisan teljesen automatikus, sz\u00e1ll\u00edt\u00f3szalagos raklapmos\u00f3k\u00e9nt is kivitelezhet\u0151k, amelyek a szennyezett\u0151l a tiszta raklapokig terjed\u0151 fokozatot k\u00edn\u00e1lnak. Gyorsan kioldhat\u00f3 sug\u00e1rcs\u00f6vek a k\u00f6nny\u0171 tiszt\u00edt\u00e1s \u00e9rdek\u00e9ben. A kezel\u00e9st seg\u00edt\u0151 f\u0171t\u0151rendszerek, valamint motoros be- \u00e9s \u00fcr\u00edt\u0151szalagok v\u00e1laszthat\u00f3k.<\/p>\n<p>&nbsp;<\/p>\n<table width=\"604\">\n<tbody>\n<tr>\n<td width=\"302\"><strong>Jellemz\u0151k<\/strong><\/td>\n<td width=\"302\"><strong>El\u0151ny\u00f6k<\/strong><\/td>\n<\/tr>\n<tr>\n<td width=\"302\">Rozsdamentes ac\u00e9lszerkezet<\/td>\n<td width=\"302\">\n<ul>\n<li>Merev<\/li>\n<li>Higi\u00e9nikus<\/li>\n<\/ul>\n<\/td>\n<\/tr>\n<tr>\n<td width=\"302\">Termosztatikus h\u0151m\u00e9rs\u00e9klet-szab\u00e1lyoz\u00e1s<\/td>\n<td width=\"302\">\n<ul>\n<li>A tart\u00e1ly h\u0151m\u00e9rs\u00e9klet\u00e9nek ellen\u0151rz\u00e9se<\/li>\n<\/ul>\n<\/td>\n<\/tr>\n<tr>\n<td width=\"302\">K\u00f6nnyen elt\u00e1vol\u00edthat\u00f3 sug\u00e1rcs\u00f6vek<\/td>\n<td width=\"302\">\n<ul>\n<li>Nincs sz\u00fcks\u00e9g szersz\u00e1mokra<\/li>\n<li>k\u00f6nny\u0171 ellen\u0151rz\u00e9s \u00e9s tiszt\u00edt\u00e1s<\/li>\n<\/ul>\n<\/td>\n<\/tr>\n<tr>\n<td width=\"302\">Opcion\u00e1lis l\u00e9gk\u00e9ses sz\u00e1r\u00edt\u00e1s<\/td>\n<td width=\"302\">\n<ul>\n<li>extra sz\u00e1raz raklapok<\/li>\n<\/ul>\n<\/td>\n<\/tr>\n<tr>\n<td width=\"302\">Mos\u00e1si, \u00f6bl\u00edt\u00e9si \u00e9s sz\u00e1r\u00edt\u00e1si ciklusok<\/td>\n<td width=\"302\">\n<ul>\n<li>Kiv\u00e1l\u00f3 tiszt\u00edt\u00e1si eredm\u00e9nyek<\/li>\n<\/ul>\n<\/td>\n<\/tr>\n<tr>\n<td width=\"302\">Ferde tart\u00e1lyfen\u00e9k<\/td>\n<td width=\"302\">\n<ul>\n<li>Tart\u00e1lyhigi\u00e9nia<\/li>\n<\/ul>\n<\/td>\n<\/tr>\n<tr>\n<td width=\"302\">Opcion\u00e1lis<\/td>\n<td width=\"302\">\n<ul>\n<li>L\u00e9gk\u00e9ses sz\u00e1r\u00edt\u00e1s<\/li>\n<li>G\u0151z, g\u00e1z vagy elektromos f\u0171t\u00e9s<\/li>\n<li>\u00d6bl\u00edt\u0151 tart\u00e1ly az \u00f6bl\u00edt\u00e9shez<\/li>\n<li>PLC\/HMI vez\u00e9rl\u00e9s<\/li>\n<li>V\u00edzkezel\u00e9s<\/li>\n<li>K\u00e9zi tol\u00e1s<\/li>\n<li>Sz\u00e1ll\u00edt\u00f3szalagok<\/li>\n<\/ul>\n<\/td>\n<\/tr>\n<\/tbody>\n<\/table>\n<p>&nbsp;<\/p>","protected":false},"excerpt":{"rendered":"<p>Teljesen automatikus, sz\u00e1ll\u00edt\u00f3szalagos mos\u00f3g\u00e9p egyes raklapok mos\u00e1s\u00e1ra vagy teljes rendszerben raklapok teljesen automatikus mos\u00e1s\u00e1ra, ak\u00e1r 100 raklap\/\u00f3ra kapacit\u00e1ssal.<\/p>","protected":false},"featured_media":2425,"comment_status":"open","ping_status":"closed","template":"","meta":{"uix_meta_title":"","uix_meta_description":"","uix_canonical_url":""},"product_brand":[],"product_cat":[108],"product_tag":[],"class_list":{"0":"post-1892","1":"product","2":"type-product","3":"status-publish","4":"has-post-thumbnail","6":"product_cat-hygiene","8":"first","9":"instock","10":"shipping-taxable","11":"product-type-simple"},"_links":{"self":[{"href":"https:\/\/cormac.eu\/hu\/wp-json\/wp\/v2\/product\/1892","targetHints":{"allow":["GET"]}}],"collection":[{"href":"https:\/\/cormac.eu\/hu\/wp-json\/wp\/v2\/product"}],"about":[{"href":"https:\/\/cormac.eu\/hu\/wp-json\/wp\/v2\/types\/product"}],"replies":[{"embeddable":true,"href":"https:\/\/cormac.eu\/hu\/wp-json\/wp\/v2\/comments?post=1892"}],"wp:featuredmedia":[{"embeddable":true,"href":"https:\/\/cormac.eu\/hu\/wp-json\/wp\/v2\/media\/2425"}],"wp:attachment":[{"href":"https:\/\/cormac.eu\/hu\/wp-json\/wp\/v2\/media?parent=1892"}],"wp:term":[{"taxonomy":"product_brand","embeddable":true,"href":"https:\/\/cormac.eu\/hu\/wp-json\/wp\/v2\/product_brand?post=1892"},{"taxonomy":"product_cat","embeddable":true,"href":"https:\/\/cormac.eu\/hu\/wp-json\/wp\/v2\/product_cat?post=1892"},{"taxonomy":"product_tag","embeddable":true,"href":"https:\/\/cormac.eu\/hu\/wp-json\/wp\/v2\/product_tag?post=1892"}],"curies":[{"name":"wp","href":"https:\/\/api.w.org\/{rel}","templated":true}]}}