{"id":1877,"date":"2021-08-12T15:16:10","date_gmt":"2021-08-12T13:16:10","guid":{"rendered":"https:\/\/cormac.tijdelijk.org\/?post_type=product&#038;p=1877"},"modified":"2022-05-30T16:27:01","modified_gmt":"2022-05-30T14:27:01","slug":"lloveras-temperalo-gep-aav-2","status":"publish","type":"product","link":"https:\/\/cormac.eu\/hu\/product\/lloveras-tempering-machine-aav\/","title":{"rendered":"LLoveras AAV t\u00edpus\u00fa temper\u00e1l\u00f3 g\u00e9p"},"content":{"rendered":"<p>Ez a 250 \u00e9s 1000 kg\/\u00f3ra k\u00f6z\u00f6tti kapacit\u00e1ssal kaphat\u00f3 folyamatos temper\u00e1l\u00f3 g\u00e9p a Martin Lloveras AAV sorozat\u00fa, j\u00f3l bev\u00e1lt \u00e9s ismert temper\u00e1l\u00f3 g\u00e9p\u00e9n alapul. A LLoveras AAV temper\u00e1l\u00f3g\u00e9pek kiv\u00e1l\u00f3 temper\u00e1l\u00e1si eredm\u00e9nyeket ny\u00fajtanak, \u00e9s el\u0151k\u00e9sz\u00edtik a csokol\u00e1d\u00e9t a sima \u00e9s makul\u00e1tlan form\u00e1z\u00e1shoz \u00e9s bevon\u00e1shoz. Ennek a temper\u00e1l\u00f3g\u00e9pnek a sz\u00edve a v\u00edzkeringet\u0151 \u00e9s a t\u00e1ny\u00e9rrendszer. A g\u00e9p egy\u00e9b elemei a k\u00f6vetkez\u0151k:<br \/>\n<strong>A v\u00edzk\u00f6peny:<\/strong><br \/>\nA h\u0171t\u00e9sre vagy f\u0171t\u00e9sre sz\u00e1nt vizet k\u00f6r\u00fclbel\u00fcl 2-4 bar nyom\u00e1son szivatty\u00fazz\u00e1k \u00e1t a k\u00f6penyen. Az ac\u00e9l v\u00edzk\u00f6penyeket pontosan hegesztik, hogy a falvastags\u00e1guk k\u00f6r\u00fclbel\u00fcl 10 mm legyen. A teljes fel\u00fcletet v\u00edz\u00e1raml\u00e1snak vetik al\u00e1. Kulcsszavak <em>nagy sebess\u00e9g<\/em>, <em>forg\u00e1s<\/em>, <em>nincs akad\u00e1ly<\/em> \u00e9s <em>nincs turbulencia. <\/em><strong><em><br \/>\n<\/em>Az AAV Scraper<\/strong><br \/>\nA kapar\u00f3nak nagy befoly\u00e1sa van az edz\u00e9si folyamat hat\u00e9konys\u00e1g\u00e1ra. A Lloveras AAV t\u00edpus\u00fa temper\u00e1l\u00f3g\u00e9pben a leh\u00faz\u00f3 a kamr\u00e1t k\u00e9t r\u00e9szre osztja. Az als\u00f3 r\u00e9sz hideg, a fels\u0151 r\u00e9sz pedig f\u0171t\u00f6tt.  Ez a kialak\u00edt\u00e1s biztos\u00edtja, hogy a hideg \u00e9s a meleg krist\u00e1lyok nem keverednek.<br \/>\n<strong>A csokol\u00e1d\u00e9 \u00e1tvezet\u0151 cs\u0151rendszer<br \/>\n<\/strong>Ez a rendszer teljesen kett\u0151s k\u00f6peny\u0171. A vizet elektromos ellen\u00e1ll\u00e1ssal f\u0171tik, \u00e9s egy v\u00edzszivatty\u00fa folyamatosan szivatty\u00fazza a cs\u00f6vek teljes hossz\u00e1ban, mik\u00f6zben egy termoszt\u00e1t szab\u00e1lyozza a h\u0151m\u00e9rs\u00e9kletet. A csokol\u00e1d\u00e9t, amelyet a form\u00e1z\u00f3\u00fczem vagy a bevon\u00f3 berendez\u00e9s nem fogyaszt el, egy f\u00fcggetlen cs\u0151vezet\u00e9ken kereszt\u00fcl visszavezetik az el\u0151h\u0171t\u0151 tart\u00e1lyba (opcion\u00e1lis ell\u00e1t\u00e1s), amely saj\u00e1t f\u0171t\u0151- \u00e9s h\u0151m\u00e9rs\u00e9kletszab\u00e1lyoz\u00f3 szekci\u00f3val rendelkezik, hogy l\u00e9trehozzon egy h\u0151telen\u00edt\u0151 z\u00f3n\u00e1t, ahol a krist\u00e1lyosod\u00e1s elpusztul. Ezt a visszavezetett csokol\u00e1d\u00e9t ezut\u00e1n a tart\u00e1lyban \u00f6sszekeverik a feldolgoz\u00f3 r\u00e9szlegb\u0151l \u00e9rkez\u0151 \u00faj csokol\u00e1d\u00e9val.<\/p>\n<p><em>A temper\u00e1l\u00e1s az a folyamat, amelynek sor\u00e1n a csokol\u00e1d\u00e9ban l\u00e9v\u0151 kaka\u00f3vajkrist\u00e1lyok \u00fajra stabil b\u00e9ta-krist\u00e1lyokk\u00e1 alakulnak. \u00c1ltal\u00e1ban a folyamat els\u0151 l\u00e9p\u00e9se a csokol\u00e1d\u00e9 46 \u00b0C-ra t\u00f6rt\u00e9n\u0151 felmeleg\u00edt\u00e9se, amelynek eredm\u00e9nyek\u00e9nt a krist\u00e1lyok mind a hat form\u00e1ja megolvad. Ezut\u00e1n m\u00e1sodik l\u00e9p\u00e9sk\u00e9nt a csokol\u00e1d\u00e9t k\u00f6r\u00fclbel\u00fcl 27 \u00b0C-ra h\u0171tik le.  Ezen a h\u0151m\u00e9rs\u00e9kleten a csokol\u00e1d\u00e9t megmozgatj\u00e1k, hogy a csokol\u00e1d\u00e9ban apr\u00f3 krist\u00e1lyok keletkezzenek.  Ezt k\u00f6vet\u0151en a csokol\u00e1d\u00e9t ism\u00e9t felmeleg\u00edtik 31 \u00b0C-ra , aminek hat\u00e1s\u00e1ra csak a k\u00edv\u00e1nt V. krist\u00e1lyforma marad meg a csokol\u00e1d\u00e9massz\u00e1ban. A csokol\u00e1d\u00e9t most m\u00e1r \u00e1lland\u00f3an ezen a h\u0151m\u00e9rs\u00e9kleten kell tartani, hogy k\u00e9szen \u00e1lljon a form\u00e1z\u00e1sra vagy bevon\u00e1sra, \u00edgy biztos\u00edtva a sima \u00e9s f\u00e9nyes csokol\u00e1d\u00e9t.<\/em><\/p>\n<p>&nbsp;<\/p>\n<table width=\"604\">\n<tbody>\n<tr>\n<td width=\"302\"><strong>Jellemz\u0151k<\/strong><\/td>\n<td width=\"302\"><strong>El\u0151ny\u00f6k<\/strong><\/td>\n<\/tr>\n<tr>\n<td width=\"302\">A v\u00edzk\u00f6penyek minden bels\u0151 fel\u00fclet\u00e9n l\u00e9v\u0151 lamell\u00e1k<\/td>\n<td width=\"302\">\n<ul>\n<li>Az \u00e1raml\u00e1s elz\u00e1r\u00f3d\u00e1s\u00e1nak megel\u0151z\u00e9se<\/li>\n<li>a kapar\u00f3 lap\u00e1tok seg\u00edtik a csokol\u00e1d\u00e9 el\u0151re \u00e1raml\u00e1s\u00e1t<\/li>\n<\/ul>\n<\/td>\n<\/tr>\n<tr>\n<td width=\"302\">Nagy sebess\u00e9g\u0171 forg\u00f3 v\u00edz\u00e1raml\u00e1s<\/td>\n<td width=\"302\">\n<ul>\n<li>Hat\u00e9kony h\u0171t\u0151hat\u00e1s<\/li>\n<\/ul>\n<\/td>\n<\/tr>\n<tr>\n<td width=\"302\">R\u00e9zcs\u00f6vek \u00e9s s\u00e1rgar\u00e9z szerelv\u00e9nyek<\/td>\n<td width=\"302\">\n<ul>\n<li>Kiv\u00e1l\u00f3 min\u0151s\u00e9g\u0171 ingatlanok<\/li>\n<\/ul>\n<\/td>\n<\/tr>\n<tr>\n<td width=\"302\">Rozsdamentes ac\u00e9l burkolat, tart\u00e1lyok, vez\u00e9rl\u0151panel<\/td>\n<td width=\"302\">\n<ul>\n<li>Higi\u00e9niai<\/li>\n<li>K\u00f6nny\u0171 tiszt\u00edt\u00e1s<\/li>\n<\/ul>\n<\/td>\n<\/tr>\n<tr>\n<td width=\"302\">Opci\u00f3k<\/td>\n<td width=\"302\">\n<ul>\n<li>J\u00f6v\u0151beni kapacit\u00e1sfejleszt\u00e9s<\/li>\n<li>Cs\u0151vezet\u00e9k-k\u00e9szletek<\/li>\n<li>Szivatty\u00fa<\/li>\n<li>Dekrist\u00e1lyos\u00edt\u00f3<\/li>\n<li>Visszavezet\u0151 tart\u00e1ly<\/li>\n<\/ul>\n<\/td>\n<\/tr>\n<\/tbody>\n<\/table>\n<p>&nbsp;<\/p>","protected":false},"excerpt":{"rendered":"<p>F\u00fcgg\u0151leges Lloveras design AAV temper\u00e1l\u00f3 g\u00e9p csokol\u00e1d\u00e9hoz<\/p>","protected":false},"featured_media":2490,"comment_status":"open","ping_status":"closed","template":"","meta":{"uix_meta_title":"","uix_meta_description":"","uix_canonical_url":""},"product_brand":[],"product_cat":[104],"product_tag":[],"class_list":{"0":"post-1877","1":"product","2":"type-product","3":"status-publish","4":"has-post-thumbnail","6":"product_cat-processing","8":"first","9":"instock","10":"shipping-taxable","11":"product-type-simple"},"_links":{"self":[{"href":"https:\/\/cormac.eu\/hu\/wp-json\/wp\/v2\/product\/1877","targetHints":{"allow":["GET"]}}],"collection":[{"href":"https:\/\/cormac.eu\/hu\/wp-json\/wp\/v2\/product"}],"about":[{"href":"https:\/\/cormac.eu\/hu\/wp-json\/wp\/v2\/types\/product"}],"replies":[{"embeddable":true,"href":"https:\/\/cormac.eu\/hu\/wp-json\/wp\/v2\/comments?post=1877"}],"wp:featuredmedia":[{"embeddable":true,"href":"https:\/\/cormac.eu\/hu\/wp-json\/wp\/v2\/media\/2490"}],"wp:attachment":[{"href":"https:\/\/cormac.eu\/hu\/wp-json\/wp\/v2\/media?parent=1877"}],"wp:term":[{"taxonomy":"product_brand","embeddable":true,"href":"https:\/\/cormac.eu\/hu\/wp-json\/wp\/v2\/product_brand?post=1877"},{"taxonomy":"product_cat","embeddable":true,"href":"https:\/\/cormac.eu\/hu\/wp-json\/wp\/v2\/product_cat?post=1877"},{"taxonomy":"product_tag","embeddable":true,"href":"https:\/\/cormac.eu\/hu\/wp-json\/wp\/v2\/product_tag?post=1877"}],"curies":[{"name":"wp","href":"https:\/\/api.w.org\/{rel}","templated":true}]}}