{"id":184,"date":"2021-02-02T11:30:23","date_gmt":"2021-02-02T11:30:23","guid":{"rendered":"https:\/\/cormac.tijdelijk.org\/?post_type=product&#038;p=184"},"modified":"2022-05-30T16:27:13","modified_gmt":"2022-05-30T14:27:13","slug":"lloveras-sire-enrobing-line","status":"publish","type":"product","link":"https:\/\/cormac.eu\/hu\/product\/lloveras-sire-enrobing-line\/","title":{"rendered":"Lloveras Sire bor\u00edt\u00f3sor"},"content":{"rendered":"<p>A Lloveras Sire-N(N) bor\u00edt\u00f3g\u00e9pek teljes \u00e9s r\u00e9szleges bevon\u00f3sorokat k\u00edn\u00e1ltak. Hatf\u00e9le h\u00e1l\u00f3sz\u00e9less\u00e9gben kaphat\u00f3k, 400 \u00e9s 12000 MM k\u00f6z\u00f6tt, \u00e9s a bevon\u00e1si lehet\u0151s\u00e9gek sz\u00e9les sk\u00e1l\u00e1j\u00e1t k\u00edn\u00e1lj\u00e1k.A Sire-N bevon\u00f3g\u00e9pek b\u00e1rmilyen term\u00e9k bevon\u00e1s\u00e1ra alkalmasak, az \u00e9dess\u00e9gekt\u0151l kezdve az osty\u00e1kig, kekszekig vagy m\u00e1s s\u00fct\u0151ipari term\u00e9kekig. A sorok testre szabhat\u00f3k olyan opcion\u00e1lis komponensek hozz\u00e1ad\u00e1s\u00e1val, mint p\u00e9ld\u00e1ul el\u0151fenekez\u0151k, dupla bor\u00edt\u00f3fejek, di\u00f3sz\u00f3r\u00f3k \u00e9s zsin\u00f3rd\u00edsz\u00edt\u0151k. A vonal h\u0171t\u0151alag\u00fatjai \u00fagy \u00e1ll\u00edthat\u00f3k be, hogy a term\u00e9keket az adott term\u00e9knek megfelel\u0151en konvekci\u00f3val \u00e9s\/vagy sug\u00e1rz\u00e1ssal h\u0171ts\u00e9k, \u00e9s egy vagy t\u00f6bb f\u00fcggetlen h\u0171t\u0151egys\u00e9ggel is kieg\u00e9sz\u00edthet\u0151k. Minden funkci\u00f3t egy \u00e1tfog\u00f3 vez\u00e9rl\u0151panel vez\u00e9rel. A szabv\u00e1nyos\u00edt\u00e1s \u00e9s a k\u00f6nny\u0171 cser\u00e9lhet\u0151s\u00e9g \u00e9rdek\u00e9ben \u00faj motoros alkatr\u00e9szeket \u00e9p\u00edtettek be minden mozg\u00e1svez\u00e9rl\u00e9st ig\u00e9nyl\u0151 mechanizmusba. A line\u00e1ris \u00e9s forg\u00f3 m\u0171k\u00f6dtet\u0151k haszn\u00e1lata kik\u00fcsz\u00f6b\u00f6li a s\u0171r\u00edtett leveg\u0151ell\u00e1t\u00e1s sz\u00fcks\u00e9gess\u00e9g\u00e9t.<\/p>\n<h3>Alkalmaz\u00e1s<\/h3>\n<p>Cukr\u00e1szati \u00e9s s\u00fct\u0151ipari term\u00e9kek bevon\u00e1sa csokol\u00e1d\u00e9val vagy kever\u00e9kkel, majd di\u00f3 lerak\u00e1sa, zsin\u00f3rd\u00edsz\u00edt\u00e9s \u00e9s h\u0171t\u00e9s.<\/p>\n<p>&nbsp;<\/p>\n<h3>Kapacit\u00e1si tartom\u00e1ny<\/h3>\n<p>400, 500, 600, 800 \u00e9s 12000 MM sz\u00e9less\u00e9gek<br \/>\nA kapacit\u00e1sok a term\u00e9kt\u0151l, a bevonatr\u00e9teg vastags\u00e1g\u00e1t\u00f3l, a bevon\u00f3anyag t\u00edpus\u00e1t\u00f3l \u00e9s a sz\u00fcks\u00e9ges h\u0171t\u00e9si id\u0151t\u0151l f\u00fcggnek.<\/p>\n<p>&nbsp;<\/p>\n<table class=\"features\" border=\"0\">\n<tbody>\n<tr>\n<td><strong>Jellemz\u0151k<\/strong><\/td>\n<td><strong>El\u0151ny\u00f6k<\/strong><\/td>\n<\/tr>\n<tr>\n<td>Cantylever design<\/td>\n<td>\n<ul>\n<li>K\u00f6nny\u0171 hozz\u00e1f\u00e9r\u00e9s a karbantart\u00e1shoz<\/li>\n<li>K\u00f6nny\u0171 tiszt\u00edt\u00e1s<\/li>\n<\/ul>\n<\/td>\n<\/tr>\n<tr>\n<td>Minden rozsdamentes ac\u00e9lb\u00f3l k\u00e9sz\u00fclt, FDA \u00e1ltal j\u00f3v\u00e1hagyott anyagokkal<\/td>\n<td>\n<ul>\n<li>Kompakt all-in-one koncepci\u00f3<\/li>\n<\/ul>\n<\/td>\n<\/tr>\n<tr>\n<td>Levehet\u0151 als\u00f3 tart\u00e1ly \u00e9s sz\u00e1ll\u00edt\u00f3szalag<\/td>\n<td>\n<ul>\n<li>A padl\u00f3szennyez\u00e9s megel\u0151z\u00e9se<\/li>\n<li>K\u00f6nny\u0171 v\u00e1lt\u00e1s m\u00e1s t\u00edpus\u00fa csokol\u00e1d\u00e9ra<\/li>\n<li>Leh\u00fazhat\u00f3 als\u00f3 modul ( csokol\u00e1d\u00e9 m\u00f3zeskos\u00e1r)<\/li>\n<\/ul>\n<\/td>\n<\/tr>\n<tr>\n<td>Be\u00e9p\u00edtett vez\u00e9rl\u0151panel<\/td>\n<td>\n<ul>\n<li>Teljes folyamatir\u00e1ny\u00edt\u00e1s<\/li>\n<li>\u00dczemeltet\u0151bar\u00e1t<\/li>\n<\/ul>\n<\/td>\n<\/tr>\n<tr>\n<td>Elektromosan titr\u00e1lhat\u00f3 h\u00e1l\u00f3s asztal<\/td>\n<td>\n<ul>\n<li>j\u00f3 ergon\u00f3mia<\/li>\n<\/ul>\n<\/td>\n<\/tr>\n<tr>\n<td>Line\u00e1ris \u00e9s rot\u00e1ci\u00f3s m\u0171k\u00f6dtet\u0151k haszn\u00e1lata<\/td>\n<td>\n<ul>\n<li>Magas szint\u0171 testreszabhat\u00f3s\u00e1g<\/li>\n<\/ul>\n<\/td>\n<\/tr>\n<\/tbody>\n<\/table>","protected":false},"excerpt":{"rendered":"<p>A Lloveras Sire-N(N) bor\u00edt\u00f3g\u00e9pek a legmodernebb teljes \u00e9s r\u00e9szleges bevon\u00f3sorokat k\u00edn\u00e1lj\u00e1k. Hatf\u00e9le szemsz\u00e9less\u00e9gben, 400 \u00e9s 12000 MM k\u00f6z\u00f6tt kaphat\u00f3k, \u00e9s a bevon\u00e1si lehet\u0151s\u00e9gek sz\u00e9les sk\u00e1l\u00e1j\u00e1t k\u00edn\u00e1lj\u00e1k.<\/p>","protected":false},"featured_media":995,"comment_status":"open","ping_status":"closed","template":"","meta":{"uix_meta_title":"","uix_meta_description":"","uix_canonical_url":""},"product_brand":[],"product_cat":[104],"product_tag":[],"class_list":{"0":"post-184","1":"product","2":"type-product","3":"status-publish","4":"has-post-thumbnail","6":"product_cat-processing","8":"first","9":"instock","10":"downloadable","11":"virtual","12":"product-type-simple"},"_links":{"self":[{"href":"https:\/\/cormac.eu\/hu\/wp-json\/wp\/v2\/product\/184","targetHints":{"allow":["GET"]}}],"collection":[{"href":"https:\/\/cormac.eu\/hu\/wp-json\/wp\/v2\/product"}],"about":[{"href":"https:\/\/cormac.eu\/hu\/wp-json\/wp\/v2\/types\/product"}],"replies":[{"embeddable":true,"href":"https:\/\/cormac.eu\/hu\/wp-json\/wp\/v2\/comments?post=184"}],"wp:featuredmedia":[{"embeddable":true,"href":"https:\/\/cormac.eu\/hu\/wp-json\/wp\/v2\/media\/995"}],"wp:attachment":[{"href":"https:\/\/cormac.eu\/hu\/wp-json\/wp\/v2\/media?parent=184"}],"wp:term":[{"taxonomy":"product_brand","embeddable":true,"href":"https:\/\/cormac.eu\/hu\/wp-json\/wp\/v2\/product_brand?post=184"},{"taxonomy":"product_cat","embeddable":true,"href":"https:\/\/cormac.eu\/hu\/wp-json\/wp\/v2\/product_cat?post=184"},{"taxonomy":"product_tag","embeddable":true,"href":"https:\/\/cormac.eu\/hu\/wp-json\/wp\/v2\/product_tag?post=184"}],"curies":[{"name":"wp","href":"https:\/\/api.w.org\/{rel}","templated":true}]}}