{"id":183,"date":"2021-02-02T11:30:04","date_gmt":"2021-02-02T11:30:04","guid":{"rendered":"https:\/\/cormac.tijdelijk.org\/?post_type=product&#038;p=183"},"modified":"2022-05-30T16:27:39","modified_gmt":"2022-05-30T14:27:39","slug":"lloveras-hutoalagut","status":"publish","type":"product","link":"https:\/\/cormac.eu\/hu\/product\/lloveras-cooling-tunnel\/","title":{"rendered":"Lloveras h\u0171t\u0151alag\u00fat"},"content":{"rendered":"<p>A Lloveras h\u0171t\u0151alag\u00fat er\u0151s g\u00e9pv\u00e1zb\u00f3l k\u00e9sz\u00fcl. A burkolatokat pvc lamin\u00e1lt fel\u00fclet\u0171, dekorlemezes ac\u00e9llemezzel \u00e9s poliuret\u00e1n szigetel\u00e9ssel burkolt\u00e1k, melynek el\u0151nye, hogy k\u00f6nny\u0171. A h\u0171t\u0151alag\u00fat hossza rugalmas, \u00e9s szabv\u00e1nyos m\u00e9ret\u0171 szakaszok \u00f6sszeilleszt\u00e9s\u00e9b\u0151l \u00e1ll. Az egyes szakaszok fedele ellen\u0151rz\u00e9s \u00e9s tiszt\u00edt\u00e1s c\u00e9lj\u00e1b\u00f3l teljesen kinyithat\u00f3. Az alag\u00fat belsej\u00e9ben a leveg\u0151 kering\u00e9se hosszanti ir\u00e1ny\u00fa, \u00e9s az egys\u00e9g mag\u00e1ban foglal minden olyan csatorn\u00e1z\u00e1st, amely az alag\u00fat ment\u00e9n optim\u00e1lis l\u00e9g\u00e1raml\u00e1st \u00e9s egyenletes h\u0151m\u00e9rs\u00e9klet-eloszl\u00e1st tesz lehet\u0151v\u00e9. A h\u0171t\u0151alag\u00fat fel van k\u00e9sz\u00edtve arra, hogy hideg l\u00e9g\u00e1raml\u00e1ssal konvekci\u00f3s (k\u00f6zvetlen h\u0171t\u00e9s) vagy sug\u00e1rz\u00e1sos (k\u00f6zvetett h\u0171t\u00e9s) m\u00f3don m\u0171k\u00f6dj\u00f6n. A p\u00e1rologtat\u00f3 \u00e9s a turbin\u00e1k az alag\u00fat als\u00f3 r\u00e9sz\u00e9n tal\u00e1lhat\u00f3k. A kompresszort \u00e9s a kondenz\u00e1tort f\u00fcggetlen egys\u00e9gk\u00e9nt sz\u00e1ll\u00edtj\u00e1k, amely a vev\u0151 k\u00edv\u00e1ns\u00e1ga szerint helyezhet\u0151 el. A h\u0171t\u0151alagutat aj\u00e1nlott olyan l\u00e9gkondicion\u00e1lt helyen telep\u00edteni, ahol a h\u0151m\u00e9rs\u00e9klet 20-22 \u00b0C \u00e9s a maxim\u00e1lis p\u00e1ratartalom 55%.<\/p>\n<p>&nbsp;<\/p>\n<h3>Alkalmaz\u00e1s<\/h3>\n<p>Csokol\u00e1d\u00e9val vagy vegyes bevonat\u00fa term\u00e9k h\u0171t\u00e9se<\/p>\n<p>&nbsp;<\/p>\n<h3>Kapacit\u00e1si tartom\u00e1ny<\/h3>\n<p>A kapacit\u00e1st a h\u0171t\u0151alag\u00fat hossza hat\u00e1rozza meg.<\/p>\n<p>&nbsp;<\/p>\n<table class=\"features\" border=\"0\">\n<tbody>\n<tr>\n<td><strong>Jellemz\u0151k<\/strong><\/td>\n<td><strong>El\u0151ny\u00f6k<\/strong><\/td>\n<\/tr>\n<tr>\n<td>PVC lamin\u00e1lt rozsdamentes ac\u00e9l burkolat<\/td>\n<td>\n<ul>\n<li>Higi\u00e9nikus kialak\u00edt\u00e1s<\/li>\n<li>K\u00f6nnyen ellen\u0151rizhet\u0151 \u00e9s tiszt\u00edthat\u00f3<\/li>\n<\/ul>\n<\/td>\n<\/tr>\n<tr>\n<td>PU izol\u00e1ci\u00f3<\/td>\n<td>\n<ul>\n<li>alacsonyabb energiafogyaszt\u00e1s<\/li>\n<\/ul>\n<\/td>\n<\/tr>\n<tr>\n<td>Konvekci\u00f3s vagy sug\u00e1rz\u00e1sos h\u0171t\u00e9s<\/td>\n<td>\n<ul>\n<li>Kiv\u00e1l\u00f3 l\u00e9g\u00e1raml\u00e1s-szab\u00e1lyoz\u00e1s<\/li>\n<li>Kiv\u00e1l\u00f3 h\u0171t\u00e9si k\u00e9pess\u00e9gek<\/li>\n<\/ul>\n<\/td>\n<\/tr>\n<tr>\n<td>Automatikus k\u00f6zpontos\u00edt\u00f3 \u00f6vrendszer<\/td>\n<td>\n<ul>\n<li>megb\u00edzhat\u00f3 \u00f6vmozg\u00e1s<\/li>\n<li>Kevesebb \u00f6vszennyez\u00e9s<\/li>\n<\/ul>\n<\/td>\n<\/tr>\n<tr>\n<td>F\u00fcggetlen szalag- \u00e9s h\u00e1l\u00f3sebess\u00e9g-v\u00e1ltoz\u00e1s<\/td>\n<td>\n<ul>\n<li>j\u00f3 folyamatir\u00e1ny\u00edt\u00e1s<\/li>\n<\/ul>\n<\/td>\n<\/tr>\n<tr>\n<td>PLC plusz LCD<\/td>\n<td>\n<ul>\n<li>kezel\u0151bar\u00e1t<\/li>\n<\/ul>\n<\/td>\n<\/tr>\n<\/tbody>\n<\/table>","protected":false},"excerpt":{"rendered":"<p>A Lloveras h\u0171t\u0151alag\u00fat er\u0151s g\u00e9pv\u00e1zb\u00f3l k\u00e9sz\u00fcl. A burkolatokat pvc lamin\u00e1lt fel\u00fclet\u0171, dekorlemezes ac\u00e9llemezzel \u00e9s poliuret\u00e1n szigetel\u00e9ssel burkolt\u00e1k, melynek el\u0151nye a k\u00f6nny\u0171 s\u00faly.<\/p>","protected":false},"featured_media":996,"comment_status":"open","ping_status":"closed","template":"","meta":{"uix_meta_title":"","uix_meta_description":"","uix_canonical_url":""},"product_brand":[],"product_cat":[104],"product_tag":[],"class_list":{"0":"post-183","1":"product","2":"type-product","3":"status-publish","4":"has-post-thumbnail","6":"product_cat-processing","8":"first","9":"instock","10":"downloadable","11":"virtual","12":"product-type-simple"},"_links":{"self":[{"href":"https:\/\/cormac.eu\/hu\/wp-json\/wp\/v2\/product\/183","targetHints":{"allow":["GET"]}}],"collection":[{"href":"https:\/\/cormac.eu\/hu\/wp-json\/wp\/v2\/product"}],"about":[{"href":"https:\/\/cormac.eu\/hu\/wp-json\/wp\/v2\/types\/product"}],"replies":[{"embeddable":true,"href":"https:\/\/cormac.eu\/hu\/wp-json\/wp\/v2\/comments?post=183"}],"wp:featuredmedia":[{"embeddable":true,"href":"https:\/\/cormac.eu\/hu\/wp-json\/wp\/v2\/media\/996"}],"wp:attachment":[{"href":"https:\/\/cormac.eu\/hu\/wp-json\/wp\/v2\/media?parent=183"}],"wp:term":[{"taxonomy":"product_brand","embeddable":true,"href":"https:\/\/cormac.eu\/hu\/wp-json\/wp\/v2\/product_brand?post=183"},{"taxonomy":"product_cat","embeddable":true,"href":"https:\/\/cormac.eu\/hu\/wp-json\/wp\/v2\/product_cat?post=183"},{"taxonomy":"product_tag","embeddable":true,"href":"https:\/\/cormac.eu\/hu\/wp-json\/wp\/v2\/product_tag?post=183"}],"curies":[{"name":"wp","href":"https:\/\/api.w.org\/{rel}","templated":true}]}}