{"id":172,"date":"2021-02-02T11:27:41","date_gmt":"2021-02-02T11:27:41","guid":{"rendered":"https:\/\/cormac.tijdelijk.org\/?post_type=product&#038;p=172"},"modified":"2022-05-30T16:25:18","modified_gmt":"2022-05-30T14:25:18","slug":"carugil-omnia-csokor-csomagoloanyag","status":"publish","type":"product","link":"https:\/\/cormac.eu\/hu\/product\/carugil-omnia-bunch-wrapper\/","title":{"rendered":"Carugil Omnia Bunch csomagol\u00f3anyag"},"content":{"rendered":"<p>Az Omnia sorozat\u00fa nyal\u00f3kacsomagol\u00f3 g\u00e9pek a Carugil \u00faj \u00e9s innovat\u00edv csomagol\u00f3g\u00e9pei. Az Omnia g\u00e9p sok\u00e9ves tapasztalat, kutat\u00e1s \u00e9s fejleszt\u00e9s eredm\u00e9nye, \u00e9s a Carugil vil\u00e1gm\u00e9ret\u0171 \u00fcgyf\u00e9lk\u00f6r\u00e9nek javaslatainak \u00e9s gy\u00e1rt\u00e1si tapasztalatainak figyelembev\u00e9tel\u00e9vel ker\u00fclt kifejleszt\u00e9sre. Ez az \u00faj g\u00e9p megb\u00edzhat\u00f3s\u00e1got, rugalmass\u00e1got, hat\u00e9konys\u00e1got \u00e9s nagy teljes\u00edtm\u00e9nyt biztos\u00edt, \u00e9s olyan extra funkci\u00f3kat k\u00edn\u00e1l a gy\u00e1rt\u00f3knak, amelyek hozz\u00e1adott \u00e9rt\u00e9kkel gazdag\u00edtj\u00e1k a nyal\u00f3k\u00e1kat, \u00e9s ezzel kiemelik azokat a piacon. A g\u00e9p integr\u00e1lja a c\u00edmk\u00e9z\u0151ket, a tintasugaras nyomtat\u00f3t, a sz\u00e1m\u00edt\u00f3g\u00e9pes l\u00e1t\u00e1salap\u00fa min\u0151s\u00e9gellen\u0151rz\u00e9st, az integr\u00e1lt vez\u00e9rl\u00e9st \u00e9s kommunik\u00e1ci\u00f3t, az automatikus t\u00f6lt\u0151berendez\u00e9st, az adagol\u00e1si ter\u00fcleten l\u00e9v\u0151 porok elt\u00e1vol\u00edt\u00e1s\u00e1ra szolg\u00e1l\u00f3 \u00f6ntiszt\u00edt\u00f3 rendszert, a k\u00e9szenl\u00e9ti tekercstart\u00f3t, az automatikus splicert, a k\u00f6zpontos\u00edt\u00f3 rendszereket \u00e9s m\u00e9g sok m\u00e1st. A g\u00e9p vagy szoros lez\u00e1r\u00e1st v\u00e9gezhet a p\u00e1lca k\u00f6r\u00fcl, vagy hagyhat egy kis k\u00f6nnyen nyithat\u00f3 peremet. A t\u00f6m\u00edt\u0151elemek elektromos ellen\u00e1ll\u00e1sf\u0171t\u00e9st haszn\u00e1lnak, alacsony energiafogyaszt\u00e1ssal.<\/p>\n<p>&nbsp;<\/p>\n<h3>Alkalmaz\u00e1s<\/h3>\n<p>Egyetlen csavart csokorcsomagol\u00e1s g\u00f6mb alak\u00fa nyal\u00f3k\u00e1khoz.<\/p>\n<p>&nbsp;<\/p>\n<h3>Kapacit\u00e1si tartom\u00e1ny<\/h3>\n<p>Omnia 600 :600 ppm-ig<br \/>\nOmnia 2000 : 1500 ppm-ig<\/p>\n<p>&nbsp;<\/p>\n<table class=\"features\" border=\"0\">\n<tbody>\n<tr>\n<td><strong>Jellemz\u0151k<\/strong><\/td>\n<td><strong>El\u0151ny\u00f6k<\/strong><\/td>\n<\/tr>\n<tr>\n<td>Rozsdamentes ac\u00e9lszerkezet<\/td>\n<td>\n<ul>\n<li>Higi\u00e9niai<\/li>\n<li>K\u00f6nny\u0171 tiszt\u00edt\u00e1s<\/li>\n<\/ul>\n<\/td>\n<\/tr>\n<tr>\n<td>Kefe n\u00e9lk\u00fcli, alacsony tehetetlens\u00e9gi tehetetlens\u00e9gi szervo meghajt\u00f3rendszer<\/td>\n<td>\n<ul>\n<li>prec\u00edz filmv\u00e1g\u00e1sok<\/li>\n<li>pontos f\u00f3liapoz\u00edcion\u00e1l\u00e1s nagy sebess\u00e9g\u0171 \u00fczemben<\/li>\n<\/ul>\n<\/td>\n<\/tr>\n<tr>\n<td>K\u00f6nnyen elt\u00e1vol\u00edthat\u00f3 t\u00f6m\u00edt\u0151pof\u00e1k<\/td>\n<td>\n<ul>\n<li>gyors tiszt\u00edt\u00e1s<\/li>\n<\/ul>\n<\/td>\n<\/tr>\n<tr>\n<td>Integr\u00e1lt WIFI + SCADA + RFID + Vision vez\u00e9rl\u00e9s<\/td>\n<td>\n<ul>\n<li>integr\u00e1ci\u00f3 az \u00fcgyf\u00e9l intranetj\u00e9be<\/li>\n<li>napl\u00f3k \u00e9s statisztik\u00e1k vezet\u00e9se \u00fczemeltet\u0151nk\u00e9nt<\/li>\n<li>egyszer\u0171 \u00e9rint\u0151k\u00e9perny\u0151s funkci\u00f3k<\/li>\n<li>A centrumon k\u00edv\u00fcli lolly-k felismer\u00e9se \u00e9s visszautas\u00edt\u00e1sa a splicing ut\u00e1n<\/li>\n<li>T\u00e1voli diagn\u00f3zis<\/li>\n<\/ul>\n<\/td>\n<\/tr>\n<tr>\n<td>Ergonomikus kialak\u00edt\u00e1s<\/td>\n<td>\n<ul>\n<li>minden l\u00e1that\u00f3<\/li>\n<li>k\u00f6nny\u0171 hozz\u00e1f\u00e9r\u00e9s a g\u00e9p belsej\u00e9hez<\/li>\n<\/ul>\n<\/td>\n<\/tr>\n<tr>\n<td>Elektrosztatikus kis\u00fcl\u00e9si rendszer<\/td>\n<td>\n<ul>\n<li>a filmek statikus t\u00f6lt\u00e9s\u00e9nek megsz\u00fcntet\u00e9se<\/li>\n<\/ul>\n<\/td>\n<\/tr>\n<tr>\n<td>Automatikus adagol\u00f3- \u00e9s t\u00f6lt\u0151berendez\u00e9s<\/td>\n<td>\n<ul>\n<li>Nagy hat\u00e9konys\u00e1g \u00e9s a beruh\u00e1z\u00e1s cs\u00f6kkent\u00e9se<\/li>\n<\/ul>\n<\/td>\n<\/tr>\n<\/tbody>\n<\/table>\n<p>&nbsp;<\/p>","protected":false},"excerpt":{"rendered":"<p>Az Omnia sorozat\u00fa nyal\u00f3kacsomagol\u00f3 g\u00e9pek a Carugil \u00faj \u00e9s innovat\u00edv csomagol\u00f3g\u00e9pei. Az Omnia g\u00e9p sok\u00e9ves tapasztalat, kutat\u00e1s \u00e9s fejleszt\u00e9s eredm\u00e9nye.<\/p>","protected":false},"featured_media":997,"comment_status":"open","ping_status":"closed","template":"","meta":{"uix_meta_title":"","uix_meta_description":"","uix_canonical_url":""},"product_brand":[],"product_cat":[105],"product_tag":[],"class_list":{"0":"post-172","1":"product","2":"type-product","3":"status-publish","4":"has-post-thumbnail","6":"product_cat-packaging","8":"first","9":"instock","10":"shipping-taxable","11":"product-type-simple"},"_links":{"self":[{"href":"https:\/\/cormac.eu\/hu\/wp-json\/wp\/v2\/product\/172","targetHints":{"allow":["GET"]}}],"collection":[{"href":"https:\/\/cormac.eu\/hu\/wp-json\/wp\/v2\/product"}],"about":[{"href":"https:\/\/cormac.eu\/hu\/wp-json\/wp\/v2\/types\/product"}],"replies":[{"embeddable":true,"href":"https:\/\/cormac.eu\/hu\/wp-json\/wp\/v2\/comments?post=172"}],"wp:featuredmedia":[{"embeddable":true,"href":"https:\/\/cormac.eu\/hu\/wp-json\/wp\/v2\/media\/997"}],"wp:attachment":[{"href":"https:\/\/cormac.eu\/hu\/wp-json\/wp\/v2\/media?parent=172"}],"wp:term":[{"taxonomy":"product_brand","embeddable":true,"href":"https:\/\/cormac.eu\/hu\/wp-json\/wp\/v2\/product_brand?post=172"},{"taxonomy":"product_cat","embeddable":true,"href":"https:\/\/cormac.eu\/hu\/wp-json\/wp\/v2\/product_cat?post=172"},{"taxonomy":"product_tag","embeddable":true,"href":"https:\/\/cormac.eu\/hu\/wp-json\/wp\/v2\/product_tag?post=172"}],"curies":[{"name":"wp","href":"https:\/\/api.w.org\/{rel}","templated":true}]}}