{"id":4065,"date":"2023-11-10T14:43:58","date_gmt":"2023-11-10T13:43:58","guid":{"rendered":"https:\/\/cormac.eu\/?post_type=product&#038;p=4065"},"modified":"2023-11-10T14:47:56","modified_gmt":"2023-11-10T13:47:56","slug":"machine-de-manchonnage","status":"publish","type":"product","link":"https:\/\/cormac.eu\/fr\/product\/sleeving-machine\/","title":{"rendered":"Machine \u00e0 manchonner"},"content":{"rendered":"<p>Les machines \u00e0 manchonner sont con\u00e7ues pour placer un manchon en carton autour d'un seul produit (par exemple, des barquettes pour plats pr\u00e9par\u00e9s, des coupes \u00e0 dessert, etc.) ou d'un groupe de produits (par exemple, des gobelets, des briques, des bo\u00eetes de conserve, etc.) Ce manchon en carton est envelopp\u00e9 et fix\u00e9 \u00e0 l'aide d'une colle thermofusible ou de crochets. Les manchonneuses sont disponibles avec diff\u00e9rents types de fermetures (inf\u00e9rieure, lat\u00e9rale, sup\u00e9rieure, etc.) et avec un changement de format rapide et facile. La vitesse est r\u00e9glable \u00e9lectroniquement jusqu'\u00e0 un maximum de 250 manchons par minute. La gamme de machines \u00e0 manchonner con\u00e7ue par VIMCO est disponible avec une grande vari\u00e9t\u00e9 de pas de machine afin de r\u00e9pondre aux diff\u00e9rents besoins des clients et de travailler avec diff\u00e9rents produits. L'\u00e9quipe de Vimco est \u00e0 disposition pour \u00e9tudier et concevoir des machines sur mesure pour des tailles ou des formes sp\u00e9ciales de bo\u00eetes.<\/p>\n<p><img decoding=\"async\" class=\"alignnone size-medium wp-image-4042\" src=\"https:\/\/cormac.eu\/wp-content\/uploads\/2023\/11\/sleeving-process-300x120.jpg\" alt=\"\" width=\"300\" height=\"120\" srcset=\"https:\/\/cormac.eu\/wp-content\/uploads\/2023\/11\/sleeving-process-300x120.jpg 300w, https:\/\/cormac.eu\/wp-content\/uploads\/2023\/11\/sleeving-process.jpg 582w\" sizes=\"(max-width: 300px) 100vw, 300px\" \/><\/p>\n<p>&nbsp;<\/p>\n<p>MOD\u00c8LES DISPONIBLES :<\/p>\n<ul>\n<li>Manchonneuses pour plateaux, vitesse maximale jusqu'\u00e0 120 pcs\/min<\/li>\n<li>Manchonneuses pour pots et canettes, vitesse maximale jusqu'\u00e0 250 pcs\/min<\/li>\n<li>SP\u00c9CIALIT\u00c9S : machines \u00e0 manchonner sur mesure<\/li>\n<\/ul>\n<p>&nbsp;<\/p>\n<table style=\"height: 358px\" width=\"828\">\n<tbody>\n<tr>\n<td width=\"264\"><strong>F<\/strong><strong>caract\u00e9ristiques<\/strong><\/td>\n<td width=\"340\"><strong>Avantages<\/strong><\/td>\n<\/tr>\n<tr>\n<td width=\"264\">Contr\u00f4le de la vitesse<\/td>\n<td width=\"340\">Vitesse r\u00e9glable<\/td>\n<\/tr>\n<tr>\n<td width=\"264\">Fermeture lat\u00e9rale, sup\u00e9rieure ou inf\u00e9rieure<\/td>\n<td width=\"340\">Diff\u00e9rents syst\u00e8mes de fermeture disponibles<\/td>\n<\/tr>\n<tr>\n<td width=\"264\">Changement rapide<\/td>\n<td width=\"340\">Changement moyen sur une p\u00e9riode de 5 \u00e0 10 minutes<\/td>\n<\/tr>\n<tr>\n<td width=\"264\">Construction en acier sans acier ou en acier peint<\/td>\n<td width=\"340\">Adapt\u00e9 \u00e0 diff\u00e9rents secteurs d'activit\u00e9<\/td>\n<\/tr>\n<\/tbody>\n<\/table>\n<p>&nbsp;<\/p>","protected":false},"excerpt":{"rendered":"<p>La machine \u00e0 manchonner est con\u00e7ue pour placer un manchon en carton autour d'un produit unique, d'un groupe de produits ou d'un plateau.<\/p>","protected":false},"featured_media":4041,"comment_status":"open","ping_status":"closed","template":"","meta":{"uix_meta_title":"","uix_meta_description":"","uix_canonical_url":""},"product_brand":[],"product_cat":[114],"product_tag":[],"class_list":{"0":"post-4065","1":"product","2":"type-product","3":"status-publish","4":"has-post-thumbnail","6":"product_cat-secondary-packaging","8":"first","9":"instock","10":"shipping-taxable","11":"product-type-simple"},"_links":{"self":[{"href":"https:\/\/cormac.eu\/fr\/wp-json\/wp\/v2\/product\/4065","targetHints":{"allow":["GET"]}}],"collection":[{"href":"https:\/\/cormac.eu\/fr\/wp-json\/wp\/v2\/product"}],"about":[{"href":"https:\/\/cormac.eu\/fr\/wp-json\/wp\/v2\/types\/product"}],"replies":[{"embeddable":true,"href":"https:\/\/cormac.eu\/fr\/wp-json\/wp\/v2\/comments?post=4065"}],"wp:featuredmedia":[{"embeddable":true,"href":"https:\/\/cormac.eu\/fr\/wp-json\/wp\/v2\/media\/4041"}],"wp:attachment":[{"href":"https:\/\/cormac.eu\/fr\/wp-json\/wp\/v2\/media?parent=4065"}],"wp:term":[{"taxonomy":"product_brand","embeddable":true,"href":"https:\/\/cormac.eu\/fr\/wp-json\/wp\/v2\/product_brand?post=4065"},{"taxonomy":"product_cat","embeddable":true,"href":"https:\/\/cormac.eu\/fr\/wp-json\/wp\/v2\/product_cat?post=4065"},{"taxonomy":"product_tag","embeddable":true,"href":"https:\/\/cormac.eu\/fr\/wp-json\/wp\/v2\/product_tag?post=4065"}],"curies":[{"name":"wp","href":"https:\/\/api.w.org\/{rel}","templated":true}]}}