{"id":4064,"date":"2023-11-10T14:38:19","date_gmt":"2023-11-10T13:38:19","guid":{"rendered":"https:\/\/cormac.eu\/?post_type=product&#038;p=4064"},"modified":"2023-11-10T14:43:29","modified_gmt":"2023-11-10T13:43:29","slug":"unite-de-chargement-robotisee","status":"publish","type":"product","link":"https:\/\/cormac.eu\/fr\/product\/robotic-loading-unit\/","title":{"rendered":"Unit\u00e9 de chargement robotis\u00e9e"},"content":{"rendered":"<p>Con\u00e7u en interne <strong>Delta et robot \u00e0 deux axes pour I<\/strong>ns\u00e9rer un produit ou un groupe de produits dans une bo\u00eete pr\u00e9alablement form\u00e9e. Les robots peuvent \u00eatre int\u00e9gr\u00e9s \u00e0 la fois dans des unit\u00e9s de chargement autonomes et dans des solutions monoblocs. Ces robots peuvent \u00e9galement \u00eatre utilis\u00e9s comme solution auxiliaire pour pr\u00e9parer diff\u00e9rentes configurations de produits \u00e0 l'entr\u00e9e d'\u00e9quipements tiers. Les unit\u00e9s de chargement robotis\u00e9es peuvent \u00eatre \u00e9quip\u00e9es de syst\u00e8mes de vision pour l'inspection des produits, capables de v\u00e9rifier les dimensions, la qualit\u00e9 et l'orientation des produits et de communiquer aux robots les produits \u00e0 s\u00e9lectionner et ceux \u00e0 rejeter. Les unit\u00e9s de chargement robotis\u00e9es peuvent \u00eatre utilis\u00e9es pour diff\u00e9rentes applications : de l'emballage primaire et secondaire jusqu'aux solutions de fin de ligne pour l'emballage dans des caisses d'exp\u00e9dition.<b> <\/b>Chaque projet est \u00e9tudi\u00e9 et analys\u00e9 en d\u00e9tail afin de concevoir des solutions sur mesure enti\u00e8rement d\u00e9di\u00e9es aux produits \u00e0 manipuler, offrant ainsi une solution tr\u00e8s flexible et \u00e0 la pointe de la technologie.<\/p>\n<p><img fetchpriority=\"high\" decoding=\"async\" class=\"alignnone size-medium wp-image-4039\" src=\"https:\/\/cormac.eu\/wp-content\/uploads\/2023\/11\/Robotic-loading-process-288x300.jpg\" alt=\"\" width=\"288\" height=\"300\" srcset=\"https:\/\/cormac.eu\/wp-content\/uploads\/2023\/11\/Robotic-loading-process-288x300.jpg 288w, https:\/\/cormac.eu\/wp-content\/uploads\/2023\/11\/Robotic-loading-process.jpg 407w\" sizes=\"(max-width: 288px) 100vw, 288px\" \/><\/p>\n<p>&nbsp;<\/p>\n<table style=\"height: 285px\" width=\"867\">\n<tbody>\n<tr>\n<td width=\"264\"><strong>F<\/strong><strong>caract\u00e9ristiques<\/strong><\/td>\n<td width=\"340\"><strong>Avantages<\/strong><\/td>\n<\/tr>\n<tr>\n<td width=\"264\">Polyvalent<\/td>\n<td width=\"340\">Configurations autonomes ou monoblocs<\/td>\n<\/tr>\n<tr>\n<td width=\"264\">Conception propre<\/td>\n<td width=\"340\">Int\u00e9gration de syst\u00e8mes ; support apr\u00e8s-vente imm\u00e9diat<\/td>\n<\/tr>\n<tr>\n<td width=\"264\">Flexible<\/td>\n<td width=\"340\">Des solutions sur mesure<\/td>\n<\/tr>\n<\/tbody>\n<\/table>\n<p><strong>\u00a0<\/strong><\/p>\n<p>&nbsp;<\/p>","protected":false},"excerpt":{"rendered":"<p>L'unit\u00e9 de chargement robotis\u00e9e est con\u00e7ue pour le pr\u00e9l\u00e8vement automatique de produits et leur placement dans une bo\u00eete.<\/p>","protected":false},"featured_media":4040,"comment_status":"open","ping_status":"closed","template":"","meta":{"uix_meta_title":"","uix_meta_description":"","uix_canonical_url":""},"product_brand":[],"product_cat":[114],"product_tag":[],"class_list":{"0":"post-4064","1":"product","2":"type-product","3":"status-publish","4":"has-post-thumbnail","6":"product_cat-secondary-packaging","8":"first","9":"instock","10":"shipping-taxable","11":"product-type-simple"},"_links":{"self":[{"href":"https:\/\/cormac.eu\/fr\/wp-json\/wp\/v2\/product\/4064","targetHints":{"allow":["GET"]}}],"collection":[{"href":"https:\/\/cormac.eu\/fr\/wp-json\/wp\/v2\/product"}],"about":[{"href":"https:\/\/cormac.eu\/fr\/wp-json\/wp\/v2\/types\/product"}],"replies":[{"embeddable":true,"href":"https:\/\/cormac.eu\/fr\/wp-json\/wp\/v2\/comments?post=4064"}],"wp:featuredmedia":[{"embeddable":true,"href":"https:\/\/cormac.eu\/fr\/wp-json\/wp\/v2\/media\/4040"}],"wp:attachment":[{"href":"https:\/\/cormac.eu\/fr\/wp-json\/wp\/v2\/media?parent=4064"}],"wp:term":[{"taxonomy":"product_brand","embeddable":true,"href":"https:\/\/cormac.eu\/fr\/wp-json\/wp\/v2\/product_brand?post=4064"},{"taxonomy":"product_cat","embeddable":true,"href":"https:\/\/cormac.eu\/fr\/wp-json\/wp\/v2\/product_cat?post=4064"},{"taxonomy":"product_tag","embeddable":true,"href":"https:\/\/cormac.eu\/fr\/wp-json\/wp\/v2\/product_tag?post=4064"}],"curies":[{"name":"wp","href":"https:\/\/api.w.org\/{rel}","templated":true}]}}