{"id":4063,"date":"2023-11-10T14:34:54","date_gmt":"2023-11-10T13:34:54","guid":{"rendered":"https:\/\/cormac.eu\/?post_type=product&#038;p=4063"},"modified":"2023-11-10T14:38:03","modified_gmt":"2023-11-10T13:38:03","slug":"operculeuse","status":"publish","type":"product","link":"https:\/\/cormac.eu\/fr\/product\/lidding-machine\/","title":{"rendered":"Machine d'operculage"},"content":{"rendered":"<p>Les operculeuses sont destin\u00e9es \u00e0 positionner et \u00e0 coller des couvercles en carton sur des plateaux ou des bo\u00eetes d'exposition. Les couvercles sont form\u00e9s \u00e0 partir de d\u00e9coupes plates. La vitesse est r\u00e9glable \u00e9lectroniquement jusqu'\u00e0 un maximum de 20 bo\u00eetes par minute pour les machines dot\u00e9es d'une seule t\u00eate d'operculage. Il est possible de concevoir des machines \u00e0 double t\u00eate pour une vitesse plus \u00e9lev\u00e9e (jusqu'\u00e0 40 bo\u00eetes\/min), en fonction de la vitesse requise et des caract\u00e9ristiques des d\u00e9coupes.<\/p>\n<p><img fetchpriority=\"high\" decoding=\"async\" class=\"alignnone size-medium wp-image-4038\" src=\"https:\/\/cormac.eu\/wp-content\/uploads\/2023\/11\/lidding-process-300x232.jpg\" alt=\"\" width=\"300\" height=\"232\" srcset=\"https:\/\/cormac.eu\/wp-content\/uploads\/2023\/11\/lidding-process-300x232.jpg 300w, https:\/\/cormac.eu\/wp-content\/uploads\/2023\/11\/lidding-process.jpg 453w\" sizes=\"(max-width: 300px) 100vw, 300px\" \/><\/p>\n<p>&nbsp;<\/p>\n<p>MOD\u00c8LES DISPONIBLES :<\/p>\n<ul>\n<li>Operculeuse \u00e0 levage vertical, vitesse maximale 20pcs\/min par t\u00eate<\/li>\n<li>Machine \u00e0 operculer, vitesse maximale 18pcs\/min par t\u00eate<\/li>\n<li>SP\u00c9CIALES : Machine d'operculage sp\u00e9ciale adapt\u00e9e aux besoins du client<\/li>\n<\/ul>\n<p>&nbsp;<\/p>\n<table style=\"height: 522px\" width=\"843\">\n<tbody>\n<tr>\n<td width=\"264\"><strong>F<\/strong><strong>caract\u00e9ristiques<\/strong><\/td>\n<td width=\"340\"><strong>Avantages<\/strong><\/td>\n<\/tr>\n<tr>\n<td width=\"264\">T\u00eate d'operculage simple ou double<\/td>\n<td width=\"340\">Choix de la plage de vitesse<\/td>\n<\/tr>\n<tr>\n<td width=\"264\">Contr\u00f4le de la vitesse \u00e9lectrique<\/td>\n<td width=\"340\">Vitesse r\u00e9glable<\/td>\n<\/tr>\n<tr>\n<td width=\"264\">Fermeture par colle thermofusible<\/td>\n<td width=\"340\">Syst\u00e8me de collage s\u00e9curis\u00e9<\/td>\n<\/tr>\n<tr>\n<td width=\"264\">Changement rapide<\/td>\n<td width=\"340\">Changement de format moyen 5-10 minutes<\/td>\n<\/tr>\n<tr>\n<td width=\"264\">Int\u00e9gration possible<\/td>\n<td width=\"340\">Pour former des lignes d'emballage compl\u00e8tes<\/td>\n<\/tr>\n<tr>\n<td width=\"264\">Ing\u00e9nierie sp\u00e9ciale<\/td>\n<td width=\"340\">Diff\u00e9rentes configurations possibles<\/td>\n<\/tr>\n<tr>\n<td width=\"264\">Construction en acier inoxydable ou peint<\/td>\n<td width=\"340\">Adapt\u00e9 \u00e0 diff\u00e9rents secteurs d'activit\u00e9<\/td>\n<\/tr>\n<\/tbody>\n<\/table>","protected":false},"excerpt":{"rendered":"<p>La machine \u00e0 operculer est con\u00e7ue pour positionner et coller des couvercles en carton sur un plateau ou une bo\u00eete de pr\u00e9sentation.<\/p>","protected":false},"featured_media":4037,"comment_status":"open","ping_status":"closed","template":"","meta":{"uix_meta_title":"","uix_meta_description":"","uix_canonical_url":""},"product_brand":[],"product_cat":[114],"product_tag":[],"class_list":{"0":"post-4063","1":"product","2":"type-product","3":"status-publish","4":"has-post-thumbnail","6":"product_cat-secondary-packaging","8":"first","9":"instock","10":"shipping-taxable","11":"product-type-simple"},"_links":{"self":[{"href":"https:\/\/cormac.eu\/fr\/wp-json\/wp\/v2\/product\/4063","targetHints":{"allow":["GET"]}}],"collection":[{"href":"https:\/\/cormac.eu\/fr\/wp-json\/wp\/v2\/product"}],"about":[{"href":"https:\/\/cormac.eu\/fr\/wp-json\/wp\/v2\/types\/product"}],"replies":[{"embeddable":true,"href":"https:\/\/cormac.eu\/fr\/wp-json\/wp\/v2\/comments?post=4063"}],"wp:featuredmedia":[{"embeddable":true,"href":"https:\/\/cormac.eu\/fr\/wp-json\/wp\/v2\/media\/4037"}],"wp:attachment":[{"href":"https:\/\/cormac.eu\/fr\/wp-json\/wp\/v2\/media?parent=4063"}],"wp:term":[{"taxonomy":"product_brand","embeddable":true,"href":"https:\/\/cormac.eu\/fr\/wp-json\/wp\/v2\/product_brand?post=4063"},{"taxonomy":"product_cat","embeddable":true,"href":"https:\/\/cormac.eu\/fr\/wp-json\/wp\/v2\/product_cat?post=4063"},{"taxonomy":"product_tag","embeddable":true,"href":"https:\/\/cormac.eu\/fr\/wp-json\/wp\/v2\/product_tag?post=4063"}],"curies":[{"name":"wp","href":"https:\/\/api.w.org\/{rel}","templated":true}]}}