{"id":4061,"date":"2023-11-10T14:25:58","date_gmt":"2023-11-10T13:25:58","guid":{"rendered":"https:\/\/cormac.eu\/?post_type=product&#038;p=4061"},"modified":"2024-02-05T13:59:15","modified_gmt":"2024-02-05T12:59:15","slug":"machines-enveloppantes","status":"publish","type":"product","link":"https:\/\/cormac.eu\/fr\/product\/wrap-around-machines\/","title":{"rendered":"Machines enveloppantes"},"content":{"rendered":"<p>Les machines wrap around sont con\u00e7ues pour former, charger et fermer des caisses de transport ou de pr\u00e9sentation, \u00e0 partir d'une simple d\u00e9coupe de carton plat. Cette d\u00e9coupe est enroul\u00e9e autour du produit ou du groupe de produits, puis d\u00e9plac\u00e9e vers les stations suivantes pour \u00eatre ferm\u00e9e \u00e0 l'aide de colle thermofusible. Ces machines sont tr\u00e8s flexibles et permettent de r\u00e9aliser diff\u00e9rents types d'emballages tels que des caisses compl\u00e8tes, des plateaux, des plateaux+couvercles, des bo\u00eetes de pr\u00e9sentation, etc. avec des op\u00e9rations de changement de format rapides et limit\u00e9es.<\/p>\n<p>MOD\u00c8LES DISPONIBLES :<\/p>\n<ul>\n<li>Machine enveloppante avec un seul magasin<\/li>\n<li>Machine enveloppante avec double magasin pour les solutions barquettes+couvercles<\/li>\n<\/ul>\n<p>&nbsp;<\/p>\n<table style=\"height: 298px\" width=\"800\">\n<tbody>\n<tr>\n<td width=\"264\"><strong>F<\/strong><strong>caract\u00e9ristiques<\/strong><\/td>\n<td width=\"340\"><strong>Avantages<\/strong><\/td>\n<\/tr>\n<tr>\n<td width=\"264\">\u00a0Contr\u00f4le de la vitesse<\/td>\n<td width=\"340\">Vitesse r\u00e9glable<\/td>\n<\/tr>\n<tr>\n<td width=\"264\">Changement rapide<\/td>\n<td width=\"340\">Changement moyen dans le temps 5-10 minutes<\/td>\n<\/tr>\n<tr>\n<td width=\"264\">Options de chargement par le haut ou par le c\u00f4t\u00e9<\/td>\n<td width=\"340\">Meilleure m\u00e9thode de chargement possible pour le produit\/la bo\u00eete<\/td>\n<\/tr>\n<tr>\n<td width=\"264\">Sans \u00e9trier de construction en acier peint<\/td>\n<td width=\"340\">Adapt\u00e9 \u00e0 diff\u00e9rents secteurs d'activit\u00e9<\/td>\n<\/tr>\n<\/tbody>\n<\/table>","protected":false},"excerpt":{"rendered":"<p>La machine \u00e0 envelopper prend une d\u00e9coupe dans un magazine et l'enroule autour d'un produit, d'un groupe de produits ou d'un emballage contenant des produits.<\/p>","protected":false},"featured_media":4035,"comment_status":"open","ping_status":"closed","template":"","meta":{"uix_meta_title":"","uix_meta_description":"","uix_canonical_url":""},"product_brand":[],"product_cat":[114],"product_tag":[],"class_list":{"0":"post-4061","1":"product","2":"type-product","3":"status-publish","4":"has-post-thumbnail","6":"product_cat-secondary-packaging","8":"first","9":"instock","10":"shipping-taxable","11":"product-type-simple"},"_links":{"self":[{"href":"https:\/\/cormac.eu\/fr\/wp-json\/wp\/v2\/product\/4061","targetHints":{"allow":["GET"]}}],"collection":[{"href":"https:\/\/cormac.eu\/fr\/wp-json\/wp\/v2\/product"}],"about":[{"href":"https:\/\/cormac.eu\/fr\/wp-json\/wp\/v2\/types\/product"}],"replies":[{"embeddable":true,"href":"https:\/\/cormac.eu\/fr\/wp-json\/wp\/v2\/comments?post=4061"}],"wp:featuredmedia":[{"embeddable":true,"href":"https:\/\/cormac.eu\/fr\/wp-json\/wp\/v2\/media\/4035"}],"wp:attachment":[{"href":"https:\/\/cormac.eu\/fr\/wp-json\/wp\/v2\/media?parent=4061"}],"wp:term":[{"taxonomy":"product_brand","embeddable":true,"href":"https:\/\/cormac.eu\/fr\/wp-json\/wp\/v2\/product_brand?post=4061"},{"taxonomy":"product_cat","embeddable":true,"href":"https:\/\/cormac.eu\/fr\/wp-json\/wp\/v2\/product_cat?post=4061"},{"taxonomy":"product_tag","embeddable":true,"href":"https:\/\/cormac.eu\/fr\/wp-json\/wp\/v2\/product_tag?post=4061"}],"curies":[{"name":"wp","href":"https:\/\/api.w.org\/{rel}","templated":true}]}}